{"id":1182,"date":"2020-05-13T17:54:44","date_gmt":"2020-05-13T15:54:44","guid":{"rendered":"https:\/\/www.trampicturebook.de\/wordpress\/?page_id=1182"},"modified":"2024-04-11T17:29:12","modified_gmt":"2024-04-11T15:29:12","slug":"veranstaltungen-2019","status":"publish","type":"page","link":"https:\/\/www.trampicturebook.de\/wordpress\/veranstaltungen-2019\/","title":{"rendered":"Veranstaltungen 2019"},"content":{"rendered":"\n<figure class=\"wp-block-table aligncenter is-style-stripes\">\n<table class=\"has-subtle-pale-blue-background-color has-background\">\n<tbody>\n<tr>\n<td width=\"150\"><strong>15.12.2019<\/strong><\/td>\n<td><strong>Kaminabend in <a href=\"https:\/\/hauskemnade.de\/\" target=\"_blank\" rel=\"noreferrer noopener\" aria-label=\"Haus Kemnade (\u00f6ffnet in neuem Tab)\">Haus Kemnade<\/a>, 18:00<\/strong><br><img decoding=\"async\" class=\"wp-image-642\" style=\"width: 400px;\" src=\"https:\/\/www.trampicturebook.de\/wordpress\/wp-content\/uploads\/2019\/10\/Flyer-Klein.jpg\" alt=\"\"><br>Dieser Abend ist zwar als Zusatzveranstaltung f\u00fcr die ausverkaufte Lesung am 10.11.2019 gedacht, das Programm unterscheidet sich jedoch. Die Berliner Autorin Martina Arnold ist anwesend und beide Autoren werden zusammen lesen. In einer Geschichte ist auch die Mitwirkung des Publikums gefragt. <br>Aber: <strong>Auch diese Veranstaltung ist ausgebucht.<\/strong><\/td>\n<\/tr>\n<tr>\n<td><strong>23.-24.11.2019<\/strong><\/td>\n<td><strong>6. <a href=\"https:\/\/www.buchmesse-berlin.com\/\" target=\"_blank\" rel=\"noreferrer noopener\">BuchBerlin<\/a> <\/strong>im <a href=\"https:\/\/hotel-moa-berlin.de\/\" target=\"_blank\" rel=\"noreferrer noopener\" aria-label=\"Mercure Hotel MOA (\u00f6ffnet in neuem Tab)\">Mercure Hotel MOA<\/a>, Berlin, U9 (Birkenstr.) <br><img loading=\"lazy\" decoding=\"async\" width=\"300\" height=\"41\" class=\"wp-image-160\" style=\"width: 300px;\" src=\"https:\/\/www.trampicturebook.de\/wordpress\/wp-content\/uploads\/2019\/05\/BuchBerlin.jpg\" alt=\"\" srcset=\"https:\/\/www.trampicturebook.de\/wordpress\/wp-content\/uploads\/2019\/05\/BuchBerlin.jpg 597w, https:\/\/www.trampicturebook.de\/wordpress\/wp-content\/uploads\/2019\/05\/BuchBerlin-300x41.jpg 300w, https:\/\/www.trampicturebook.de\/wordpress\/wp-content\/uploads\/2019\/05\/BuchBerlin-150x21.jpg 150w\" sizes=\"auto, (max-width: 300px) 100vw, 300px\" \/><br>Plaudern Sie mit Autoren, w\u00e4hlen Sie aus zahlreichen Lesungen und verbringen Sie mit der ganzen Familie einen sch\u00f6nen Tag bei der BUCH<strong>BERLIN<\/strong>. Sie k\u00f6nnen nat\u00fcrlich auch schon bei etwa 300 Verlagen Weihnachtsgeschenke kaufen.<br>Tagesticket: 8\u20ac, Wochenendticket: 12\u20ac<br><strong>Lesung<\/strong> mit Martina Arnold und Uwe Wittenfeld: <br><strong>Sonntag, 24.November um 15 Uhr<\/strong>, Leseraum 4 aus &#8222;Winnetou und die Frau in Wei\u00df&#8220;.<\/td>\n<\/tr>\n<tr>\n<td><strong>10.11.2019<\/strong><\/td>\n<td><strong>Kaminabend in <a href=\"https:\/\/hauskemnade.de\/\">Haus Kemnade<\/a>, 18:00<\/strong><br>3-G\u00e4nge-Men\u00fc und spannende Geschichten. Musikalische Unterst\u00fctzung durch das <a href=\"https:\/\/www.sax-art.com\/\" target=\"_blank\" rel=\"noreferrer noopener\">Sax art trio<\/a> . <br><img loading=\"lazy\" decoding=\"async\" width=\"300\" height=\"119\" class=\"wp-image-162\" style=\"width: 300px;\" src=\"https:\/\/www.trampicturebook.de\/wordpress\/wp-content\/uploads\/2019\/05\/HausKemnade.jpg\" alt=\"\" srcset=\"https:\/\/www.trampicturebook.de\/wordpress\/wp-content\/uploads\/2019\/05\/HausKemnade.jpg 400w, https:\/\/www.trampicturebook.de\/wordpress\/wp-content\/uploads\/2019\/05\/HausKemnade-300x119.jpg 300w, https:\/\/www.trampicturebook.de\/wordpress\/wp-content\/uploads\/2019\/05\/HausKemnade-150x60.jpg 150w\" sizes=\"auto, (max-width: 300px) 100vw, 300px\" \/><br><strong>Die Veranstaltung ist ausverkauft.<\/strong> <br>Zusatztermin: 15.12.2019<\/td>\n<\/tr>\n<tr>\n<td><strong>08.11.2019<\/strong><\/td>\n<td><strong><a href=\"https:\/\/www.trampicturebook.de\/wordpress\/kurzkrimis\/#Winnetou\">Winnetou und die Frau in Wei\u00df<\/a><\/strong> mit Martina Arnold und Uwe Wittenfeld. <br>im <a href=\"https:\/\/www.schlosshsh.de\/\" target=\"_blank\" rel=\"noreferrer noopener\" aria-label=\" (\u00f6ffnet in neuem Tab)\">B\u00fcrgerschloss Hohensch\u00f6nhausen<\/a>, Berlin Lichtenberg, Hauptstr. 44 im Rahmen des <a href=\"https:\/\/www.krimimarathon.de\/\" target=\"_blank\" rel=\"noreferrer noopener\" aria-label=\" (\u00f6ffnet in neuem Tab)\">Krimimarathons Berlin-Brandenburg<\/a>. <br><img loading=\"lazy\" decoding=\"async\" width=\"400\" height=\"570\" class=\"wp-image-591\" style=\"width: 400px;\" src=\"https:\/\/www.trampicturebook.de\/wordpress\/wp-content\/uploads\/2019\/10\/Plakat-V3-Y600.jpg\" alt=\"\" srcset=\"https:\/\/www.trampicturebook.de\/wordpress\/wp-content\/uploads\/2019\/10\/Plakat-V3-Y600.jpg 421w, https:\/\/www.trampicturebook.de\/wordpress\/wp-content\/uploads\/2019\/10\/Plakat-V3-Y600-211x300.jpg 211w, https:\/\/www.trampicturebook.de\/wordpress\/wp-content\/uploads\/2019\/10\/Plakat-V3-Y600-105x150.jpg 105w\" sizes=\"auto, (max-width: 400px) 100vw, 400px\" \/><br><img loading=\"lazy\" decoding=\"async\" width=\"450\" height=\"302\" class=\"wp-image-479\" style=\"width: 450px;\" src=\"https:\/\/www.trampicturebook.de\/wordpress\/wp-content\/uploads\/2019\/09\/Krimima.jpg\" alt=\"\" srcset=\"https:\/\/www.trampicturebook.de\/wordpress\/wp-content\/uploads\/2019\/09\/Krimima.jpg 787w, https:\/\/www.trampicturebook.de\/wordpress\/wp-content\/uploads\/2019\/09\/Krimima-600x403.jpg 600w, https:\/\/www.trampicturebook.de\/wordpress\/wp-content\/uploads\/2019\/09\/Krimima-300x202.jpg 300w, https:\/\/www.trampicturebook.de\/wordpress\/wp-content\/uploads\/2019\/09\/Krimima-768x516.jpg 768w, https:\/\/www.trampicturebook.de\/wordpress\/wp-content\/uploads\/2019\/09\/Krimima-150x101.jpg 150w\" sizes=\"auto, (max-width: 450px) 100vw, 450px\" \/><\/td>\n<\/tr>\n<tr>\n<td><strong>04.10.2019<\/strong><\/td>\n<td><strong>Krimi trifft Satire<\/strong><br>Lesung zusammen mit Arne Dessaul und Klaus M\u00e4rkert im <a href=\"https:\/\/blue-square.rub.de\/\" target=\"_blank\" rel=\"noreferrer noopener\">Blue Square<\/a>, Kortumstr. 90, Bochum, 18 Uhr<br><img loading=\"lazy\" decoding=\"async\" width=\"102\" height=\"102\" class=\"wp-image-166\" style=\"width: 102px;\" src=\"https:\/\/www.trampicturebook.de\/wordpress\/wp-content\/uploads\/2019\/05\/logo-rub-102.gif\" alt=\"\" srcset=\"https:\/\/www.trampicturebook.de\/wordpress\/wp-content\/uploads\/2019\/05\/logo-rub-102.gif 102w, https:\/\/www.trampicturebook.de\/wordpress\/wp-content\/uploads\/2019\/05\/logo-rub-102-100x100.gif 100w\" sizes=\"auto, (max-width: 102px) 100vw, 102px\" \/><br>Veranstaltungsreihe(n): <a href=\"https:\/\/blue-square.rub.de\/veranstaltungen\/reihen\/ruhrliteraten-im-quadrat\" target=\"_blank\" rel=\"noreferrer noopener\" aria-label=\" (\u00f6ffnet in neuem Tab)\">Ruhrliteraten im Quadrat<\/a>, Veranstalter: Dezernat Hochschulkommunikation der RUB <br><em>Uwe Wittenfeld schreibt Thriller und Krimis, die im Ruhrgebiet spielen, gern und erfolgreich auch kurze Krimis. Auch Arne Dessaul ist im Krimigenre unterwegs, er l\u00e4sst vorzugsweise in Bochum oder Wolfenb\u00fcttel morden. Klaus M\u00e4rkert hingegen geht die Sache satirisch an, oft mit schwarzem Humor, den er augenzwinkernd als \u201eNachthumor\u201c bezeichnet.<br>Alle drei sind vernetzt in der Autorengruppe \u201eWir schreiben in Bochum\u201c. Sie werden gemeinsam einen unterhaltsamen Abend im Blue Square gestalten: mit vielen Kostproben ihrer Werke. Nicht auszuschlie\u00dfen ist, dass es dabei zu Welturauff\u00fchrungen kommt, denn alle drei schreiben st\u00e4ndig neue Geschichten.<\/em><br><em>Referenten: Arne Dessaul, Klaus M\u00e4rkert und Uwe Wittenfeld<\/em><br><br>Besprechung: BSZ vom 09.10.2019<br><a href=\"https:\/\/www.trampicturebook.de\/wordpress\/wp-content\/uploads\/2019\/10\/BSZ-2019-10-09.jpg\" target=\"_blank\" rel=\"noreferrer noopener\" aria-label=\"\ufffc (\u00f6ffnet in neuem Tab)\"><img loading=\"lazy\" decoding=\"async\" width=\"150\" height=\"104\" class=\"wp-image-630\" style=\"width: 150px;\" src=\"https:\/\/www.trampicturebook.de\/wordpress\/wp-content\/uploads\/2019\/10\/BSZ-2019-10-09.jpg\" alt=\"\" srcset=\"https:\/\/www.trampicturebook.de\/wordpress\/wp-content\/uploads\/2019\/10\/BSZ-2019-10-09.jpg 1280w, https:\/\/www.trampicturebook.de\/wordpress\/wp-content\/uploads\/2019\/10\/BSZ-2019-10-09-600x417.jpg 600w, https:\/\/www.trampicturebook.de\/wordpress\/wp-content\/uploads\/2019\/10\/BSZ-2019-10-09-300x209.jpg 300w, https:\/\/www.trampicturebook.de\/wordpress\/wp-content\/uploads\/2019\/10\/BSZ-2019-10-09-768x534.jpg 768w, https:\/\/www.trampicturebook.de\/wordpress\/wp-content\/uploads\/2019\/10\/BSZ-2019-10-09-1024x712.jpg 1024w, https:\/\/www.trampicturebook.de\/wordpress\/wp-content\/uploads\/2019\/10\/BSZ-2019-10-09-150x104.jpg 150w\" sizes=\"auto, (max-width: 150px) 100vw, 150px\" \/><\/a><\/td>\n<\/tr>\n<tr>\n<td><strong>20.09.2019<\/strong><\/td>\n<td><strong><a href=\"https:\/\/www.trampicturebook.de\/wordpress\/kurzkrimis\/#Winnetou\">Winnetou und die Frau in Wei\u00df<\/a> <\/strong> <br>Schwarzhumorige Kurzkrimis in der <a href=\"https:\/\/leseinsel-bo.buchhandlung.de\/shop\/\" target=\"_blank\" rel=\"noreferrer noopener\">Bochumer Leseinsel<\/a>, 20:00 Uhr, Brenscheder Str. 60a, 44799 Bochum<br><img loading=\"lazy\" decoding=\"async\" width=\"250\" height=\"68\" class=\"wp-image-168\" style=\"width: 250px;\" src=\"https:\/\/www.trampicturebook.de\/wordpress\/wp-content\/uploads\/2019\/05\/Logo_LeseInsel.jpg\" alt=\"\" srcset=\"https:\/\/www.trampicturebook.de\/wordpress\/wp-content\/uploads\/2019\/05\/Logo_LeseInsel.jpg 293w, https:\/\/www.trampicturebook.de\/wordpress\/wp-content\/uploads\/2019\/05\/Logo_LeseInsel-150x41.jpg 150w\" sizes=\"auto, (max-width: 250px) 100vw, 250px\" \/><\/td>\n<\/tr>\n<tr>\n<td><strong>14.-15.09 2019<\/strong><\/td>\n<td><strong><a href=\"https:\/\/www.die-hombuch.de\/\" target=\"_blank\" rel=\"noreferrer noopener\">Hombuch<\/a> in Homburg\/Saar<\/strong> <br><img loading=\"lazy\" decoding=\"async\" width=\"250\" height=\"66\" class=\"wp-image-170\" style=\"width: 250px;\" src=\"https:\/\/www.trampicturebook.de\/wordpress\/wp-content\/uploads\/2019\/05\/Hombuch2019.jpg\" alt=\"\" srcset=\"https:\/\/www.trampicturebook.de\/wordpress\/wp-content\/uploads\/2019\/05\/Hombuch2019.jpg 377w, https:\/\/www.trampicturebook.de\/wordpress\/wp-content\/uploads\/2019\/05\/Hombuch2019-300x80.jpg 300w, https:\/\/www.trampicturebook.de\/wordpress\/wp-content\/uploads\/2019\/05\/Hombuch2019-150x40.jpg 150w\" sizes=\"auto, (max-width: 250px) 100vw, 250px\" \/><br><img decoding=\"async\" class=\"wp-image-539\" style=\"width: 250px;\" src=\"https:\/\/www.trampicturebook.de\/wordpress\/wp-content\/uploads\/2019\/09\/70208185_943682205967746_2661352153976668160_o.jpg\" alt=\"\"> Wenig Publikum, aber nette Aussteller.<\/td>\n<\/tr>\n<tr>\n<td><strong>05.08.2019<\/strong><\/td>\n<td><strong>S\u00e4chsische Mordgeschichten in <a href=\"https:\/\/www.oybin.com\/\" target=\"_blank\" rel=\"noreferrer noopener\" aria-label=\"Oybin (\u00f6ffnet in neuem Tab)\">Oybin<\/a><\/strong><br>Geschlossene Veranstaltung f\u00fcr <a href=\"https:\/\/www.kulturundreisen-mh.de\/\" target=\"_blank\" rel=\"noreferrer noopener\">Kultur &amp; Reisen<\/a>, Hotel Oybiner Hof, 19:30 Uhr. Geschichten aus <em><a href=\"https:\/\/www.trampicturebook.de\/wordpress\/kurzkrimis\/#Maerchenmorde\">M\u00e4rchenmorde<\/a><\/em>, <em><a href=\"https:\/\/www.trampicturebook.de\/wordpress\/kurzkrimis\/#Sachsenmorde3\">Sachsenmorde 3<\/a><\/em> und <em><a href=\"https:\/\/www.trampicturebook.de\/wordpress\/kurzkrimis\/#Winnetou\">Winnetou und die Frau in Wei\u00df<\/a><\/em>. <br><img loading=\"lazy\" decoding=\"async\" width=\"150\" height=\"139\" class=\"wp-image-546\" style=\"width: 150px;\" src=\"https:\/\/www.trampicturebook.de\/wordpress\/wp-content\/uploads\/2019\/09\/Autor-1.jpg\" alt=\"\" srcset=\"https:\/\/www.trampicturebook.de\/wordpress\/wp-content\/uploads\/2019\/09\/Autor-1.jpg 373w, https:\/\/www.trampicturebook.de\/wordpress\/wp-content\/uploads\/2019\/09\/Autor-1-300x277.jpg 300w, https:\/\/www.trampicturebook.de\/wordpress\/wp-content\/uploads\/2019\/09\/Autor-1-150x139.jpg 150w\" sizes=\"auto, (max-width: 150px) 100vw, 150px\" \/><\/td>\n<\/tr>\n<tr>\n<td><strong>22.06.2019<\/strong><\/td>\n<td><strong><a href=\"https:\/\/www.bobiennale.de\/\" target=\"_blank\" rel=\"noreferrer noopener\">Bobiennale 2019<\/a> &#8211; Thementag Langendreer<\/strong><br>Lesungen und Musik auf der B\u00fchne vor der Buchhandlung Gimmerthal.<br>11.30 Uhr Ulli Engelbrecht, Mir brennen die Schl\u00e4fen<br>12.30 Uhr Peter Reidegeld, Ruhrblues<br>13.30 Uhr Dragon Fly<br><strong>14.30 Uhr Uwe Wittenfeld, <a href=\"https:\/\/www.trampicturebook.de\/wordpress\/kurzkrimis\/#Winnetou\">Winnetou und die Frau in Wei\u00df<\/a><\/strong><br>15.30 Uhr Pia L\u00fcddecke und Musiker Benjamin \u203aErnest\u2039 Ehrenberg,  Der schwarze Teufel <br>16.15 Von wegen Romeo<br>17.00 Leo Irler &amp; Band<br>17.45 Walzwerk<br><img loading=\"lazy\" decoding=\"async\" width=\"250\" height=\"372\" class=\"wp-image-299\" style=\"width: 250px;\" src=\"https:\/\/www.trampicturebook.de\/wordpress\/wp-content\/uploads\/2019\/06\/GT.jpg\" alt=\"\" srcset=\"https:\/\/www.trampicturebook.de\/wordpress\/wp-content\/uploads\/2019\/06\/GT.jpg 400w, https:\/\/www.trampicturebook.de\/wordpress\/wp-content\/uploads\/2019\/06\/GT-202x300.jpg 202w, https:\/\/www.trampicturebook.de\/wordpress\/wp-content\/uploads\/2019\/06\/GT-101x150.jpg 101w\" sizes=\"auto, (max-width: 250px) 100vw, 250px\" \/><br>Foto: Ernest Ehrenberg<\/td>\n<\/tr>\n<tr>\n<td><strong>02.06.2019<\/strong><\/td>\n<td><strong>Lesung in Haus Kemnade, Bochum <\/strong>(nicht \u00f6ffentlich) um 15:00 Uhr mit musikalischer Begleitung vom <a href=\"https:\/\/www.sax-art.com\/\" target=\"_blank\" rel=\"noreferrer noopener\">Sax art trio<\/a>.<\/td>\n<\/tr>\n<tr>\n<td><strong>02.05.2019<\/strong><\/td>\n<td><strong>Bochum-Krimis <\/strong>mit Dr. Rainer K\u00fcster und Uwe Wittenfeld<br>Lesung mit musikalischer Begleitung von <a href=\"https:\/\/www.blues4u.de\/\" target=\"_blank\" rel=\"noreferrer noopener\">Werner Volkner <\/a> in der <a href=\"https:\/\/freundeskreis-der-bueque.jimdo.com\/\" target=\"_blank\" rel=\"noreferrer noopener\">Stadtteilbibliothek Bochum-Querenburg<\/a> um19:00 Uhr <br><img loading=\"lazy\" decoding=\"async\" width=\"300\" height=\"429\" class=\"wp-image-175\" style=\"width: 300px;\" src=\"https:\/\/www.trampicturebook.de\/wordpress\/wp-content\/uploads\/2019\/05\/KrimiBo-20190502.jpg\" alt=\"\" srcset=\"https:\/\/www.trampicturebook.de\/wordpress\/wp-content\/uploads\/2019\/05\/KrimiBo-20190502.jpg 300w, https:\/\/www.trampicturebook.de\/wordpress\/wp-content\/uploads\/2019\/05\/KrimiBo-20190502-210x300.jpg 210w, https:\/\/www.trampicturebook.de\/wordpress\/wp-content\/uploads\/2019\/05\/KrimiBo-20190502-105x150.jpg 105w\" sizes=\"auto, (max-width: 300px) 100vw, 300px\" \/>\n<ul>\n<li id=\"wp-admin-bar-logout\"><a class=\"ab-item\" href=\"https:\/\/www.trampicturebook.de\/wordpress\/wp-login.php?action=logout&amp;_wpnonce=960fb047fa\">Abmelden<\/a><\/li>\n<\/ul>\n<\/td>\n<\/tr>\n<tr>\n<td><strong>09.04.2019<\/strong><\/td>\n<td><strong>Ruhrspione<\/strong>, Autorenlesung im <a href=\"https:\/\/www.cafe-am-stern.de\/\" target=\"_blank\" rel=\"noreferrer noopener\">Cafe Cheese<\/a>, Alte Bahnhofstr. 180, 44892 Bochum-Langendreer<br>Veranstaltet von der <a href=\"https:\/\/www.gimmerthal-online.de\/\" target=\"_blank\" rel=\"noreferrer noopener\">Buchhandlung Gimmerthal<\/a> <br><img loading=\"lazy\" decoding=\"async\" width=\"200\" height=\"161\" class=\"wp-image-177\" style=\"width: 200px;\" src=\"https:\/\/www.trampicturebook.de\/wordpress\/wp-content\/uploads\/2019\/05\/2019-04-09-Cheese.jpg\" alt=\"\" srcset=\"https:\/\/www.trampicturebook.de\/wordpress\/wp-content\/uploads\/2019\/05\/2019-04-09-Cheese.jpg 300w, https:\/\/www.trampicturebook.de\/wordpress\/wp-content\/uploads\/2019\/05\/2019-04-09-Cheese-150x121.jpg 150w\" sizes=\"auto, (max-width: 200px) 100vw, 200px\" \/><\/td>\n<\/tr>\n<tr>\n<td><strong>07.04.2019<\/strong><\/td>\n<td><strong>Sonntagsmatinee: Lesung mit Musik<\/strong><br>Kriminelle <strong>Kurzkrimis mit Musik vom <\/strong><a href=\"https:\/\/www.sax-art.com\/\" target=\"_blank\" rel=\"noreferrer noopener\">Sax art trio<\/a>. Haus Kemnade um 11:00 Uhr, An der Kemnade 10, 45527 Hattingen<\/td>\n<\/tr>\n<tr>\n<td><strong>24.03. 2019<\/strong><\/td>\n<td><strong>Leipzig liest<\/strong><br>Krimineller Messeausklang der <a href=\"https:\/\/www.edition-krimi.de\/sachsenmorde-3\/\" target=\"_blank\" rel=\"noreferrer noopener\">edition krimi<\/a>  in der <a href=\"https:\/\/artkapella.de\/event\/krimineller-messeausklang\/\" target=\"_blank\" rel=\"noreferrer noopener\">art Kapella<\/a> Schkeuditz, 16 Uhr<br>Autoren: Martina Arnold, L\u00e1szl\u00f3 I. Kish, Ulrike Bliefert, Uwe Wittenfeld<\/td>\n<\/tr>\n<\/tbody>\n<\/table>\n<\/figure>\n\n\n\n<div class=\"wp-block-buttons is-content-justification-center is-layout-flex wp-container-core-buttons-is-layout-16018d1d wp-block-buttons-is-layout-flex\">\n<div class=\"wp-block-button\"><a class=\"wp-block-button__link has-vivid-purple-background-color has-background wp-element-button\" href=\"https:\/\/www.trampicturebook.de\/wordpress\/veranstaltungen-2024\/\">2024<\/a><\/div>\n\n\n\n<div class=\"wp-block-button\"><a class=\"wp-block-button__link has-vivid-purple-background-color has-background wp-element-button\" href=\"https:\/\/www.trampicturebook.de\/wordpress\/veranstaltungen-2023\/\">2023<\/a><\/div>\n\n\n\n<div class=\"wp-block-button\"><a class=\"wp-block-button__link has-vivid-purple-background-color has-background wp-element-button\" href=\"https:\/\/www.trampicturebook.de\/wordpress\/veranstaltungen-2022\/\">2022<\/a><\/div>\n\n\n\n<div class=\"wp-block-button\"><a class=\"wp-block-button__link has-vivid-purple-background-color has-background wp-element-button\" href=\"https:\/\/www.trampicturebook.de\/wordpress\/lesungen-und-veranstaltungen\/\">2021<\/a><\/div>\n\n\n\n<div class=\"wp-block-button\"><a class=\"wp-block-button__link has-vivid-purple-background-color has-background wp-element-button\" href=\"https:\/\/www.trampicturebook.de\/wordpress\/veranstaltungen-2020\/\">2020<\/a><\/div>\n<\/div>\n\n\n\n<p>&nbsp;<\/p>\n\n\n\n<p><\/p>\n","protected":false},"excerpt":{"rendered":"<p>15.12.2019 Kaminabend in Haus Kemnade, 18:00Dieser Abend ist zwar als Zusatzveranstaltung f\u00fcr die ausverkaufte Lesung am 10.11.2019 gedacht, das Programm unterscheidet sich jedoch. Die Berliner Autorin Martina Arnold ist anwesend und beide Autoren werden zusammen lesen. In einer Geschichte ist auch die Mitwirkung des Publikums gefragt. Aber: Auch diese Veranstaltung&#8230;<\/p>\n<p> <a class=\"continue-reading-link\" href=\"https:\/\/www.trampicturebook.de\/wordpress\/veranstaltungen-2019\/\"><span>Continue reading<\/span><i class=\"crycon-right-dir\"><\/i><\/a> <\/p>\n","protected":false},"author":1,"featured_media":0,"parent":0,"menu_order":0,"comment_status":"closed","ping_status":"closed","template":"","meta":{"footnotes":""},"categories":[],"tags":[],"folder":[24],"class_list":["post-1182","page","type-page","status-publish","hentry"],"jetpack_sharing_enabled":true,"_links":{"self":[{"href":"https:\/\/www.trampicturebook.de\/wordpress\/wp-json\/wp\/v2\/pages\/1182","targetHints":{"allow":["GET"]}}],"collection":[{"href":"https:\/\/www.trampicturebook.de\/wordpress\/wp-json\/wp\/v2\/pages"}],"about":[{"href":"https:\/\/www.trampicturebook.de\/wordpress\/wp-json\/wp\/v2\/types\/page"}],"author":[{"embeddable":true,"href":"https:\/\/www.trampicturebook.de\/wordpress\/wp-json\/wp\/v2\/users\/1"}],"replies":[{"embeddable":true,"href":"https:\/\/www.trampicturebook.de\/wordpress\/wp-json\/wp\/v2\/comments?post=1182"}],"version-history":[{"count":9,"href":"https:\/\/www.trampicturebook.de\/wordpress\/wp-json\/wp\/v2\/pages\/1182\/revisions"}],"predecessor-version":[{"id":7606,"href":"https:\/\/www.trampicturebook.de\/wordpress\/wp-json\/wp\/v2\/pages\/1182\/revisions\/7606"}],"wp:attachment":[{"href":"https:\/\/www.trampicturebook.de\/wordpress\/wp-json\/wp\/v2\/media?parent=1182"}],"wp:term":[{"taxonomy":"category","embeddable":true,"href":"https:\/\/www.trampicturebook.de\/wordpress\/wp-json\/wp\/v2\/categories?post=1182"},{"taxonomy":"post_tag","embeddable":true,"href":"https:\/\/www.trampicturebook.de\/wordpress\/wp-json\/wp\/v2\/tags?post=1182"},{"taxonomy":"folder","embeddable":true,"href":"https:\/\/www.trampicturebook.de\/wordpress\/wp-json\/wp\/v2\/folder?post=1182"}],"curies":[{"name":"wp","href":"https:\/\/api.w.org\/{rel}","templated":true}]}}