{"id":16,"date":"2019-05-13T14:18:11","date_gmt":"2019-05-13T12:18:11","guid":{"rendered":"http:\/\/www.trampicturebook.de\/wordpress\/?page_id=16"},"modified":"2024-04-11T17:40:03","modified_gmt":"2024-04-11T15:40:03","slug":"lesungen-und-veranstaltungen","status":"publish","type":"page","link":"https:\/\/www.trampicturebook.de\/wordpress\/lesungen-und-veranstaltungen\/","title":{"rendered":"Veranstaltungen 2021"},"content":{"rendered":"\n<h5 class=\"wp-block-heading\">von und mit Autoren des Ruhrkrimi-Verlages<span style=\"color: #ff0000;\"><\/span><\/h5>\n\n\n\n<figure class=\"wp-block-table is-style-stripes\"><table><tbody><tr><td><strong>18.12.2021<br><span class=\"has-inline-color has-vivid-green-cyan-color\">Lesung<\/span><\/strong><br>Bergisch Gladbach<\/td><td><a href=\"https:\/\/www.trampicturebook.de\/wordpress\/der-puppenraeuber\/\" data-type=\"page\" data-id=\"2836\"><img loading=\"lazy\" decoding=\"async\" width=\"150\" height=\"233\" class=\"wp-image-3612\" style=\"width: 150px;\" src=\"https:\/\/www.trampicturebook.de\/wordpress\/wp-content\/uploads\/2021\/09\/U1-Y800-3.jpg\" alt=\"\" srcset=\"https:\/\/www.trampicturebook.de\/wordpress\/wp-content\/uploads\/2021\/09\/U1-Y800-3.jpg 386w, https:\/\/www.trampicturebook.de\/wordpress\/wp-content\/uploads\/2021\/09\/U1-Y800-3-193x300.jpg 193w, https:\/\/www.trampicturebook.de\/wordpress\/wp-content\/uploads\/2021\/09\/U1-Y800-3-97x150.jpg 97w\" sizes=\"auto, (max-width: 150px) 100vw, 150px\" \/><\/a><br>Barbara Stewen liest aus ihrem neuen Kriminalroman &#8222;Der Puppenr\u00e4uber&#8220;.<br>B\u00fcrgerportal, Hauptstr. 247, Bergisch Gladbach<br>Anmeldung: bstewen@web.de, 2G+-Veranstaltung<\/td><\/tr><tr><td><strong><s>01.12.2021<\/s><br><span class=\"has-inline-color has-vivid-green-cyan-color\"><s>Lesung<\/s><\/span><br><\/strong><s>Dresden<\/s><\/td><td><a href=\"https:\/\/www.trampicturebook.de\/wordpress\/andreas-m-sturm\/\" data-type=\"page\" data-id=\"3251\">Andreas M. Sturm<\/a> liest in der Stadtbibliothek Coswig u.a. mit der Dresdner Premiere der &#8222;<a href=\"https:\/\/www.trampicturebook.de\/wordpress\/mordsmaerchen\/\" data-type=\"page\" data-id=\"2438\">Mordsm\u00e4rchen<\/a>&#8222;. <span class=\"has-inline-color has-vivid-red-color\"><strong>Abgesagt<\/strong>!<\/span><\/td><\/tr><tr><td><strong>25.11.2021<\/strong><br><strong><span class=\"has-inline-color has-vivid-green-cyan-color\">Lesung<\/span><\/strong><br>Bochum<\/td><td> <a href=\"https:\/\/www.trampicturebook.de\/wordpress\/mordsmaerchen\/\" data-type=\"page\" data-id=\"2438\"><img loading=\"lazy\" decoding=\"async\" width=\"150\" height=\"238\" class=\"wp-image-1940\" style=\"width: 150px;\" src=\"https:\/\/www.trampicturebook.de\/wordpress\/wp-content\/uploads\/2021\/01\/Maerchenm1000-1.jpg\" alt=\"\" srcset=\"https:\/\/www.trampicturebook.de\/wordpress\/wp-content\/uploads\/2021\/01\/Maerchenm1000-1.jpg 631w, https:\/\/www.trampicturebook.de\/wordpress\/wp-content\/uploads\/2021\/01\/Maerchenm1000-1-600x951.jpg 600w, https:\/\/www.trampicturebook.de\/wordpress\/wp-content\/uploads\/2021\/01\/Maerchenm1000-1-189x300.jpg 189w, https:\/\/www.trampicturebook.de\/wordpress\/wp-content\/uploads\/2021\/01\/Maerchenm1000-1-95x150.jpg 95w\" sizes=\"auto, (max-width: 150px) 100vw, 150px\" \/><\/a> <br><a href=\"https:\/\/www.trampicturebook.de\/wordpress\/christiane-bogenstahl\/\" data-type=\"page\" data-id=\"2934\">Christiane Bogenstahl<\/a> und <a href=\"https:\/\/www.trampicturebook.de\/wordpress\/reinhard-junge\/\" data-type=\"page\" data-id=\"2923\">Reinhard Junge<\/a> lesen ihre <a href=\"https:\/\/www.trampicturebook.de\/wordpress\/mordsmaerchen\/\" data-type=\"page\" data-id=\"2438\">Mordsm\u00e4rchen <\/a>(K\u00f6nig &amp; Drosselbart \/ Die Bochumer Stadtmusikanten) aus der Anthologie Mordsm\u00e4rchen.<br>Veranstalter: Stadtb\u00fccherei Bochum-Wattenscheid<\/td><\/tr><tr><td><strong>20.-21.11. 2021<\/strong><br><strong><span class=\"has-inline-color has-vivid-red-color\">Buchmesse<\/span><\/strong><br><strong><span class=\"has-inline-color has-vivid-green-cyan-color\">Lesung<\/span><\/strong><br>Berlin-Lichtenhain<\/td><td><img loading=\"lazy\" decoding=\"async\" width=\"400\" height=\"43\" class=\"wp-image-2464\" style=\"width: 400px;\" src=\"https:\/\/www.trampicturebook.de\/wordpress\/wp-content\/uploads\/2021\/03\/BB_logo_21_Datumzeile.jpg\" alt=\"\" srcset=\"https:\/\/www.trampicturebook.de\/wordpress\/wp-content\/uploads\/2021\/03\/BB_logo_21_Datumzeile.jpg 1000w, https:\/\/www.trampicturebook.de\/wordpress\/wp-content\/uploads\/2021\/03\/BB_logo_21_Datumzeile-600x64.jpg 600w, https:\/\/www.trampicturebook.de\/wordpress\/wp-content\/uploads\/2021\/03\/BB_logo_21_Datumzeile-300x32.jpg 300w, https:\/\/www.trampicturebook.de\/wordpress\/wp-content\/uploads\/2021\/03\/BB_logo_21_Datumzeile-768x82.jpg 768w, https:\/\/www.trampicturebook.de\/wordpress\/wp-content\/uploads\/2021\/03\/BB_logo_21_Datumzeile-150x16.jpg 150w\" sizes=\"auto, (max-width: 400px) 100vw, 400px\" \/><br><strong><a rel=\"noreferrer noopener\" href=\"https:\/\/buch-berlin.de\" target=\"_blank\">7. Buch Berlin<\/a><\/strong>, diesesmal in der <a rel=\"noreferrer noopener\" href=\"https:\/\/www.arena.berlin\/\" target=\"_blank\">Arena<\/a>.  (<a rel=\"noreferrer noopener\" href=\"https:\/\/www.google.de\/maps\/place\/Arena+Berlin\/@52.4964613,13.452171,721m\/data=!3m2!1e3!4b1!4m5!3m4!1s0x47a84e55b04a4c0b:0x6852fd9350063186!8m2!3d52.4964613!4d13.4543597\" target=\"_blank\">Anfahrskizze<\/a>)<br>Unser Stand: <strong>Baker Street 18<\/strong><br><a href=\"https:\/\/www.trampicturebook.de\/wordpress\/bjoern-goetze\/\" data-type=\"page\" data-id=\"3353\">Bj\u00f6rn G\u00f6tze<\/a> und <a href=\"https:\/\/www.trampicturebook.de\/wordpress\/uwe-wittenfeld\/\" data-type=\"page\" data-id=\"2243\">Uwe Wittenfeld<\/a> stehen pers\u00f6nlich am Stand f\u00fcr Sie zur Verf\u00fcgung.<br><strong>Lesung<\/strong>: <a href=\"https:\/\/www.trampicturebook.de\/wordpress\/uwe-wittenfeld\/\" data-type=\"page\" data-id=\"2243\">Uwe Wittenfeld<\/a>. Sonntag 12:20, Leseraum 2<br><br>Die Messe war gut organisiert aber Corona hat daf\u00fcr gesorgt, dass nur wenig Publikum den Weg in die Arena auf sich genommen hat.<br><\/td><\/tr><tr><td><strong>04.11.2021<\/strong> 19:30<br><strong><span class=\"has-inline-color has-vivid-green-cyan-color\">Lesung<\/span><\/strong><br>Berlin-Lichtenberg<\/td><td><img loading=\"lazy\" decoding=\"async\" width=\"300\" height=\"424\" class=\"wp-image-3785\" style=\"width: 300px;\" src=\"https:\/\/www.trampicturebook.de\/wordpress\/wp-content\/uploads\/2021\/11\/Plakat-klein.jpg\" alt=\"\" srcset=\"https:\/\/www.trampicturebook.de\/wordpress\/wp-content\/uploads\/2021\/11\/Plakat-klein.jpg 707w, https:\/\/www.trampicturebook.de\/wordpress\/wp-content\/uploads\/2021\/11\/Plakat-klein-600x849.jpg 600w, https:\/\/www.trampicturebook.de\/wordpress\/wp-content\/uploads\/2021\/11\/Plakat-klein-212x300.jpg 212w, https:\/\/www.trampicturebook.de\/wordpress\/wp-content\/uploads\/2021\/11\/Plakat-klein-106x150.jpg 106w\" sizes=\"auto, (max-width: 300px) 100vw, 300px\" \/><br><strong><a href=\"http:\/\/Mords\">Mordsm\u00e4rchen<\/a> und andere fantastische Kriminalgeschichten<\/strong><br>mit den Autoren <a href=\"https:\/\/www.trampicturebook.de\/wordpress\/martina-arnold\/\" data-type=\"page\" data-id=\"2210\">Martina Arnold<\/a>, <a href=\"https:\/\/www.trampicturebook.de\/wordpress\/gisela-witte\/\" data-type=\"page\" data-id=\"3320\">Gisela Witte<\/a>, <a href=\"https:\/\/www.trampicturebook.de\/wordpress\/bjoern-goetze\/\" data-type=\"page\" data-id=\"3353\">Bj\u00f6rn G\u00f6tze<\/a> und <a href=\"https:\/\/www.trampicturebook.de\/wordpress\/uwe-wittenfeld\/\" data-type=\"page\" data-id=\"2243\">Uwe Wittenfeld<\/a>.<br>Veranstalter: Galerie 100, Konrad-Wolf-Str. 99B. 13055 Berlin<\/td><\/tr><tr><td><strong>14.-17.10.2021<\/strong><br><strong><span class=\"has-inline-color has-vivid-green-cyan-color\">Buchausstellung mit Lesungen<\/span><\/strong><br>D\u00fcsseldorf<\/td><td><a href=\"https:\/\/buecherbummel-literaturtage.de\"><img decoding=\"async\" src=\"https:\/\/www.trampicturebook.de\/wordpress\/wp-content\/uploads\/2021\/02\/BueBo21.jpg\" alt=\"Dieses Bild hat ein leeres Alt-Attribut. Der Dateiname ist BueBo21.jpg\" style=\"width: 200px;\"><\/a><br>Der <a href=\"https:\/\/buecherbummel-literaturtage.de\">B\u00fccherbummel auf der K\u00d6 2021<\/a> wird in diesem Jahr nicht Pfingsten, sondern im Oktober stattfinden.<br><strong>Samstag, 16. Oktober, 17:00 Uhr: <a href=\"https:\/\/www.trampicturebook.de\/wordpress\/uwe-wittenfeld\/\">Uwe Wittenfeld<\/a> liest m\u00f6rderischer Geschichten<\/strong> auf der Leseb\u00fchne an der Ecke K\u00f6nigsallee\/K\u00f6nigstr.<\/td><\/tr><tr><td><strong>05.09.2021, 17:30 Uhr<\/strong><br><strong><span class=\"has-inline-color has-vivid-green-cyan-color\">Lesung<\/span><\/strong><br>Bochum<\/td><td><a href=\"https:\/\/www.trampicturebook.de\/wordpress\/palmen-an-der-ruhr\/\" data-type=\"page\" data-id=\"3100\"><img loading=\"lazy\" decoding=\"async\" width=\"150\" height=\"224\" class=\"wp-image-3389\" style=\"width: 150px;\" src=\"https:\/\/www.trampicturebook.de\/wordpress\/wp-content\/uploads\/2021\/08\/U1-Y800.jpg\" alt=\"\" srcset=\"https:\/\/www.trampicturebook.de\/wordpress\/wp-content\/uploads\/2021\/08\/U1-Y800.jpg 536w, https:\/\/www.trampicturebook.de\/wordpress\/wp-content\/uploads\/2021\/08\/U1-Y800-201x300.jpg 201w, https:\/\/www.trampicturebook.de\/wordpress\/wp-content\/uploads\/2021\/08\/U1-Y800-101x150.jpg 101w\" sizes=\"auto, (max-width: 150px) 100vw, 150px\" \/><\/a><br>Lesung: <strong><a href=\"https:\/\/www.trampicturebook.de\/wordpress\/palmen-an-der-ruhr\/\">Palmen an der Ruhr<\/a><\/strong><br><a href=\"https:\/\/www.trampicturebook.de\/wordpress\/jost-baum\/\">Jost Baum<\/a> liest aus seinem apokalyptischen Zukunftsthriller <strong><a href=\"https:\/\/www.trampicturebook.de\/wordpress\/palmen-an-der-ruhr\/\" data-type=\"page\" data-id=\"3100\">Palmen an der Ruhr<\/a><\/strong><br>Literaturspielplatz, 44879 Bochum Linden, Lewackerstr 125<br>Eintritt: 5\u20ac, Studenten, Hartz IV- Empf\u00e4nger: 2,50 \u20ac<br>Die Veranstaltung findet im Rahmen der Bobiennale statt.<\/td><\/tr><tr><td><strong>13.08.2021, 19:00 Uhr<\/strong><br><strong><span class=\"has-inline-color has-vivid-green-cyan-color\">Lesung <\/span><\/strong>&#8211; <strong>Vorabpremiere<\/strong><br>Essen-Borbeck<\/td><td><a href=\"https:\/\/www.trampicturebook.de\/wordpress\/mordsmaerchen\/\" data-type=\"page\" data-id=\"2438\"><img loading=\"lazy\" decoding=\"async\" width=\"150\" height=\"238\" class=\"wp-image-1940\" style=\"width: 150px;\" src=\"https:\/\/www.trampicturebook.de\/wordpress\/wp-content\/uploads\/2021\/01\/Maerchenm1000-1.jpg\" alt=\"\" srcset=\"https:\/\/www.trampicturebook.de\/wordpress\/wp-content\/uploads\/2021\/01\/Maerchenm1000-1.jpg 631w, https:\/\/www.trampicturebook.de\/wordpress\/wp-content\/uploads\/2021\/01\/Maerchenm1000-1-600x951.jpg 600w, https:\/\/www.trampicturebook.de\/wordpress\/wp-content\/uploads\/2021\/01\/Maerchenm1000-1-189x300.jpg 189w, https:\/\/www.trampicturebook.de\/wordpress\/wp-content\/uploads\/2021\/01\/Maerchenm1000-1-95x150.jpg 95w\" sizes=\"auto, (max-width: 150px) 100vw, 150px\" \/><\/a><br>Grimms M\u00e4rchen waren noch so brav, dass unschuldige Kinderseelen nicht verschreckt werden konnten. Nun aber hat der Ruhrkrimi Verlag 14 Autor:innen auf die alten Texte angesetzt, um sie respektlos neu zu erz\u00e4hlen \u2013 ab Oktober in dem Sammelband \u201c<a href=\"https:\/\/www.trampicturebook.de\/wordpress\/mordsmaerchen\/\" data-type=\"page\" data-id=\"2438\">Mordsm\u00e4rchen<\/a>\u201d nachzulesen.<br>Drei von diesen L\u00fcgengeschichten wurden nun auf den Borbecker Kulturtagen in einer Vorpremiere vorgestellt.&nbsp;<a href=\"https:\/\/www.trampicturebook.de\/wordpress\/christiane-bogenstahl\/\">Christiane Bogenstahl<\/a>&nbsp;setzte mit frechem Witz &nbsp;in \u201cK\u00f6nig Drosselbart\u201d neue Ma\u00dfst\u00e4be f\u00fcr die Partyszene,&nbsp;<a href=\"https:\/\/www.trampicturebook.de\/wordpress\/reinhard-junge\/\">Reinhard Junge<\/a>&nbsp;terrorisierte unsere \u00f6stliche Nachbarstadt mit den \u201cBochumer Stadtmusikanten\u201d und&nbsp;<a href=\"https:\/\/www.trampicturebook.de\/wordpress\/uwe-wittenfeld\/\">Uwe Wittenfeld<\/a>&nbsp;jagte seinen \u201cMeisterdieb\u201d durch M\u00fclheim und Essen.<br>Gekr\u00f6nt wurde das Spektakel durch ein kriminelles M\u00e4rchenquiz.<br>Autoren und Publikum (\u00fcber 60 Personen) haben sich am Freitag dem 13. k\u00f6stlich vor der Gnadenkirche in Essen-Borbeck am\u00fcsiert.<br><a href=\"https:\/\/www.lokalkompass.de\/essen-borbeck\/c-kultur\/gruselspass-am-freitag-den-13_a1615242\" target=\"_blank\" rel=\"noreferrer noopener\">Artikel im Stadtspiegel<\/a><br><\/td><\/tr><tr><td><strong>18. &#8211; 20.06.2021<\/strong><br><\/td><td><img decoding=\"async\" src=\"https:\/\/www.trampicturebook.de\/wordpress\/wp-content\/uploads\/2021\/05\/BMSaar.jpg\" alt=\"Dieses Bild hat ein leeres Alt-Attribut. Der Dateiname ist BMSaar.jpg\"><br>Die Buchmesse-Saar war die erste und letzte virtuelle Buchmesse, an der der Ruhrkrimi-Verlag teilgenommen hat. Wir freuen uns auf die reale Buch-Berlin.<\/td><\/tr><tr><td><s>27.-30.05. 2021<\/s><\/td><td><img decoding=\"async\" src=\"https:\/\/www.trampicturebook.de\/wordpress\/wp-content\/uploads\/2020\/10\/LeipzigBuch.jpg\" alt=\"Dieses Bild hat ein leeres Alt-Attribut. Der Dateiname ist LeipzigBuch.jpg\">Die<strong> Leiziger Buchmesse<\/strong> wurde erst verschoben, dann ganz abgesagt.<\/td><\/tr><tr><td><s>21.-24-04. 2021<\/s><\/td><td>Die <strong>Criminale <\/strong>in Iserlohn ist abgesagt<\/td><\/tr><\/tbody><\/table><\/figure>\n\n\n\n<div class=\"wp-block-buttons is-content-justification-center is-layout-flex wp-container-core-buttons-is-layout-16018d1d wp-block-buttons-is-layout-flex\">\n<div class=\"wp-block-button\"><a class=\"wp-block-button__link has-vivid-purple-background-color has-background wp-element-button\" href=\"https:\/\/www.trampicturebook.de\/wordpress\/veranstaltungen-2019\/\">2019<\/a><\/div>\n\n\n\n<div class=\"wp-block-button\"><a class=\"wp-block-button__link has-vivid-purple-background-color has-background wp-element-button\" href=\"https:\/\/www.trampicturebook.de\/wordpress\/veranstaltungen-2020\/\">2020<\/a><\/div>\n\n\n\n<div class=\"wp-block-button\"><a class=\"wp-block-button__link has-vivid-red-background-color has-background wp-element-button\">2021<\/a><\/div>\n\n\n\n<div class=\"wp-block-button\"><a class=\"wp-block-button__link has-vivid-purple-background-color has-background wp-element-button\" href=\"https:\/\/www.trampicturebook.de\/wordpress\/veranstaltungen-2022\/\">2022<\/a><\/div>\n\n\n\n<div class=\"wp-block-button\"><a class=\"wp-block-button__link has-vivid-purple-background-color has-background wp-element-button\" href=\"https:\/\/www.trampicturebook.de\/wordpress\/veranstaltungen-2023\/\">2023<\/a><\/div>\n\n\n\n<div class=\"wp-block-button\"><a class=\"wp-block-button__link has-vivid-purple-background-color has-background wp-element-button\" href=\"https:\/\/www.trampicturebook.de\/wordpress\/veranstaltungen-2024\/\">2024<\/a><\/div>\n<\/div>\n\n\n\n<p><\/p>\n","protected":false},"excerpt":{"rendered":"<p>von und mit Autoren des Ruhrkrimi-Verlages 18.12.2021LesungBergisch Gladbach Barbara Stewen liest aus ihrem neuen Kriminalroman &#8222;Der Puppenr\u00e4uber&#8220;.B\u00fcrgerportal, Hauptstr. 247, Bergisch GladbachAnmeldung: bstewen@web.de, 2G+-Veranstaltung 01.12.2021LesungDresden Andreas M. Sturm liest in der Stadtbibliothek Coswig u.a. mit der Dresdner Premiere der &#8222;Mordsm\u00e4rchen&#8222;. Abgesagt! 25.11.2021LesungBochum Christiane Bogenstahl und Reinhard Junge lesen ihre Mordsm\u00e4rchen (K\u00f6nig&#8230;<\/p>\n<p> <a class=\"continue-reading-link\" href=\"https:\/\/www.trampicturebook.de\/wordpress\/lesungen-und-veranstaltungen\/\"><span>Continue reading<\/span><i class=\"crycon-right-dir\"><\/i><\/a> <\/p>\n","protected":false},"author":1,"featured_media":0,"parent":0,"menu_order":0,"comment_status":"closed","ping_status":"closed","template":"","meta":{"footnotes":""},"categories":[],"tags":[],"folder":[24],"class_list":["post-16","page","type-page","status-publish","hentry"],"jetpack_sharing_enabled":true,"_links":{"self":[{"href":"https:\/\/www.trampicturebook.de\/wordpress\/wp-json\/wp\/v2\/pages\/16","targetHints":{"allow":["GET"]}}],"collection":[{"href":"https:\/\/www.trampicturebook.de\/wordpress\/wp-json\/wp\/v2\/pages"}],"about":[{"href":"https:\/\/www.trampicturebook.de\/wordpress\/wp-json\/wp\/v2\/types\/page"}],"author":[{"embeddable":true,"href":"https:\/\/www.trampicturebook.de\/wordpress\/wp-json\/wp\/v2\/users\/1"}],"replies":[{"embeddable":true,"href":"https:\/\/www.trampicturebook.de\/wordpress\/wp-json\/wp\/v2\/comments?post=16"}],"version-history":[{"count":511,"href":"https:\/\/www.trampicturebook.de\/wordpress\/wp-json\/wp\/v2\/pages\/16\/revisions"}],"predecessor-version":[{"id":7612,"href":"https:\/\/www.trampicturebook.de\/wordpress\/wp-json\/wp\/v2\/pages\/16\/revisions\/7612"}],"wp:attachment":[{"href":"https:\/\/www.trampicturebook.de\/wordpress\/wp-json\/wp\/v2\/media?parent=16"}],"wp:term":[{"taxonomy":"category","embeddable":true,"href":"https:\/\/www.trampicturebook.de\/wordpress\/wp-json\/wp\/v2\/categories?post=16"},{"taxonomy":"post_tag","embeddable":true,"href":"https:\/\/www.trampicturebook.de\/wordpress\/wp-json\/wp\/v2\/tags?post=16"},{"taxonomy":"folder","embeddable":true,"href":"https:\/\/www.trampicturebook.de\/wordpress\/wp-json\/wp\/v2\/folder?post=16"}],"curies":[{"name":"wp","href":"https:\/\/api.w.org\/{rel}","templated":true}]}}