{"id":1959,"date":"2021-01-13T10:35:21","date_gmt":"2021-01-13T09:35:21","guid":{"rendered":"https:\/\/www.trampicturebook.de\/wordpress\/?page_id=1959"},"modified":"2024-04-11T17:37:44","modified_gmt":"2024-04-11T15:37:44","slug":"veranstaltungen-2020","status":"publish","type":"page","link":"https:\/\/www.trampicturebook.de\/wordpress\/veranstaltungen-2020\/","title":{"rendered":"Veranstaltungen 2020"},"content":{"rendered":"\n<p>F\u00fcr die Veranstaltungsbranche war 2020 ein furchtbares Jahr. Ab M\u00e4rz hat Corona daf\u00fcr gesorgt, dass alle Messen, Lesungen usw. abgesagt wurden.<\/p>\n\n\n\n<p>Hoffen wir, dass 2021 besser wird. Der Anfang sieht aber nicht so aus.<\/p>\n\n\n\n<figure class=\"wp-block-table\"><table><tbody><tr><td><s><span class=\"has-inline-color has-vivid-red-color\">22.11.2020<\/span><\/s><\/td><td><img loading=\"lazy\" decoding=\"async\" width=\"400\" height=\"792\" class=\"wp-image-1591\" style=\"width: 400px;\" src=\"https:\/\/www.trampicturebook.de\/wordpress\/wp-content\/uploads\/2020\/10\/Flyer-e1602077898304.jpg\" alt=\"\"><br>Die Veranstaltung ist wegen des Lockdowns in der Gastronomie abgesagt. <\/td><\/tr><tr><td><s><span class=\"has-inline-color has-vivid-red-color\">15.11.2020<\/span><\/s><\/td><td><img loading=\"lazy\" decoding=\"async\" width=\"400\" height=\"55\" class=\"wp-image-160\" style=\"width: 400px;\" src=\"https:\/\/www.trampicturebook.de\/wordpress\/wp-content\/uploads\/2019\/05\/BuchBerlin.jpg\" alt=\"\" srcset=\"https:\/\/www.trampicturebook.de\/wordpress\/wp-content\/uploads\/2019\/05\/BuchBerlin.jpg 597w, https:\/\/www.trampicturebook.de\/wordpress\/wp-content\/uploads\/2019\/05\/BuchBerlin-300x41.jpg 300w, https:\/\/www.trampicturebook.de\/wordpress\/wp-content\/uploads\/2019\/05\/BuchBerlin-150x21.jpg 150w\" sizes=\"auto, (max-width: 400px) 100vw, 400px\" \/> <br>abgesagt.<\/td><\/tr><tr><td><s><span class=\"has-inline-color has-vivid-red-color\">12.11.2020<br>18:05-19:00<\/span><\/s><\/td><td><img loading=\"lazy\" decoding=\"async\" width=\"400\" height=\"129\" class=\"wp-image-803\" style=\"width: 400px;\" src=\"https:\/\/www.trampicturebook.de\/wordpress\/wp-content\/uploads\/2020\/02\/Zwischenablage01.jpg\" alt=\"\" srcset=\"https:\/\/www.trampicturebook.de\/wordpress\/wp-content\/uploads\/2020\/02\/Zwischenablage01.jpg 255w, https:\/\/www.trampicturebook.de\/wordpress\/wp-content\/uploads\/2020\/02\/Zwischenablage01-150x48.jpg 150w\" sizes=\"auto, (max-width: 400px) 100vw, 400px\" \/><br>Sendung abgesagt<\/td><\/tr><tr><td><s><span class=\"has-inline-color has-vivid-red-color\">26.10.2020&lt;08.11.2020<\/span><\/s><\/td><td><img loading=\"lazy\" decoding=\"async\" width=\"400\" height=\"384\" class=\"wp-image-481\" style=\"width: 400px;\" src=\"https:\/\/www.trampicturebook.de\/wordpress\/wp-content\/uploads\/2019\/09\/Logo-Krimimarathon-Negativ-gro\u00df.jpg\" alt=\"\" srcset=\"https:\/\/www.trampicturebook.de\/wordpress\/wp-content\/uploads\/2019\/09\/Logo-Krimimarathon-Negativ-gro\u00df.jpg 230w, https:\/\/www.trampicturebook.de\/wordpress\/wp-content\/uploads\/2019\/09\/Logo-Krimimarathon-Negativ-gro\u00df-150x144.jpg 150w\" sizes=\"auto, (max-width: 400px) 100vw, 400px\" \/><br>Abgesagt.<\/td><\/tr><tr><td><s><span class=\"has-inline-color has-vivid-red-color\">01.10.2020<\/span><\/s><\/td><td><img loading=\"lazy\" decoding=\"async\" width=\"400\" height=\"159\" class=\"wp-image-871\" style=\"width: 400px;\" src=\"https:\/\/www.trampicturebook.de\/wordpress\/wp-content\/uploads\/2020\/02\/oveney_logo.png\" alt=\"\" srcset=\"https:\/\/www.trampicturebook.de\/wordpress\/wp-content\/uploads\/2020\/02\/oveney_logo.png 425w, https:\/\/www.trampicturebook.de\/wordpress\/wp-content\/uploads\/2020\/02\/oveney_logo-300x119.png 300w, https:\/\/www.trampicturebook.de\/wordpress\/wp-content\/uploads\/2020\/02\/oveney_logo-150x60.png 150w\" sizes=\"auto, (max-width: 400px) 100vw, 400px\" \/><br>Abgesagt.<\/td><\/tr><tr><td><s><span class=\"has-inline-color has-vivid-red-color\">18.09.2020<\/span><\/s><\/td><td><img loading=\"lazy\" decoding=\"async\" width=\"400\" height=\"133\" class=\"wp-image-879\" style=\"width: 400px;\" src=\"https:\/\/www.trampicturebook.de\/wordpress\/wp-content\/uploads\/2020\/02\/004-Logo-LeseInsel.jpg\" alt=\"\" srcset=\"https:\/\/www.trampicturebook.de\/wordpress\/wp-content\/uploads\/2020\/02\/004-Logo-LeseInsel.jpg 886w, https:\/\/www.trampicturebook.de\/wordpress\/wp-content\/uploads\/2020\/02\/004-Logo-LeseInsel-600x199.jpg 600w, https:\/\/www.trampicturebook.de\/wordpress\/wp-content\/uploads\/2020\/02\/004-Logo-LeseInsel-300x100.jpg 300w, https:\/\/www.trampicturebook.de\/wordpress\/wp-content\/uploads\/2020\/02\/004-Logo-LeseInsel-768x255.jpg 768w, https:\/\/www.trampicturebook.de\/wordpress\/wp-content\/uploads\/2020\/02\/004-Logo-LeseInsel-150x50.jpg 150w\" sizes=\"auto, (max-width: 400px) 100vw, 400px\" \/><br>Abgesagt-<\/td><\/tr><tr><td><s><span class=\"has-inline-color has-vivid-red-color\">05.09.2020<\/span><\/s><\/td><td><img loading=\"lazy\" decoding=\"async\" width=\"400\" height=\"190\" class=\"wp-image-858\" style=\"width: 400px;\" src=\"https:\/\/www.trampicturebook.de\/wordpress\/wp-content\/uploads\/2020\/02\/Fabula-est.jpg\" alt=\"\" srcset=\"https:\/\/www.trampicturebook.de\/wordpress\/wp-content\/uploads\/2020\/02\/Fabula-est.jpg 947w, https:\/\/www.trampicturebook.de\/wordpress\/wp-content\/uploads\/2020\/02\/Fabula-est-600x285.jpg 600w, https:\/\/www.trampicturebook.de\/wordpress\/wp-content\/uploads\/2020\/02\/Fabula-est-300x143.jpg 300w, https:\/\/www.trampicturebook.de\/wordpress\/wp-content\/uploads\/2020\/02\/Fabula-est-768x365.jpg 768w, https:\/\/www.trampicturebook.de\/wordpress\/wp-content\/uploads\/2020\/02\/Fabula-est-150x71.jpg 150w\" sizes=\"auto, (max-width: 400px) 100vw, 400px\" \/><br>Abgesagt.<\/td><\/tr><tr><td><s><span class=\"has-inline-color has-vivid-red-color\">14.07.2020<\/span><\/s><\/td><td><img loading=\"lazy\" decoding=\"async\" width=\"400\" height=\"389\" class=\"wp-image-748\" style=\"width: 400px;\" src=\"https:\/\/www.trampicturebook.de\/wordpress\/wp-content\/uploads\/2020\/01\/Schkeuditz.gif\" alt=\"\"><br>Stadtbibliothek Schkeuditz. Abgesagt.<\/td><\/tr><tr><td><s><span class=\"has-inline-color has-vivid-red-color\">19.06.2020 &#8211; 21.06.2020<\/span><\/s><\/td><td><img loading=\"lazy\" decoding=\"async\" width=\"400\" height=\"326\" class=\"wp-image-1064\" style=\"width: 400px;\" src=\"https:\/\/www.trampicturebook.de\/wordpress\/wp-content\/uploads\/2020\/04\/Saar.png\" alt=\"\" srcset=\"https:\/\/www.trampicturebook.de\/wordpress\/wp-content\/uploads\/2020\/04\/Saar.png 800w, https:\/\/www.trampicturebook.de\/wordpress\/wp-content\/uploads\/2020\/04\/Saar-600x488.png 600w, https:\/\/www.trampicturebook.de\/wordpress\/wp-content\/uploads\/2020\/04\/Saar-300x244.png 300w, https:\/\/www.trampicturebook.de\/wordpress\/wp-content\/uploads\/2020\/04\/Saar-768x625.png 768w, https:\/\/www.trampicturebook.de\/wordpress\/wp-content\/uploads\/2020\/04\/Saar-150x122.png 150w\" sizes=\"auto, (max-width: 400px) 100vw, 400px\" \/><\/td><\/tr><tr><td>11.06.2020<\/td><td><img loading=\"lazy\" decoding=\"async\" width=\"400\" height=\"129\" class=\"wp-image-803\" style=\"width: 400px;\" src=\"https:\/\/www.trampicturebook.de\/wordpress\/wp-content\/uploads\/2020\/02\/Zwischenablage01.jpg\" alt=\"\" srcset=\"https:\/\/www.trampicturebook.de\/wordpress\/wp-content\/uploads\/2020\/02\/Zwischenablage01.jpg 255w, https:\/\/www.trampicturebook.de\/wordpress\/wp-content\/uploads\/2020\/02\/Zwischenablage01-150x48.jpg 150w\" sizes=\"auto, (max-width: 400px) 100vw, 400px\" \/><br>Gabis blaue Stunde<br>Wiederholung der Live-Sendung vom 14.05.2020<\/td><\/tr><tr><td><s><span class=\"has-inline-color has-vivid-red-color\">28.05.2020 &#8211; 01.06.2020<\/span><\/s><\/td><td><img loading=\"lazy\" decoding=\"async\" width=\"400\" height=\"228\" class=\"wp-image-1069\" style=\"width: 400px;\" src=\"https:\/\/www.trampicturebook.de\/wordpress\/wp-content\/uploads\/2020\/04\/abgesagt.png\" alt=\"\" srcset=\"https:\/\/www.trampicturebook.de\/wordpress\/wp-content\/uploads\/2020\/04\/abgesagt.png 300w, https:\/\/www.trampicturebook.de\/wordpress\/wp-content\/uploads\/2020\/04\/abgesagt-150x86.png 150w\" sizes=\"auto, (max-width: 400px) 100vw, 400px\" \/><\/td><\/tr><tr><td>14.05.2020<\/td><td><img decoding=\"async\" src=\"https:\/\/www.trampicturebook.de\/wordpress\/wp-content\/uploads\/2020\/02\/Zwischenablage01.jpg\" alt=\"\" style=\"width: 400px;\"><br>Gabis blaue Stunde. Live-Sendung<\/td><\/tr><tr><td><s><span class=\"has-inline-color has-vivid-red-color\">07.05.2020<\/span><\/s><\/td><td><img loading=\"lazy\" decoding=\"async\" width=\"400\" height=\"565\" class=\"wp-image-1061\" style=\"width: 400px;\" src=\"https:\/\/www.trampicturebook.de\/wordpress\/wp-content\/uploads\/2020\/04\/Plakat-Abgesagt-scaled.jpg\" alt=\"\" srcset=\"https:\/\/www.trampicturebook.de\/wordpress\/wp-content\/uploads\/2020\/04\/Plakat-Abgesagt-scaled.jpg 1811w, https:\/\/www.trampicturebook.de\/wordpress\/wp-content\/uploads\/2020\/04\/Plakat-Abgesagt-scaled-600x848.jpg 600w, https:\/\/www.trampicturebook.de\/wordpress\/wp-content\/uploads\/2020\/04\/Plakat-Abgesagt-212x300.jpg 212w, https:\/\/www.trampicturebook.de\/wordpress\/wp-content\/uploads\/2020\/04\/Plakat-Abgesagt-724x1024.jpg 724w, https:\/\/www.trampicturebook.de\/wordpress\/wp-content\/uploads\/2020\/04\/Plakat-Abgesagt-768x1086.jpg 768w, https:\/\/www.trampicturebook.de\/wordpress\/wp-content\/uploads\/2020\/04\/Plakat-Abgesagt-1086x1536.jpg 1086w, https:\/\/www.trampicturebook.de\/wordpress\/wp-content\/uploads\/2020\/04\/Plakat-Abgesagt-1448x2048.jpg 1448w, https:\/\/www.trampicturebook.de\/wordpress\/wp-content\/uploads\/2020\/04\/Plakat-Abgesagt-106x150.jpg 106w\" sizes=\"auto, (max-width: 400px) 100vw, 400px\" \/><\/td><\/tr><tr><td><s><span class=\"has-inline-color has-vivid-red-color\">27.03.2020<\/span><\/s><\/td><td><img loading=\"lazy\" decoding=\"async\" width=\"400\" height=\"566\" class=\"wp-image-874\" style=\"width: 400px;\" src=\"https:\/\/www.trampicturebook.de\/wordpress\/wp-content\/uploads\/2020\/02\/Plakat-klein-1.jpg\" alt=\"\" srcset=\"https:\/\/www.trampicturebook.de\/wordpress\/wp-content\/uploads\/2020\/02\/Plakat-klein-1.jpg 707w, https:\/\/www.trampicturebook.de\/wordpress\/wp-content\/uploads\/2020\/02\/Plakat-klein-1-600x849.jpg 600w, https:\/\/www.trampicturebook.de\/wordpress\/wp-content\/uploads\/2020\/02\/Plakat-klein-1-212x300.jpg 212w, https:\/\/www.trampicturebook.de\/wordpress\/wp-content\/uploads\/2020\/02\/Plakat-klein-1-106x150.jpg 106w\" sizes=\"auto, (max-width: 400px) 100vw, 400px\" \/><\/td><\/tr><tr><td><s><span class=\"has-inline-color has-vivid-red-color\">13.03.2020<\/span><\/s><\/td><td><img loading=\"lazy\" decoding=\"async\" width=\"400\" height=\"792\" class=\"wp-image-904\" style=\"width: 400px;\" src=\"https:\/\/www.trampicturebook.de\/wordpress\/wp-content\/uploads\/2020\/03\/Flyer-abgesagt.jpg\" alt=\"\" srcset=\"https:\/\/www.trampicturebook.de\/wordpress\/wp-content\/uploads\/2020\/03\/Flyer-abgesagt.jpg 1264w, https:\/\/www.trampicturebook.de\/wordpress\/wp-content\/uploads\/2020\/03\/Flyer-abgesagt-600x1189.jpg 600w, https:\/\/www.trampicturebook.de\/wordpress\/wp-content\/uploads\/2020\/03\/Flyer-abgesagt-151x300.jpg 151w, https:\/\/www.trampicturebook.de\/wordpress\/wp-content\/uploads\/2020\/03\/Flyer-abgesagt-517x1024.jpg 517w, https:\/\/www.trampicturebook.de\/wordpress\/wp-content\/uploads\/2020\/03\/Flyer-abgesagt-768x1521.jpg 768w, https:\/\/www.trampicturebook.de\/wordpress\/wp-content\/uploads\/2020\/03\/Flyer-abgesagt-775x1536.jpg 775w, https:\/\/www.trampicturebook.de\/wordpress\/wp-content\/uploads\/2020\/03\/Flyer-abgesagt-1034x2048.jpg 1034w, https:\/\/www.trampicturebook.de\/wordpress\/wp-content\/uploads\/2020\/03\/Flyer-abgesagt-76x150.jpg 76w\" sizes=\"auto, (max-width: 400px) 100vw, 400px\" \/><\/td><\/tr><tr><td>14.03.2020<\/td><td><strong>Lesung aus <a href=\"https:\/\/www.trampicturebook.de\/wordpress\/kriminalromane\/#Ruhrspione\">Ruhrspione<\/a><\/strong> im <a rel=\"noreferrer noopener\" href=\"https:\/\/www.kulturrat-bochum.de\/\" target=\"_blank\">Bochumer Kulturrat e.V.<\/a><br>mit musikalischer Begleitung von David Minchin.<br><img loading=\"lazy\" decoding=\"async\" width=\"400\" height=\"821\" class=\"wp-image-771\" style=\"width: 400px;\" src=\"https:\/\/www.trampicturebook.de\/wordpress\/wp-content\/uploads\/2020\/01\/Flyer.jpg\" alt=\"\" srcset=\"https:\/\/www.trampicturebook.de\/wordpress\/wp-content\/uploads\/2020\/01\/Flyer.jpg 438w, https:\/\/www.trampicturebook.de\/wordpress\/wp-content\/uploads\/2020\/01\/Flyer-146x300.jpg 146w, https:\/\/www.trampicturebook.de\/wordpress\/wp-content\/uploads\/2020\/01\/Flyer-73x150.jpg 73w\" sizes=\"auto, (max-width: 400px) 100vw, 400px\" \/><br><img loading=\"lazy\" decoding=\"async\" width=\"150\" height=\"74\" class=\"wp-image-898\" style=\"width: 150px;\" src=\"https:\/\/www.trampicturebook.de\/wordpress\/wp-content\/uploads\/2020\/02\/FotoMela.jpg\" alt=\"\" srcset=\"https:\/\/www.trampicturebook.de\/wordpress\/wp-content\/uploads\/2020\/02\/FotoMela.jpg 821w, https:\/\/www.trampicturebook.de\/wordpress\/wp-content\/uploads\/2020\/02\/FotoMela-600x295.jpg 600w, https:\/\/www.trampicturebook.de\/wordpress\/wp-content\/uploads\/2020\/02\/FotoMela-300x148.jpg 300w, https:\/\/www.trampicturebook.de\/wordpress\/wp-content\/uploads\/2020\/02\/FotoMela-768x378.jpg 768w, https:\/\/www.trampicturebook.de\/wordpress\/wp-content\/uploads\/2020\/02\/FotoMela-150x74.jpg 150w\" sizes=\"auto, (max-width: 150px) 100vw, 150px\" \/><\/td><\/tr><tr><td>25.01.2020<\/td><td><img loading=\"lazy\" decoding=\"async\" width=\"400\" height=\"80\" class=\"wp-image-757\" style=\"width: 400px;\" src=\"https:\/\/www.trampicturebook.de\/wordpress\/wp-content\/uploads\/2020\/01\/osna.gif\" alt=\"\"><br><img loading=\"lazy\" decoding=\"async\" width=\"400\" height=\"265\" class=\"wp-image-893\" style=\"width: 400px;\" src=\"https:\/\/www.trampicturebook.de\/wordpress\/wp-content\/uploads\/2020\/02\/pic-fb-X800.jpg\" alt=\"\" srcset=\"https:\/\/www.trampicturebook.de\/wordpress\/wp-content\/uploads\/2020\/02\/pic-fb-X800.jpg 800w, https:\/\/www.trampicturebook.de\/wordpress\/wp-content\/uploads\/2020\/02\/pic-fb-X800-600x398.jpg 600w, https:\/\/www.trampicturebook.de\/wordpress\/wp-content\/uploads\/2020\/02\/pic-fb-X800-300x199.jpg 300w, https:\/\/www.trampicturebook.de\/wordpress\/wp-content\/uploads\/2020\/02\/pic-fb-X800-768x509.jpg 768w, https:\/\/www.trampicturebook.de\/wordpress\/wp-content\/uploads\/2020\/02\/pic-fb-X800-150x99.jpg 150w\" sizes=\"auto, (max-width: 400px) 100vw, 400px\" \/><\/td><\/tr><tr><td>19.01.2020<\/td><td><strong>Literatur Talkshow Eselsohren<\/strong><br><img loading=\"lazy\" decoding=\"async\" width=\"400\" height=\"565\" class=\"wp-image-728\" style=\"width: 400px;\" src=\"https:\/\/www.trampicturebook.de\/wordpress\/wp-content\/uploads\/2019\/12\/IMG-20191229-WA0001.jpg\" alt=\"\" srcset=\"https:\/\/www.trampicturebook.de\/wordpress\/wp-content\/uploads\/2019\/12\/IMG-20191229-WA0001.jpg 496w, https:\/\/www.trampicturebook.de\/wordpress\/wp-content\/uploads\/2019\/12\/IMG-20191229-WA0001-212x300.jpg 212w, https:\/\/www.trampicturebook.de\/wordpress\/wp-content\/uploads\/2019\/12\/IMG-20191229-WA0001-106x150.jpg 106w\" sizes=\"auto, (max-width: 400px) 100vw, 400px\" \/><\/td><\/tr><\/tbody><\/table><\/figure>\n\n\n\n<div class=\"wp-block-buttons is-content-justification-center is-layout-flex wp-container-core-buttons-is-layout-16018d1d wp-block-buttons-is-layout-flex\">\n<div class=\"wp-block-button\"><a class=\"wp-block-button__link has-vivid-purple-background-color has-background wp-element-button\" href=\"https:\/\/www.trampicturebook.de\/wordpress\/veranstaltungen-2024\/\">2024<\/a><\/div>\n\n\n\n<div class=\"wp-block-button\"><a class=\"wp-block-button__link has-vivid-purple-background-color has-background wp-element-button\" href=\"https:\/\/www.trampicturebook.de\/wordpress\/veranstaltungen-2023\/\">2023<\/a><\/div>\n\n\n\n<div class=\"wp-block-button\"><a class=\"wp-block-button__link has-vivid-purple-background-color has-background wp-element-button\" href=\"https:\/\/www.trampicturebook.de\/wordpress\/veranstaltungen-2022\/\">2022<\/a><\/div>\n\n\n\n<div class=\"wp-block-button\"><a class=\"wp-block-button__link has-vivid-purple-background-color has-background wp-element-button\" href=\"https:\/\/www.trampicturebook.de\/wordpress\/lesungen-und-veranstaltungen\/\">2021<\/a><\/div>\n\n\n\n<div class=\"wp-block-button\"><a class=\"wp-block-button__link has-vivid-purple-background-color has-background wp-element-button\" href=\"https:\/\/www.trampicturebook.de\/wordpress\/veranstaltungen-2019\/\">2019<\/a><\/div>\n<\/div>\n","protected":false},"excerpt":{"rendered":"<p>F\u00fcr die Veranstaltungsbranche war 2020 ein furchtbares Jahr. Ab M\u00e4rz hat Corona daf\u00fcr gesorgt, dass alle Messen, Lesungen usw. abgesagt wurden. Hoffen wir, dass 2021 besser wird. Der Anfang sieht aber nicht so aus. 22.11.2020 Die Veranstaltung ist wegen des Lockdowns in der Gastronomie abgesagt. 15.11.2020 abgesagt. 12.11.202018:05-19:00 Sendung abgesagt&#8230;<\/p>\n<p> <a class=\"continue-reading-link\" href=\"https:\/\/www.trampicturebook.de\/wordpress\/veranstaltungen-2020\/\"><span>Continue reading<\/span><i class=\"crycon-right-dir\"><\/i><\/a> <\/p>\n","protected":false},"author":1,"featured_media":0,"parent":0,"menu_order":0,"comment_status":"closed","ping_status":"closed","template":"","meta":{"footnotes":""},"categories":[],"tags":[],"folder":[24],"class_list":["post-1959","page","type-page","status-publish","hentry"],"jetpack_sharing_enabled":true,"_links":{"self":[{"href":"https:\/\/www.trampicturebook.de\/wordpress\/wp-json\/wp\/v2\/pages\/1959","targetHints":{"allow":["GET"]}}],"collection":[{"href":"https:\/\/www.trampicturebook.de\/wordpress\/wp-json\/wp\/v2\/pages"}],"about":[{"href":"https:\/\/www.trampicturebook.de\/wordpress\/wp-json\/wp\/v2\/types\/page"}],"author":[{"embeddable":true,"href":"https:\/\/www.trampicturebook.de\/wordpress\/wp-json\/wp\/v2\/users\/1"}],"replies":[{"embeddable":true,"href":"https:\/\/www.trampicturebook.de\/wordpress\/wp-json\/wp\/v2\/comments?post=1959"}],"version-history":[{"count":12,"href":"https:\/\/www.trampicturebook.de\/wordpress\/wp-json\/wp\/v2\/pages\/1959\/revisions"}],"predecessor-version":[{"id":7610,"href":"https:\/\/www.trampicturebook.de\/wordpress\/wp-json\/wp\/v2\/pages\/1959\/revisions\/7610"}],"wp:attachment":[{"href":"https:\/\/www.trampicturebook.de\/wordpress\/wp-json\/wp\/v2\/media?parent=1959"}],"wp:term":[{"taxonomy":"category","embeddable":true,"href":"https:\/\/www.trampicturebook.de\/wordpress\/wp-json\/wp\/v2\/categories?post=1959"},{"taxonomy":"post_tag","embeddable":true,"href":"https:\/\/www.trampicturebook.de\/wordpress\/wp-json\/wp\/v2\/tags?post=1959"},{"taxonomy":"folder","embeddable":true,"href":"https:\/\/www.trampicturebook.de\/wordpress\/wp-json\/wp\/v2\/folder?post=1959"}],"curies":[{"name":"wp","href":"https:\/\/api.w.org\/{rel}","templated":true}]}}