{"id":2224,"date":"2021-03-05T16:57:45","date_gmt":"2021-03-05T15:57:45","guid":{"rendered":"https:\/\/www.trampicturebook.de\/wordpress\/?page_id=2224"},"modified":"2021-06-05T12:51:17","modified_gmt":"2021-06-05T10:51:17","slug":"ulrich-jean-marre","status":"publish","type":"page","link":"https:\/\/www.trampicturebook.de\/wordpress\/ulrich-jean-marre\/","title":{"rendered":"Ulrich Jean Marr\u00e9"},"content":{"rendered":"\n<div class=\"wp-block-columns is-layout-flex wp-container-core-columns-is-layout-9d6595d7 wp-block-columns-is-layout-flex\">\n<div class=\"wp-block-column is-layout-flow wp-block-column-is-layout-flow\" style=\"flex-basis:33.33%\">\n<div class=\"wp-block-image is-style-rounded\"><figure class=\"aligncenter size-large\"><img loading=\"lazy\" decoding=\"async\" width=\"268\" height=\"300\" src=\"https:\/\/www.trampicturebook.de\/wordpress\/wp-content\/uploads\/2021\/02\/Marre-peace-Y300.jpg\" alt=\"\" class=\"wp-image-2138\" srcset=\"https:\/\/www.trampicturebook.de\/wordpress\/wp-content\/uploads\/2021\/02\/Marre-peace-Y300.jpg 268w, https:\/\/www.trampicturebook.de\/wordpress\/wp-content\/uploads\/2021\/02\/Marre-peace-Y300-134x150.jpg 134w\" sizes=\"auto, (max-width: 268px) 100vw, 268px\" \/><\/figure><\/div>\n<\/div>\n\n\n\n<div class=\"wp-block-column is-layout-flow wp-block-column-is-layout-flow\" style=\"flex-basis:66.66%\">\n<p><strong>Ulrich Jean Marr\u00e9<\/strong> wurde in Essen\/Ruhr geboren.<br>Nach neun Jahren Studium im In- und Ausland, machte er Abschl\u00fcsse in Soziologie, Psychologie und Philosophie.<br>Er war unter anderem Disc-Jockey in renommierten Discotheken des Ruhrgebiets, Karate Trainer, studentischer Taxifahrer, Lehrer in der Erwachsenenbildung, Schie\u00dftrainer f\u00fcr Handfeuerwaffen in den Vereinigten Staaten, Tutor f\u00fcr Kultur und Politik beim Hamburger Studentenwerk, Tutor f\u00fcr Soziologie an der Universit\u00e4t Hamburg, Psychotherapeut im S\u00fcden der USA, Business Consultant in Chile.<br>Er lebt, nach vielen Jahren in Nord- und S\u00fcdamerika, seit 2009 wieder im Ruhrgebiet und focussiert sich nun auf das Schreiben von Krimis\/Thrillern.<\/p>\n\n\n\n<p><br>Buch: M\u00f6rderstadt an der Ruhr <\/p>\n<\/div>\n<\/div>\n\n\n\n<div class=\"wp-block-columns is-layout-flex wp-container-core-columns-is-layout-9d6595d7 wp-block-columns-is-layout-flex\">\n<div class=\"wp-block-column is-layout-flow wp-block-column-is-layout-flow\"><\/div>\n\n\n\n<div class=\"wp-block-column is-layout-flow wp-block-column-is-layout-flow\">\n<div class=\"wp-block-image\"><figure class=\"aligncenter size-medium\"><a href=\"https:\/\/www.trampicturebook.de\/wordpress\/moerderstadt\/\"><img loading=\"lazy\" decoding=\"async\" width=\"192\" height=\"300\" src=\"https:\/\/www.trampicturebook.de\/wordpress\/wp-content\/uploads\/2021\/03\/Cover-03-Y600-192x300.jpg\" alt=\"\" class=\"wp-image-2434\" srcset=\"https:\/\/www.trampicturebook.de\/wordpress\/wp-content\/uploads\/2021\/03\/Cover-03-Y600-192x300.jpg 192w, https:\/\/www.trampicturebook.de\/wordpress\/wp-content\/uploads\/2021\/03\/Cover-03-Y600-96x150.jpg 96w, https:\/\/www.trampicturebook.de\/wordpress\/wp-content\/uploads\/2021\/03\/Cover-03-Y600.jpg 383w\" sizes=\"auto, (max-width: 192px) 100vw, 192px\" \/><\/a><\/figure><\/div>\n<\/div>\n\n\n\n<div class=\"wp-block-column is-layout-flow wp-block-column-is-layout-flow\"><\/div>\n<\/div>\n\n\n\n<div class=\"wp-block-buttons is-content-justification-center is-layout-flex wp-block-buttons-is-layout-flex\">\n<div class=\"wp-block-button\"><a class=\"wp-block-button__link has-white-color has-vivid-cyan-blue-background-color has-text-color has-background\" href=\"https:\/\/www.trampicturebook.de\/wordpress\/autorenuebersicht\/\">Autoren\u00fcbersicht<\/a><\/div>\n<\/div>\n","protected":false},"excerpt":{"rendered":"<p>Ulrich Jean Marr\u00e9 wurde in Essen\/Ruhr geboren.Nach neun Jahren Studium im In- und Ausland, machte er Abschl\u00fcsse in Soziologie, Psychologie und Philosophie.Er war unter anderem Disc-Jockey in renommierten Discotheken des Ruhrgebiets, Karate Trainer, studentischer Taxifahrer, Lehrer in der Erwachsenenbildung, Schie\u00dftrainer f\u00fcr Handfeuerwaffen in den Vereinigten Staaten, Tutor f\u00fcr Kultur und&#8230;<\/p>\n<p> <a class=\"continue-reading-link\" href=\"https:\/\/www.trampicturebook.de\/wordpress\/ulrich-jean-marre\/\"><span>Continue reading<\/span><i class=\"crycon-right-dir\"><\/i><\/a> <\/p>\n","protected":false},"author":1,"featured_media":0,"parent":0,"menu_order":0,"comment_status":"closed","ping_status":"closed","template":"","meta":{"footnotes":""},"categories":[],"tags":[],"folder":[21],"class_list":["post-2224","page","type-page","status-publish","hentry"],"jetpack_sharing_enabled":true,"_links":{"self":[{"href":"https:\/\/www.trampicturebook.de\/wordpress\/wp-json\/wp\/v2\/pages\/2224","targetHints":{"allow":["GET"]}}],"collection":[{"href":"https:\/\/www.trampicturebook.de\/wordpress\/wp-json\/wp\/v2\/pages"}],"about":[{"href":"https:\/\/www.trampicturebook.de\/wordpress\/wp-json\/wp\/v2\/types\/page"}],"author":[{"embeddable":true,"href":"https:\/\/www.trampicturebook.de\/wordpress\/wp-json\/wp\/v2\/users\/1"}],"replies":[{"embeddable":true,"href":"https:\/\/www.trampicturebook.de\/wordpress\/wp-json\/wp\/v2\/comments?post=2224"}],"version-history":[{"count":9,"href":"https:\/\/www.trampicturebook.de\/wordpress\/wp-json\/wp\/v2\/pages\/2224\/revisions"}],"predecessor-version":[{"id":2911,"href":"https:\/\/www.trampicturebook.de\/wordpress\/wp-json\/wp\/v2\/pages\/2224\/revisions\/2911"}],"wp:attachment":[{"href":"https:\/\/www.trampicturebook.de\/wordpress\/wp-json\/wp\/v2\/media?parent=2224"}],"wp:term":[{"taxonomy":"category","embeddable":true,"href":"https:\/\/www.trampicturebook.de\/wordpress\/wp-json\/wp\/v2\/categories?post=2224"},{"taxonomy":"post_tag","embeddable":true,"href":"https:\/\/www.trampicturebook.de\/wordpress\/wp-json\/wp\/v2\/tags?post=2224"},{"taxonomy":"folder","embeddable":true,"href":"https:\/\/www.trampicturebook.de\/wordpress\/wp-json\/wp\/v2\/folder?post=2224"}],"curies":[{"name":"wp","href":"https:\/\/api.w.org\/{rel}","templated":true}]}}