{"id":2238,"date":"2021-03-05T17:14:55","date_gmt":"2021-03-05T16:14:55","guid":{"rendered":"https:\/\/www.trampicturebook.de\/wordpress\/?page_id=2238"},"modified":"2026-04-06T19:30:04","modified_gmt":"2026-04-06T17:30:04","slug":"dr-sylvia-sackers-boehm","status":"publish","type":"page","link":"https:\/\/www.trampicturebook.de\/wordpress\/dr-sylvia-sackers-boehm\/","title":{"rendered":"Dr. Sylvia Sackers-B\u00f6hm"},"content":{"rendered":"\n<div class=\"wp-block-columns is-layout-flex wp-container-core-columns-is-layout-9d6595d7 wp-block-columns-is-layout-flex\">\n<div class=\"wp-block-column is-layout-flow wp-block-column-is-layout-flow\" style=\"flex-basis:33.33%\"><div class=\"wp-block-image is-resized is-style-rounded\">\n<figure class=\"aligncenter size-large\"><img loading=\"lazy\" decoding=\"async\" width=\"466\" height=\"554\" src=\"https:\/\/www.trampicturebook.de\/wordpress\/wp-content\/uploads\/2020\/09\/SB.jpg\" alt=\"\" class=\"wp-image-1548\" srcset=\"https:\/\/www.trampicturebook.de\/wordpress\/wp-content\/uploads\/2020\/09\/SB.jpg 466w, https:\/\/www.trampicturebook.de\/wordpress\/wp-content\/uploads\/2020\/09\/SB-252x300.jpg 252w, https:\/\/www.trampicturebook.de\/wordpress\/wp-content\/uploads\/2020\/09\/SB-126x150.jpg 126w\" sizes=\"auto, (max-width: 466px) 100vw, 466px\" \/><\/figure>\n<\/div><\/div>\n\n\n\n<div class=\"wp-block-column is-layout-flow wp-block-column-is-layout-flow\" style=\"flex-basis:66.66%\">\n<p>1966 als echtes Ruhrpottkind in Bottrop geboren, zog sie mit ihren Eltern im Alter von sechs Jahren nach Oberhausen, wo sie auch ihr Abitur machte. 1985 begann sie mit dem Medizinstudium in der Universit\u00e4tsklinik Essen. Wegen der Liebe zog sie 1988 nach M\u00fclheim an der Ruhr. Dort arbeitete sie von 1990 bis 1998 als \u00c4rztin\/Not\u00e4rztin in einem M\u00fclheimer Krankenhaus. Als internistische Haus\u00e4rztin arbeitete sie ab 1999 in einer Gemeinschaftspraxis in M\u00fclheim an der Ruhr und wechselte 2018 in ein MVZ nach Essen.<\/p>\n<\/div>\n<\/div>\n\n\n\n<p><\/p>\n\n\n\n<div class=\"wp-block-columns is-layout-flex wp-container-core-columns-is-layout-9d6595d7 wp-block-columns-is-layout-flex\">\n<div class=\"wp-block-column is-layout-flow wp-block-column-is-layout-flow\" style=\"flex-basis:25%\"><\/div>\n\n\n\n<div class=\"wp-block-column is-layout-flow wp-block-column-is-layout-flow\" style=\"flex-basis:50%\"><div class=\"wp-block-image\">\n<figure class=\"aligncenter size-full is-resized\"><a href=\"https:\/\/www.trampicturebook.de\/wordpress\/corona-die-krone-der-virologie\/\"><img loading=\"lazy\" decoding=\"async\" width=\"800\" height=\"598\" src=\"https:\/\/www.trampicturebook.de\/wordpress\/wp-content\/uploads\/2021\/09\/Cover-2-U1-Y800.jpg\" alt=\"\" class=\"wp-image-3580\" style=\"width:391px;height:auto\" srcset=\"https:\/\/www.trampicturebook.de\/wordpress\/wp-content\/uploads\/2021\/09\/Cover-2-U1-Y800.jpg 800w, https:\/\/www.trampicturebook.de\/wordpress\/wp-content\/uploads\/2021\/09\/Cover-2-U1-Y800-600x449.jpg 600w, https:\/\/www.trampicturebook.de\/wordpress\/wp-content\/uploads\/2021\/09\/Cover-2-U1-Y800-300x224.jpg 300w, https:\/\/www.trampicturebook.de\/wordpress\/wp-content\/uploads\/2021\/09\/Cover-2-U1-Y800-768x574.jpg 768w, https:\/\/www.trampicturebook.de\/wordpress\/wp-content\/uploads\/2021\/09\/Cover-2-U1-Y800-150x112.jpg 150w\" sizes=\"auto, (max-width: 800px) 100vw, 800px\" \/><\/a><\/figure>\n<\/div><\/div>\n\n\n\n<div class=\"wp-block-column is-layout-flow wp-block-column-is-layout-flow\" style=\"flex-basis:25%\"><\/div>\n<\/div>\n\n\n\n<p><\/p>\n\n\n\n<p><\/p>\n\n\n\n<div class=\"wp-block-buttons is-horizontal is-content-justification-center is-layout-flex wp-container-core-buttons-is-layout-499968f5 wp-block-buttons-is-layout-flex\">\n<div class=\"wp-block-button\"><a class=\"wp-block-button__link has-white-color has-vivid-cyan-blue-background-color has-text-color has-background wp-element-button\" href=\"https:\/\/www.trampicturebook.de\/wordpress\/autorenuebersicht\/\">Autoren\u00fcbersicht<\/a><\/div>\n<\/div>\n","protected":false},"excerpt":{"rendered":"<p>1966 als echtes Ruhrpottkind in Bottrop geboren, zog sie mit ihren Eltern im Alter von sechs Jahren nach Oberhausen, wo sie auch ihr Abitur machte. 1985 begann sie mit dem Medizinstudium in der Universit\u00e4tsklinik Essen. Wegen der Liebe zog sie 1988 nach M\u00fclheim an der Ruhr. Dort arbeitete sie von&#8230;<\/p>\n<p> <a class=\"continue-reading-link\" href=\"https:\/\/www.trampicturebook.de\/wordpress\/dr-sylvia-sackers-boehm\/\"><span>Continue reading<\/span><i class=\"crycon-right-dir\"><\/i><\/a> <\/p>\n","protected":false},"author":1,"featured_media":0,"parent":0,"menu_order":0,"comment_status":"closed","ping_status":"closed","template":"","meta":{"footnotes":""},"categories":[],"tags":[],"folder":[21],"class_list":["post-2238","page","type-page","status-publish","hentry"],"jetpack_sharing_enabled":true,"_links":{"self":[{"href":"https:\/\/www.trampicturebook.de\/wordpress\/wp-json\/wp\/v2\/pages\/2238","targetHints":{"allow":["GET"]}}],"collection":[{"href":"https:\/\/www.trampicturebook.de\/wordpress\/wp-json\/wp\/v2\/pages"}],"about":[{"href":"https:\/\/www.trampicturebook.de\/wordpress\/wp-json\/wp\/v2\/types\/page"}],"author":[{"embeddable":true,"href":"https:\/\/www.trampicturebook.de\/wordpress\/wp-json\/wp\/v2\/users\/1"}],"replies":[{"embeddable":true,"href":"https:\/\/www.trampicturebook.de\/wordpress\/wp-json\/wp\/v2\/comments?post=2238"}],"version-history":[{"count":28,"href":"https:\/\/www.trampicturebook.de\/wordpress\/wp-json\/wp\/v2\/pages\/2238\/revisions"}],"predecessor-version":[{"id":8612,"href":"https:\/\/www.trampicturebook.de\/wordpress\/wp-json\/wp\/v2\/pages\/2238\/revisions\/8612"}],"wp:attachment":[{"href":"https:\/\/www.trampicturebook.de\/wordpress\/wp-json\/wp\/v2\/media?parent=2238"}],"wp:term":[{"taxonomy":"category","embeddable":true,"href":"https:\/\/www.trampicturebook.de\/wordpress\/wp-json\/wp\/v2\/categories?post=2238"},{"taxonomy":"post_tag","embeddable":true,"href":"https:\/\/www.trampicturebook.de\/wordpress\/wp-json\/wp\/v2\/tags?post=2238"},{"taxonomy":"folder","embeddable":true,"href":"https:\/\/www.trampicturebook.de\/wordpress\/wp-json\/wp\/v2\/folder?post=2238"}],"curies":[{"name":"wp","href":"https:\/\/api.w.org\/{rel}","templated":true}]}}