{"id":2243,"date":"2021-03-05T17:30:06","date_gmt":"2021-03-05T16:30:06","guid":{"rendered":"https:\/\/www.trampicturebook.de\/wordpress\/?page_id=2243"},"modified":"2026-04-10T12:40:34","modified_gmt":"2026-04-10T10:40:34","slug":"uwe-wittenfeld","status":"publish","type":"page","link":"https:\/\/www.trampicturebook.de\/wordpress\/uwe-wittenfeld\/","title":{"rendered":"Uwe Wittenfeld"},"content":{"rendered":"\n<div class=\"wp-block-columns is-layout-flex wp-container-core-columns-is-layout-9d6595d7 wp-block-columns-is-layout-flex\">\n<div class=\"wp-block-column is-layout-flow wp-block-column-is-layout-flow\" style=\"flex-basis:33.33%\"><div class=\"wp-block-image is-style-rounded\">\n<figure class=\"aligncenter size-large is-resized\"><img loading=\"lazy\" decoding=\"async\" width=\"774\" height=\"1024\" src=\"https:\/\/www.trampicturebook.de\/wordpress\/wp-content\/uploads\/2021\/09\/Wittenfeld-Passfoto-774x1024.jpg\" alt=\"\" class=\"wp-image-3642\" style=\"width:197px;height:261px\"\/><\/figure>\n<\/div><\/div>\n\n\n\n<div class=\"wp-block-column is-layout-flow wp-block-column-is-layout-flow\" style=\"flex-basis:66.66%\">\n<p><strong>Uwe Wittenfeld<\/strong> erblickte im \u00e4u\u00dfersten Zipfel Ostwestfalens das Licht der Welt. Nach dem Abitur floh er tief in den Westen, wo damals noch die Sonne verstaubte, um an der Ruhr-Universit\u00e4t Bochum Elektrotechnik und an der ev. FH Bochum Sozialp\u00e4dagogik zu studieren.<br>Bis zur Jahrtausendwende war er Teilhaber eines Ingenieurb\u00fcros im Bereich Umweltmesstechnik, um dann als Studienrat an einem technischen Berufskolleg zu arbeiten.<br>Er hat seit 2014 vier Kriminalromane ver\u00f6ffentlicht und in mehreren Anthologien <a href=\"https:\/\/www.trampicturebook.de\/wordpress\/kurzkrimis\/\">Kurzkrimis<\/a>.<br>Uwe Wittenfeld war Verleger des Ruhrkrimi-Verlages.<\/p>\n\n\n\n<p><\/p>\n<\/div>\n<\/div>\n\n\n\n<div class=\"wp-block-columns is-layout-flex wp-container-core-columns-is-layout-9d6595d7 wp-block-columns-is-layout-flex\">\n<div class=\"wp-block-column is-layout-flow wp-block-column-is-layout-flow\"><div class=\"wp-block-image\">\n<figure class=\"aligncenter size-medium\"><a href=\"https:\/\/www.trampicturebook.de\/wordpress\/mauerzwillinge-2\/\"><img loading=\"lazy\" decoding=\"async\" width=\"190\" height=\"300\" src=\"https:\/\/www.trampicturebook.de\/wordpress\/wp-content\/uploads\/2019\/05\/MauerzwillingeY300-190x300.jpg\" alt=\"\" class=\"wp-image-57\" srcset=\"https:\/\/www.trampicturebook.de\/wordpress\/wp-content\/uploads\/2019\/05\/MauerzwillingeY300.jpg 190w, https:\/\/www.trampicturebook.de\/wordpress\/wp-content\/uploads\/2019\/05\/MauerzwillingeY300-95x150.jpg 95w\" sizes=\"auto, (max-width: 190px) 100vw, 190px\" \/><\/a><\/figure>\n<\/div><\/div>\n\n\n\n<div class=\"wp-block-column is-layout-flow wp-block-column-is-layout-flow\"><div class=\"wp-block-image\">\n<figure class=\"aligncenter size-medium\"><a href=\"https:\/\/www.trampicturebook.de\/wordpress\/mauerzwillinge-2\/\"><img loading=\"lazy\" decoding=\"async\" width=\"222\" height=\"300\" src=\"https:\/\/www.trampicturebook.de\/wordpress\/wp-content\/uploads\/2019\/08\/MZ-Y800-222x300.jpg\" alt=\"\" class=\"wp-image-412\" srcset=\"https:\/\/www.trampicturebook.de\/wordpress\/wp-content\/uploads\/2019\/08\/MZ-Y800-222x300.jpg 222w, https:\/\/www.trampicturebook.de\/wordpress\/wp-content\/uploads\/2019\/08\/MZ-Y800-111x150.jpg 111w, https:\/\/www.trampicturebook.de\/wordpress\/wp-content\/uploads\/2019\/08\/MZ-Y800.jpg 593w\" sizes=\"auto, (max-width: 222px) 100vw, 222px\" \/><\/a><\/figure>\n<\/div><\/div>\n\n\n\n<div class=\"wp-block-column is-layout-flow wp-block-column-is-layout-flow\"><\/div>\n<\/div>\n\n\n\n<div class=\"wp-block-columns is-layout-flex wp-container-core-columns-is-layout-9d6595d7 wp-block-columns-is-layout-flex\">\n<div class=\"wp-block-column is-layout-flow wp-block-column-is-layout-flow\"><div class=\"wp-block-image\">\n<figure class=\"aligncenter size-full\"><a href=\"https:\/\/www.trampicturebook.de\/wordpress\/ruhrspione\/\"><img loading=\"lazy\" decoding=\"async\" width=\"198\" height=\"300\" src=\"https:\/\/www.trampicturebook.de\/wordpress\/wp-content\/uploads\/2019\/05\/Ruhrspione-Y300.jpg\" alt=\"\" class=\"wp-image-63\" srcset=\"https:\/\/www.trampicturebook.de\/wordpress\/wp-content\/uploads\/2019\/05\/Ruhrspione-Y300.jpg 198w, https:\/\/www.trampicturebook.de\/wordpress\/wp-content\/uploads\/2019\/05\/Ruhrspione-Y300-99x150.jpg 99w\" sizes=\"auto, (max-width: 198px) 100vw, 198px\" \/><\/a><\/figure>\n<\/div>\n\n\n<div class=\"wp-block-columns is-layout-flex wp-container-core-columns-is-layout-9d6595d7 wp-block-columns-is-layout-flex\">\n<div class=\"wp-block-column is-layout-flow wp-block-column-is-layout-flow\"><\/div>\n<\/div>\n<\/div>\n\n\n\n<div class=\"wp-block-column is-layout-flow wp-block-column-is-layout-flow\"><div class=\"wp-block-image\">\n<figure class=\"aligncenter size-medium\"><a href=\"https:\/\/www.trampicturebook.de\/wordpress\/winnetou\/\"><img loading=\"lazy\" decoding=\"async\" width=\"190\" height=\"300\" src=\"https:\/\/www.trampicturebook.de\/wordpress\/wp-content\/uploads\/2019\/05\/Winnetou-Y600-190x300.jpg\" alt=\"\" class=\"wp-image-52\" srcset=\"https:\/\/www.trampicturebook.de\/wordpress\/wp-content\/uploads\/2019\/05\/Winnetou-Y600-190x300.jpg 190w, https:\/\/www.trampicturebook.de\/wordpress\/wp-content\/uploads\/2019\/05\/Winnetou-Y600-95x150.jpg 95w, https:\/\/www.trampicturebook.de\/wordpress\/wp-content\/uploads\/2019\/05\/Winnetou-Y600.jpg 379w\" sizes=\"auto, (max-width: 190px) 100vw, 190px\" \/><\/a><\/figure>\n<\/div><\/div>\n\n\n\n<div class=\"wp-block-column is-layout-flow wp-block-column-is-layout-flow\"><\/div>\n<\/div>\n\n\n\n<div class=\"wp-block-columns is-layout-flex wp-container-core-columns-is-layout-9d6595d7 wp-block-columns-is-layout-flex\">\n<div class=\"wp-block-column is-layout-flow wp-block-column-is-layout-flow\"><div class=\"wp-block-image\">\n<figure class=\"aligncenter size-medium\"><a href=\"https:\/\/www.trampicturebook.de\/wordpress\/kunst-und-krimi\/\"><img loading=\"lazy\" decoding=\"async\" width=\"290\" height=\"300\" src=\"https:\/\/www.trampicturebook.de\/wordpress\/wp-content\/uploads\/2021\/01\/Cover-X300-290x300.jpg\" alt=\"\" class=\"wp-image-2042\" srcset=\"https:\/\/www.trampicturebook.de\/wordpress\/wp-content\/uploads\/2021\/01\/Cover-X300-290x300.jpg 290w, https:\/\/www.trampicturebook.de\/wordpress\/wp-content\/uploads\/2021\/01\/Cover-X300-145x150.jpg 145w, https:\/\/www.trampicturebook.de\/wordpress\/wp-content\/uploads\/2021\/01\/Cover-X300.jpg 300w\" sizes=\"auto, (max-width: 290px) 100vw, 290px\" \/><\/a><\/figure>\n<\/div><\/div>\n\n\n\n<div class=\"wp-block-column is-layout-flow wp-block-column-is-layout-flow\"><div class=\"wp-block-image\">\n<figure class=\"aligncenter size-medium\"><a href=\"https:\/\/www.trampicturebook.de\/wordpress\/kunst-und-krimi\/\"><img loading=\"lazy\" decoding=\"async\" width=\"284\" height=\"300\" src=\"https:\/\/www.trampicturebook.de\/wordpress\/wp-content\/uploads\/2020\/12\/ebook-Y600-284x300.jpg\" alt=\"\" class=\"wp-image-1883\" srcset=\"https:\/\/www.trampicturebook.de\/wordpress\/wp-content\/uploads\/2020\/12\/ebook-Y600-284x300.jpg 284w, https:\/\/www.trampicturebook.de\/wordpress\/wp-content\/uploads\/2020\/12\/ebook-Y600-142x150.jpg 142w, https:\/\/www.trampicturebook.de\/wordpress\/wp-content\/uploads\/2020\/12\/ebook-Y600.jpg 567w\" sizes=\"auto, (max-width: 284px) 100vw, 284px\" \/><\/a><\/figure>\n<\/div><\/div>\n\n\n\n<div class=\"wp-block-column is-layout-flow wp-block-column-is-layout-flow\"><\/div>\n<\/div>\n\n\n\n<div class=\"wp-block-columns is-layout-flex wp-container-core-columns-is-layout-9d6595d7 wp-block-columns-is-layout-flex\">\n<div class=\"wp-block-column is-layout-flow wp-block-column-is-layout-flow\"><\/div>\n\n\n\n<div class=\"wp-block-column is-layout-flow wp-block-column-is-layout-flow\"><\/div>\n\n\n\n<div class=\"wp-block-column is-layout-flow wp-block-column-is-layout-flow\"><\/div>\n<\/div>\n\n\n\n<div class=\"wp-block-buttons is-horizontal is-content-justification-center is-layout-flex wp-container-core-buttons-is-layout-499968f5 wp-block-buttons-is-layout-flex\">\n<div class=\"wp-block-button\"><a class=\"wp-block-button__link has-white-color has-vivid-cyan-blue-background-color has-text-color has-background wp-element-button\" href=\"https:\/\/www.trampicturebook.de\/wordpress\/autorenuebersicht\/\">Autoren\u00fcbersicht<\/a><\/div>\n<\/div>\n","protected":false},"excerpt":{"rendered":"<p>Uwe Wittenfeld erblickte im \u00e4u\u00dfersten Zipfel Ostwestfalens das Licht der Welt. Nach dem Abitur floh er tief in den Westen, wo damals noch die Sonne verstaubte, um an der Ruhr-Universit\u00e4t Bochum Elektrotechnik und an der ev. FH Bochum Sozialp\u00e4dagogik zu studieren.Bis zur Jahrtausendwende war er Teilhaber eines Ingenieurb\u00fcros im Bereich&#8230;<\/p>\n<p> <a class=\"continue-reading-link\" href=\"https:\/\/www.trampicturebook.de\/wordpress\/uwe-wittenfeld\/\"><span>Continue reading<\/span><i class=\"crycon-right-dir\"><\/i><\/a> <\/p>\n","protected":false},"author":1,"featured_media":0,"parent":0,"menu_order":0,"comment_status":"closed","ping_status":"closed","template":"","meta":{"footnotes":""},"categories":[],"tags":[],"folder":[21],"class_list":["post-2243","page","type-page","status-publish","hentry"],"jetpack_sharing_enabled":true,"_links":{"self":[{"href":"https:\/\/www.trampicturebook.de\/wordpress\/wp-json\/wp\/v2\/pages\/2243","targetHints":{"allow":["GET"]}}],"collection":[{"href":"https:\/\/www.trampicturebook.de\/wordpress\/wp-json\/wp\/v2\/pages"}],"about":[{"href":"https:\/\/www.trampicturebook.de\/wordpress\/wp-json\/wp\/v2\/types\/page"}],"author":[{"embeddable":true,"href":"https:\/\/www.trampicturebook.de\/wordpress\/wp-json\/wp\/v2\/users\/1"}],"replies":[{"embeddable":true,"href":"https:\/\/www.trampicturebook.de\/wordpress\/wp-json\/wp\/v2\/comments?post=2243"}],"version-history":[{"count":36,"href":"https:\/\/www.trampicturebook.de\/wordpress\/wp-json\/wp\/v2\/pages\/2243\/revisions"}],"predecessor-version":[{"id":8615,"href":"https:\/\/www.trampicturebook.de\/wordpress\/wp-json\/wp\/v2\/pages\/2243\/revisions\/8615"}],"wp:attachment":[{"href":"https:\/\/www.trampicturebook.de\/wordpress\/wp-json\/wp\/v2\/media?parent=2243"}],"wp:term":[{"taxonomy":"category","embeddable":true,"href":"https:\/\/www.trampicturebook.de\/wordpress\/wp-json\/wp\/v2\/categories?post=2243"},{"taxonomy":"post_tag","embeddable":true,"href":"https:\/\/www.trampicturebook.de\/wordpress\/wp-json\/wp\/v2\/tags?post=2243"},{"taxonomy":"folder","embeddable":true,"href":"https:\/\/www.trampicturebook.de\/wordpress\/wp-json\/wp\/v2\/folder?post=2243"}],"curies":[{"name":"wp","href":"https:\/\/api.w.org\/{rel}","templated":true}]}}