{"id":2338,"date":"2021-03-08T14:16:02","date_gmt":"2021-03-08T13:16:02","guid":{"rendered":"https:\/\/www.trampicturebook.de\/wordpress\/?page_id=2338"},"modified":"2023-07-19T18:33:57","modified_gmt":"2023-07-19T16:33:57","slug":"ruhrspione","status":"publish","type":"page","link":"https:\/\/www.trampicturebook.de\/wordpress\/ruhrspione\/","title":{"rendered":"Ruhrspione"},"content":{"rendered":"\n<div class=\"wp-block-columns is-layout-flex wp-container-core-columns-is-layout-9d6595d7 wp-block-columns-is-layout-flex\">\n<div class=\"wp-block-column is-layout-flow wp-block-column-is-layout-flow\" style=\"flex-basis:33.33%\"><div class=\"wp-block-image\">\n<figure class=\"aligncenter size-medium\"><a href=\"https:\/\/www.trampicturebook.de\/wordpress\/wp-content\/uploads\/2019\/10\/Ruhrspione-Y800.jpg\"><img loading=\"lazy\" decoding=\"async\" width=\"198\" height=\"300\" src=\"https:\/\/www.trampicturebook.de\/wordpress\/wp-content\/uploads\/2019\/10\/Ruhrspione-Y800-198x300.jpg\" alt=\"\" class=\"wp-image-666\" srcset=\"https:\/\/www.trampicturebook.de\/wordpress\/wp-content\/uploads\/2019\/10\/Ruhrspione-Y800-198x300.jpg 198w, https:\/\/www.trampicturebook.de\/wordpress\/wp-content\/uploads\/2019\/10\/Ruhrspione-Y800-99x150.jpg 99w, https:\/\/www.trampicturebook.de\/wordpress\/wp-content\/uploads\/2019\/10\/Ruhrspione-Y800.jpg 529w\" sizes=\"auto, (max-width: 198px) 100vw, 198px\" \/><\/a><\/figure>\n<\/div><\/div>\n\n\n\n<div class=\"wp-block-column is-layout-flow wp-block-column-is-layout-flow\" style=\"flex-basis:66.66%\">\n<p><strong>Olga Paschkes zweiter Fall.<\/strong><\/p>\n\n\n\n<p>Die Stasi im Ruhrgebiet \u00fcber ein Vierteljahrhundert nach dem Mauerfall? Das kann doch nicht sein! Olga Paschke, Privatdetektivin aus Bochum, und ihre Mitarbeiter werden schnell eines Besseren belehrt. Sie erhalten einen Auftrag, indem es zun\u00e4chst nur um einen mysteri\u00f6sen Autounfall geht. Ein Bochumer Ehepaar, das eine Kunstgalerie in D\u00fcsseldorf betreibt, kommt dabei ums Leben. Als sie jedoch auf verschwundene Kunstwerke aus DDR-Zeiten sto\u00dfen, stecken sie mittendrin in den Machenschaften ehemaliger Mitarbeiter der Staatssicherheit.<br>Ich dachte, Olga wollte uns auf den Arm nehmen oder einen schlechten Scherz machen. \u00bbOlga? Du hast gerade Stasi gesagt.\u00ab<br>\u00bbJa, habe ich. Du wei\u00dft, dass ich damit keine Witze mache.\u00ab<br>\u00bbDu willst uns erz\u00e4hlen, die Staatssicherheit der DDR hat eine Kunstgalerie an der K\u00f6 in D\u00fcsseldorf gegr\u00fcndet?\u00ab<br>\u00bbGenau so ist es, Hugo. Die Kunstwerke haben sie gleich mitgeliefert.\u00ab<\/p>\n<\/div>\n<\/div>\n\n\n\n<figure class=\"wp-block-table\"><table><tbody><tr><td><mark><em>\u00bbIch wei\u00df. Wir haben keine Chance\u00ab, fl\u00fcsterte sie. \u00bbWir sind schlie\u00dflich die Vorhut des Sozialismus im kapitalistischen Ausland.<\/em>\u00ab<\/mark><br><br><em>\u00bbIch bin also mit einer Kriminellen verheiratet, die sich am Eigentum des Volkes bereichert hat.\u00ab<\/em><br><em>\u00bbMuss ich jetzt ein schlechtes Gewissen haben?\u00ab <\/em><br><em>\u00bbDu bist ein Volkssch\u00e4dling.\u00ab<\/em><br><br><mark>\u00bb<em>Nun mal los, ihr zwei. Das hier ist eine harte Galaxis und ihr wisst bestimmt wieder nicht, wo eure Handt\u00fccher sind<\/em>\u00ab<\/mark><br><br><mark>\u00bb<em>Mensch Olga, da bist du doch extra aus Dunkeldeutschland in den freien Westen gezogen. Aber die Stasi wirst du nicht los.<\/em>\u00ab<\/mark><br><br><em><mark>\u00bbIch bin generell inkompatibel zu Gruppen, die mit dem Bus anreisen.\u00ab<\/mark><\/em><\/td><\/tr><\/tbody><\/table><\/figure>\n\n\n\n<p><\/p>\n\n\n\n<figure class=\"wp-block-table\"><table><tbody><tr><td><strong>Taschenbuch<\/strong>: 300 Seiten, Format 12*19 cm, 300 S., ISBN 978-3-947848-00-3, Preis: 13.- \u20ac<br><strong>Gro\u00dfdruck<\/strong>: 376 Seiten, Format 14,5*21 cm, 376 S., wei\u00dfes Papier ISBN 978-3-947848-02-7, Preis: 14.- \u20ac<br><strong>eBook<\/strong>: Format ePub, DRM: Wasserzeichen, ISBN 978-3-947848-01-0, Preis: <s>7,99<\/s> 6,99 \u20ac<br>Ruhrspione ist im September 2018 im Ruhrkrimi-Verlag M\u00fclheim erschienen.<\/td><\/tr><\/tbody><\/table><\/figure>\n\n\n\n<p><\/p>\n\n\n\n<hr class=\"wp-block-separator has-alpha-channel-opacity\"\/>\n\n\n\n<div class=\"wp-block-columns is-layout-flex wp-container-core-columns-is-layout-9d6595d7 wp-block-columns-is-layout-flex\">\n<div class=\"wp-block-column is-layout-flow wp-block-column-is-layout-flow\" style=\"flex-basis:66.66%\">\n<p><img loading=\"lazy\" decoding=\"async\" width=\"102\" height=\"102\" class=\"wp-image-1126\" style=\"width: 102px;\" src=\"https:\/\/www.trampicturebook.de\/wordpress\/wp-content\/uploads\/2020\/05\/Logo-B\u00fccherjunge.jpg\" alt=\"\" srcset=\"https:\/\/www.trampicturebook.de\/wordpress\/wp-content\/uploads\/2020\/05\/Logo-B\u00fccherjunge.jpg 102w, https:\/\/www.trampicturebook.de\/wordpress\/wp-content\/uploads\/2020\/05\/Logo-B\u00fccherjunge-100x100.jpg 100w\" sizes=\"auto, (max-width: 102px) 100vw, 102px\" \/><strong>Buchbesprechnung von <\/strong><a rel=\"noreferrer noopener\" href=\"https:\/\/litterae-artesque.blogspot.com\/2018\/11\/wittenfeld-uwe-ruhrspione.html\" target=\"_blank\"><strong>Uwe Rennicke bei litterae-artesque<\/strong><\/a><\/p>\n<\/div>\n\n\n\n<div class=\"wp-block-column is-layout-flow wp-block-column-is-layout-flow\" style=\"flex-basis:33.33%\"><div class=\"wp-block-image\">\n<figure class=\"aligncenter size-medium\"><img loading=\"lazy\" decoding=\"async\" width=\"300\" height=\"300\" src=\"https:\/\/www.trampicturebook.de\/wordpress\/wp-content\/uploads\/2020\/09\/Ruhrspione-300x300.jpg\" alt=\"\" class=\"wp-image-1527\" srcset=\"https:\/\/www.trampicturebook.de\/wordpress\/wp-content\/uploads\/2020\/09\/Ruhrspione-300x300.jpg 300w, https:\/\/www.trampicturebook.de\/wordpress\/wp-content\/uploads\/2020\/09\/Ruhrspione-100x100.jpg 100w, https:\/\/www.trampicturebook.de\/wordpress\/wp-content\/uploads\/2020\/09\/Ruhrspione-600x600.jpg 600w, https:\/\/www.trampicturebook.de\/wordpress\/wp-content\/uploads\/2020\/09\/Ruhrspione-150x150.jpg 150w, https:\/\/www.trampicturebook.de\/wordpress\/wp-content\/uploads\/2020\/09\/Ruhrspione-768x768.jpg 768w, https:\/\/www.trampicturebook.de\/wordpress\/wp-content\/uploads\/2020\/09\/Ruhrspione.jpg 800w\" sizes=\"auto, (max-width: 300px) 100vw, 300px\" \/><\/figure>\n<\/div><\/div>\n<\/div>\n\n\n\n<hr class=\"wp-block-separator has-alpha-channel-opacity\"\/>\n\n\n\n<p><strong>Buchbesprechung von Ralf Bienko (<a href=\"https:\/\/mh-podcasting.de\/der-literaturkaffee\">https:\/\/mh-podcasting.de\/der-literaturkaffee<\/a>)<\/strong><\/p>\n\n\n\n<figure class=\"wp-block-table\"><table><tbody><tr><td>Der engagierte und ambitionierte Krimischriftsteller und Verleger Uwe Wittenfeld legt mit seiner Paschke\/Koslowski Reihe interessante \u201eRuhrpott-Krimis\u201c vor. In \u201eRuhrspione\u201c geht es dabei um eine Geschichte rund um eine Kunstwerke-Mafia aus alten DDR Seilschaften.<br>Das Setting rund um die Geschichte ist toll gebaut und zieht den Leser in seinen Bann. Die Figuren sind liebevoll und detailreich in Szene gesetzt. Der Erz\u00e4hlstil ist eigenwillig und ebenfalls detailreich.<br>Der Leser wird in die Geschichte hineingezogen und wird gefesselt.<br>Fazit: \u201eRuhrspione\u201c ist ein tolles Beispiel daf\u00fcr, wie sich der Regionalkrimi im Ruhrgebiet in den letzten Jahren entwickelt hat. Ambitioniert, engagiert und absolut lesenswert.<\/td><\/tr><\/tbody><\/table><\/figure>\n\n\n\n<p><\/p>\n\n\n\n<hr class=\"wp-block-separator has-alpha-channel-opacity\"\/>\n\n\n\n<p><strong>Buchbesprechung von Beatrix-Gimmerthal:<\/strong><\/p>\n\n\n\n<figure class=\"wp-block-table\"><table><tbody><tr><td>\u201eRuhrspione\u201d. Danke, Uwe Wittenfeld f\u00fcr diesen guten Bochum Krimi. Aktion, Spannung und interessante Menschen pur. Wirklich lesenswert und durch seine Einblicke und Erg\u00fcsse mehr als befriedigend.Dieses Buch ist filmreif.Von Uwe Wittenfeld ist man es gewohnt, dass er aktuelle, brisante, auch politische Themen anspricht und diese mit seinem fundiertem Hintergrundwissen und Rechercheergebnissen f\u00fcllt. Auch in Ruhrspione trifft er wieder den Punkt. Ost-West Geschichte, Kunst,Politik, D\u00fcsseldorf, vor allem Bochum, der Osten, Stasimachenschaften, Kunstmachenschaften werden eingeholt von der Gegenwart.Ja, sie ermitteln wieder, die schon aus den vorangegangenen Romanen, bekannten Freunde Olga (Privatdetektivin), Rechtsanwalt Erwin, Hugo Koslowsky und seine Freundin Jenny aus Dresden. Olga und Erwin werden nach D\u00fcsseldorf gerufen. Die Besitzer einer Kunstgalerie wurden tot aufgefunden. War es Mord? Was ist mit den Kunstwerken? Auch in diesem dritten Krimi mit den sympathischen Ermittlern aus Bochum f\u00fchrt die Spur wieder in den Osten. Dabei kommen sie nicht darum herum, sich mit der Vergangenheit auseinander zu setzen. Und die hie\u00df Staatssicherheit. Welche Rolle spielt das Exenterhaus? Es ist auf dem Cover abgebildet. Trotz aller Konflikte spielt Bochum als zentraler Spielort eine gro\u00dfe Rolle und Uwe Wittenfeld vermittelt wieder viel lokale Information. Diesen Bochum Krimi sollten Sie unbedingt lesen. Empfehlenswert +++. Die Buchvorstellung im Cafe Cheese war sehr spannend und informativ. Es war ein sch\u00f6ner, gelungener Abend. Das \u00fcber 300 Seiten starke Buch ist vorr\u00e4tig und zu finden auf unserem Bochumer Autoren Tisch &#8211; <a href=\"http:\/\/\u201eRuhrspione\u201d. Danke, Uwe Wittenfeld f\u00fcr diesen guten Bochum Krimi. Aktion, Spannung und interessante Menschen pur. Wirklich lesenswert und durch seine Einblicke und Erg\u00fcsse mehr als befriedigend.Dieses Buch ist filmreif.Von Uwe Wittenfeld ist man es gewohnt, dass er aktuelle, brisante, auch politische Themen anspricht und diese mit seinem fundiertem Hintergrundwissen und Rechercheergebnissen f\u00fcllt. Auch in Ruhrspione trifft er wieder den Punkt. Ost-West Geschichte, Kunst,Politik, D\u00fcsseldorf, vor allem Bochum, der Osten, Stasimachenschaften, Kunstmachenschaften werden eingeholt von der Gegenwart.Ja, sie ermitteln wieder, die schon aus den vorangegangenen Romanen, bekannten Freunde Olga (Privatdetektivin), Rechtsanwalt Erwin, Hugo Koslowsky und seine Freundin Jenny aus Dresden. Olga und Erwin werden nach D\u00fcsseldorf gerufen. Die Besitzer einer Kunstgalerie wurden tot aufgefunden. War es Mord? Was ist mit den Kunstwerken? Auch in diesem dritten Krimi mit den sympathischen Ermittlern aus Bochum f\u00fchrt die Spur wieder in den Osten. Dabei kommen sie nicht darum herum, sich mit der Vergangenheit auseinander zu setzen. Und die hie\u00df Staatssicherheit. Welche Rolle spielt das Exenterhaus? Es ist auf dem Cover abgebildet. Trotz aller Konflikte spielt Bochum als zentraler Spielort eine gro\u00dfe Rolle und Uwe Wittenfeld vermittelt wieder viel lokale Information. Diesen Bochum Krimi sollten Sie unbedingt lesen. Empfehlenswert +++. Die Buchvorstellung im Cafe Cheese war sehr spannend und informativ. Es war ein sch\u00f6ner, gelungener Abend. Das \u00fcber 300 Seiten starke Buch ist vorr\u00e4tig und zu finden auf unserem Bochumer Autoren Tisch - www.gimmertha\"><strong>www.gimmerthal-online.de<\/strong><\/a><\/td><\/tr><\/tbody><\/table><\/figure>\n\n\n\n<p><\/p>\n\n\n\n<hr class=\"wp-block-separator has-alpha-channel-opacity\"\/>\n\n\n\n<p><strong>Buchbesprechung von \u201cHarti323\u201d:<\/strong><\/p>\n\n\n\n<figure class=\"wp-block-table\"><table><tbody><tr><td>Guter und spannender Ruhrkrimi mit realistischem Hintergrund<br>Spannender realistischer Krimi \u00fcber die Machenschaften alter Stasiseilschaften im Ruhrgebiet. Eine spannende Mischung aus realem Stasihintergrundinformationen, den Detailhinweisen eines Regionalkrimis, einem Schuss aus Liebesdrama und Selbstironie machen die Handlung spannend und leicht lesbar. Mit Abstand das beste Buch in dieser Reihe bisher. Es macht Lust auf weitere Folgen von Olga Paschke und Friends.<\/td><\/tr><\/tbody><\/table><\/figure>\n\n\n\n<hr class=\"wp-block-separator has-alpha-channel-opacity\"\/>\n\n\n\n<p><strong>Prolog aus Ruhrspione<\/strong>, Aufnahme aus der Live-Literaturtalkshow \u201cGabis blaue Stunde\u201d, OSRadio, 14.05.2020<\/p>\n\n\n\n<figure class=\"wp-block-audio\"><audio controls src=\"https:\/\/www.trampicturebook.de\/wordpress\/wp-content\/uploads\/2020\/05\/2020-05-14-18-00-00_Gabis_blaue_Stunde_PrologRuhrspione1-1.mp3\"><\/audio><\/figure>\n\n\n<div class=\"wp-block-image\">\n<figure class=\"aligncenter size-full\"><img loading=\"lazy\" decoding=\"async\" width=\"640\" height=\"640\" src=\"https:\/\/www.trampicturebook.de\/wordpress\/wp-content\/uploads\/2022\/08\/Ruhrreihe.jpg\" alt=\"\" class=\"wp-image-5065\" srcset=\"https:\/\/www.trampicturebook.de\/wordpress\/wp-content\/uploads\/2022\/08\/Ruhrreihe.jpg 640w, https:\/\/www.trampicturebook.de\/wordpress\/wp-content\/uploads\/2022\/08\/Ruhrreihe-300x300.jpg 300w, https:\/\/www.trampicturebook.de\/wordpress\/wp-content\/uploads\/2022\/08\/Ruhrreihe-100x100.jpg 100w, https:\/\/www.trampicturebook.de\/wordpress\/wp-content\/uploads\/2022\/08\/Ruhrreihe-600x600.jpg 600w, https:\/\/www.trampicturebook.de\/wordpress\/wp-content\/uploads\/2022\/08\/Ruhrreihe-150x150.jpg 150w\" sizes=\"auto, (max-width: 640px) 100vw, 640px\" \/><figcaption>(C) Dresdner B\u00fccherjunge<\/figcaption><\/figure>\n<\/div>","protected":false},"excerpt":{"rendered":"<p>Olga Paschkes zweiter Fall. Die Stasi im Ruhrgebiet \u00fcber ein Vierteljahrhundert nach dem Mauerfall? Das kann doch nicht sein! Olga Paschke, Privatdetektivin aus Bochum, und ihre Mitarbeiter werden schnell eines Besseren belehrt. Sie erhalten einen Auftrag, indem es zun\u00e4chst nur um einen mysteri\u00f6sen Autounfall geht. Ein Bochumer Ehepaar, das eine&#8230;<\/p>\n<p> <a class=\"continue-reading-link\" href=\"https:\/\/www.trampicturebook.de\/wordpress\/ruhrspione\/\"><span>Continue reading<\/span><i class=\"crycon-right-dir\"><\/i><\/a> <\/p>\n","protected":false},"author":1,"featured_media":0,"parent":0,"menu_order":0,"comment_status":"closed","ping_status":"closed","template":"","meta":{"footnotes":""},"categories":[32],"tags":[],"folder":[23],"class_list":["post-2338","page","type-page","status-publish","hentry","category-kriminalroman"],"jetpack_sharing_enabled":true,"_links":{"self":[{"href":"https:\/\/www.trampicturebook.de\/wordpress\/wp-json\/wp\/v2\/pages\/2338","targetHints":{"allow":["GET"]}}],"collection":[{"href":"https:\/\/www.trampicturebook.de\/wordpress\/wp-json\/wp\/v2\/pages"}],"about":[{"href":"https:\/\/www.trampicturebook.de\/wordpress\/wp-json\/wp\/v2\/types\/page"}],"author":[{"embeddable":true,"href":"https:\/\/www.trampicturebook.de\/wordpress\/wp-json\/wp\/v2\/users\/1"}],"replies":[{"embeddable":true,"href":"https:\/\/www.trampicturebook.de\/wordpress\/wp-json\/wp\/v2\/comments?post=2338"}],"version-history":[{"count":21,"href":"https:\/\/www.trampicturebook.de\/wordpress\/wp-json\/wp\/v2\/pages\/2338\/revisions"}],"predecessor-version":[{"id":6471,"href":"https:\/\/www.trampicturebook.de\/wordpress\/wp-json\/wp\/v2\/pages\/2338\/revisions\/6471"}],"wp:attachment":[{"href":"https:\/\/www.trampicturebook.de\/wordpress\/wp-json\/wp\/v2\/media?parent=2338"}],"wp:term":[{"taxonomy":"category","embeddable":true,"href":"https:\/\/www.trampicturebook.de\/wordpress\/wp-json\/wp\/v2\/categories?post=2338"},{"taxonomy":"post_tag","embeddable":true,"href":"https:\/\/www.trampicturebook.de\/wordpress\/wp-json\/wp\/v2\/tags?post=2338"},{"taxonomy":"folder","embeddable":true,"href":"https:\/\/www.trampicturebook.de\/wordpress\/wp-json\/wp\/v2\/folder?post=2338"}],"curies":[{"name":"wp","href":"https:\/\/api.w.org\/{rel}","templated":true}]}}