{"id":2360,"date":"2021-03-08T14:50:30","date_gmt":"2021-03-08T13:50:30","guid":{"rendered":"https:\/\/www.trampicturebook.de\/wordpress\/?page_id=2360"},"modified":"2024-03-11T16:00:07","modified_gmt":"2024-03-11T15:00:07","slug":"mauerzwillinge-2","status":"publish","type":"page","link":"https:\/\/www.trampicturebook.de\/wordpress\/mauerzwillinge-2\/","title":{"rendered":"Mauerzwillinge"},"content":{"rendered":"\n<div class=\"wp-block-columns is-layout-flex wp-container-core-columns-is-layout-9d6595d7 wp-block-columns-is-layout-flex\">\n<div class=\"wp-block-column is-layout-flow wp-block-column-is-layout-flow\" style=\"flex-basis:33.33%\"><div class=\"wp-block-image\">\n<figure class=\"aligncenter size-medium\"><a href=\"https:\/\/www.trampicturebook.de\/wordpress\/wp-content\/uploads\/2019\/10\/Mauerzwillinge-Gross.jpg\"><img loading=\"lazy\" decoding=\"async\" width=\"189\" height=\"300\" src=\"https:\/\/www.trampicturebook.de\/wordpress\/wp-content\/uploads\/2019\/10\/Mauerzwillinge-Gross-189x300.jpg\" alt=\"\" class=\"wp-image-653\"\/><\/a><\/figure>\n<\/div><\/div>\n\n\n\n<div class=\"wp-block-column is-layout-flow wp-block-column-is-layout-flow\" style=\"flex-basis:66.66%\">\n<p>Der Raddampfer gleitet fast lautlos elbabw\u00e4rts. Die Touristen an Bord erfreuen sich am Anblick des idyllischen Elbtals und genie\u00dfen das sonnige Wetter. Als der Dampfer aus dem Schatten des Blauen Wunders, einer Br\u00fccke, die seit 117 Jahren die Dresdner Stadtteile Loschwitz und Blasewitz verbindet, wieder auftaucht, wird die Idylle mit einem dumpfen Schlag zerst\u00f6rt. Eine Frau lag tot in einer Blutlache auf dem&nbsp; Dach des Vorderdecksalons. Bei einer Fallh\u00f6he von weniger als f\u00fcnf Metern sicherlich ein ungew\u00f6hnlicher Ort f\u00fcr einen Suizid.<br>Zur Beerdigung kommt ihr ehemaliger Lebenspartner und sein Freund aus dem Ruhrgebiet nach Dresden. Zusammen mit der Zwillingsschwester der Toten versuchen sie die Hintergr\u00fcnde des Ungl\u00fccks aufzukl\u00e4ren. Dabei sto\u00dfen sie auf ein Geflecht von L\u00fcgen und Intrigen, die weit in die Zeit zur\u00fcckreichen, als eine fast un\u00fcberwindbare Mauer Deutschland in zwei Teile teilte und der Kalte Krieg Europa beherrschte.<\/p>\n\n\n\n<p>\u00dcberarbeitete 2. Auflage. Die erste Auflage erschien 2014 bei AAVAA.<br><br><strong>Format <\/strong>(12*19) mit 16 Fotos.&nbsp;360 Seiten<br><strong>Taschenbuch: <\/strong>ISBN:&nbsp;978-3-7528-2139-0&nbsp;&nbsp; 13,00 \u20ac <strong><br><\/strong><\/p>\n<\/div>\n<\/div>\n\n\n\n<p><img loading=\"lazy\" decoding=\"async\" width=\"102\" height=\"102\" class=\"wp-image-1126\" style=\"width: 102px;\" src=\"https:\/\/www.trampicturebook.de\/wordpress\/wp-content\/uploads\/2020\/05\/Logo-B\u00fccherjunge.jpg\" alt=\"\" srcset=\"https:\/\/www.trampicturebook.de\/wordpress\/wp-content\/uploads\/2020\/05\/Logo-B\u00fccherjunge.jpg 102w, https:\/\/www.trampicturebook.de\/wordpress\/wp-content\/uploads\/2020\/05\/Logo-B\u00fccherjunge-100x100.jpg 100w\" sizes=\"auto, (max-width: 102px) 100vw, 102px\" \/><strong>Buchbesprechung von Uwe Rennicke bei <\/strong><a rel=\"noreferrer noopener\" href=\"https:\/\/litterae-artesque.blogspot.de\/2016\/11\/wittenfeld-uwe-mauerzwillinge.html\" target=\"_blank\"><strong>litterae-artesque<\/strong><\/a><strong>.<\/strong><\/p>\n\n\n\n<p><\/p>\n\n\n\n<div class=\"wp-block-columns is-layout-flex wp-container-core-columns-is-layout-9d6595d7 wp-block-columns-is-layout-flex\">\n<div class=\"wp-block-column is-layout-flow wp-block-column-is-layout-flow\"><div class=\"wp-block-image\">\n<figure class=\"aligncenter size-full is-resized\"><img loading=\"lazy\" decoding=\"async\" width=\"593\" height=\"800\" src=\"https:\/\/www.trampicturebook.de\/wordpress\/wp-content\/uploads\/2019\/08\/MZ-Y800.jpg\" alt=\"\" class=\"wp-image-412\" style=\"width:390px;height:526px\" srcset=\"https:\/\/www.trampicturebook.de\/wordpress\/wp-content\/uploads\/2019\/08\/MZ-Y800.jpg 593w, https:\/\/www.trampicturebook.de\/wordpress\/wp-content\/uploads\/2019\/08\/MZ-Y800-222x300.jpg 222w, https:\/\/www.trampicturebook.de\/wordpress\/wp-content\/uploads\/2019\/08\/MZ-Y800-111x150.jpg 111w\" sizes=\"auto, (max-width: 593px) 100vw, 593px\" \/><\/figure>\n<\/div><\/div>\n\n\n\n<div class=\"wp-block-column is-layout-flow wp-block-column-is-layout-flow\">\n<p>Zum 30. Jahrestag des Mauerfalls erscheint eine <strong>Sonderausgabe als Gro\u00dfdruck<\/strong> mit zus\u00e4tzlichen Fotos.<\/p>\n\n\n\n<ul class=\"wp-block-list\">\n<li>Schriftgr\u00f6\u00dfe: 14 pt<\/li>\n\n\n\n<li>Format: 14,8 * 21 cm<\/li>\n\n\n\n<li>Seiten: 428<\/li>\n\n\n\n<li>ISBN: 978-3-947848-09-6<\/li>\n\n\n\n<li>Preis: \u20ac 15,80<\/li>\n<\/ul>\n\n\n\n<p><strong>eBook&nbsp;<\/strong>(Kopierschutz:Wasserzeichen) im ePub-Format mit allen Bildern.<\/p>\n\n\n\n<p>ISBN 978-3-947848-29-4&nbsp;&nbsp;3,99 \u20ac<\/p>\n\n\n\n<div class=\"alignnormal\">[metaslider id=1238 cssclass=&#8220;&#8220;]<\/div>\n<\/div>\n<\/div>\n\n\n\n<div class=\"wp-block-columns is-layout-flex wp-container-core-columns-is-layout-9d6595d7 wp-block-columns-is-layout-flex\">\n<div class=\"wp-block-column is-layout-flow wp-block-column-is-layout-flow\">\n<p><mark style=\"background-color:rgba(0, 0, 0, 0)\" class=\"has-inline-color has-vivid-cyan-blue-color\"><strong>Warum Dresden?<\/strong> (Wo ich doch Wessi bin.)<br><br>Ich habe Dresden kurz nach dem Mauerfall auf einer Dienstreise kennengelernt und war schon damals fasziniert, auch wenn der gr\u00f6\u00dfte Teil der Frauenkirche noch in nummerierten Einzelteilen in einem Stahlregal lag. Mittlerweile vergeht kein Jahr ohne mehrere l\u00e4ngere Aufenthalte. Welche Stadt w\u00e4re besser als Handlungsort f\u00fcr das Thema dieses Romans geeignet.\u00a0<br>Ich werde\u00a0 h\u00e4ufig gefragt, wie ich denn\u00a0als \u201cWessi\u201d\u00a0\u00fcberhaupt wissen k\u00f6nne, wie es zu DDR-Zeiten im Osten war. Vor allem die Dresdner selbst sind in dieser Hinsicht sehr kritisch. Die geschichtlichen Zusammenh\u00e4nge kann man nat\u00fcrlich recherchieren, f\u00fcr das Altagsleben gibt es tausende von Zeitzeugen. Die muss man nur fragen, einige zumindest. Manche dieser Gepr\u00e4che haben schon gedauert, bis die Beleuchtung im Biergarten ausgeschaltet wurde.\u00a0<br>Was mich in letzter Zeit in Dresden allerdings ziemlich st\u00f6rt, sind die \u00f6ffentlichen Auftritte der ewig Gestrigen. Der Umgang mit Fl\u00fcchtlingen und Asylsuchenden ist in manchen Teilen Deutschlands schlichtweg \u201czum Kotzen\u201d. Ich habe Freunde mit einem sogenannten \u201cMigrationshintergrund\u201d, die nicht freiwillig nach Sachsen fahren w\u00fcrden. Traurig, aber wahr.<\/mark><\/p>\n\n\n\n<p><\/p>\n<\/div>\n\n\n\n<div class=\"wp-block-column is-layout-flow wp-block-column-is-layout-flow\"><div class=\"wp-block-image\">\n<figure class=\"aligncenter size-medium\"><img loading=\"lazy\" decoding=\"async\" width=\"300\" height=\"300\" src=\"https:\/\/www.trampicturebook.de\/wordpress\/wp-content\/uploads\/2020\/09\/MauerKollage-300x300.jpg\" alt=\"\" class=\"wp-image-1459\" srcset=\"https:\/\/www.trampicturebook.de\/wordpress\/wp-content\/uploads\/2020\/09\/MauerKollage-300x300.jpg 300w, https:\/\/www.trampicturebook.de\/wordpress\/wp-content\/uploads\/2020\/09\/MauerKollage-100x100.jpg 100w, https:\/\/www.trampicturebook.de\/wordpress\/wp-content\/uploads\/2020\/09\/MauerKollage-600x600.jpg 600w, https:\/\/www.trampicturebook.de\/wordpress\/wp-content\/uploads\/2020\/09\/MauerKollage-150x150.jpg 150w, https:\/\/www.trampicturebook.de\/wordpress\/wp-content\/uploads\/2020\/09\/MauerKollage-768x768.jpg 768w, https:\/\/www.trampicturebook.de\/wordpress\/wp-content\/uploads\/2020\/09\/MauerKollage.jpg 800w\" sizes=\"auto, (max-width: 300px) 100vw, 300px\" \/><\/figure>\n<\/div>\n\n<div class=\"wp-block-image\">\n<figure class=\"aligncenter size-medium\"><img loading=\"lazy\" decoding=\"async\" width=\"300\" height=\"300\" src=\"https:\/\/www.trampicturebook.de\/wordpress\/wp-content\/uploads\/2020\/10\/Mauer3-300x300.jpg\" alt=\"\" class=\"wp-image-1573\" srcset=\"https:\/\/www.trampicturebook.de\/wordpress\/wp-content\/uploads\/2020\/10\/Mauer3-300x300.jpg 300w, https:\/\/www.trampicturebook.de\/wordpress\/wp-content\/uploads\/2020\/10\/Mauer3-100x100.jpg 100w, https:\/\/www.trampicturebook.de\/wordpress\/wp-content\/uploads\/2020\/10\/Mauer3-600x600.jpg 600w, https:\/\/www.trampicturebook.de\/wordpress\/wp-content\/uploads\/2020\/10\/Mauer3-150x150.jpg 150w, https:\/\/www.trampicturebook.de\/wordpress\/wp-content\/uploads\/2020\/10\/Mauer3-768x768.jpg 768w, https:\/\/www.trampicturebook.de\/wordpress\/wp-content\/uploads\/2020\/10\/Mauer3.jpg 800w\" sizes=\"auto, (max-width: 300px) 100vw, 300px\" \/><\/figure>\n<\/div><\/div>\n<\/div>\n\n\n\n<figure class=\"wp-block-video aligncenter\"><video height=\"480\" style=\"aspect-ratio: 640 \/ 480;\" width=\"640\" controls src=\"https:\/\/www.trampicturebook.de\/wordpress\/wp-content\/uploads\/2020\/09\/Diashow-Mauerzwillinge-Klein.mp4\"><\/video><\/figure>\n","protected":false},"excerpt":{"rendered":"<p>Der Raddampfer gleitet fast lautlos elbabw\u00e4rts. Die Touristen an Bord erfreuen sich am Anblick des idyllischen Elbtals und genie\u00dfen das sonnige Wetter. Als der Dampfer aus dem Schatten des Blauen Wunders, einer Br\u00fccke, die seit 117 Jahren die Dresdner Stadtteile Loschwitz und Blasewitz verbindet, wieder auftaucht, wird die Idylle mit&#8230;<\/p>\n<p> <a class=\"continue-reading-link\" href=\"https:\/\/www.trampicturebook.de\/wordpress\/mauerzwillinge-2\/\"><span>Continue reading<\/span><i class=\"crycon-right-dir\"><\/i><\/a> <\/p>\n","protected":false},"author":1,"featured_media":0,"parent":0,"menu_order":0,"comment_status":"closed","ping_status":"closed","template":"","meta":{"footnotes":""},"categories":[32],"tags":[],"folder":[23],"class_list":["post-2360","page","type-page","status-publish","hentry","category-kriminalroman"],"jetpack_sharing_enabled":true,"_links":{"self":[{"href":"https:\/\/www.trampicturebook.de\/wordpress\/wp-json\/wp\/v2\/pages\/2360","targetHints":{"allow":["GET"]}}],"collection":[{"href":"https:\/\/www.trampicturebook.de\/wordpress\/wp-json\/wp\/v2\/pages"}],"about":[{"href":"https:\/\/www.trampicturebook.de\/wordpress\/wp-json\/wp\/v2\/types\/page"}],"author":[{"embeddable":true,"href":"https:\/\/www.trampicturebook.de\/wordpress\/wp-json\/wp\/v2\/users\/1"}],"replies":[{"embeddable":true,"href":"https:\/\/www.trampicturebook.de\/wordpress\/wp-json\/wp\/v2\/comments?post=2360"}],"version-history":[{"count":13,"href":"https:\/\/www.trampicturebook.de\/wordpress\/wp-json\/wp\/v2\/pages\/2360\/revisions"}],"predecessor-version":[{"id":7480,"href":"https:\/\/www.trampicturebook.de\/wordpress\/wp-json\/wp\/v2\/pages\/2360\/revisions\/7480"}],"wp:attachment":[{"href":"https:\/\/www.trampicturebook.de\/wordpress\/wp-json\/wp\/v2\/media?parent=2360"}],"wp:term":[{"taxonomy":"category","embeddable":true,"href":"https:\/\/www.trampicturebook.de\/wordpress\/wp-json\/wp\/v2\/categories?post=2360"},{"taxonomy":"post_tag","embeddable":true,"href":"https:\/\/www.trampicturebook.de\/wordpress\/wp-json\/wp\/v2\/tags?post=2360"},{"taxonomy":"folder","embeddable":true,"href":"https:\/\/www.trampicturebook.de\/wordpress\/wp-json\/wp\/v2\/folder?post=2360"}],"curies":[{"name":"wp","href":"https:\/\/api.w.org\/{rel}","templated":true}]}}