{"id":2798,"date":"2021-05-27T15:45:56","date_gmt":"2021-05-27T13:45:56","guid":{"rendered":"https:\/\/www.trampicturebook.de\/wordpress\/?page_id=2798"},"modified":"2026-03-29T12:28:57","modified_gmt":"2026-03-29T10:28:57","slug":"barbara-stewen","status":"publish","type":"page","link":"https:\/\/www.trampicturebook.de\/wordpress\/barbara-stewen\/","title":{"rendered":"Barbara Stewen"},"content":{"rendered":"\n<div class=\"wp-block-columns is-layout-flex wp-container-core-columns-is-layout-9d6595d7 wp-block-columns-is-layout-flex\">\n<div class=\"wp-block-column is-layout-flow wp-block-column-is-layout-flow\" style=\"flex-basis:33.33%\"><div class=\"wp-block-image\">\n<figure class=\"aligncenter size-large\"><img loading=\"lazy\" decoding=\"async\" width=\"185\" height=\"196\" src=\"https:\/\/www.trampicturebook.de\/wordpress\/wp-content\/uploads\/2021\/05\/Portrait-Stewen.jpg\" alt=\"\" class=\"wp-image-2793\" srcset=\"https:\/\/www.trampicturebook.de\/wordpress\/wp-content\/uploads\/2021\/05\/Portrait-Stewen.jpg 185w, https:\/\/www.trampicturebook.de\/wordpress\/wp-content\/uploads\/2021\/05\/Portrait-Stewen-142x150.jpg 142w\" sizes=\"auto, (max-width: 185px) 100vw, 185px\" \/><\/figure>\n<\/div><\/div>\n\n\n\n<div class=\"wp-block-column is-layout-flow wp-block-column-is-layout-flow\" style=\"flex-basis:66.66%\">\n<p>Barbara Stewen arbeitet als K\u00fcnsterin und Autorin. <br>Als K\u00fcnstlerin war sie mit zahlreichen Ausstellungen unter Anderem im Bergischen Land, in K\u00f6ln, Bremen aber auch in Kroatien und Frankreich vertreten.<\/p>\n\n\n\n<p>Als Autorin ver\u00f6ffentlichte sie bisher folgende B\u00fccher:<\/p>\n\n\n\n<ul class=\"wp-block-list\">\n<li>Fuchsteufelsmord, Ruhrpott-Krimi 2019<\/li>\n\n\n\n<li>Vom Bleiben und Schwinden, Lyrik und Prosa Bergischer Autoren, 2018<\/li>\n\n\n\n<li>Biografie der K\u00f6nigin Luise von Preu\u00dfen, 2012<\/li>\n\n\n\n<li><a href=\"https:\/\/www.trampicturebook.de\/wordpress\/der-puppenraeuber\/\" data-type=\"page\" data-id=\"2836\">Der Puppenr\u00e4uber<\/a>, 2021<\/li>\n\n\n\n<li><a href=\"https:\/\/www.trampicturebook.de\/wordpress\/fremde-schwester-2\/\" data-type=\"page\" data-id=\"4777\">Fremde Schwester<\/a>, 2023<\/li>\n<\/ul>\n\n\n\n<p>Mit &#8222;<a href=\"https:\/\/www.trampicturebook.de\/wordpress\/der-puppenraeuber\/\" data-type=\"page\" data-id=\"2836\">Der Puppenr\u00e4uber<\/a>&#8220; und &#8222;Fremde Schwester&#8220; sind im Ruhrkrimi-Verlag mit dem Gelsenkirchener Kommissar Teufel und der Sonderermittlerin Elisa Fuchs aus dem Bergischen Land erschienen.<br>Barbara Stewen kennt die Details der Polizeiarbeit sehr gut, da sie selbst als Kripo-Beamtin gearbeitet hat.<\/p>\n\n\n\n<p>Mitglied im Verband deutscher Schriftsteller, Landesverband NRW<\/p>\n\n\n\n<p>Homepage: <a href=\"https:\/\/www.barbara-stewen.de\/\">https:\/\/www.barbara-stewen.de\/<\/a><\/p>\n\n\n\n<div class=\"wp-block-columns is-layout-flex wp-container-core-columns-is-layout-9d6595d7 wp-block-columns-is-layout-flex\">\n<div class=\"wp-block-column is-layout-flow wp-block-column-is-layout-flow\">\n<figure class=\"wp-block-image size-full\"><a href=\"https:\/\/www.trampicturebook.de\/wordpress\/fremde-schwester\/\"><img loading=\"lazy\" decoding=\"async\" width=\"512\" height=\"800\" src=\"https:\/\/www.trampicturebook.de\/wordpress\/wp-content\/uploads\/2022\/06\/U1-Y800-1.jpg\" alt=\"\" class=\"wp-image-4741\" srcset=\"https:\/\/www.trampicturebook.de\/wordpress\/wp-content\/uploads\/2022\/06\/U1-Y800-1.jpg 512w, https:\/\/www.trampicturebook.de\/wordpress\/wp-content\/uploads\/2022\/06\/U1-Y800-1-192x300.jpg 192w, https:\/\/www.trampicturebook.de\/wordpress\/wp-content\/uploads\/2022\/06\/U1-Y800-1-96x150.jpg 96w\" sizes=\"auto, (max-width: 512px) 100vw, 512px\" \/><\/a><\/figure>\n<\/div>\n\n\n\n<div class=\"wp-block-column is-layout-flow wp-block-column-is-layout-flow\"><\/div>\n\n\n\n<div class=\"wp-block-column is-layout-flow wp-block-column-is-layout-flow\"><\/div>\n<\/div>\n\n\n\n<div class=\"wp-block-columns is-layout-flex wp-container-core-columns-is-layout-9d6595d7 wp-block-columns-is-layout-flex\">\n<div class=\"wp-block-column is-layout-flow wp-block-column-is-layout-flow\"><\/div>\n\n\n\n<div class=\"wp-block-column is-layout-flow wp-block-column-is-layout-flow\"><\/div>\n<\/div>\n<\/div>\n<\/div>\n\n\n<a href=\"https:\/\/www.trampicturebook.de\/wordpress\/wp-content\/uploads\/2024\/04\/Oberbergischer-Anzeiger-22-04-2024.pdf\" class=\"pdfemb-viewer\" style=\"\" data-width=\"max\" data-height=\"max\" data-toolbar=\"bottom\" data-toolbar-fixed=\"off\">Oberbergischer-Anzeiger-22-04-2024<\/a>\n\n<a href=\"https:\/\/www.trampicturebook.de\/wordpress\/wp-content\/uploads\/2023\/07\/Stewens.pdf\" class=\"pdfemb-viewer\" style=\"\" data-width=\"max\" data-height=\"max\" data-toolbar=\"bottom\" data-toolbar-fixed=\"off\">Stewens<\/a>\n\n<a href=\"https:\/\/www.trampicturebook.de\/wordpress\/wp-content\/uploads\/2023\/09\/KStA_19-09-2023.pdf\" class=\"pdfemb-viewer\" style=\"\" data-width=\"max\" data-height=\"max\" data-toolbar=\"bottom\" data-toolbar-fixed=\"off\">KStA_19-09-2023<\/a>\n<p class=\"wp-block-pdfemb-pdf-embedder-viewer\"><\/p>\n\n\n\n<figure class=\"wp-block-image size-large\"><img decoding=\"async\" src=\"https:\/\/www.trampicturebook.de\/wordpress\/wp-content\/uploads\/2023\/09\/KStA_19-09-2023-816x1024.jpg\" alt=\"\" class=\"wp-image-6901\"\/><\/figure>\n\n\n\n<p><\/p>\n","protected":false},"excerpt":{"rendered":"<p>Barbara Stewen arbeitet als K\u00fcnsterin und Autorin. Als K\u00fcnstlerin war sie mit zahlreichen Ausstellungen unter Anderem im Bergischen Land, in K\u00f6ln, Bremen aber auch in Kroatien und Frankreich vertreten. Als Autorin ver\u00f6ffentlichte sie bisher folgende B\u00fccher: Mit &#8222;Der Puppenr\u00e4uber&#8220; und &#8222;Fremde Schwester&#8220; sind im Ruhrkrimi-Verlag mit dem Gelsenkirchener Kommissar Teufel&#8230;<\/p>\n<p> <a class=\"continue-reading-link\" href=\"https:\/\/www.trampicturebook.de\/wordpress\/barbara-stewen\/\"><span>Continue reading<\/span><i class=\"crycon-right-dir\"><\/i><\/a> <\/p>\n","protected":false},"author":1,"featured_media":0,"parent":0,"menu_order":0,"comment_status":"closed","ping_status":"closed","template":"","meta":{"footnotes":""},"categories":[],"tags":[],"folder":[21],"class_list":["post-2798","page","type-page","status-publish","hentry"],"jetpack_sharing_enabled":true,"_links":{"self":[{"href":"https:\/\/www.trampicturebook.de\/wordpress\/wp-json\/wp\/v2\/pages\/2798","targetHints":{"allow":["GET"]}}],"collection":[{"href":"https:\/\/www.trampicturebook.de\/wordpress\/wp-json\/wp\/v2\/pages"}],"about":[{"href":"https:\/\/www.trampicturebook.de\/wordpress\/wp-json\/wp\/v2\/types\/page"}],"author":[{"embeddable":true,"href":"https:\/\/www.trampicturebook.de\/wordpress\/wp-json\/wp\/v2\/users\/1"}],"replies":[{"embeddable":true,"href":"https:\/\/www.trampicturebook.de\/wordpress\/wp-json\/wp\/v2\/comments?post=2798"}],"version-history":[{"count":34,"href":"https:\/\/www.trampicturebook.de\/wordpress\/wp-json\/wp\/v2\/pages\/2798\/revisions"}],"predecessor-version":[{"id":8602,"href":"https:\/\/www.trampicturebook.de\/wordpress\/wp-json\/wp\/v2\/pages\/2798\/revisions\/8602"}],"wp:attachment":[{"href":"https:\/\/www.trampicturebook.de\/wordpress\/wp-json\/wp\/v2\/media?parent=2798"}],"wp:term":[{"taxonomy":"category","embeddable":true,"href":"https:\/\/www.trampicturebook.de\/wordpress\/wp-json\/wp\/v2\/categories?post=2798"},{"taxonomy":"post_tag","embeddable":true,"href":"https:\/\/www.trampicturebook.de\/wordpress\/wp-json\/wp\/v2\/tags?post=2798"},{"taxonomy":"folder","embeddable":true,"href":"https:\/\/www.trampicturebook.de\/wordpress\/wp-json\/wp\/v2\/folder?post=2798"}],"curies":[{"name":"wp","href":"https:\/\/api.w.org\/{rel}","templated":true}]}}