{"id":2868,"date":"2021-06-03T17:59:06","date_gmt":"2021-06-03T15:59:06","guid":{"rendered":"https:\/\/www.trampicturebook.de\/wordpress\/?page_id=2868"},"modified":"2026-03-29T12:18:52","modified_gmt":"2026-03-29T10:18:52","slug":"jaana-redflower","status":"publish","type":"page","link":"https:\/\/www.trampicturebook.de\/wordpress\/jaana-redflower\/","title":{"rendered":"Jaana Redflower"},"content":{"rendered":"\n<div class=\"wp-block-columns is-layout-flex wp-container-core-columns-is-layout-9d6595d7 wp-block-columns-is-layout-flex\">\n<div class=\"wp-block-column is-layout-flow wp-block-column-is-layout-flow\" style=\"flex-basis:33.33%\"><div class=\"wp-block-image is-style-rounded\">\n<figure class=\"aligncenter size-large is-resized\"><img loading=\"lazy\" decoding=\"async\" width=\"800\" height=\"800\" src=\"https:\/\/www.trampicturebook.de\/wordpress\/wp-content\/uploads\/2021\/06\/Jaana-y800.jpg\" alt=\"\" class=\"wp-image-2864\" style=\"width:215px;height:215px\" srcset=\"https:\/\/www.trampicturebook.de\/wordpress\/wp-content\/uploads\/2021\/06\/Jaana-y800.jpg 800w, https:\/\/www.trampicturebook.de\/wordpress\/wp-content\/uploads\/2021\/06\/Jaana-y800-300x300.jpg 300w, https:\/\/www.trampicturebook.de\/wordpress\/wp-content\/uploads\/2021\/06\/Jaana-y800-100x100.jpg 100w, https:\/\/www.trampicturebook.de\/wordpress\/wp-content\/uploads\/2021\/06\/Jaana-y800-600x600.jpg 600w, https:\/\/www.trampicturebook.de\/wordpress\/wp-content\/uploads\/2021\/06\/Jaana-y800-150x150.jpg 150w, https:\/\/www.trampicturebook.de\/wordpress\/wp-content\/uploads\/2021\/06\/Jaana-y800-768x768.jpg 768w\" sizes=\"auto, (max-width: 800px) 100vw, 800px\" \/><\/figure>\n<\/div><\/div>\n\n\n\n<div class=\"wp-block-column is-layout-flow wp-block-column-is-layout-flow\" style=\"flex-basis:66.66%\">\n<p>Jaana Redflower, kommt urspr\u00fcnglich aus M\u00fclheim an der Ruhr, hat in Essen Kommunikationsdesign an der Uni Folkwang studiert (mit k\u00fcnstlerischem Schwerpunkt), lebt nun in Witten. Sie ist als Musikerin, K\u00fcnstlerin und Autorin unterwegs, sowohl solo als auch mit Band, und arbeitet als Lehrerin an einer Musikschule.<\/p>\n\n\n\n<p>F\u00fcr den Ruhrkrimi-Verlag entwirft sie Coverbilder und Illustrationen.<\/p>\n\n\n\n<p>Webseite: <a href=\"https:\/\/www.jaana-redflower.de\" data-type=\"URL\" data-id=\"https:\/\/www.jaana-redflower.de\">https:\/\/www.jaana-redflower.de<\/a><\/p>\n<\/div>\n<\/div>\n\n\n\n<div class=\"wp-block-columns is-layout-flex wp-container-core-columns-is-layout-9d6595d7 wp-block-columns-is-layout-flex\">\n<div class=\"wp-block-column is-layout-flow wp-block-column-is-layout-flow\"><div class=\"wp-block-image\">\n<figure class=\"aligncenter size-large is-resized\"><a href=\"https:\/\/www.trampicturebook.de\/wordpress\/ruhrdreck\/\"><img loading=\"lazy\" decoding=\"async\" width=\"626\" height=\"1000\" src=\"https:\/\/www.trampicturebook.de\/wordpress\/wp-content\/uploads\/2021\/04\/U1-Y1000.jpg\" alt=\"\" class=\"wp-image-2580\" style=\"width:181px;height:288px\" srcset=\"https:\/\/www.trampicturebook.de\/wordpress\/wp-content\/uploads\/2021\/04\/U1-Y1000.jpg 626w, https:\/\/www.trampicturebook.de\/wordpress\/wp-content\/uploads\/2021\/04\/U1-Y1000-600x958.jpg 600w, https:\/\/www.trampicturebook.de\/wordpress\/wp-content\/uploads\/2021\/04\/U1-Y1000-188x300.jpg 188w, https:\/\/www.trampicturebook.de\/wordpress\/wp-content\/uploads\/2021\/04\/U1-Y1000-94x150.jpg 94w\" sizes=\"auto, (max-width: 626px) 100vw, 626px\" \/><\/a><figcaption class=\"wp-element-caption\">Titelbild<\/figcaption><\/figure>\n<\/div><\/div>\n\n\n\n<div class=\"wp-block-column is-layout-flow wp-block-column-is-layout-flow\"><div class=\"wp-block-image\">\n<figure class=\"aligncenter size-large is-resized\"><a href=\"https:\/\/www.trampicturebook.de\/wordpress\/moerderstadt\/\"><img loading=\"lazy\" decoding=\"async\" width=\"646\" height=\"1000\" src=\"https:\/\/www.trampicturebook.de\/wordpress\/wp-content\/uploads\/2021\/04\/U1-Y1000-1.jpg\" alt=\"\" class=\"wp-image-2583\" style=\"width:181px;height:279px\" srcset=\"https:\/\/www.trampicturebook.de\/wordpress\/wp-content\/uploads\/2021\/04\/U1-Y1000-1.jpg 646w, https:\/\/www.trampicturebook.de\/wordpress\/wp-content\/uploads\/2021\/04\/U1-Y1000-1-600x929.jpg 600w, https:\/\/www.trampicturebook.de\/wordpress\/wp-content\/uploads\/2021\/04\/U1-Y1000-1-194x300.jpg 194w, https:\/\/www.trampicturebook.de\/wordpress\/wp-content\/uploads\/2021\/04\/U1-Y1000-1-97x150.jpg 97w\" sizes=\"auto, (max-width: 646px) 100vw, 646px\" \/><\/a><figcaption class=\"wp-element-caption\">Titelbild<\/figcaption><\/figure>\n<\/div><\/div>\n\n\n\n<div class=\"wp-block-column is-layout-flow wp-block-column-is-layout-flow\"><\/div>\n<\/div>\n\n\n\n<div class=\"wp-block-columns is-layout-flex wp-container-core-columns-is-layout-9d6595d7 wp-block-columns-is-layout-flex\">\n<div class=\"wp-block-column is-layout-flow wp-block-column-is-layout-flow\"><\/div>\n\n\n\n<div class=\"wp-block-column is-layout-flow wp-block-column-is-layout-flow\"><\/div>\n\n\n\n<div class=\"wp-block-column is-layout-flow wp-block-column-is-layout-flow\"><\/div>\n<\/div>\n\n\n\n<div class=\"wp-block-buttons is-horizontal is-content-justification-center is-layout-flex wp-container-core-buttons-is-layout-499968f5 wp-block-buttons-is-layout-flex\">\n<div class=\"wp-block-button\"><a class=\"wp-block-button__link has-white-color has-vivid-cyan-blue-background-color has-text-color has-background wp-element-button\" href=\"https:\/\/www.trampicturebook.de\/wordpress\/autorenuebersicht\/\">Autoren\u00fcbersicht<\/a><\/div>\n<\/div>\n","protected":false},"excerpt":{"rendered":"<p>Jaana Redflower, kommt urspr\u00fcnglich aus M\u00fclheim an der Ruhr, hat in Essen Kommunikationsdesign an der Uni Folkwang studiert (mit k\u00fcnstlerischem Schwerpunkt), lebt nun in Witten. Sie ist als Musikerin, K\u00fcnstlerin und Autorin unterwegs, sowohl solo als auch mit Band, und arbeitet als Lehrerin an einer Musikschule. F\u00fcr den Ruhrkrimi-Verlag entwirft&#8230;<\/p>\n<p> <a class=\"continue-reading-link\" href=\"https:\/\/www.trampicturebook.de\/wordpress\/jaana-redflower\/\"><span>Continue reading<\/span><i class=\"crycon-right-dir\"><\/i><\/a> <\/p>\n","protected":false},"author":1,"featured_media":0,"parent":0,"menu_order":0,"comment_status":"closed","ping_status":"closed","template":"","meta":{"footnotes":""},"categories":[],"tags":[],"folder":[21],"class_list":["post-2868","page","type-page","status-publish","hentry"],"jetpack_sharing_enabled":true,"_links":{"self":[{"href":"https:\/\/www.trampicturebook.de\/wordpress\/wp-json\/wp\/v2\/pages\/2868","targetHints":{"allow":["GET"]}}],"collection":[{"href":"https:\/\/www.trampicturebook.de\/wordpress\/wp-json\/wp\/v2\/pages"}],"about":[{"href":"https:\/\/www.trampicturebook.de\/wordpress\/wp-json\/wp\/v2\/types\/page"}],"author":[{"embeddable":true,"href":"https:\/\/www.trampicturebook.de\/wordpress\/wp-json\/wp\/v2\/users\/1"}],"replies":[{"embeddable":true,"href":"https:\/\/www.trampicturebook.de\/wordpress\/wp-json\/wp\/v2\/comments?post=2868"}],"version-history":[{"count":12,"href":"https:\/\/www.trampicturebook.de\/wordpress\/wp-json\/wp\/v2\/pages\/2868\/revisions"}],"predecessor-version":[{"id":8575,"href":"https:\/\/www.trampicturebook.de\/wordpress\/wp-json\/wp\/v2\/pages\/2868\/revisions\/8575"}],"wp:attachment":[{"href":"https:\/\/www.trampicturebook.de\/wordpress\/wp-json\/wp\/v2\/media?parent=2868"}],"wp:term":[{"taxonomy":"category","embeddable":true,"href":"https:\/\/www.trampicturebook.de\/wordpress\/wp-json\/wp\/v2\/categories?post=2868"},{"taxonomy":"post_tag","embeddable":true,"href":"https:\/\/www.trampicturebook.de\/wordpress\/wp-json\/wp\/v2\/tags?post=2868"},{"taxonomy":"folder","embeddable":true,"href":"https:\/\/www.trampicturebook.de\/wordpress\/wp-json\/wp\/v2\/folder?post=2868"}],"curies":[{"name":"wp","href":"https:\/\/api.w.org\/{rel}","templated":true}]}}