{"id":2923,"date":"2021-06-10T20:48:57","date_gmt":"2021-06-10T18:48:57","guid":{"rendered":"https:\/\/www.trampicturebook.de\/wordpress\/?page_id=2923"},"modified":"2026-03-29T12:21:22","modified_gmt":"2026-03-29T10:21:22","slug":"reinhard-junge","status":"publish","type":"page","link":"https:\/\/www.trampicturebook.de\/wordpress\/reinhard-junge\/","title":{"rendered":"Reinhard Junge"},"content":{"rendered":"\n<p><\/p>\n\n\n\n<div class=\"wp-block-columns is-layout-flex wp-container-core-columns-is-layout-9d6595d7 wp-block-columns-is-layout-flex\">\n<div class=\"wp-block-column is-layout-flow wp-block-column-is-layout-flow\" style=\"flex-basis:33.33%\"><div class=\"wp-block-image is-style-rounded\">\n<figure class=\"aligncenter size-large is-resized\"><img loading=\"lazy\" decoding=\"async\" width=\"483\" height=\"599\" src=\"https:\/\/www.trampicturebook.de\/wordpress\/wp-content\/uploads\/2021\/06\/ReinhardJunge.jpg\" alt=\"\" class=\"wp-image-2916\" style=\"width:197px;height:244px\" srcset=\"https:\/\/www.trampicturebook.de\/wordpress\/wp-content\/uploads\/2021\/06\/ReinhardJunge.jpg 483w, https:\/\/www.trampicturebook.de\/wordpress\/wp-content\/uploads\/2021\/06\/ReinhardJunge-242x300.jpg 242w, https:\/\/www.trampicturebook.de\/wordpress\/wp-content\/uploads\/2021\/06\/ReinhardJunge-121x150.jpg 121w\" sizes=\"auto, (max-width: 483px) 100vw, 483px\" \/><\/figure>\n<\/div><\/div>\n\n\n\n<div class=\"wp-block-column is-layout-flow wp-block-column-is-layout-flow\" style=\"flex-basis:66.66%\">\n<h2 class=\"wp-block-heading\">Vita<\/h2>\n\n\n\n<ul class=\"wp-block-list\">\n<li>1946 in Dortmund geboren<\/li>\n\n\n\n<li>1966 Abi, dann Studium in Bochum und Bundeswehr in Ahlen<\/li>\n\n\n\n<li>1977 Referendariat in Hattingen<\/li>\n\n\n\n<li>Nach Berufsverbot per Arbeitsgericht und dank gro\u00dfer Solidarit\u00e4t als Angestellter in den Schuldienst \u00fcbernommen<\/li>\n\n\n\n<li>1979 &#8211; 2012 Lehrer in Wattenscheid<\/li>\n\n\n\n<li>Seit 2012 Rentner<\/li>\n<\/ul>\n\n\n\n<h2 class=\"wp-block-heading\">Sonstiges<\/h2>\n\n\n\n<ul class=\"wp-block-list\">\n<li>Arbeitete\u00a0auch als Postbote, Autobauer, Eisenh\u00e4rter, Sargtr\u00e4ger, Journalist.<\/li>\n\n\n\n<li>Mit J\u00fcrgen Pomorin, Georg Biemann und Hans-Peter Bordien vier Reportageb\u00fccher \u00fcber \u201eDie Neonazis\u201c (1978-81).<\/li>\n\n\n\n<li>13 Kriminalromane (6 mit Leo P. Ard, 2 mit <a href=\"https:\/\/www.trampicturebook.de\/wordpress\/christiane-bogenstahl\/\" data-type=\"page\" data-id=\"2934\">Christiane Bogenstahl<\/a>),\u00a0Kriminalstorys &amp;\u00a0H\u00f6rspiele<\/li>\n\n\n\n<li>1 Rockkrimi (\u201eKlassenfahrt\u201c, 1991).<\/li>\n\n\n\n<li>Kurzgeschichte &#8222;Die Bochumer Stadtmusikanten&#8220; in &#8222;<a href=\"https:\/\/www.trampicturebook.de\/wordpress\/mordsmaerchen\/\" data-type=\"page\" data-id=\"2438\">Mordsm\u00e4rchen<\/a>&#8222;<\/li>\n<\/ul>\n\n\n\n<p>Internet: <a href=\"https:\/\/www.toedliche-texte.de\/\" target=\"_blank\" rel=\"noreferrer noopener\">https:\/\/www.toedliche-texte.de<\/a><a href=\"https:\/\/www.toedliche-texte.de\/\">\/<\/a><\/p>\n\n\n\n<div class=\"wp-block-columns is-layout-flex wp-container-core-columns-is-layout-9d6595d7 wp-block-columns-is-layout-flex\">\n<div class=\"wp-block-column is-layout-flow wp-block-column-is-layout-flow\"><\/div>\n\n\n\n<div class=\"wp-block-column is-layout-flow wp-block-column-is-layout-flow\"><\/div>\n<\/div>\n<\/div>\n<\/div>\n\n\n\n<div class=\"wp-block-columns is-layout-flex wp-container-core-columns-is-layout-9d6595d7 wp-block-columns-is-layout-flex\">\n<div class=\"wp-block-column is-layout-flow wp-block-column-is-layout-flow\"><\/div>\n\n\n\n<div class=\"wp-block-column is-layout-flow wp-block-column-is-layout-flow\"><div class=\"wp-block-image\">\n<figure class=\"aligncenter size-medium is-resized\"><a href=\"https:\/\/www.trampicturebook.de\/wordpress\/datengrab\/\"><img loading=\"lazy\" decoding=\"async\" width=\"189\" height=\"300\" src=\"https:\/\/www.trampicturebook.de\/wordpress\/wp-content\/uploads\/2021\/06\/U1-Y800-189x300.jpg\" alt=\"\" class=\"wp-image-3014\" style=\"width:184px;height:292px\" srcset=\"https:\/\/www.trampicturebook.de\/wordpress\/wp-content\/uploads\/2021\/06\/U1-Y800-189x300.jpg 189w, https:\/\/www.trampicturebook.de\/wordpress\/wp-content\/uploads\/2021\/06\/U1-Y800-95x150.jpg 95w, https:\/\/www.trampicturebook.de\/wordpress\/wp-content\/uploads\/2021\/06\/U1-Y800.jpg 505w\" sizes=\"auto, (max-width: 189px) 100vw, 189px\" \/><\/a><figcaption class=\"wp-element-caption\">Erschienen August 2021<\/figcaption><\/figure>\n<\/div><\/div>\n\n\n\n<div class=\"wp-block-column is-layout-flow wp-block-column-is-layout-flow\">\n<p><\/p>\n\n\n\n<p><\/p>\n\n\n\n<p><\/p>\n<\/div>\n<\/div>\n\n\n\n<div class=\"wp-block-buttons is-horizontal is-content-justification-center is-layout-flex wp-container-core-buttons-is-layout-499968f5 wp-block-buttons-is-layout-flex\">\n<div class=\"wp-block-button\"><a class=\"wp-block-button__link has-vivid-cyan-blue-background-color has-background wp-element-button\" href=\"https:\/\/www.trampicturebook.de\/wordpress\/autorenuebersicht\/\">Autoren\u00fcbersicht<\/a><\/div>\n<\/div>\n","protected":false},"excerpt":{"rendered":"<p>Vita Sonstiges Internet: https:\/\/www.toedliche-texte.de\/<\/p>\n<p> <a class=\"continue-reading-link\" href=\"https:\/\/www.trampicturebook.de\/wordpress\/reinhard-junge\/\"><span>Continue reading<\/span><i class=\"crycon-right-dir\"><\/i><\/a> <\/p>\n","protected":false},"author":1,"featured_media":0,"parent":0,"menu_order":0,"comment_status":"closed","ping_status":"closed","template":"","meta":{"footnotes":""},"categories":[],"tags":[],"folder":[21],"class_list":["post-2923","page","type-page","status-publish","hentry"],"jetpack_sharing_enabled":true,"_links":{"self":[{"href":"https:\/\/www.trampicturebook.de\/wordpress\/wp-json\/wp\/v2\/pages\/2923","targetHints":{"allow":["GET"]}}],"collection":[{"href":"https:\/\/www.trampicturebook.de\/wordpress\/wp-json\/wp\/v2\/pages"}],"about":[{"href":"https:\/\/www.trampicturebook.de\/wordpress\/wp-json\/wp\/v2\/types\/page"}],"author":[{"embeddable":true,"href":"https:\/\/www.trampicturebook.de\/wordpress\/wp-json\/wp\/v2\/users\/1"}],"replies":[{"embeddable":true,"href":"https:\/\/www.trampicturebook.de\/wordpress\/wp-json\/wp\/v2\/comments?post=2923"}],"version-history":[{"count":22,"href":"https:\/\/www.trampicturebook.de\/wordpress\/wp-json\/wp\/v2\/pages\/2923\/revisions"}],"predecessor-version":[{"id":8579,"href":"https:\/\/www.trampicturebook.de\/wordpress\/wp-json\/wp\/v2\/pages\/2923\/revisions\/8579"}],"wp:attachment":[{"href":"https:\/\/www.trampicturebook.de\/wordpress\/wp-json\/wp\/v2\/media?parent=2923"}],"wp:term":[{"taxonomy":"category","embeddable":true,"href":"https:\/\/www.trampicturebook.de\/wordpress\/wp-json\/wp\/v2\/categories?post=2923"},{"taxonomy":"post_tag","embeddable":true,"href":"https:\/\/www.trampicturebook.de\/wordpress\/wp-json\/wp\/v2\/tags?post=2923"},{"taxonomy":"folder","embeddable":true,"href":"https:\/\/www.trampicturebook.de\/wordpress\/wp-json\/wp\/v2\/folder?post=2923"}],"curies":[{"name":"wp","href":"https:\/\/api.w.org\/{rel}","templated":true}]}}