{"id":3013,"date":"2021-06-17T14:46:34","date_gmt":"2021-06-17T12:46:34","guid":{"rendered":"https:\/\/www.trampicturebook.de\/wordpress\/?page_id=3013"},"modified":"2022-09-26T14:27:43","modified_gmt":"2022-09-26T12:27:43","slug":"datengrab","status":"publish","type":"page","link":"https:\/\/www.trampicturebook.de\/wordpress\/datengrab\/","title":{"rendered":"Datengrab"},"content":{"rendered":"\n<p><strong>von <a href=\"https:\/\/www.trampicturebook.de\/wordpress\/christiane-bogenstahl\/\" data-type=\"page\" data-id=\"2934\">Christiane Bogenstah<\/a>l und <a href=\"https:\/\/www.trampicturebook.de\/wordpress\/reinhard-junge\/\" data-type=\"page\" data-id=\"2923\">Reinhard Junge<\/a><\/strong><\/p>\n\n\n\n<div class=\"wp-block-columns is-layout-flex wp-container-core-columns-is-layout-9d6595d7 wp-block-columns-is-layout-flex\">\n<div class=\"wp-block-column is-layout-flow wp-block-column-is-layout-flow\" style=\"flex-basis:33.33%\"><div class=\"wp-block-image\">\n<figure class=\"aligncenter size-large is-resized\"><a href=\"https:\/\/www.trampicturebook.de\/wordpress\/wp-content\/uploads\/2021\/09\/U1-Y800-1.jpg\"><img loading=\"lazy\" decoding=\"async\" src=\"https:\/\/www.trampicturebook.de\/wordpress\/wp-content\/uploads\/2021\/06\/U1-Y800.jpg\" alt=\"\" class=\"wp-image-3014\" width=\"236\" height=\"374\" srcset=\"https:\/\/www.trampicturebook.de\/wordpress\/wp-content\/uploads\/2021\/06\/U1-Y800.jpg 505w, https:\/\/www.trampicturebook.de\/wordpress\/wp-content\/uploads\/2021\/06\/U1-Y800-189x300.jpg 189w, https:\/\/www.trampicturebook.de\/wordpress\/wp-content\/uploads\/2021\/06\/U1-Y800-95x150.jpg 95w\" sizes=\"auto, (max-width: 236px) 100vw, 236px\" \/><\/a><\/figure>\n<\/div><\/div>\n\n\n\n<div class=\"wp-block-column is-layout-flow wp-block-column-is-layout-flow\" style=\"flex-basis:66.66%\">\n<p><strong>Machtmissbrauch, Datensicherheit, Universit\u00e4tsfilz<\/strong><br>&#8211; das Fernsehteam PEGASUS ermittelt wieder<\/p>\n\n\n\n<p>F\u00fcr Kameramann Klaus-Ulrich Mager kommt es doppelt hart. Im ehemaligen Kleingarten seiner Eltern wird eine skelettierte Leiche gefunden und sein Vater ist der Hauptverd\u00e4chtige. Das sch\u00e4digt nicht nur den Ruf der Familie, sondern sorgt vor allem f\u00fcr Probleme im Job. Mageres Mitarbeit beim Fernsehteam PEGASUS steht vor dem Aus.<br>Zeitgleich ermittelt Sohn Kalle mit Freundin und IT-Expertin Simone am Kopula-Institut der Uni Duisburg-Essen: Wo ist die Doktorandin Lea Bennsdorf? Schnell zeigt sich, dass an dem renommierten Institut nicht alles mit rechten Dingen zugeht. Beim Fleddern alter Datengr\u00e4ber schrecken Kalle und Simone einen m\u00e4chtigen Gegner auf &#8211; und pl\u00f6tzlich m\u00fcssen sie um ihr eigenes Leben f\u00fcrchten.<\/p>\n\n\n\n<p>Bissig, witzig, hintergr\u00fcndig!<\/p>\n\n\n\n<p>Taschenbuch 12*19, 400 Seiten. Preis: 15 \u20ac, ISBN: 978-3-947848-36-2<br>Auch als eBook verf\u00fcgbar, Preis: 7,99 \u20ac, ISBN: 978-3-947848-37-9<br><\/p>\n<\/div>\n<\/div>\n\n\n\n<p><\/p>\n","protected":false},"excerpt":{"rendered":"<p>von Christiane Bogenstahl und Reinhard Junge Machtmissbrauch, Datensicherheit, Universit\u00e4tsfilz&#8211; das Fernsehteam PEGASUS ermittelt wieder F\u00fcr Kameramann Klaus-Ulrich Mager kommt es doppelt hart. Im ehemaligen Kleingarten seiner Eltern wird eine skelettierte Leiche gefunden und sein Vater ist der Hauptverd\u00e4chtige. Das sch\u00e4digt nicht nur den Ruf der Familie, sondern sorgt vor allem&#8230;<\/p>\n<p> <a class=\"continue-reading-link\" href=\"https:\/\/www.trampicturebook.de\/wordpress\/datengrab\/\"><span>Continue reading<\/span><i class=\"crycon-right-dir\"><\/i><\/a> <\/p>\n","protected":false},"author":1,"featured_media":0,"parent":0,"menu_order":0,"comment_status":"closed","ping_status":"closed","template":"","meta":{"footnotes":""},"categories":[32],"tags":[],"folder":[23],"class_list":["post-3013","page","type-page","status-publish","hentry","category-kriminalroman"],"jetpack_sharing_enabled":true,"_links":{"self":[{"href":"https:\/\/www.trampicturebook.de\/wordpress\/wp-json\/wp\/v2\/pages\/3013","targetHints":{"allow":["GET"]}}],"collection":[{"href":"https:\/\/www.trampicturebook.de\/wordpress\/wp-json\/wp\/v2\/pages"}],"about":[{"href":"https:\/\/www.trampicturebook.de\/wordpress\/wp-json\/wp\/v2\/types\/page"}],"author":[{"embeddable":true,"href":"https:\/\/www.trampicturebook.de\/wordpress\/wp-json\/wp\/v2\/users\/1"}],"replies":[{"embeddable":true,"href":"https:\/\/www.trampicturebook.de\/wordpress\/wp-json\/wp\/v2\/comments?post=3013"}],"version-history":[{"count":11,"href":"https:\/\/www.trampicturebook.de\/wordpress\/wp-json\/wp\/v2\/pages\/3013\/revisions"}],"predecessor-version":[{"id":5233,"href":"https:\/\/www.trampicturebook.de\/wordpress\/wp-json\/wp\/v2\/pages\/3013\/revisions\/5233"}],"wp:attachment":[{"href":"https:\/\/www.trampicturebook.de\/wordpress\/wp-json\/wp\/v2\/media?parent=3013"}],"wp:term":[{"taxonomy":"category","embeddable":true,"href":"https:\/\/www.trampicturebook.de\/wordpress\/wp-json\/wp\/v2\/categories?post=3013"},{"taxonomy":"post_tag","embeddable":true,"href":"https:\/\/www.trampicturebook.de\/wordpress\/wp-json\/wp\/v2\/tags?post=3013"},{"taxonomy":"folder","embeddable":true,"href":"https:\/\/www.trampicturebook.de\/wordpress\/wp-json\/wp\/v2\/folder?post=3013"}],"curies":[{"name":"wp","href":"https:\/\/api.w.org\/{rel}","templated":true}]}}