{"id":3100,"date":"2021-06-21T18:18:54","date_gmt":"2021-06-21T16:18:54","guid":{"rendered":"https:\/\/www.trampicturebook.de\/wordpress\/?page_id=3100"},"modified":"2022-12-05T12:47:39","modified_gmt":"2022-12-05T11:47:39","slug":"palmen-an-der-ruhr","status":"publish","type":"page","link":"https:\/\/www.trampicturebook.de\/wordpress\/palmen-an-der-ruhr\/","title":{"rendered":"Palmen an der Ruhr"},"content":{"rendered":"\n<p>Ein apokalyptischer Science-Fiction-Krimi von <a href=\"https:\/\/www.trampicturebook.de\/wordpress\/jost-baum\/\" data-type=\"page\" data-id=\"3048\">Jost Baum<\/a><\/p>\n\n\n\n<div class=\"wp-block-columns is-layout-flex wp-container-core-columns-is-layout-9d6595d7 wp-block-columns-is-layout-flex\">\n<div class=\"wp-block-column is-layout-flow wp-block-column-is-layout-flow\" style=\"flex-basis:33.33%\"><div class=\"wp-block-image\">\n<figure class=\"aligncenter size-full is-resized\"><a href=\"https:\/\/www.trampicturebook.de\/wordpress\/wp-content\/uploads\/2021\/09\/U1-Y800-2.jpg\"><img loading=\"lazy\" decoding=\"async\" src=\"https:\/\/www.trampicturebook.de\/wordpress\/wp-content\/uploads\/2021\/08\/U1-Y800.jpg\" alt=\"\" class=\"wp-image-3389\" width=\"258\" height=\"384\" srcset=\"https:\/\/www.trampicturebook.de\/wordpress\/wp-content\/uploads\/2021\/08\/U1-Y800.jpg 536w, https:\/\/www.trampicturebook.de\/wordpress\/wp-content\/uploads\/2021\/08\/U1-Y800-201x300.jpg 201w, https:\/\/www.trampicturebook.de\/wordpress\/wp-content\/uploads\/2021\/08\/U1-Y800-101x150.jpg 101w\" sizes=\"auto, (max-width: 258px) 100vw, 258px\" \/><\/a><\/figure>\n<\/div>\n\n\n<p><\/p>\n\n\n\n<p><\/p>\n<\/div>\n\n\n\n<div class=\"wp-block-column is-layout-flow wp-block-column-is-layout-flow\" style=\"flex-basis:66.66%\">\n<p>Das Ruhrgebiet in der Zukunft. Der Kemnader Stausee ist nur noch ein T\u00fcmpel, das Land ist ausged\u00f6rrt, eine tropische Vegetation macht sich breit. Obdachlose Pl\u00fcnderer leben in den zerst\u00f6rten St\u00e4dten, die von einem omin\u00f6sen Heimatschutz in Schach gehalten werden. Ein Warlord, mit dem Regierungssitz in D\u00fcsseldorf, beherrscht die Region. Eine S\u00f6ldnertruppe garantieren, dass das schwarze Gold aus unendlichen Tiefen gef\u00f6rdert wird, denn das Ruhrgebiet ist von jeglicher anderer Energieversorgung abgeschnitten. <br>Harry Marchewsky, Boss eines Drogenrings, hat die notwendigen Kontakte, um f\u00fcr den dringend ben\u00f6tigten Nachschub an Opium zu sorgen, der die Bergarbeiter bei Laune h\u00e4lt. Der Chef des Heimatschutzes hat gro\u00dfe Pl\u00e4ne. Raffgier treibt Kaltenbrunner an, und Harry Marchwesky ist ihm ein Dorn im Auge. <br>Marlene und Leo, der schwarze Panther und die \u00d6koaktivistin, die als Selbstversorgerin versteckt in einem Bunker lebt, geraten zwischen die Fronten des Krieges, der um den Besitz der Drogen entbrennt.<\/p>\n\n\n\n<p><\/p>\n\n\n\n<p>Taschenbuch: ISBN 978-3-947848-40-9, 176 S., 10.- \u20ac<br>eBook: ISBN 978-3-947848-41-6, 5,49 \u20ac<\/p>\n\n\n\n<hr class=\"wp-block-separator has-alpha-channel-opacity\"\/>\n<\/div>\n<\/div>\n\n\n\n<h2 class=\"wp-block-heading\">Rezension von Martin Wagner <\/h2>\n\n\n\n<p><em>(Erschienen im Stadtspiegel Hattingen, 05.12.2022))<\/em><\/p>\n\n\n\n<p>Ein Krieg in der N\u00e4he, globale Erw\u00e4rmung, Energiekrise \u2013 drei Themen, mit denen man alleine schon mehrere Romane f\u00fcllen k\u00f6nnte und doch h\u00e4ngen diese Themen nat\u00fcrlich sehr eng zusammen. Kriege werden um Ressourcen gef\u00fchrt, Ressourcen werden f\u00fcr Energie ben\u00f6tigt und alles, wirklich alles, hat auch etwas mit der globalen Erw\u00e4rmung, der Klimakrise zu tun.<br>Eine Zukunft, die diese drei Elemente als Ausgangsbasis f\u00fcr die Entwicklung genommen hat, ist alles andere als unrealistisch und so ist es, wie mit vielen dystopischen Zukunftsromanen, die Angst liest mit. In diesem Fall liest sie bei Jost Baums \u201ePalmen an der Ruhr\u201c mit. Erschienen ist der Roman vor zwei Monaten beim Ruhrkrimi-Verlag aus M\u00fchlheim an der Ruhr.<\/p>\n\n\n\n<p>Der Roman erz\u00e4hlt die Geschichten einiger Protagonisten und Antagonisten im Ruhrgebiet der Zukunft nach einem Krieg mit Russland und einer ausgearteten globalen Erw\u00e4rmung, die dazu gef\u00fchrt hat, dass der Kemnader Stausee nur noch ein T\u00fcmpel ist. Hier leben die beiden Protagonisten Leo und Marlene, sie in einem Bunker als Selbstversorgerin mit Raubkatzenunterst\u00fctzung, er als \u00dcberlebensk\u00fcnstler. Beide halten sich von der Elite fern. Das Ruhrgebiet wird n\u00e4mlich von einem Warlord mit einer kleinen Armee beherrscht und Sklaven m\u00fcssen die letzten Reste Kohle aus der Erde holen, damit es ihm und seiner Armee weiterhin gut gehen kann. Hilfreich ist auch, dass die Sklaven mit Opium gef\u00fcgig gemacht werden. Daneben gibt es noch Dealer und nat\u00fcrlich die normalen Fu\u00dfsoldaten, die quasi nur Befehle ausf\u00fchren und am Ende wieder von Nichts gewusst haben. Kurzum, eine gelungene dystopische Welt. Die beiden Protagonisten schlittern, zuerst ohne eigenen Antrieb, dann aber mit Inbrunst, in den Aufstand gegen den Warlord hinein. Die Welt retten k\u00f6nnen die beiden und ihre Unterst\u00fctzer aber nicht mehr, allerh\u00f6chstens eine Verschlimmerung verhindern.<\/p>\n\n\n\n<p>Ein realistischer Blick auf eine m\u00f6gliche Zukunft mit runden Charakteren und einigen gelungenen Klischees zum Ruhrgebiet, die es auch in der nahen aber nicht benannten Zukunft noch geben wird. Gut geschrieben mit einem gelungenen Spannungsbogen und einigen \u00fcberraschenden Wendungen. Ich w\u00fcrde mich auch \u00fcber einen zweiten Band freuen. Mit seinen knapp 170 Seiten kann man das Buch in einem Rutsch durchlesen und sich dann beschweren, wieso es nicht noch 50-100 Seiten mehr gegeben hat.<\/p>\n\n\n\n<p>Fazit: Palmen an der Ruhr ist ein gelungener dystopischer Roman mit tollen Protagonisten und Antagonisten und einer viel zu realistischen Zukunftsvariante. Dazu noch ein toller Schreibstil. Einziges Manko: zu wenige Seiten.<\/p>\n\n\n\n<hr class=\"wp-block-separator has-alpha-channel-opacity\"\/>\n\n\n\n<p><strong>Rezension aus der WAZ-Bochum vom 12.10.2022<\/strong><\/p>\n\n\n\n<figure class=\"wp-block-image size-large is-resized\"><img loading=\"lazy\" decoding=\"async\" src=\"https:\/\/www.trampicturebook.de\/wordpress\/wp-content\/uploads\/2022\/10\/WAZ-Bochum-12.10.2022-1-663x1024.jpg\" alt=\"\" class=\"wp-image-5284\" width=\"1080\" height=\"1669\" srcset=\"https:\/\/www.trampicturebook.de\/wordpress\/wp-content\/uploads\/2022\/10\/WAZ-Bochum-12.10.2022-1-663x1024.jpg 663w, https:\/\/www.trampicturebook.de\/wordpress\/wp-content\/uploads\/2022\/10\/WAZ-Bochum-12.10.2022-1-600x927.jpg 600w, https:\/\/www.trampicturebook.de\/wordpress\/wp-content\/uploads\/2022\/10\/WAZ-Bochum-12.10.2022-1-194x300.jpg 194w, https:\/\/www.trampicturebook.de\/wordpress\/wp-content\/uploads\/2022\/10\/WAZ-Bochum-12.10.2022-1-768x1187.jpg 768w, https:\/\/www.trampicturebook.de\/wordpress\/wp-content\/uploads\/2022\/10\/WAZ-Bochum-12.10.2022-1-994x1536.jpg 994w, https:\/\/www.trampicturebook.de\/wordpress\/wp-content\/uploads\/2022\/10\/WAZ-Bochum-12.10.2022-1-97x150.jpg 97w, https:\/\/www.trampicturebook.de\/wordpress\/wp-content\/uploads\/2022\/10\/WAZ-Bochum-12.10.2022-1.jpg 1093w\" sizes=\"auto, (max-width: 1080px) 100vw, 1080px\" \/><\/figure>\n\n\n\n<p>Aus einer Rezension von Matthias Dohmen in njuuz, Wuppertal:<\/p>\n\n\n\n<p><strong>Apokalypse mit Palmen<\/strong><br>Vom \u201eRuhrgebiet in der Zukunft\u201c ist auf dem Cover die Rede. Und die ist, so viel sei schon verraten, heftig.  <br>(&#8230;)  Baum, der auch mit Publikationen zu naturwissenschaftlichen und technischen Themen hervorgetreten ist, entwickelt ein Horrorszenario, in dem es nur noch Verbrecher und Gute gibt. Und Bergarbeiter, die vergeblich einen Aufstand versuchen.<br>(&#8230;) Der Autor siedelt die Apokalypse mitten im Ruhrgebiet an. Manche Bilder sind gew\u00f6hnungsbed\u00fcrftig und haben wir hier und in L\u00e4ndern, die bereits heute vom Klimawandel betroffen sind, schon sehen m\u00fcssen. <br>(&#8230;) Harte spannungsgeladende Kost f\u00fcr Abgebr\u00fchte, die einen Blick in die Zukunft nicht scheuen. <\/p>\n\n\n\n<p><\/p>\n","protected":false},"excerpt":{"rendered":"<p>Ein apokalyptischer Science-Fiction-Krimi von Jost Baum Das Ruhrgebiet in der Zukunft. Der Kemnader Stausee ist nur noch ein T\u00fcmpel, das Land ist ausged\u00f6rrt, eine tropische Vegetation macht sich breit. Obdachlose Pl\u00fcnderer leben in den zerst\u00f6rten St\u00e4dten, die von einem omin\u00f6sen Heimatschutz in Schach gehalten werden. Ein Warlord, mit dem Regierungssitz&#8230;<\/p>\n<p> <a class=\"continue-reading-link\" href=\"https:\/\/www.trampicturebook.de\/wordpress\/palmen-an-der-ruhr\/\"><span>Continue reading<\/span><i class=\"crycon-right-dir\"><\/i><\/a> <\/p>\n","protected":false},"author":1,"featured_media":0,"parent":0,"menu_order":0,"comment_status":"closed","ping_status":"closed","template":"","meta":{"footnotes":""},"categories":[39,32],"tags":[],"folder":[23],"class_list":["post-3100","page","type-page","status-publish","hentry","category-distropie","category-kriminalroman"],"jetpack_sharing_enabled":true,"_links":{"self":[{"href":"https:\/\/www.trampicturebook.de\/wordpress\/wp-json\/wp\/v2\/pages\/3100","targetHints":{"allow":["GET"]}}],"collection":[{"href":"https:\/\/www.trampicturebook.de\/wordpress\/wp-json\/wp\/v2\/pages"}],"about":[{"href":"https:\/\/www.trampicturebook.de\/wordpress\/wp-json\/wp\/v2\/types\/page"}],"author":[{"embeddable":true,"href":"https:\/\/www.trampicturebook.de\/wordpress\/wp-json\/wp\/v2\/users\/1"}],"replies":[{"embeddable":true,"href":"https:\/\/www.trampicturebook.de\/wordpress\/wp-json\/wp\/v2\/comments?post=3100"}],"version-history":[{"count":24,"href":"https:\/\/www.trampicturebook.de\/wordpress\/wp-json\/wp\/v2\/pages\/3100\/revisions"}],"predecessor-version":[{"id":5485,"href":"https:\/\/www.trampicturebook.de\/wordpress\/wp-json\/wp\/v2\/pages\/3100\/revisions\/5485"}],"wp:attachment":[{"href":"https:\/\/www.trampicturebook.de\/wordpress\/wp-json\/wp\/v2\/media?parent=3100"}],"wp:term":[{"taxonomy":"category","embeddable":true,"href":"https:\/\/www.trampicturebook.de\/wordpress\/wp-json\/wp\/v2\/categories?post=3100"},{"taxonomy":"post_tag","embeddable":true,"href":"https:\/\/www.trampicturebook.de\/wordpress\/wp-json\/wp\/v2\/tags?post=3100"},{"taxonomy":"folder","embeddable":true,"href":"https:\/\/www.trampicturebook.de\/wordpress\/wp-json\/wp\/v2\/folder?post=3100"}],"curies":[{"name":"wp","href":"https:\/\/api.w.org\/{rel}","templated":true}]}}