{"id":3311,"date":"2021-08-15T13:02:30","date_gmt":"2021-08-15T11:02:30","guid":{"rendered":"https:\/\/www.trampicturebook.de\/wordpress\/?page_id=3311"},"modified":"2026-03-29T12:30:43","modified_gmt":"2026-03-29T10:30:43","slug":"sylke-tannhaeuser","status":"publish","type":"page","link":"https:\/\/www.trampicturebook.de\/wordpress\/sylke-tannhaeuser\/","title":{"rendered":"Sylke Tannh\u00e4user"},"content":{"rendered":"\n<div class=\"wp-block-columns is-layout-flex wp-container-core-columns-is-layout-9d6595d7 wp-block-columns-is-layout-flex\">\n<div class=\"wp-block-column is-layout-flow wp-block-column-is-layout-flow\" style=\"flex-basis:33.33%\"><div class=\"wp-block-image\">\n<figure class=\"aligncenter size-large is-resized\"><img loading=\"lazy\" decoding=\"async\" width=\"833\" height=\"1024\" src=\"https:\/\/www.trampicturebook.de\/wordpress\/wp-content\/uploads\/2021\/08\/9mf137u7-833x1024.jpg\" alt=\"\" class=\"wp-image-3310\" style=\"width:229px;height:281px\"\/><\/figure>\n<\/div><\/div>\n\n\n\n<div class=\"wp-block-column is-layout-flow wp-block-column-is-layout-flow\" style=\"flex-basis:66.66%\">\n<p>Sylke Tannh\u00e4user wurde in Leipzig geboren, wuchs in Zittau auf und kehrte nach dem Abitur nach Leipzig zur\u00fcck. Die studierte Betriebs- und Verwaltungswirtin lebt in Leipzig und L\u00f6bnitz. Sie betreibt eine Schreibschule und hat zahlreiche Kurzgeschichten und Romane ver\u00f6ffentlicht.&nbsp;<\/p>\n\n\n\n<p><\/p>\n\n\n\n<p><\/p>\n\n\n\n<figure class=\"wp-block-table aligncenter\"><table><tbody><tr><td><img loading=\"lazy\" decoding=\"async\" width=\"150\" height=\"80\" class=\"wp-image-4534\" style=\"width: 150px;\" src=\"https:\/\/www.trampicturebook.de\/wordpress\/wp-content\/uploads\/2022\/04\/syndikat.png\" alt=\"\" srcset=\"https:\/\/www.trampicturebook.de\/wordpress\/wp-content\/uploads\/2022\/04\/syndikat.png 210w, https:\/\/www.trampicturebook.de\/wordpress\/wp-content\/uploads\/2022\/04\/syndikat-150x80.png 150w\" sizes=\"auto, (max-width: 150px) 100vw, 150px\" \/><\/td><td><a href=\"https:\/\/www.moerderische-schwestern.eu\/start\/\"><img loading=\"lazy\" decoding=\"async\" width=\"150\" height=\"89\" class=\"wp-image-5526\" style=\"width: 150px;\" src=\"https:\/\/www.trampicturebook.de\/wordpress\/wp-content\/uploads\/2022\/12\/mordschwest.jpg\" alt=\"\" srcset=\"https:\/\/www.trampicturebook.de\/wordpress\/wp-content\/uploads\/2022\/12\/mordschwest.jpg 209w, https:\/\/www.trampicturebook.de\/wordpress\/wp-content\/uploads\/2022\/12\/mordschwest-150x89.jpg 150w\" sizes=\"auto, (max-width: 150px) 100vw, 150px\" \/><\/a><\/td><\/tr><\/tbody><\/table><figcaption class=\"wp-element-caption\">Mitglied im Syndikat und bei den m\u00f6rderischen Schwestern.<\/figcaption><\/figure>\n\n\n\n<p><\/p>\n\n\n\n<div style=\"height:33px\" aria-hidden=\"true\" class=\"wp-block-spacer\"><\/div>\n<\/div>\n<\/div>\n\n\n\n<div class=\"wp-block-columns is-layout-flex wp-container-core-columns-is-layout-9d6595d7 wp-block-columns-is-layout-flex\">\n<div class=\"wp-block-column is-layout-flow wp-block-column-is-layout-flow\"><\/div>\n\n\n\n<div class=\"wp-block-column is-layout-flow wp-block-column-is-layout-flow\"><div class=\"wp-block-image\">\n<figure class=\"aligncenter size-full is-resized\"><a href=\"https:\/\/www.trampicturebook.de\/wordpress\/heidetod\/\"><img loading=\"lazy\" decoding=\"async\" width=\"509\" height=\"800\" src=\"https:\/\/www.trampicturebook.de\/wordpress\/wp-content\/uploads\/2023\/05\/U1-Y800-1.jpg\" alt=\"\" class=\"wp-image-6160\" style=\"width:166px;height:261px\" srcset=\"https:\/\/www.trampicturebook.de\/wordpress\/wp-content\/uploads\/2023\/05\/U1-Y800-1.jpg 509w, https:\/\/www.trampicturebook.de\/wordpress\/wp-content\/uploads\/2023\/05\/U1-Y800-1-191x300.jpg 191w, https:\/\/www.trampicturebook.de\/wordpress\/wp-content\/uploads\/2023\/05\/U1-Y800-1-95x150.jpg 95w\" sizes=\"auto, (max-width: 509px) 100vw, 509px\" \/><\/a><\/figure>\n<\/div><\/div>\n\n\n\n<div class=\"wp-block-column is-layout-flow wp-block-column-is-layout-flow\"><\/div>\n<\/div>\n\n\n\n<div class=\"wp-block-buttons is-horizontal is-content-justification-center is-layout-flex wp-container-core-buttons-is-layout-499968f5 wp-block-buttons-is-layout-flex\">\n<div class=\"wp-block-button\"><a class=\"wp-block-button__link has-vivid-cyan-blue-background-color has-background wp-element-button\" href=\"https:\/\/www.trampicturebook.de\/wordpress\/autorenuebersicht\/\">Autoren\u00fcbersicht<\/a><\/div>\n<\/div>\n\n\n\n<p><\/p>\n","protected":false},"excerpt":{"rendered":"<p>Sylke Tannh\u00e4user wurde in Leipzig geboren, wuchs in Zittau auf und kehrte nach dem Abitur nach Leipzig zur\u00fcck. Die studierte Betriebs- und Verwaltungswirtin lebt in Leipzig und L\u00f6bnitz. Sie betreibt eine Schreibschule und hat zahlreiche Kurzgeschichten und Romane ver\u00f6ffentlicht.&nbsp; Mitglied im Syndikat und bei den m\u00f6rderischen Schwestern.<\/p>\n<p> <a class=\"continue-reading-link\" href=\"https:\/\/www.trampicturebook.de\/wordpress\/sylke-tannhaeuser\/\"><span>Continue reading<\/span><i class=\"crycon-right-dir\"><\/i><\/a> <\/p>\n","protected":false},"author":1,"featured_media":0,"parent":0,"menu_order":0,"comment_status":"closed","ping_status":"closed","template":"","meta":{"footnotes":""},"categories":[],"tags":[],"folder":[21],"class_list":["post-3311","page","type-page","status-publish","hentry"],"jetpack_sharing_enabled":true,"_links":{"self":[{"href":"https:\/\/www.trampicturebook.de\/wordpress\/wp-json\/wp\/v2\/pages\/3311","targetHints":{"allow":["GET"]}}],"collection":[{"href":"https:\/\/www.trampicturebook.de\/wordpress\/wp-json\/wp\/v2\/pages"}],"about":[{"href":"https:\/\/www.trampicturebook.de\/wordpress\/wp-json\/wp\/v2\/types\/page"}],"author":[{"embeddable":true,"href":"https:\/\/www.trampicturebook.de\/wordpress\/wp-json\/wp\/v2\/users\/1"}],"replies":[{"embeddable":true,"href":"https:\/\/www.trampicturebook.de\/wordpress\/wp-json\/wp\/v2\/comments?post=3311"}],"version-history":[{"count":19,"href":"https:\/\/www.trampicturebook.de\/wordpress\/wp-json\/wp\/v2\/pages\/3311\/revisions"}],"predecessor-version":[{"id":8589,"href":"https:\/\/www.trampicturebook.de\/wordpress\/wp-json\/wp\/v2\/pages\/3311\/revisions\/8589"}],"wp:attachment":[{"href":"https:\/\/www.trampicturebook.de\/wordpress\/wp-json\/wp\/v2\/media?parent=3311"}],"wp:term":[{"taxonomy":"category","embeddable":true,"href":"https:\/\/www.trampicturebook.de\/wordpress\/wp-json\/wp\/v2\/categories?post=3311"},{"taxonomy":"post_tag","embeddable":true,"href":"https:\/\/www.trampicturebook.de\/wordpress\/wp-json\/wp\/v2\/tags?post=3311"},{"taxonomy":"folder","embeddable":true,"href":"https:\/\/www.trampicturebook.de\/wordpress\/wp-json\/wp\/v2\/folder?post=3311"}],"curies":[{"name":"wp","href":"https:\/\/api.w.org\/{rel}","templated":true}]}}