{"id":3320,"date":"2021-08-15T17:49:15","date_gmt":"2021-08-15T15:49:15","guid":{"rendered":"https:\/\/www.trampicturebook.de\/wordpress\/?page_id=3320"},"modified":"2026-03-29T12:29:53","modified_gmt":"2026-03-29T10:29:53","slug":"gisela-witte","status":"publish","type":"page","link":"https:\/\/www.trampicturebook.de\/wordpress\/gisela-witte\/","title":{"rendered":"Gisela Witte"},"content":{"rendered":"\n<div class=\"wp-block-columns is-layout-flex wp-container-core-columns-is-layout-9d6595d7 wp-block-columns-is-layout-flex\">\n<div class=\"wp-block-column is-layout-flow wp-block-column-is-layout-flow\" style=\"flex-basis:33.33%\"><div class=\"wp-block-image is-resized\">\n<figure class=\"aligncenter size-large\"><img loading=\"lazy\" decoding=\"async\" width=\"722\" height=\"1000\" src=\"https:\/\/www.trampicturebook.de\/wordpress\/wp-content\/uploads\/2021\/08\/Giesela_Witte_Y1000.jpg\" alt=\"\" class=\"wp-image-3319\" style=\"width:247px;height:auto\" srcset=\"https:\/\/www.trampicturebook.de\/wordpress\/wp-content\/uploads\/2021\/08\/Giesela_Witte_Y1000.jpg 722w, https:\/\/www.trampicturebook.de\/wordpress\/wp-content\/uploads\/2021\/08\/Giesela_Witte_Y1000-600x831.jpg 600w, https:\/\/www.trampicturebook.de\/wordpress\/wp-content\/uploads\/2021\/08\/Giesela_Witte_Y1000-217x300.jpg 217w, https:\/\/www.trampicturebook.de\/wordpress\/wp-content\/uploads\/2021\/08\/Giesela_Witte_Y1000-108x150.jpg 108w\" sizes=\"auto, (max-width: 722px) 100vw, 722px\" \/><\/figure>\n<\/div>\n\n\n<p><\/p>\n\n\n\n<p><\/p>\n\n\n<div class=\"wp-block-image\">\n<figure class=\"aligncenter size-full\"><img loading=\"lazy\" decoding=\"async\" width=\"209\" height=\"124\" src=\"https:\/\/www.trampicturebook.de\/wordpress\/wp-content\/uploads\/2022\/12\/mordschwest.jpg\" alt=\"\" class=\"wp-image-5526\" srcset=\"https:\/\/www.trampicturebook.de\/wordpress\/wp-content\/uploads\/2022\/12\/mordschwest.jpg 209w, https:\/\/www.trampicturebook.de\/wordpress\/wp-content\/uploads\/2022\/12\/mordschwest-150x89.jpg 150w\" sizes=\"auto, (max-width: 209px) 100vw, 209px\" \/><\/figure>\n<\/div><\/div>\n\n\n\n<div class=\"wp-block-column is-layout-flow wp-block-column-is-layout-flow\" style=\"flex-basis:66.66%\">\n<p>Gisela Witte ist gelernte Buchh\u00e4ndlerin, und war auch als Galeristin t\u00e4tig. Lange Auslandsaufenthalte f\u00fchrten sie nach Frankreich, England, in die Schweiz, die, USA, und Indien.<\/p>\n\n\n\n<p>Sesshaft geworden, schloss sie einen Diplomstudiengang in Erziehungswissenschaft ab und begann ein Studium in Geschichtswissenschaft. Es folgten Zusatzausbildungen in Kinderpsychotherapie, Familientherapie und Integrativer Lerntherapie und die T\u00e4tigkeit in der psychosozialen Arbeit mit Kindern und Familien.<\/p>\n\n\n\n<p>Sie arbeitet als freie Autorin in Berlin und ver\u00f6ffentlichte den Erz\u00e4hlband \u201eDie silberne Kugel\u201c, den Psychothriller \u201eHerrenhaus\u201c, den Thriller \u201eKalt wie das Mondlicht\u201c, sowie zahlreiche Erz\u00e4hlungen und Kurzkrimis in Anthologien.<\/p>\n\n\n\n<p>Gisela Witte ist Mitglied im <a href=\"https:\/\/kunst-kultur.verdi.de\/literatur\/vs\" target=\"_blank\" rel=\"noreferrer noopener\">VS<\/a> und bei den <a href=\"https:\/\/www.moerderische-schwestern.eu\/start\/\" target=\"_blank\" rel=\"noreferrer noopener\">M\u00f6rderischen Schwestern<\/a>.<\/p>\n\n\n\n<div class=\"wp-block-columns is-layout-flex wp-container-core-columns-is-layout-9d6595d7 wp-block-columns-is-layout-flex\">\n<div class=\"wp-block-column is-layout-flow wp-block-column-is-layout-flow\"><div class=\"wp-block-image\">\n<figure class=\"aligncenter size-full is-resized\"><a href=\"https:\/\/www.trampicturebook.de\/wordpress\/im-adrenalinrausch\/\"><img loading=\"lazy\" decoding=\"async\" width=\"594\" height=\"1000\" src=\"https:\/\/www.trampicturebook.de\/wordpress\/wp-content\/uploads\/2024\/02\/Witte-U1-klein.jpg\" alt=\"\" class=\"wp-image-7382\" style=\"width:168px;height:auto\" srcset=\"https:\/\/www.trampicturebook.de\/wordpress\/wp-content\/uploads\/2024\/02\/Witte-U1-klein.jpg 594w, https:\/\/www.trampicturebook.de\/wordpress\/wp-content\/uploads\/2024\/02\/Witte-U1-klein-178x300.jpg 178w, https:\/\/www.trampicturebook.de\/wordpress\/wp-content\/uploads\/2024\/02\/Witte-U1-klein-89x150.jpg 89w\" sizes=\"auto, (max-width: 594px) 100vw, 594px\" \/><\/a><\/figure>\n<\/div><\/div>\n\n\n\n<div class=\"wp-block-column is-layout-flow wp-block-column-is-layout-flow\"><\/div>\n<\/div>\n<\/div>\n<\/div>\n\n\n\n<p class=\"has-text-align-center\"><\/p>\n\n\n\n<div class=\"wp-block-buttons is-horizontal is-content-justification-center is-layout-flex wp-container-core-buttons-is-layout-499968f5 wp-block-buttons-is-layout-flex\">\n<div class=\"wp-block-button\"><a class=\"wp-block-button__link has-vivid-cyan-blue-background-color has-background wp-element-button\" href=\"https:\/\/www.trampicturebook.de\/wordpress\/autorenuebersicht\/\">Autoren\u00fcbersicht<\/a><\/div>\n<\/div>\n","protected":false},"excerpt":{"rendered":"<p>Gisela Witte ist gelernte Buchh\u00e4ndlerin, und war auch als Galeristin t\u00e4tig. Lange Auslandsaufenthalte f\u00fchrten sie nach Frankreich, England, in die Schweiz, die, USA, und Indien. Sesshaft geworden, schloss sie einen Diplomstudiengang in Erziehungswissenschaft ab und begann ein Studium in Geschichtswissenschaft. Es folgten Zusatzausbildungen in Kinderpsychotherapie, Familientherapie und Integrativer Lerntherapie und&#8230;<\/p>\n<p> <a class=\"continue-reading-link\" href=\"https:\/\/www.trampicturebook.de\/wordpress\/gisela-witte\/\"><span>Continue reading<\/span><i class=\"crycon-right-dir\"><\/i><\/a> <\/p>\n","protected":false},"author":1,"featured_media":0,"parent":0,"menu_order":0,"comment_status":"closed","ping_status":"closed","template":"","meta":{"footnotes":""},"categories":[],"tags":[],"folder":[21],"class_list":["post-3320","page","type-page","status-publish","hentry"],"jetpack_sharing_enabled":true,"_links":{"self":[{"href":"https:\/\/www.trampicturebook.de\/wordpress\/wp-json\/wp\/v2\/pages\/3320","targetHints":{"allow":["GET"]}}],"collection":[{"href":"https:\/\/www.trampicturebook.de\/wordpress\/wp-json\/wp\/v2\/pages"}],"about":[{"href":"https:\/\/www.trampicturebook.de\/wordpress\/wp-json\/wp\/v2\/types\/page"}],"author":[{"embeddable":true,"href":"https:\/\/www.trampicturebook.de\/wordpress\/wp-json\/wp\/v2\/users\/1"}],"replies":[{"embeddable":true,"href":"https:\/\/www.trampicturebook.de\/wordpress\/wp-json\/wp\/v2\/comments?post=3320"}],"version-history":[{"count":17,"href":"https:\/\/www.trampicturebook.de\/wordpress\/wp-json\/wp\/v2\/pages\/3320\/revisions"}],"predecessor-version":[{"id":8587,"href":"https:\/\/www.trampicturebook.de\/wordpress\/wp-json\/wp\/v2\/pages\/3320\/revisions\/8587"}],"wp:attachment":[{"href":"https:\/\/www.trampicturebook.de\/wordpress\/wp-json\/wp\/v2\/media?parent=3320"}],"wp:term":[{"taxonomy":"category","embeddable":true,"href":"https:\/\/www.trampicturebook.de\/wordpress\/wp-json\/wp\/v2\/categories?post=3320"},{"taxonomy":"post_tag","embeddable":true,"href":"https:\/\/www.trampicturebook.de\/wordpress\/wp-json\/wp\/v2\/tags?post=3320"},{"taxonomy":"folder","embeddable":true,"href":"https:\/\/www.trampicturebook.de\/wordpress\/wp-json\/wp\/v2\/folder?post=3320"}],"curies":[{"name":"wp","href":"https:\/\/api.w.org\/{rel}","templated":true}]}}