{"id":3972,"date":"2021-12-18T01:18:25","date_gmt":"2021-12-18T00:18:25","guid":{"rendered":"https:\/\/www.trampicturebook.de\/wordpress\/?page_id=3972"},"modified":"2026-03-29T13:17:50","modified_gmt":"2026-03-29T11:17:50","slug":"grossdrucke","status":"publish","type":"page","link":"https:\/\/www.trampicturebook.de\/wordpress\/grossdrucke\/","title":{"rendered":"Gro\u00dfdrucke"},"content":{"rendered":"\n<p>Der Ruhrkrimi-Verlag bietet einige B\u00fccher auch als Gro\u00dfdruck mit gr\u00f6\u00dferer Schrift an.<br>Zielgruppe sind die Leser, die Probleme haben, den normalen Roman-Text zu lesen, aber doch das haptische Gef\u00fchl eines Buchs dem eines eBook-Reader vorziehen.<\/p>\n\n\n\n<p>Die Gro\u00dfdrucke haben mindestens eine 14pkt-Schrift. Das Format ist gr\u00f6\u00dfer (14,8 * 21 cm) und die Seitenzahl h\u00f6her.<\/p>\n\n\n\n<p>Verf\u00fcgbar als Gro\u00dfdruck sind:<\/p>\n\n\n\n<p><\/p>\n\n\n\n<figure class=\"wp-block-table aligncenter\"><table><tbody><tr><td><a href=\"https:\/\/www.trampicturebook.de\/wordpress\/ruhrspione\/\" data-type=\"page\" data-id=\"2338\"><img loading=\"lazy\" decoding=\"async\" width=\"200\" height=\"284\" class=\"wp-image-3973\" style=\"width: 200px;\" src=\"https:\/\/www.trampicturebook.de\/wordpress\/wp-content\/uploads\/2021\/12\/RuhrspioneXXL-Coverbild-Y600.jpg\" alt=\"\" srcset=\"https:\/\/www.trampicturebook.de\/wordpress\/wp-content\/uploads\/2021\/12\/RuhrspioneXXL-Coverbild-Y600.jpg 422w, https:\/\/www.trampicturebook.de\/wordpress\/wp-content\/uploads\/2021\/12\/RuhrspioneXXL-Coverbild-Y600-211x300.jpg 211w, https:\/\/www.trampicturebook.de\/wordpress\/wp-content\/uploads\/2021\/12\/RuhrspioneXXL-Coverbild-Y600-106x150.jpg 106w\" sizes=\"auto, (max-width: 200px) 100vw, 200px\" \/><\/a><\/td><td><a href=\"https:\/\/www.trampicturebook.de\/wordpress\/ruhrdreck\/\" data-type=\"page\" data-id=\"2333\"><img loading=\"lazy\" decoding=\"async\" width=\"200\" height=\"280\" class=\"wp-image-3974\" style=\"width: 200px;\" src=\"https:\/\/www.trampicturebook.de\/wordpress\/wp-content\/uploads\/2021\/12\/U1.jpg\" alt=\"\" srcset=\"https:\/\/www.trampicturebook.de\/wordpress\/wp-content\/uploads\/2021\/12\/U1.jpg 632w, https:\/\/www.trampicturebook.de\/wordpress\/wp-content\/uploads\/2021\/12\/U1-600x839.jpg 600w, https:\/\/www.trampicturebook.de\/wordpress\/wp-content\/uploads\/2021\/12\/U1-214x300.jpg 214w, https:\/\/www.trampicturebook.de\/wordpress\/wp-content\/uploads\/2021\/12\/U1-107x150.jpg 107w\" sizes=\"auto, (max-width: 200px) 100vw, 200px\" \/><\/a><\/td><td><img decoding=\"async\" class=\"wp-image-3975\" style=\"width: NaNpx;\" src=\"https:\/\/www.trampicturebook.de\/wordpress\/wp-content\/uploads\/2021\/12\/Anthologie_Grossdruck_148x2105_RZ_03_ohneMarken.pdf\" alt=\"\"><a href=\"https:\/\/www.trampicturebook.de\/wordpress\/winnetou\/\" data-type=\"page\" data-id=\"2404\"><img loading=\"lazy\" decoding=\"async\" width=\"200\" height=\"281\" class=\"wp-image-3976\" style=\"width: 200px;\" src=\"https:\/\/www.trampicturebook.de\/wordpress\/wp-content\/uploads\/2021\/12\/U1-1.jpg\" alt=\"\" srcset=\"https:\/\/www.trampicturebook.de\/wordpress\/wp-content\/uploads\/2021\/12\/U1-1.jpg 583w, https:\/\/www.trampicturebook.de\/wordpress\/wp-content\/uploads\/2021\/12\/U1-1-213x300.jpg 213w, https:\/\/www.trampicturebook.de\/wordpress\/wp-content\/uploads\/2021\/12\/U1-1-107x150.jpg 107w\" sizes=\"auto, (max-width: 200px) 100vw, 200px\" \/><\/a><\/td><td><\/td><\/tr><tr><td><a href=\"https:\/\/www.trampicturebook.de\/wordpress\/mauerzwillinge-2\/\" data-type=\"page\" data-id=\"2360\"><img loading=\"lazy\" decoding=\"async\" width=\"200\" height=\"270\" class=\"wp-image-3980\" style=\"width: 200px;\" src=\"https:\/\/www.trampicturebook.de\/wordpress\/wp-content\/uploads\/2021\/12\/MZ-Y800.jpg\" alt=\"\" srcset=\"https:\/\/www.trampicturebook.de\/wordpress\/wp-content\/uploads\/2021\/12\/MZ-Y800.jpg 593w, https:\/\/www.trampicturebook.de\/wordpress\/wp-content\/uploads\/2021\/12\/MZ-Y800-222x300.jpg 222w, https:\/\/www.trampicturebook.de\/wordpress\/wp-content\/uploads\/2021\/12\/MZ-Y800-111x150.jpg 111w\" sizes=\"auto, (max-width: 200px) 100vw, 200px\" \/><\/a><\/td><td><a href=\"https:\/\/www.trampicturebook.de\/wordpress\/abenteuer-medizin\/\" data-type=\"page\" data-id=\"2309\"><img decoding=\"async\" src=\"https:\/\/www.trampicturebook.de\/wordpress\/wp-content\/uploads\/2021\/12\/U1-2.jpg\" alt=\"\" style=\"width: 200px;\"><\/a><\/td><td><\/td><td><\/td><\/tr><\/tbody><\/table><\/figure>\n\n\n\n<p><\/p>\n","protected":false},"excerpt":{"rendered":"<p>Der Ruhrkrimi-Verlag bietet einige B\u00fccher auch als Gro\u00dfdruck mit gr\u00f6\u00dferer Schrift an.Zielgruppe sind die Leser, die Probleme haben, den normalen Roman-Text zu lesen, aber doch das haptische Gef\u00fchl eines Buchs dem eines eBook-Reader vorziehen. Die Gro\u00dfdrucke haben mindestens eine 14pkt-Schrift. Das Format ist gr\u00f6\u00dfer (14,8 * 21 cm) und die&#8230;<\/p>\n<p> <a class=\"continue-reading-link\" href=\"https:\/\/www.trampicturebook.de\/wordpress\/grossdrucke\/\"><span>Continue reading<\/span><i class=\"crycon-right-dir\"><\/i><\/a> <\/p>\n","protected":false},"author":1,"featured_media":0,"parent":0,"menu_order":0,"comment_status":"closed","ping_status":"closed","template":"","meta":{"footnotes":""},"categories":[],"tags":[],"folder":[23],"class_list":["post-3972","page","type-page","status-publish","hentry"],"jetpack_sharing_enabled":true,"_links":{"self":[{"href":"https:\/\/www.trampicturebook.de\/wordpress\/wp-json\/wp\/v2\/pages\/3972","targetHints":{"allow":["GET"]}}],"collection":[{"href":"https:\/\/www.trampicturebook.de\/wordpress\/wp-json\/wp\/v2\/pages"}],"about":[{"href":"https:\/\/www.trampicturebook.de\/wordpress\/wp-json\/wp\/v2\/types\/page"}],"author":[{"embeddable":true,"href":"https:\/\/www.trampicturebook.de\/wordpress\/wp-json\/wp\/v2\/users\/1"}],"replies":[{"embeddable":true,"href":"https:\/\/www.trampicturebook.de\/wordpress\/wp-json\/wp\/v2\/comments?post=3972"}],"version-history":[{"count":7,"href":"https:\/\/www.trampicturebook.de\/wordpress\/wp-json\/wp\/v2\/pages\/3972\/revisions"}],"predecessor-version":[{"id":8598,"href":"https:\/\/www.trampicturebook.de\/wordpress\/wp-json\/wp\/v2\/pages\/3972\/revisions\/8598"}],"wp:attachment":[{"href":"https:\/\/www.trampicturebook.de\/wordpress\/wp-json\/wp\/v2\/media?parent=3972"}],"wp:term":[{"taxonomy":"category","embeddable":true,"href":"https:\/\/www.trampicturebook.de\/wordpress\/wp-json\/wp\/v2\/categories?post=3972"},{"taxonomy":"post_tag","embeddable":true,"href":"https:\/\/www.trampicturebook.de\/wordpress\/wp-json\/wp\/v2\/tags?post=3972"},{"taxonomy":"folder","embeddable":true,"href":"https:\/\/www.trampicturebook.de\/wordpress\/wp-json\/wp\/v2\/folder?post=3972"}],"curies":[{"name":"wp","href":"https:\/\/api.w.org\/{rel}","templated":true}]}}