{"id":4567,"date":"2022-04-27T12:10:58","date_gmt":"2022-04-27T10:10:58","guid":{"rendered":"https:\/\/www.trampicturebook.de\/wordpress\/?page_id=4567"},"modified":"2026-03-30T09:17:53","modified_gmt":"2026-03-30T07:17:53","slug":"harper-collateral-demage","status":"publish","type":"page","link":"https:\/\/www.trampicturebook.de\/wordpress\/harper-collateral-demage\/","title":{"rendered":"Harper &#8211; Collateral Damage"},"content":{"rendered":"\n<p>Der zweite Band der Simon-Harper-Serie von <a href=\"https:\/\/www.trampicturebook.de\/wordpress\/stephan-michels\/\" data-type=\"page\" data-id=\"4340\">Stephan Michels<\/a>.<\/p>\n\n\n\n<div class=\"wp-block-columns is-layout-flex wp-container-core-columns-is-layout-9d6595d7 wp-block-columns-is-layout-flex\">\n<div class=\"wp-block-column is-layout-flow wp-block-column-is-layout-flow\" style=\"flex-basis:33.33%\"><div class=\"wp-block-image\">\n<figure class=\"aligncenter size-full is-resized\"><a href=\"https:\/\/www.trampicturebook.de\/wordpress\/wp-content\/uploads\/2022\/04\/U1-800.jpg\"><img loading=\"lazy\" decoding=\"async\" width=\"520\" height=\"800\" src=\"https:\/\/www.trampicturebook.de\/wordpress\/wp-content\/uploads\/2022\/04\/U1-800.jpg\" alt=\"\" class=\"wp-image-4563\" style=\"width:256px;height:394px\" srcset=\"https:\/\/www.trampicturebook.de\/wordpress\/wp-content\/uploads\/2022\/04\/U1-800.jpg 520w, https:\/\/www.trampicturebook.de\/wordpress\/wp-content\/uploads\/2022\/04\/U1-800-195x300.jpg 195w, https:\/\/www.trampicturebook.de\/wordpress\/wp-content\/uploads\/2022\/04\/U1-800-98x150.jpg 98w\" sizes=\"auto, (max-width: 520px) 100vw, 520px\" \/><\/a><\/figure>\n<\/div><\/div>\n\n\n\n<div class=\"wp-block-column is-layout-flow wp-block-column-is-layout-flow\" style=\"flex-basis:66.66%\">\n<p>Den zweiten Fall mit Simon Harper (<strong>Collateral Damage<\/strong>) ist 2022 im Ruhrkrimi-Verlag als Originalausgabe erschienen. <\/p>\n\n\n\n<p>Ein Pfleger der Uniklinik D\u00fcsseldorf verschwindet spurlos. Der ehemalige Elitesoldat Simon Harper, der als \u201aTroubleshooter\u2018 unkonventionell die Probleme seiner Klienten l\u00f6st, ger\u00e4t bei seinen Recherchen schnell zwischen die Fronten und bringt dadurch auch seine Freunde und seine Geliebte in t\u00f6dliche Gefahr. Harper hat es mit gnadenlosen Gegnern zu tun, denn es geht um Rache, Macht, Ruhm und Profit.<br>Und daf\u00fcr ist kein Preis zu hoch\u2026<\/p>\n\n\n\n<p>Taschenbuch: ISBN 978-3-947848-52-2, 278 S., 14,00\u20ac<\/p>\n\n\n\n<p>eBook: ISBN 978-3-947848-59-1, 6,99\u20ac<\/p>\n<\/div>\n<\/div>\n\n\n\n<h2 class=\"wp-block-heading\">Presse<\/h2>\n\n\n\n<div data-wp-interactive=\"core\/file\" class=\"wp-block-file\"><object data-wp-bind--hidden=\"!state.hasPdfPreview\" hidden class=\"wp-block-file__embed\" data=\"https:\/\/www.trampicturebook.de\/wordpress\/wp-content\/uploads\/2022\/10\/Artikel_Krimitipp.pdf\" type=\"application\/pdf\" style=\"width:100%;height:1000px\" aria-label=\"Einbettung von D\u00fcsseldorfer Express, 01.10.2022.\"><\/object><a id=\"wp-block-file--media-97b1017d-ebd4-42c4-ba41-76539d20b8fe\" href=\"https:\/\/www.trampicturebook.de\/wordpress\/wp-content\/uploads\/2022\/10\/Artikel_Krimitipp.pdf\">D\u00fcsseldorfer Express, 01.10.2022<\/a><a href=\"https:\/\/www.trampicturebook.de\/wordpress\/wp-content\/uploads\/2022\/10\/Artikel_Krimitipp.pdf\" class=\"wp-block-file__button wp-element-button\" download aria-describedby=\"wp-block-file--media-97b1017d-ebd4-42c4-ba41-76539d20b8fe\">Herunterladen<\/a><\/div>\n\n\n\n<hr class=\"wp-block-separator has-alpha-channel-opacity\"\/>\n\n\n\n<figure class=\"wp-block-image size-large is-resized\"><img loading=\"lazy\" decoding=\"async\" width=\"538\" height=\"789\" src=\"https:\/\/www.trampicturebook.de\/wordpress\/wp-content\/uploads\/2022\/07\/Artikel_Extratipp_VIE_20220710.webp\" alt=\"\" class=\"wp-image-4883\" style=\"width:538px;height:789px\" srcset=\"https:\/\/www.trampicturebook.de\/wordpress\/wp-content\/uploads\/2022\/07\/Artikel_Extratipp_VIE_20220710.webp 538w, https:\/\/www.trampicturebook.de\/wordpress\/wp-content\/uploads\/2022\/07\/Artikel_Extratipp_VIE_20220710-205x300.webp 205w, https:\/\/www.trampicturebook.de\/wordpress\/wp-content\/uploads\/2022\/07\/Artikel_Extratipp_VIE_20220710-102x150.webp 102w\" sizes=\"auto, (max-width: 538px) 100vw, 538px\" \/><\/figure>\n\n\n\n<figure class=\"wp-block-gallery has-nested-images columns-default is-cropped wp-block-gallery-1 is-layout-flex wp-block-gallery-is-layout-flex\">\n<figure class=\"wp-block-image size-large is-resized\"><img loading=\"lazy\" decoding=\"async\" width=\"1024\" height=\"717\" data-id=\"4845\" src=\"https:\/\/www.trampicturebook.de\/wordpress\/wp-content\/uploads\/2022\/07\/collpresse1-1024x717.jpg\" alt=\"\" class=\"wp-image-4845\" style=\"width:1085px;height:760px\" srcset=\"https:\/\/www.trampicturebook.de\/wordpress\/wp-content\/uploads\/2022\/07\/collpresse1-1024x717.jpg 1024w, https:\/\/www.trampicturebook.de\/wordpress\/wp-content\/uploads\/2022\/07\/collpresse1-scaled-600x420.jpg 600w, https:\/\/www.trampicturebook.de\/wordpress\/wp-content\/uploads\/2022\/07\/collpresse1-300x210.jpg 300w, https:\/\/www.trampicturebook.de\/wordpress\/wp-content\/uploads\/2022\/07\/collpresse1-768x538.jpg 768w, https:\/\/www.trampicturebook.de\/wordpress\/wp-content\/uploads\/2022\/07\/collpresse1-1536x1075.jpg 1536w, https:\/\/www.trampicturebook.de\/wordpress\/wp-content\/uploads\/2022\/07\/collpresse1-2048x1433.jpg 2048w, https:\/\/www.trampicturebook.de\/wordpress\/wp-content\/uploads\/2022\/07\/collpresse1-150x105.jpg 150w\" sizes=\"auto, (max-width: 1024px) 100vw, 1024px\" \/><\/figure>\n<\/figure>\n\n\n\n<hr class=\"wp-block-separator has-alpha-channel-opacity\"\/>\n\n\n\n<h2 class=\"wp-block-heading\">Rezensionen <strong>(Auswahl)<\/strong>:<\/h2>\n\n\n\n<p><\/p>\n\n\n\n<figure class=\"wp-block-table is-style-stripes\"><table class=\"has-pale-ocean-gradient-background has-background\"><tbody><tr><td><strong><a rel=\"noreferrer noopener\" href=\"https:\/\/www.instagram.com\/p\/CgUVcfzsgrj\/?igshid=MDJmNzVkMjY=\" target=\"_blank\">Niersleser<\/a><\/strong>: <strong>Stephan Michels \u2013 Harper. Collateral Damage<\/strong> \u2013 Ruhrkrimi-Verlag 2022, 268 Seiten<br>Dies ist der zweite Fall f\u00fcr \u201aTroubleshooter\u2018 Simon Harper, einen ehemaligen Elitesoldaten, der f\u00fcr seine Klienten unterschiedlichste Probleme l\u00f6st, ggf. auch mit unkonventionellen Methoden. Ging es im ersten Fall \u201aHarper. J\u00e4ger und Gejagter\u2018 um das internationale Finanzwesen, so bekommt es der Troubleshooter diesmal mit gef\u00e4hrlichen Gegner aus Medizin, Politik und Pharmaindustrie zu tun.<br>Harper ist keine Figur, mit der man warm wird. Und Thriller mit solchen knallharten Superman-Typen sind eigentlich so gar nicht unser Fall. Doch wenn die Schaupl\u00e4tze so in unmittelbarer N\u00e4he liegen wie hier D\u00fcsseldorf, Wegberg, die ehemalige Kent-School in Schwalmtal oder der ehemalige Milit\u00e4rflughafen Elmpt, dann macht das eben doch neugierig.<br>Die Geschichte wird in kurzen Kapiteln geschildert, die Dramatik w\u00e4chst stetig und immer wieder sind Action-Szenen eingebaut, die wie f\u00fcr eine Verfilmung in einem TV-Thriller gemacht sind. Mit Shenmi, der Kellnerin eines China-Restaurants, kommt eine attraktive, junge Frau ins Spiel, der Harper zun\u00e4chst nur helfen will, ihr dann aber n\u00e4her kommt. Doch welche Rolle spielt sie tats\u00e4chlich in diesem Fall?<br>Mehr wollen wir nicht verraten, nur dass der Thriller bis zum finalen Showdown \u00e4u\u00dferst spannend und actionreich war und die Thematik skrupelloser Machenschaften in der Welt der Pharmabosse gut umgesetzt wurde.<br>Werbung unbeauftragt und unbezahlt, Rezensionsexemplar<\/td><\/tr><tr><td><strong>Charlie J.: Spannender Thriller &#8211; echt klasse<\/strong><br>Dieser Thriller ist die spannende Fortsetzung von \u201aHarper \u2013 J\u00e4ger und Gejagter\u2018.<br>Er beginnt mit der Suche nach einem verschwundenen Pfleger der Uniklinik D\u00fcsseldorf. Doch das ist nur der Beginn der dramatischen Entwicklung. Die Spannung steigt unaufh\u00f6rlich, immer wieder gibt es Wendungen bis zum \u00fcberraschenden Schluss.<br>Cooler Ermittler, spannender Plot. So muss ein Thriller sein!<br>Klare Leseempfehlung!<\/td><\/tr><tr><td><strong><a rel=\"noreferrer noopener\" href=\"http:\/\/ullasleseecke.blog\/2022\/07\/11\/harper-collateral-damage\/\" target=\"_blank\">Ullas Leseecke<\/a>: Spannung pur<\/strong><br>Nachdem ich Simon Harper im ersten Buch kennen gelernt hatte, wollte ich nat\u00fcrlich wissen, was er noch erleben w\u00fcrde. Denn er f\u00fchrt ein gef\u00e4hrliches Leben als so genannter \u201eTroubleshooter\u201c. Er hilft vielen aus verzwickten Situationen heraus, ger\u00e4t aber selbst in Lebensgefahr. So war es auch diesmal wieder ausgesprochen spannend. Zun\u00e4chst war es ein gro\u00dfer Zufall, der dazu f\u00fchrte, dass Harper sich k\u00fcmmern musste. Allerdings entwickelte sich vieles anders, als gedacht. Schnell gab es reichlich Action-Szenen, die f\u00fcr Spannung sorgten und als ich dachte, puh Gl\u00fcck gehabt, gab es eine \u00fcberraschende Wendung. So richtig zur Ruhe kam mein armes Leserherz gar nicht. Schnell mussten Harper und ich auch erfahren, dass er es mit gro\u00dfen Gegnern zu tun hat. Bei einem ging es um Rache, bei anderen um Intrigen und Machtk\u00e4mpfe, sogar um eine Karriere f\u00fcr die \u00fcber Leichen gegangen wird. Es wurde immer spannender und dramatischer, manch eine Entwicklung stimmte mich traurig und bei einer anderen wusste ich nicht, was ich davon halten sollte. Aber wie es bei Action-Filmen oft abl\u00e4uft, siegt am Ende der Gute. Ja, ich wei\u00df, es ist ein Buch und kein Film, aber ich hatte alles bildlich vor Augen und konnte das Buch nicht zur Seite legen.<br>Kurz m\u00f6chte ich noch das Cover erw\u00e4hnen, h\u00e4tte ich nicht geplant auch diese Folge zu lesen, h\u00e4tte mich das Cover magisch angezogen. Klar, D\u00fcsseldorf und vor allem Blau, das f\u00e4llt auf und macht neugierig.<br>Fazit:<br>Ein \u00fcberaus spannendes und auch emotionales Buch, das ich gerne weiterempfehle. Vor allem m\u00f6chte ich erw\u00e4hnen, dass unbedingt das erste Buch vorab gelesen werden sollte.<br>Ich w\u00fcrde mich freuen, wenn ich Harper in einer weiteren Folge begleiten kann. Aber jetzt soll er sich erst einmal erholen und in Sicherheit bringen.<\/td><\/tr><tr><td><strong>XYZ: Spannende Geschichte<\/strong><br>Neben dem Fall, den der Troubleshooter l\u00f6sen muss, ist er auch pers\u00f6nlich von den Ereignissen betroffen. Diese Seite macht ihn als Hauptperson so interessant. Und die R\u00fcckblende seines Abenteuers als Elitesoldat im Irak ist eine eigene spannende Geschichte, die viel \u00fcber seinen Charakter und seinen Hintergrund erz\u00e4hlt.<br>Das Finale schlie\u00dflich birgt immer wieder neue \u00dcberraschungen.<br>Fans spannender Thriller kommen voll auf ihre Kosten!<\/td><\/tr><tr><td><strong>FU: Spannender Thrille<\/strong>r<br>Sehr spannender Thriller aus D\u00fcsseldorf und Umgebung mit einem wendungsreichen Finale. Ich werde mir auch den ersten Teil \u201aHarper \u2013 J\u00e4ger und Gejagter\u2018 noch besorgen.<\/td><\/tr><\/tbody><\/table><\/figure>\n\n\n\n<p><a href=\"https:\/\/www.amazon.de\/gp\/profile\/amzn1.account.AFEYWYJNCLFM3LNEBFHFEGFHA4WA\/ref=cm_cr_dp_d_gw_tr?ie=UTF8\"><\/a><\/p>\n\n\n\n<p><\/p>\n\n\n\n<hr class=\"wp-block-separator has-alpha-channel-opacity\"\/>\n\n\n\n<div class=\"wp-block-buttons is-content-justification-center is-layout-flex wp-container-core-buttons-is-layout-16018d1d wp-block-buttons-is-layout-flex\">\n<div class=\"wp-block-button\"><a class=\"wp-block-button__link has-vivid-cyan-blue-background-color has-background wp-element-button\" href=\"https:\/\/www.trampicturebook.de\/wordpress\/autorenuebersicht\/\">Autorenliste<\/a><\/div>\n<\/div>\n","protected":false},"excerpt":{"rendered":"<p>Der zweite Band der Simon-Harper-Serie von Stephan Michels. Den zweiten Fall mit Simon Harper (Collateral Damage) ist 2022 im Ruhrkrimi-Verlag als Originalausgabe erschienen. Ein Pfleger der Uniklinik D\u00fcsseldorf verschwindet spurlos. Der ehemalige Elitesoldat Simon Harper, der als \u201aTroubleshooter\u2018 unkonventionell die Probleme seiner Klienten l\u00f6st, ger\u00e4t bei seinen Recherchen schnell zwischen&#8230;<\/p>\n<p> <a class=\"continue-reading-link\" href=\"https:\/\/www.trampicturebook.de\/wordpress\/harper-collateral-demage\/\"><span>Continue reading<\/span><i class=\"crycon-right-dir\"><\/i><\/a> <\/p>\n","protected":false},"author":1,"featured_media":0,"parent":0,"menu_order":0,"comment_status":"closed","ping_status":"closed","template":"","meta":{"footnotes":""},"categories":[32,36],"tags":[],"folder":[23],"class_list":["post-4567","page","type-page","status-publish","hentry","category-kriminalroman","category-thriller"],"jetpack_sharing_enabled":true,"_links":{"self":[{"href":"https:\/\/www.trampicturebook.de\/wordpress\/wp-json\/wp\/v2\/pages\/4567","targetHints":{"allow":["GET"]}}],"collection":[{"href":"https:\/\/www.trampicturebook.de\/wordpress\/wp-json\/wp\/v2\/pages"}],"about":[{"href":"https:\/\/www.trampicturebook.de\/wordpress\/wp-json\/wp\/v2\/types\/page"}],"author":[{"embeddable":true,"href":"https:\/\/www.trampicturebook.de\/wordpress\/wp-json\/wp\/v2\/users\/1"}],"replies":[{"embeddable":true,"href":"https:\/\/www.trampicturebook.de\/wordpress\/wp-json\/wp\/v2\/comments?post=4567"}],"version-history":[{"count":31,"href":"https:\/\/www.trampicturebook.de\/wordpress\/wp-json\/wp\/v2\/pages\/4567\/revisions"}],"predecessor-version":[{"id":8601,"href":"https:\/\/www.trampicturebook.de\/wordpress\/wp-json\/wp\/v2\/pages\/4567\/revisions\/8601"}],"wp:attachment":[{"href":"https:\/\/www.trampicturebook.de\/wordpress\/wp-json\/wp\/v2\/media?parent=4567"}],"wp:term":[{"taxonomy":"category","embeddable":true,"href":"https:\/\/www.trampicturebook.de\/wordpress\/wp-json\/wp\/v2\/categories?post=4567"},{"taxonomy":"post_tag","embeddable":true,"href":"https:\/\/www.trampicturebook.de\/wordpress\/wp-json\/wp\/v2\/tags?post=4567"},{"taxonomy":"folder","embeddable":true,"href":"https:\/\/www.trampicturebook.de\/wordpress\/wp-json\/wp\/v2\/folder?post=4567"}],"curies":[{"name":"wp","href":"https:\/\/api.w.org\/{rel}","templated":true}]}}