{"id":4579,"date":"2022-04-28T15:07:15","date_gmt":"2022-04-28T13:07:15","guid":{"rendered":"https:\/\/www.trampicturebook.de\/wordpress\/?page_id=4579"},"modified":"2024-11-27T00:29:57","modified_gmt":"2024-11-26T23:29:57","slug":"auftragskiller","status":"publish","type":"page","link":"https:\/\/www.trampicturebook.de\/wordpress\/auftragskiller\/","title":{"rendered":"Auftragskiller"},"content":{"rendered":"\n<h3 class=\"wp-block-heading\"><strong>Tagebuch meines zweiten Ichs<\/strong><\/h3>\n\n\n\n<div class=\"wp-block-columns is-layout-flex wp-container-core-columns-is-layout-9d6595d7 wp-block-columns-is-layout-flex\">\n<div class=\"wp-block-column is-layout-flow wp-block-column-is-layout-flow\" style=\"flex-basis:33.33%\"><div class=\"wp-block-image\">\n<figure class=\"aligncenter size-full is-resized\"><a href=\"https:\/\/www.trampicturebook.de\/wordpress\/wp-content\/uploads\/2022\/04\/U1-Y800.jpg\"><img loading=\"lazy\" decoding=\"async\" width=\"505\" height=\"800\" src=\"https:\/\/www.trampicturebook.de\/wordpress\/wp-content\/uploads\/2022\/04\/U1-Y800.jpg\" alt=\"\" class=\"wp-image-4576\" style=\"width:206px;height:326px\" srcset=\"https:\/\/www.trampicturebook.de\/wordpress\/wp-content\/uploads\/2022\/04\/U1-Y800.jpg 505w, https:\/\/www.trampicturebook.de\/wordpress\/wp-content\/uploads\/2022\/04\/U1-Y800-189x300.jpg 189w, https:\/\/www.trampicturebook.de\/wordpress\/wp-content\/uploads\/2022\/04\/U1-Y800-95x150.jpg 95w\" sizes=\"auto, (max-width: 505px) 100vw, 505px\" \/><\/a><\/figure>\n<\/div><\/div>\n\n\n\n<div class=\"wp-block-column is-layout-flow wp-block-column-is-layout-flow\" style=\"flex-basis:66.66%\">\n<p>von <a href=\"https:\/\/www.trampicturebook.de\/wordpress\/henning-mertens\/\" data-type=\"page\" data-id=\"4528\">Henning Mertens<\/a><\/p>\n\n\n\n<p>Ich bin da drau\u00dfen. Ich sch\u00fctze dich und die Gesellschaft. Ich bin unauff\u00e4llig, gut ausgebildet und gef\u00e4hrlich. Ich arbeite im Verborgenen und manipuliere das Leben in diesem Land. Ich t\u00f6te daf\u00fcr, wenn es sein muss. Ich bin ein Killer, ein Ehemann, ein Vater \u2013 und vielleicht dein Nachbar. Dies sind meine Geschichten.<\/p>\n\n\n\n<p><br>Taschenbuch: ISBN 978-3-947848-54-6<br>120 Seiten mit 18 Zeichnungen, 10,50\u20ac<br>Auch als eBook verf\u00fcgbar.<\/p>\n\n\n\n<p><br><\/p>\n<\/div>\n<\/div>\n\n\n\n<p class=\"has-text-align-left\">Rezitation von Andreas M. Sturm auf Instagram und Facebook<\/p>\n\n\n<div class=\"wp-block-image\">\n<figure class=\"aligncenter size-large is-resized\"><img loading=\"lazy\" decoding=\"async\" width=\"1024\" height=\"724\" src=\"https:\/\/www.trampicturebook.de\/wordpress\/wp-content\/uploads\/2023\/07\/Rezi-Andreas-1-1024x724.jpg\" alt=\"\" class=\"wp-image-6491\" style=\"width:841px;height:594px\" srcset=\"https:\/\/www.trampicturebook.de\/wordpress\/wp-content\/uploads\/2023\/07\/Rezi-Andreas-1-1024x724.jpg 1024w, https:\/\/www.trampicturebook.de\/wordpress\/wp-content\/uploads\/2023\/07\/Rezi-Andreas-1-600x424.jpg 600w, https:\/\/www.trampicturebook.de\/wordpress\/wp-content\/uploads\/2023\/07\/Rezi-Andreas-1-300x212.jpg 300w, https:\/\/www.trampicturebook.de\/wordpress\/wp-content\/uploads\/2023\/07\/Rezi-Andreas-1-768x543.jpg 768w, https:\/\/www.trampicturebook.de\/wordpress\/wp-content\/uploads\/2023\/07\/Rezi-Andreas-1-150x106.jpg 150w, https:\/\/www.trampicturebook.de\/wordpress\/wp-content\/uploads\/2023\/07\/Rezi-Andreas-1.jpg 1332w\" sizes=\"auto, (max-width: 1024px) 100vw, 1024px\" \/><\/figure>\n<\/div>\n\n\n<figure class=\"wp-block-image size-full\"><a href=\"https:\/\/litterae-artesque.blogspot.com\/2022\/09\/mertens-henning-auftragskiller.html\"><img loading=\"lazy\" decoding=\"async\" width=\"102\" height=\"102\" src=\"https:\/\/www.trampicturebook.de\/wordpress\/wp-content\/uploads\/2022\/09\/grafik.png\" alt=\"\" class=\"wp-image-5170\" srcset=\"https:\/\/www.trampicturebook.de\/wordpress\/wp-content\/uploads\/2022\/09\/grafik.png 102w, https:\/\/www.trampicturebook.de\/wordpress\/wp-content\/uploads\/2022\/09\/grafik-100x100.png 100w\" sizes=\"auto, (max-width: 102px) 100vw, 102px\" \/><\/a><figcaption class=\"wp-element-caption\"> Rezension von Uwe Rennicke: <a href=\"https:\/\/litterae-artesque.blogspot.com\/2022\/09\/mertens-henning-auftragskiller.html\">Mertens, Henning: Auftragskiller<\/a><\/figcaption><\/figure>\n\n\n<div class=\"wp-block-image\">\n<figure class=\"aligncenter size-full\"><img loading=\"lazy\" decoding=\"async\" width=\"638\" height=\"224\" src=\"https:\/\/www.trampicturebook.de\/wordpress\/wp-content\/uploads\/2022\/09\/grafik-1.png\" alt=\"\" class=\"wp-image-5172\" srcset=\"https:\/\/www.trampicturebook.de\/wordpress\/wp-content\/uploads\/2022\/09\/grafik-1.png 638w, https:\/\/www.trampicturebook.de\/wordpress\/wp-content\/uploads\/2022\/09\/grafik-1-600x211.png 600w, https:\/\/www.trampicturebook.de\/wordpress\/wp-content\/uploads\/2022\/09\/grafik-1-300x105.png 300w, https:\/\/www.trampicturebook.de\/wordpress\/wp-content\/uploads\/2022\/09\/grafik-1-150x53.png 150w\" sizes=\"auto, (max-width: 638px) 100vw, 638px\" \/><\/figure>\n<\/div>\n\n\n<hr class=\"wp-block-separator has-alpha-channel-opacity\"\/>\n\n\n\n<p><a href=\"https:\/\/www.amazon.de\/gp\/profile\/amzn1.account.AG642AGOILL2JSNAPD2GZFSOYKDQ\/ref=cm_cr_dp_d_gw_tr?ie=UTF8\"><\/a>Sylv Me<\/p>\n\n\n\n<p><em>5,0 von 5 Sternen<\/em> Spannend bis zur letzten Seite <br>Bewertet in Deutschland am 18. Juni 2022<\/p>\n\n\n\n<p>Ein etwas anderer Krimi mit Details zum Nachdenken!<\/p>\n\n\n\n<p><\/p>\n","protected":false},"excerpt":{"rendered":"<p>Tagebuch meines zweiten Ichs von Henning Mertens Ich bin da drau\u00dfen. Ich sch\u00fctze dich und die Gesellschaft. Ich bin unauff\u00e4llig, gut ausgebildet und gef\u00e4hrlich. Ich arbeite im Verborgenen und manipuliere das Leben in diesem Land. Ich t\u00f6te daf\u00fcr, wenn es sein muss. Ich bin ein Killer, ein Ehemann, ein Vater&#8230;<\/p>\n<p> <a class=\"continue-reading-link\" href=\"https:\/\/www.trampicturebook.de\/wordpress\/auftragskiller\/\"><span>Continue reading<\/span><i class=\"crycon-right-dir\"><\/i><\/a> <\/p>\n","protected":false},"author":1,"featured_media":0,"parent":0,"menu_order":0,"comment_status":"closed","ping_status":"closed","template":"","meta":{"footnotes":""},"categories":[32],"tags":[],"folder":[23],"class_list":["post-4579","page","type-page","status-publish","hentry","category-kriminalroman"],"jetpack_sharing_enabled":true,"_links":{"self":[{"href":"https:\/\/www.trampicturebook.de\/wordpress\/wp-json\/wp\/v2\/pages\/4579","targetHints":{"allow":["GET"]}}],"collection":[{"href":"https:\/\/www.trampicturebook.de\/wordpress\/wp-json\/wp\/v2\/pages"}],"about":[{"href":"https:\/\/www.trampicturebook.de\/wordpress\/wp-json\/wp\/v2\/types\/page"}],"author":[{"embeddable":true,"href":"https:\/\/www.trampicturebook.de\/wordpress\/wp-json\/wp\/v2\/users\/1"}],"replies":[{"embeddable":true,"href":"https:\/\/www.trampicturebook.de\/wordpress\/wp-json\/wp\/v2\/comments?post=4579"}],"version-history":[{"count":14,"href":"https:\/\/www.trampicturebook.de\/wordpress\/wp-json\/wp\/v2\/pages\/4579\/revisions"}],"predecessor-version":[{"id":8408,"href":"https:\/\/www.trampicturebook.de\/wordpress\/wp-json\/wp\/v2\/pages\/4579\/revisions\/8408"}],"wp:attachment":[{"href":"https:\/\/www.trampicturebook.de\/wordpress\/wp-json\/wp\/v2\/media?parent=4579"}],"wp:term":[{"taxonomy":"category","embeddable":true,"href":"https:\/\/www.trampicturebook.de\/wordpress\/wp-json\/wp\/v2\/categories?post=4579"},{"taxonomy":"post_tag","embeddable":true,"href":"https:\/\/www.trampicturebook.de\/wordpress\/wp-json\/wp\/v2\/tags?post=4579"},{"taxonomy":"folder","embeddable":true,"href":"https:\/\/www.trampicturebook.de\/wordpress\/wp-json\/wp\/v2\/folder?post=4579"}],"curies":[{"name":"wp","href":"https:\/\/api.w.org\/{rel}","templated":true}]}}