{"id":4627,"date":"2022-05-17T16:46:43","date_gmt":"2022-05-17T14:46:43","guid":{"rendered":"https:\/\/www.trampicturebook.de\/wordpress\/?page_id=4627"},"modified":"2023-03-28T11:57:44","modified_gmt":"2023-03-28T09:57:44","slug":"stefan-wittenfeld","status":"publish","type":"page","link":"https:\/\/www.trampicturebook.de\/wordpress\/stefan-wittenfeld\/","title":{"rendered":"Stefan Wittenfeld"},"content":{"rendered":"\n<div class=\"wp-block-columns is-layout-flex wp-container-core-columns-is-layout-9d6595d7 wp-block-columns-is-layout-flex\">\n<div class=\"wp-block-column is-layout-flow wp-block-column-is-layout-flow\" style=\"flex-basis:33.33%\"><div class=\"wp-block-image\">\n<figure class=\"aligncenter size-full is-resized\"><img loading=\"lazy\" decoding=\"async\" src=\"https:\/\/www.trampicturebook.de\/wordpress\/wp-content\/uploads\/2022\/05\/StefanWittenfeld.png\" alt=\"\" class=\"wp-image-4628\" width=\"241\" height=\"277\" srcset=\"https:\/\/www.trampicturebook.de\/wordpress\/wp-content\/uploads\/2022\/05\/StefanWittenfeld.png 696w, https:\/\/www.trampicturebook.de\/wordpress\/wp-content\/uploads\/2022\/05\/StefanWittenfeld-600x690.png 600w, https:\/\/www.trampicturebook.de\/wordpress\/wp-content\/uploads\/2022\/05\/StefanWittenfeld-261x300.png 261w, https:\/\/www.trampicturebook.de\/wordpress\/wp-content\/uploads\/2022\/05\/StefanWittenfeld-131x150.png 131w\" sizes=\"auto, (max-width: 241px) 100vw, 241px\" \/><\/figure>\n<\/div><\/div>\n\n\n\n<div class=\"wp-block-column is-layout-flow wp-block-column-is-layout-flow\" style=\"flex-basis:66.66%\">\n<p><strong>Stefan Wittenfeld<\/strong>&nbsp;ist ein echtes Nordlicht. Geboren und aufgewachsen in Wilhelmshaven zog es ihn studienbedingt zun\u00e4chst an die Uni Paderborn, wo er Wirtschaftswissenschaften studierte, um dann in an die FH des Bundes nach K\u00f6ln und Br\u00fchl zu wechseln. <\/p>\n\n\n\n<p>Nach dem Studium ging es dann direkt wieder zur\u00fcck an die friesische K\u00fcste, wo er als Referatsleiter in einer Art Berufsgenossenschaft t\u00e4tig ist. Umgeben von drei Laufenten, zwei Katzen und einer H\u00fcndin wohnt er heute in einem gem\u00fctlichen Haus auf dem Lande. Neben dem Schreiben echter Friesenkrimis geh\u00f6rt seine Leidenschaft der spielerischen Drogen- und Sprengstoffsuche mit Labradorh\u00fcndin Phryne.<\/p>\n\n\n\n<p>Sein schriftstellerisches Hobby begann er 2014 als Herausgeber des Buches \u201eLeben mit Hunden, gewusst wie\u201c. 2018 wechselte er dann ins blutigere Genre und schrieb mit \u201eTote Friesen singen nicht\u201c seinen ersten Kriminalroman. Das zweite Buch um Hauptkommissar Reno Tierhagen und Wiebke Dunkler tr\u00e4gt den Titel \u201e<a href=\"https:\/\/www.trampicturebook.de\/wordpress\/tote-friesen-raechen-sich\/\" data-type=\"page\" data-id=\"4942\">Tote Friesen r\u00e4chen sich<\/a>\u201c und erscheint voraussichtlich im September 2022 im Ruhrkrimi-Verlag.<\/p>\n\n\n\n<p>Ob Uwe und Stefan Wittenfeld verwandt sind? Wer wei\u00df? Es wird noch ermittelt. &nbsp;&nbsp;<\/p>\n\n\n\n<p><a href=\"http:\/\/www.stefan-wittenfeld.de\">www.stefan-wittenfeld.de<\/a><\/p>\n\n\n\n<p>Instagram: stefan_wittenfeld_autor<\/p>\n\n\n\n<figure class=\"wp-block-image size-full\"><a href=\"https:\/\/www.trampicturebook.de\/wordpress\/wp-content\/uploads\/2023\/03\/ScanImage002.jpg\" target=\"_blank\" rel=\"noreferrer noopener\"><img loading=\"lazy\" decoding=\"async\" width=\"998\" height=\"584\" src=\"https:\/\/www.trampicturebook.de\/wordpress\/wp-content\/uploads\/2023\/03\/ScanImage002.jpg\" alt=\"\" class=\"wp-image-6084\" srcset=\"https:\/\/www.trampicturebook.de\/wordpress\/wp-content\/uploads\/2023\/03\/ScanImage002.jpg 998w, https:\/\/www.trampicturebook.de\/wordpress\/wp-content\/uploads\/2023\/03\/ScanImage002-600x351.jpg 600w, https:\/\/www.trampicturebook.de\/wordpress\/wp-content\/uploads\/2023\/03\/ScanImage002-300x176.jpg 300w, https:\/\/www.trampicturebook.de\/wordpress\/wp-content\/uploads\/2023\/03\/ScanImage002-768x449.jpg 768w, https:\/\/www.trampicturebook.de\/wordpress\/wp-content\/uploads\/2023\/03\/ScanImage002-150x88.jpg 150w\" sizes=\"auto, (max-width: 998px) 100vw, 998px\" \/><\/a><figcaption class=\"wp-element-caption\">Clicken Sie auf den Artikel, um ihn zu Vergr\u00f6\u00dfern.<\/figcaption><\/figure>\n\n\n\n<hr class=\"wp-block-separator has-alpha-channel-opacity\"\/>\n\n\n<div class=\"wp-block-image\">\n<figure class=\"aligncenter size-full is-resized\"><a href=\"https:\/\/www.trampicturebook.de\/wordpress\/tote-friesen-raechen-sich\/\"><img loading=\"lazy\" decoding=\"async\" src=\"https:\/\/www.trampicturebook.de\/wordpress\/wp-content\/uploads\/2022\/07\/U1-Y800-2.jpg\" alt=\"\" class=\"wp-image-4933\" width=\"229\" height=\"357\" srcset=\"https:\/\/www.trampicturebook.de\/wordpress\/wp-content\/uploads\/2022\/07\/U1-Y800-2.jpg 513w, https:\/\/www.trampicturebook.de\/wordpress\/wp-content\/uploads\/2022\/07\/U1-Y800-2-192x300.jpg 192w, https:\/\/www.trampicturebook.de\/wordpress\/wp-content\/uploads\/2022\/07\/U1-Y800-2-96x150.jpg 96w\" sizes=\"auto, (max-width: 229px) 100vw, 229px\" \/><\/a><\/figure>\n<\/div>\n\n\n<figure class=\"wp-block-table aligncenter\"><table><tbody><tr><td><br>Mitglied im<\/td><td><a href=\"https:\/\/www.das-syndikat.com\/\" target=\"_blank\" rel=\"noreferrer noopener\"><img loading=\"lazy\" decoding=\"async\" width=\"150\" height=\"80\" class=\"wp-image-4534\" style=\"width: 150px;\" src=\"https:\/\/www.trampicturebook.de\/wordpress\/wp-content\/uploads\/2022\/04\/syndikat.png\" alt=\"\" srcset=\"https:\/\/www.trampicturebook.de\/wordpress\/wp-content\/uploads\/2022\/04\/syndikat.png 210w, https:\/\/www.trampicturebook.de\/wordpress\/wp-content\/uploads\/2022\/04\/syndikat-150x80.png 150w\" sizes=\"auto, (max-width: 150px) 100vw, 150px\" \/><\/a><\/td><\/tr><\/tbody><\/table><\/figure>\n\n\n\n<p>&nbsp;<\/p>\n<\/div>\n<\/div>\n\n\n\n<div class=\"wp-block-buttons is-content-justification-center is-layout-flex wp-container-core-buttons-is-layout-16018d1d wp-block-buttons-is-layout-flex\">\n<div class=\"wp-block-button\"><a class=\"wp-block-button__link has-vivid-cyan-blue-background-color has-background wp-element-button\" href=\"https:\/\/www.trampicturebook.de\/wordpress\/autorenuebersicht\/\">Autoren\u00fcbersicht<\/a><\/div>\n<\/div>\n","protected":false},"excerpt":{"rendered":"<p>Stefan Wittenfeld&nbsp;ist ein echtes Nordlicht. Geboren und aufgewachsen in Wilhelmshaven zog es ihn studienbedingt zun\u00e4chst an die Uni Paderborn, wo er Wirtschaftswissenschaften studierte, um dann in an die FH des Bundes nach K\u00f6ln und Br\u00fchl zu wechseln. Nach dem Studium ging es dann direkt wieder zur\u00fcck an die friesische K\u00fcste,&#8230;<\/p>\n<p> <a class=\"continue-reading-link\" href=\"https:\/\/www.trampicturebook.de\/wordpress\/stefan-wittenfeld\/\"><span>Continue reading<\/span><i class=\"crycon-right-dir\"><\/i><\/a> <\/p>\n","protected":false},"author":1,"featured_media":0,"parent":0,"menu_order":0,"comment_status":"closed","ping_status":"closed","template":"","meta":{"footnotes":""},"categories":[],"tags":[],"folder":[21],"class_list":["post-4627","page","type-page","status-publish","hentry"],"jetpack_sharing_enabled":true,"_links":{"self":[{"href":"https:\/\/www.trampicturebook.de\/wordpress\/wp-json\/wp\/v2\/pages\/4627","targetHints":{"allow":["GET"]}}],"collection":[{"href":"https:\/\/www.trampicturebook.de\/wordpress\/wp-json\/wp\/v2\/pages"}],"about":[{"href":"https:\/\/www.trampicturebook.de\/wordpress\/wp-json\/wp\/v2\/types\/page"}],"author":[{"embeddable":true,"href":"https:\/\/www.trampicturebook.de\/wordpress\/wp-json\/wp\/v2\/users\/1"}],"replies":[{"embeddable":true,"href":"https:\/\/www.trampicturebook.de\/wordpress\/wp-json\/wp\/v2\/comments?post=4627"}],"version-history":[{"count":9,"href":"https:\/\/www.trampicturebook.de\/wordpress\/wp-json\/wp\/v2\/pages\/4627\/revisions"}],"predecessor-version":[{"id":6086,"href":"https:\/\/www.trampicturebook.de\/wordpress\/wp-json\/wp\/v2\/pages\/4627\/revisions\/6086"}],"wp:attachment":[{"href":"https:\/\/www.trampicturebook.de\/wordpress\/wp-json\/wp\/v2\/media?parent=4627"}],"wp:term":[{"taxonomy":"category","embeddable":true,"href":"https:\/\/www.trampicturebook.de\/wordpress\/wp-json\/wp\/v2\/categories?post=4627"},{"taxonomy":"post_tag","embeddable":true,"href":"https:\/\/www.trampicturebook.de\/wordpress\/wp-json\/wp\/v2\/tags?post=4627"},{"taxonomy":"folder","embeddable":true,"href":"https:\/\/www.trampicturebook.de\/wordpress\/wp-json\/wp\/v2\/folder?post=4627"}],"curies":[{"name":"wp","href":"https:\/\/api.w.org\/{rel}","templated":true}]}}