{"id":4777,"date":"2022-09-26T14:28:55","date_gmt":"2022-09-26T12:28:55","guid":{"rendered":"https:\/\/www.trampicturebook.de\/wordpress\/?page_id=4777"},"modified":"2024-05-07T23:24:01","modified_gmt":"2024-05-07T21:24:01","slug":"fremde-schwester-2","status":"publish","type":"page","link":"https:\/\/www.trampicturebook.de\/wordpress\/fremde-schwester-2\/","title":{"rendered":"Fremde Schwester"},"content":{"rendered":"\n<div class=\"wp-block-columns is-layout-flex wp-container-core-columns-is-layout-9d6595d7 wp-block-columns-is-layout-flex\">\n<div class=\"wp-block-column is-layout-flow wp-block-column-is-layout-flow\" style=\"flex-basis:33.33%\"><div class=\"wp-block-image is-resized\">\n<figure class=\"aligncenter size-full\"><img loading=\"lazy\" decoding=\"async\" width=\"512\" height=\"800\" src=\"https:\/\/www.trampicturebook.de\/wordpress\/wp-content\/uploads\/2022\/06\/U1-Y800-1.jpg\" alt=\"\" class=\"wp-image-4741\" srcset=\"https:\/\/www.trampicturebook.de\/wordpress\/wp-content\/uploads\/2022\/06\/U1-Y800-1.jpg 512w, https:\/\/www.trampicturebook.de\/wordpress\/wp-content\/uploads\/2022\/06\/U1-Y800-1-192x300.jpg 192w, https:\/\/www.trampicturebook.de\/wordpress\/wp-content\/uploads\/2022\/06\/U1-Y800-1-96x150.jpg 96w\" sizes=\"auto, (max-width: 512px) 100vw, 512px\" \/><\/figure>\n<\/div><\/div>\n\n\n\n<div class=\"wp-block-column is-layout-flow wp-block-column-is-layout-flow\" style=\"flex-basis:66.66%\">\n<p>von <a href=\"https:\/\/www.trampicturebook.de\/wordpress\/barbara-stewen\/\" data-type=\"page\" data-id=\"2798\">Barbara Stewen<\/a><\/p>\n\n\n\n<p>In einem Jahrhunderte alten Bauernhof im M\u00fcnsterland wurde bei Abrissarbeiten eine grausige Entdeckung gemacht. In einer bisher unbekannten unterirdischen&nbsp;Grube liegt ein Jahrzehnte altes menschliches Skelett.&nbsp;<br><em>Es scheint, als ob die Zeit sekundenlang still steht, bis einsetzender Sturzregen als Taufe des B\u00f6sen vom Himmel prasselt.<br>Wasserb\u00e4che vermischen sich mit einem blutigen Rinnsal, das unter der T\u00fcr der Remise sichtbar wird und sich schlierig in den Pf\u00fctzen aufl\u00f6st. Jetzt h\u00fctet die alte Remise ein dunkles Geheimnis, von dem nur ein Mensch wei\u00df.<br><\/em>ISBN 978-3-947848-56-0<\/p>\n<\/div>\n<\/div>\n\n\n\n<figure class=\"wp-block-image size-large\"><img loading=\"lazy\" decoding=\"async\" width=\"1024\" height=\"484\" src=\"https:\/\/www.trampicturebook.de\/wordpress\/wp-content\/uploads\/2023\/07\/BS1-1024x484.jpg\" alt=\"\" class=\"wp-image-6444\" srcset=\"https:\/\/www.trampicturebook.de\/wordpress\/wp-content\/uploads\/2023\/07\/BS1-1024x484.jpg 1024w, https:\/\/www.trampicturebook.de\/wordpress\/wp-content\/uploads\/2023\/07\/BS1-600x283.jpg 600w, https:\/\/www.trampicturebook.de\/wordpress\/wp-content\/uploads\/2023\/07\/BS1-300x142.jpg 300w, https:\/\/www.trampicturebook.de\/wordpress\/wp-content\/uploads\/2023\/07\/BS1-768x363.jpg 768w, https:\/\/www.trampicturebook.de\/wordpress\/wp-content\/uploads\/2023\/07\/BS1-150x71.jpg 150w, https:\/\/www.trampicturebook.de\/wordpress\/wp-content\/uploads\/2023\/07\/BS1.jpg 1321w\" sizes=\"auto, (max-width: 1024px) 100vw, 1024px\" \/><\/figure>\n\n\n\n<figure class=\"wp-block-image size-full\"><img loading=\"lazy\" decoding=\"async\" width=\"980\" height=\"654\" src=\"https:\/\/www.trampicturebook.de\/wordpress\/wp-content\/uploads\/2023\/07\/BS2-1.jpg\" alt=\"\" class=\"wp-image-6446\" srcset=\"https:\/\/www.trampicturebook.de\/wordpress\/wp-content\/uploads\/2023\/07\/BS2-1.jpg 980w, https:\/\/www.trampicturebook.de\/wordpress\/wp-content\/uploads\/2023\/07\/BS2-1-600x400.jpg 600w, https:\/\/www.trampicturebook.de\/wordpress\/wp-content\/uploads\/2023\/07\/BS2-1-300x200.jpg 300w, https:\/\/www.trampicturebook.de\/wordpress\/wp-content\/uploads\/2023\/07\/BS2-1-768x513.jpg 768w, https:\/\/www.trampicturebook.de\/wordpress\/wp-content\/uploads\/2023\/07\/BS2-1-150x100.jpg 150w\" sizes=\"auto, (max-width: 980px) 100vw, 980px\" \/><\/figure>\n\n\n\n<figure class=\"wp-block-image size-full\"><img loading=\"lazy\" decoding=\"async\" width=\"982\" height=\"692\" src=\"https:\/\/www.trampicturebook.de\/wordpress\/wp-content\/uploads\/2023\/07\/bs3.jpg\" alt=\"\" class=\"wp-image-6447\" srcset=\"https:\/\/www.trampicturebook.de\/wordpress\/wp-content\/uploads\/2023\/07\/bs3.jpg 982w, https:\/\/www.trampicturebook.de\/wordpress\/wp-content\/uploads\/2023\/07\/bs3-600x423.jpg 600w, https:\/\/www.trampicturebook.de\/wordpress\/wp-content\/uploads\/2023\/07\/bs3-300x211.jpg 300w, https:\/\/www.trampicturebook.de\/wordpress\/wp-content\/uploads\/2023\/07\/bs3-768x541.jpg 768w, https:\/\/www.trampicturebook.de\/wordpress\/wp-content\/uploads\/2023\/07\/bs3-150x106.jpg 150w\" sizes=\"auto, (max-width: 982px) 100vw, 982px\" \/><\/figure>\n\n\n\n<figure class=\"wp-block-image size-full\"><img loading=\"lazy\" decoding=\"async\" width=\"961\" height=\"243\" src=\"https:\/\/www.trampicturebook.de\/wordpress\/wp-content\/uploads\/2023\/07\/bs4.jpg\" alt=\"\" class=\"wp-image-6448\" srcset=\"https:\/\/www.trampicturebook.de\/wordpress\/wp-content\/uploads\/2023\/07\/bs4.jpg 961w, https:\/\/www.trampicturebook.de\/wordpress\/wp-content\/uploads\/2023\/07\/bs4-600x152.jpg 600w, https:\/\/www.trampicturebook.de\/wordpress\/wp-content\/uploads\/2023\/07\/bs4-300x76.jpg 300w, https:\/\/www.trampicturebook.de\/wordpress\/wp-content\/uploads\/2023\/07\/bs4-768x194.jpg 768w, https:\/\/www.trampicturebook.de\/wordpress\/wp-content\/uploads\/2023\/07\/bs4-150x38.jpg 150w\" sizes=\"auto, (max-width: 961px) 100vw, 961px\" \/><\/figure>\n\n\n\n<hr class=\"wp-block-separator has-alpha-channel-opacity\"\/>\n\n\n\n<p><a href=\"https:\/\/www.amazon.de\/gp\/customer-reviews\/R1KQ0YM0URDC64\/ref=cm_cr_dp_d_rvw_ttl?ie=UTF8&amp;ASIN=3947848560\">Dramatische Scenen gleich im ersten Kapitel <\/a>Rezension (bei Amazon) aus Deutschland vom 27. Juli 2023<\/p>\n\n\n\n<p>Bemerkenswert sind die pr\u00e4zisen Recherchen, die bis in die Nachkriegszeit gehen und schlie\u00dflich einen Cold Case aufdecken. Hinzu kommen aktuelle Anschl\u00e4ge. Die Psyche des Verd\u00e4chtigen wird hervorragend herausgearbeitet. Spannung bis zum Schluss.<\/p>\n\n\n\n<hr class=\"wp-block-separator has-alpha-channel-opacity\"\/>\n\n\n\n<p><\/p>\n\n\n\n<h3 class=\"wp-block-heading\">Dramatische Szenen gleich im ersten Kapitel<\/h3>\n\n\n\n<p>Hans am 06.08.2023<br>Bewertet: Buch (Taschenbuch)<\/p>\n\n\n\n<p>Schon das Cover, geschaffen von der K\u00fcnstlerin und Autorin selbst, l\u00e4sst den Leser eintauchen in die Geschichte eines westf\u00e4lischen Bauernhofes, in dem, verborgen in einer Vorratsh\u00f6hle, ein altes Skelett gefunden wird. Die Ermittler, Elisa Fuchs und Max Teufel, seit \u201aFuchsteufelsmord\u2018 ein Liebespaar, unterst\u00fctzen die Sonderkomission \u201aRemisenmord\u2018 aus M\u00fcnster. Es ist wie ein Stich ins Wespennest. Alles kommt ans Tageslicht, die b\u00f6sen Nachwirkungen, gesponnen aus gekr\u00e4nkter Liebe, Eifersucht und der Lust, andere zu qu\u00e4len. Bemerkenswert sind die pr\u00e4zisen Recherchen, die bis in die Nachkriegszeit gehen und schlie\u00dflich einen Cold Case aufdecken. Hinzu kommen aktuelle Anschl\u00e4ge. Die Psyche des Verd\u00e4chtigen wird hervorragend herausgearbeitet. Spannung bis zum Schluss.<\/p>\n\n\n\n<hr class=\"wp-block-separator has-alpha-channel-opacity\"\/>\n\n\n<div class=\"wp-block-image\">\n<figure class=\"aligncenter size-full\"><img loading=\"lazy\" decoding=\"async\" width=\"509\" height=\"720\" src=\"https:\/\/www.trampicturebook.de\/wordpress\/wp-content\/uploads\/2023\/11\/BStewen.jpg\" alt=\"\" class=\"wp-image-7084\" srcset=\"https:\/\/www.trampicturebook.de\/wordpress\/wp-content\/uploads\/2023\/11\/BStewen.jpg 509w, https:\/\/www.trampicturebook.de\/wordpress\/wp-content\/uploads\/2023\/11\/BStewen-212x300.jpg 212w, https:\/\/www.trampicturebook.de\/wordpress\/wp-content\/uploads\/2023\/11\/BStewen-106x150.jpg 106w\" sizes=\"auto, (max-width: 509px) 100vw, 509px\" \/><\/figure>\n<\/div>","protected":false},"excerpt":{"rendered":"<p>von Barbara Stewen In einem Jahrhunderte alten Bauernhof im M\u00fcnsterland wurde bei Abrissarbeiten eine grausige Entdeckung gemacht. In einer bisher unbekannten unterirdischen&nbsp;Grube liegt ein Jahrzehnte altes menschliches Skelett.&nbsp;Es scheint, als ob die Zeit sekundenlang still steht, bis einsetzender Sturzregen als Taufe des B\u00f6sen vom Himmel prasselt.Wasserb\u00e4che vermischen sich mit einem&#8230;<\/p>\n<p> <a class=\"continue-reading-link\" href=\"https:\/\/www.trampicturebook.de\/wordpress\/fremde-schwester-2\/\"><span>Continue reading<\/span><i class=\"crycon-right-dir\"><\/i><\/a> <\/p>\n","protected":false},"author":1,"featured_media":0,"parent":0,"menu_order":0,"comment_status":"closed","ping_status":"closed","template":"","meta":{"footnotes":""},"categories":[32],"tags":[],"folder":[23],"class_list":["post-4777","page","type-page","status-publish","hentry","category-kriminalroman"],"jetpack_sharing_enabled":true,"_links":{"self":[{"href":"https:\/\/www.trampicturebook.de\/wordpress\/wp-json\/wp\/v2\/pages\/4777","targetHints":{"allow":["GET"]}}],"collection":[{"href":"https:\/\/www.trampicturebook.de\/wordpress\/wp-json\/wp\/v2\/pages"}],"about":[{"href":"https:\/\/www.trampicturebook.de\/wordpress\/wp-json\/wp\/v2\/types\/page"}],"author":[{"embeddable":true,"href":"https:\/\/www.trampicturebook.de\/wordpress\/wp-json\/wp\/v2\/users\/1"}],"replies":[{"embeddable":true,"href":"https:\/\/www.trampicturebook.de\/wordpress\/wp-json\/wp\/v2\/comments?post=4777"}],"version-history":[{"count":8,"href":"https:\/\/www.trampicturebook.de\/wordpress\/wp-json\/wp\/v2\/pages\/4777\/revisions"}],"predecessor-version":[{"id":7731,"href":"https:\/\/www.trampicturebook.de\/wordpress\/wp-json\/wp\/v2\/pages\/4777\/revisions\/7731"}],"wp:attachment":[{"href":"https:\/\/www.trampicturebook.de\/wordpress\/wp-json\/wp\/v2\/media?parent=4777"}],"wp:term":[{"taxonomy":"category","embeddable":true,"href":"https:\/\/www.trampicturebook.de\/wordpress\/wp-json\/wp\/v2\/categories?post=4777"},{"taxonomy":"post_tag","embeddable":true,"href":"https:\/\/www.trampicturebook.de\/wordpress\/wp-json\/wp\/v2\/tags?post=4777"},{"taxonomy":"folder","embeddable":true,"href":"https:\/\/www.trampicturebook.de\/wordpress\/wp-json\/wp\/v2\/folder?post=4777"}],"curies":[{"name":"wp","href":"https:\/\/api.w.org\/{rel}","templated":true}]}}