{"id":4890,"date":"2022-07-26T18:16:17","date_gmt":"2022-07-26T16:16:17","guid":{"rendered":"https:\/\/www.trampicturebook.de\/wordpress\/?page_id=4890"},"modified":"2024-11-27T00:45:09","modified_gmt":"2024-11-26T23:45:09","slug":"sommeridiot","status":"publish","type":"page","link":"https:\/\/www.trampicturebook.de\/wordpress\/sommeridiot\/","title":{"rendered":"Sommeridiot"},"content":{"rendered":"\n<div class=\"wp-block-columns is-layout-flex wp-container-core-columns-is-layout-9d6595d7 wp-block-columns-is-layout-flex\">\n<div class=\"wp-block-column is-layout-flow wp-block-column-is-layout-flow\" style=\"flex-basis:33.33%\"><div class=\"wp-block-image\">\n<figure class=\"aligncenter size-full is-resized\"><a href=\"https:\/\/www.trampicturebook.de\/wordpress\/wp-content\/uploads\/2022\/07\/U1-Y800.jpg\"><img loading=\"lazy\" decoding=\"async\" src=\"https:\/\/www.trampicturebook.de\/wordpress\/wp-content\/uploads\/2022\/07\/U1-Y800.jpg\" alt=\"\" class=\"wp-image-4886\" style=\"width:227px;height:358px\" width=\"227\" height=\"358\"\/><\/a><\/figure>\n<\/div><\/div>\n\n\n\n<div class=\"wp-block-column is-layout-flow wp-block-column-is-layout-flow\" style=\"flex-basis:66.66%\">\n<p>Dr. <a href=\"https:\/\/www.trampicturebook.de\/wordpress\/ludger-fischer\/\" data-type=\"page\" data-id=\"4819\">Ludger Fischer<\/a>: \u201eSommeridiot &#8211; Eine viel zu katholische Jugend im Ruhrgebiet\u201c<br>Idioten gibt es viele, auch in der Literatur: bei Dostojewski, bei Eckhard Henscheid, bei Tommy Jaud. Es gibt aber nur einen Sommeridioten. Beim ersten Sonnenstrahl im M\u00e4rz zieht er seine kurze Hose an. \u00bbDu bist doch wohl kein Sommeridiot\u00ab, f\u00fcrchtet seine Mutter. Er w\u00e4chst in den Sechziger Jahren in Essen auf. Da durchleidet er seine Kindheit. Er findet sie viel zu katholisch. Irgendwann entwickelt er die bekloppte Idee, dass er bei seiner Geburt vertauscht worden sei. In Wirklichkeit sei er n\u00e4mlich ein Spross der Krupp-Familie. Idiotisch! Sommeridiotisch!<br><\/p>\n\n\n\n<p>Das Buch enth\u00e4lt 30 Fotos.<\/p>\n\n\n\n<p>ISBN 978-3-947848-68-3, 240 S., 14,00\u20ac<br><\/p>\n<\/div>\n<\/div>\n\n\n\n<div class=\"wp-block-columns is-layout-flex wp-container-core-columns-is-layout-9d6595d7 wp-block-columns-is-layout-flex\">\n<div class=\"wp-block-column is-layout-flow wp-block-column-is-layout-flow\"><div class=\"wp-block-image\">\n<figure class=\"aligncenter size-large\"><img loading=\"lazy\" decoding=\"async\" width=\"1024\" height=\"407\" src=\"https:\/\/www.trampicturebook.de\/wordpress\/wp-content\/uploads\/2022\/08\/Interview-1024x407.jpg\" alt=\"\" class=\"wp-image-5020\" srcset=\"https:\/\/www.trampicturebook.de\/wordpress\/wp-content\/uploads\/2022\/08\/Interview-1024x407.jpg 1024w, https:\/\/www.trampicturebook.de\/wordpress\/wp-content\/uploads\/2022\/08\/Interview-600x239.jpg 600w, https:\/\/www.trampicturebook.de\/wordpress\/wp-content\/uploads\/2022\/08\/Interview-300x119.jpg 300w, https:\/\/www.trampicturebook.de\/wordpress\/wp-content\/uploads\/2022\/08\/Interview-768x305.jpg 768w, https:\/\/www.trampicturebook.de\/wordpress\/wp-content\/uploads\/2022\/08\/Interview-1536x611.jpg 1536w, https:\/\/www.trampicturebook.de\/wordpress\/wp-content\/uploads\/2022\/08\/Interview-150x60.jpg 150w, https:\/\/www.trampicturebook.de\/wordpress\/wp-content\/uploads\/2022\/08\/Interview.jpg 1715w\" sizes=\"auto, (max-width: 1024px) 100vw, 1024px\" \/><figcaption class=\"wp-element-caption\">Interview mit den Werdener Nachrichten vom 12.08 2022<\/figcaption><\/figure>\n<\/div>\n\n<a href=\"https:\/\/www.trampicturebook.de\/wordpress\/wp-content\/uploads\/2023\/03\/Sommeridiot_im_Kloster_Saarn_WerdenerNachrichten24Maerz2023.pdf\" class=\"pdfemb-viewer\" style=\"\" data-width=\"max\" data-height=\"max\" data-toolbar=\"bottom\" data-toolbar-fixed=\"off\">Sommeridiot_im_Kloster_Saarn_WerdenerNachrichten24Maerz2023<\/a>\n<p class=\"wp-block-pdfemb-pdf-embedder-viewer\"><\/p>\n<\/div>\n<\/div>\n\n\n<div class=\"wp-block-image\">\n<figure class=\"aligncenter size-large is-resized\"><img loading=\"lazy\" decoding=\"async\" src=\"https:\/\/www.trampicturebook.de\/wordpress\/wp-content\/uploads\/2022\/09\/Rezi-Amazon-1-1024x226.jpg\" alt=\"\" class=\"wp-image-5096\" style=\"width:625px;height:138px\" width=\"625\" height=\"138\"\/><\/figure>\n<\/div>\n\n<div class=\"wp-block-image\">\n<figure class=\"aligncenter size-full\"><img loading=\"lazy\" decoding=\"async\" width=\"452\" height=\"777\" src=\"https:\/\/www.trampicturebook.de\/wordpress\/wp-content\/uploads\/2023\/05\/Screenshot-2023-05-13-at-16-29-17-page0010.pdf-1.png\" alt=\"\" class=\"wp-image-6131\" srcset=\"https:\/\/www.trampicturebook.de\/wordpress\/wp-content\/uploads\/2023\/05\/Screenshot-2023-05-13-at-16-29-17-page0010.pdf-1.png 452w, https:\/\/www.trampicturebook.de\/wordpress\/wp-content\/uploads\/2023\/05\/Screenshot-2023-05-13-at-16-29-17-page0010.pdf-1-175x300.png 175w, https:\/\/www.trampicturebook.de\/wordpress\/wp-content\/uploads\/2023\/05\/Screenshot-2023-05-13-at-16-29-17-page0010.pdf-1-87x150.png 87w\" sizes=\"auto, (max-width: 452px) 100vw, 452px\" \/><\/figure>\n<\/div>\n\n\n<p><\/p>\n\n\n\n<p><\/p>\n\n\n\n<p><strong>Sommeridiot<\/strong>:<br>Freiwillig beten f\u00fcr Pl\u00e4tzkes F\u00fcr Kuchen und Appeltate und Sahnetorte und Pl\u00e4tzkes<br>mussten wir nicht beten. Ommas s\u00fc\u00dfes Geb\u00e4ck war ohnehin g\u00f6ttlich. <br>Zum Ludgerusfest im September machte sie immer eine Waddische Appeltate. <br>Ihre Appeltate machte meine Omma nicht in einer tiefen Kuchenform, sondern auf einem Backblech. <br>Da kam zuerst Teig drauf, dann die Apfel-Rosinen-Zimt-Masse und da drauf legte sie rauten f\u00f6rmig schmale Teigstreifen. Die sahen aus wie das Gitter im Beicht stuhl, durch das ich meine m\u00fchsam zusammengelogenen Beichten aufsagte. Und ein paar Wochen vor Weihnachten, wenn auch die Engel ihre Back\u00f6fen anwarfen und der Himmel \u00fcber Schuir ganz rot war, wurden Pl\u00e4tzkes gebacken. Vorwiegend Spritzgeb\u00e4ck. Spritzgeb\u00e4ck war das allerleckerste Geb\u00e4ck. Ich durfte beim Backen helfen. Omma quetschte den Teig oben in den Fleischwolf rein, kurbelte und dann kam unten ein fast schon fertiges Pl\u00e4tzken raus. Ich durfte es abnehmen und gaaanz vorsichtig aufs Backblech legen. \u201eGanz dicht neben die anderen. Aber nicht zu dicht, die gehen ja noch auf.\u201c Und dann noch eins. Und dann noch eins. Und dann noch eins, bis das Backblech voll war. Das sah schon sehr sch\u00f6n aus! <br>Beim Sauber machen des Fleischwolfs fiel besonders in der Schnecke noch ganz viel Teig an, den ich ungebacken schlecken durfte. G\u00f6ttlich! Und die sehr sch\u00f6n unregelm\u00e4\u00dfig gebackenen Pl\u00e4tzkes <br>\u2013 die, die hinten lagen, waren immer viel dunkler als die, die vorne lagen \u2013 durfte ich dann \u2013 <br>sparsam! \u2013 mit Schokolade bepinseln. Bis Weihnachten w\u00e4ren meistens keine Pl\u00e4tzkes mehr da gewesen, weil ich ja wusste, wo die versteckt waren und weil ich bis Weihnachten einfach nicht abwarten konnte. Irgendwo hatte Omma aber noch eine total geheimes Geheimversteck und aus dem kamen die Pl\u00e4tzkes, die wir am ersten Weihnachtstag verputzten. Am zweiten waren n\u00e4mlich schon keine mehr da. F\u00fcr die himmlischen Pl\u00e4tzkes  von Omma h\u00e4tte ich sogar freiwillig gebetet.<br><\/p>\n","protected":false},"excerpt":{"rendered":"<p>Dr. Ludger Fischer: \u201eSommeridiot &#8211; Eine viel zu katholische Jugend im Ruhrgebiet\u201cIdioten gibt es viele, auch in der Literatur: bei Dostojewski, bei Eckhard Henscheid, bei Tommy Jaud. Es gibt aber nur einen Sommeridioten. Beim ersten Sonnenstrahl im M\u00e4rz zieht er seine kurze Hose an. \u00bbDu bist doch wohl kein Sommeridiot\u00ab,&#8230;<\/p>\n<p> <a class=\"continue-reading-link\" href=\"https:\/\/www.trampicturebook.de\/wordpress\/sommeridiot\/\"><span>Continue reading<\/span><i class=\"crycon-right-dir\"><\/i><\/a> <\/p>\n","protected":false},"author":1,"featured_media":0,"parent":0,"menu_order":0,"comment_status":"closed","ping_status":"closed","template":"","meta":{"footnotes":""},"categories":[],"tags":[],"folder":[28],"class_list":["post-4890","page","type-page","status-publish","hentry"],"jetpack_sharing_enabled":true,"_links":{"self":[{"href":"https:\/\/www.trampicturebook.de\/wordpress\/wp-json\/wp\/v2\/pages\/4890","targetHints":{"allow":["GET"]}}],"collection":[{"href":"https:\/\/www.trampicturebook.de\/wordpress\/wp-json\/wp\/v2\/pages"}],"about":[{"href":"https:\/\/www.trampicturebook.de\/wordpress\/wp-json\/wp\/v2\/types\/page"}],"author":[{"embeddable":true,"href":"https:\/\/www.trampicturebook.de\/wordpress\/wp-json\/wp\/v2\/users\/1"}],"replies":[{"embeddable":true,"href":"https:\/\/www.trampicturebook.de\/wordpress\/wp-json\/wp\/v2\/comments?post=4890"}],"version-history":[{"count":30,"href":"https:\/\/www.trampicturebook.de\/wordpress\/wp-json\/wp\/v2\/pages\/4890\/revisions"}],"predecessor-version":[{"id":8417,"href":"https:\/\/www.trampicturebook.de\/wordpress\/wp-json\/wp\/v2\/pages\/4890\/revisions\/8417"}],"wp:attachment":[{"href":"https:\/\/www.trampicturebook.de\/wordpress\/wp-json\/wp\/v2\/media?parent=4890"}],"wp:term":[{"taxonomy":"category","embeddable":true,"href":"https:\/\/www.trampicturebook.de\/wordpress\/wp-json\/wp\/v2\/categories?post=4890"},{"taxonomy":"post_tag","embeddable":true,"href":"https:\/\/www.trampicturebook.de\/wordpress\/wp-json\/wp\/v2\/tags?post=4890"},{"taxonomy":"folder","embeddable":true,"href":"https:\/\/www.trampicturebook.de\/wordpress\/wp-json\/wp\/v2\/folder?post=4890"}],"curies":[{"name":"wp","href":"https:\/\/api.w.org\/{rel}","templated":true}]}}