{"id":4942,"date":"2022-07-31T01:07:54","date_gmt":"2022-07-30T23:07:54","guid":{"rendered":"https:\/\/www.trampicturebook.de\/wordpress\/?page_id=4942"},"modified":"2024-11-27T00:38:38","modified_gmt":"2024-11-26T23:38:38","slug":"tote-friesen-raechen-sich","status":"publish","type":"page","link":"https:\/\/www.trampicturebook.de\/wordpress\/tote-friesen-raechen-sich\/","title":{"rendered":"Tote Friesen r\u00e4chen sich"},"content":{"rendered":"\n<div class=\"wp-block-columns is-layout-flex wp-container-core-columns-is-layout-9d6595d7 wp-block-columns-is-layout-flex\">\n<div class=\"wp-block-column is-layout-flow wp-block-column-is-layout-flow\" style=\"flex-basis:33.33%\"><div class=\"wp-block-image\">\n<figure class=\"aligncenter size-full is-resized\"><a href=\"https:\/\/www.trampicturebook.de\/wordpress\/wp-content\/uploads\/2022\/07\/U1-Y800-2.jpg\" target=\"_blank\" rel=\"noreferrer noopener\"><img loading=\"lazy\" decoding=\"async\" width=\"513\" height=\"800\" src=\"https:\/\/www.trampicturebook.de\/wordpress\/wp-content\/uploads\/2022\/07\/U1-Y800-2.jpg\" alt=\"\" class=\"wp-image-4933\" style=\"width:198px;height:308px\" srcset=\"https:\/\/www.trampicturebook.de\/wordpress\/wp-content\/uploads\/2022\/07\/U1-Y800-2.jpg 513w, https:\/\/www.trampicturebook.de\/wordpress\/wp-content\/uploads\/2022\/07\/U1-Y800-2-192x300.jpg 192w, https:\/\/www.trampicturebook.de\/wordpress\/wp-content\/uploads\/2022\/07\/U1-Y800-2-96x150.jpg 96w\" sizes=\"auto, (max-width: 513px) 100vw, 513px\" \/><\/a><\/figure>\n<\/div><\/div>\n\n\n\n<div class=\"wp-block-column is-layout-flow wp-block-column-is-layout-flow\" style=\"flex-basis:66.66%\">\n<p>Ein Friesland-Krimi von Sonja und <a href=\"https:\/\/www.trampicturebook.de\/wordpress\/stefan-wittenfeld\/\" data-type=\"page\" data-id=\"4627\">Stefan Wittenfeld<\/a>.<\/p>\n\n\n\n<p>Friesische Gelassenheit? Regina Langstetten reichts. Die Alkoholkrankheit ihres Mannes hat ihr Leben zerst\u00f6rt und die Chance auf eine gl\u00e4nzende Zukunft zunichte gemacht. In ihr w\u00e4chst die Wut und mit der Wut steigt der Durst nach Rache in ihr auf. Rache f\u00fcr eine zerst\u00f6rte Zukunft, f\u00fcr schlaflose N\u00e4chte, Zukunfts\u00e4ngste und peinliche Situationen. Ein gerissener Plan reift in ihr, der ihren Mann f\u00fcr Jahre ins Gef\u00e4ngnis bringen soll.<\/p>\n\n\n\n<p>Werden Hauptkommissar Reno Tierhagen, Oberkommissarin Wiebke Dunkler und Kommissarin Jennifer Weichenbaum diesen schwierigen Fall l\u00f6sen?<\/p>\n\n\n\n<p>Print: ISBN 978-3-947848-60-7, 268 Seiten<br>eBook: ISBN 978-3-947848-61-4<\/p>\n<\/div>\n<\/div>\n\n\n\n<hr class=\"wp-block-separator has-alpha-channel-opacity\"\/>\n\n\n\n<p><a href=\"https:\/\/www.amazon.de\/gp\/profile\/amzn1.account.AHJQ227L6TXYCNQXAWH5A6SMRFQA\/ref=cm_cr_dp_d_gw_tr?ie=UTF8\"><\/a><\/p>\n\n\n\n<p>Lena Erler<\/p>\n\n\n\n<p><em>5,0 von 5 Sternen<\/em> <br><strong>Ein herrlich Friesischer Kriminalroman!<\/strong><\/p>\n\n\n\n<p>Rezension aus Deutschland vom 13. Mai 2024<\/p>\n\n\n\n<p>Mit Freude und Neugier habe ich auf den neuen Fall f\u00fcr Reno Tierhagen &amp; Co. gewartet. Ich wurde nicht entt\u00e4uscht! Die Geschichte, geschrieben von Sonja und Stefan Wittenfeld, ist atmosph\u00e4risch und spannend, mit facettenreichem Plot und einer effektvollen Aufl\u00f6sung dank der detaillierten, aber nie langweiligen Polizeiarbeit. Am meisten haben mir wieder die lebendigen und sympathischen Hauptfiguren gefallen, einzigartig und liebevoll ausgearbeitet. Und wie auch beim ersten Krimi \u201eTote Friesen singen nicht\u201c (Stefan Wittenfeld) ist eine besondere Protagonistin, n\u00e4mlich die s\u00fcsse Polizeihundin Sleepy nicht zu untersch\u00e4tzen! Ausserdem war es eine gute Idee von den Autoren, mit einigen \u201eFlashbacks\u201c den vorherigen Krimifall nochmal aufrollen zu lassen. Krimitechnisch gesehen kann man sagen, die Geschichte \u201eTote Friesen r\u00e4chen sich\u201c ist im Stil von \u201eInspektor Columbo\u201c geschrieben, und ohne zu spoilern sage ich nur: wer den legend\u00e4ren Detective kennt, wird verstehen was ich damit meine. Eine klare Leseempfehlung!<\/p>\n\n\n\n<figure class=\"wp-block-image\"><a href=\"javascript:void(0)\"><img decoding=\"async\" src=\"https:\/\/m.media-amazon.com\/images\/I\/71satoMQ70L._SY88.jpg\" alt=\"Kundenbild\"\/><\/a><\/figure>\n\n\n\n<p><a href=\"https:\/\/www.amazon.de\/ap\/signin?openid.return_to=https%3A%2F%2Fwww.amazon.de%2Fdp%2F3947848609%2Fref%3Dcm_cr_dp_d_vote_lft%3Fie%3DUTF8%26csrfT%3DhIyB86fhrOpLSso5yuXvBTreCgcsrda6XzZsY%252B7qOjdvAAAAAGZQyB8AAAAB%26reviewId%3DR1DYCZF86NHIZ1%23R1DYCZF86NHIZ1&amp;openid.identity=http%3A%2F%2Fspecs.openid.net%2Fauth%2F2.0%2Fidentifier_select&amp;openid.assoc_handle=deflex&amp;openid.mode=checkid_setup&amp;marketPlaceId=A1PA6795UKMFR9&amp;language=de&amp;openid.claimed_id=http%3A%2F%2Fspecs.openid.net%2Fauth%2F2.0%2Fidentifier_select&amp;openid.ns=http%3A%2F%2Fspecs.openid.net%2Fauth%2F2.0\"><\/a><\/p>\n\n\n\n<p><\/p>\n","protected":false},"excerpt":{"rendered":"<p>Ein Friesland-Krimi von Sonja und Stefan Wittenfeld. Friesische Gelassenheit? Regina Langstetten reichts. Die Alkoholkrankheit ihres Mannes hat ihr Leben zerst\u00f6rt und die Chance auf eine gl\u00e4nzende Zukunft zunichte gemacht. In ihr w\u00e4chst die Wut und mit der Wut steigt der Durst nach Rache in ihr auf. Rache f\u00fcr eine zerst\u00f6rte&#8230;<\/p>\n<p> <a class=\"continue-reading-link\" href=\"https:\/\/www.trampicturebook.de\/wordpress\/tote-friesen-raechen-sich\/\"><span>Continue reading<\/span><i class=\"crycon-right-dir\"><\/i><\/a> <\/p>\n","protected":false},"author":1,"featured_media":0,"parent":0,"menu_order":0,"comment_status":"closed","ping_status":"closed","template":"","meta":{"footnotes":""},"categories":[32,40],"tags":[],"folder":[23],"class_list":["post-4942","page","type-page","status-publish","hentry","category-kriminalroman","category-urlaubskrimi"],"jetpack_sharing_enabled":true,"_links":{"self":[{"href":"https:\/\/www.trampicturebook.de\/wordpress\/wp-json\/wp\/v2\/pages\/4942","targetHints":{"allow":["GET"]}}],"collection":[{"href":"https:\/\/www.trampicturebook.de\/wordpress\/wp-json\/wp\/v2\/pages"}],"about":[{"href":"https:\/\/www.trampicturebook.de\/wordpress\/wp-json\/wp\/v2\/types\/page"}],"author":[{"embeddable":true,"href":"https:\/\/www.trampicturebook.de\/wordpress\/wp-json\/wp\/v2\/users\/1"}],"replies":[{"embeddable":true,"href":"https:\/\/www.trampicturebook.de\/wordpress\/wp-json\/wp\/v2\/comments?post=4942"}],"version-history":[{"count":7,"href":"https:\/\/www.trampicturebook.de\/wordpress\/wp-json\/wp\/v2\/pages\/4942\/revisions"}],"predecessor-version":[{"id":8414,"href":"https:\/\/www.trampicturebook.de\/wordpress\/wp-json\/wp\/v2\/pages\/4942\/revisions\/8414"}],"wp:attachment":[{"href":"https:\/\/www.trampicturebook.de\/wordpress\/wp-json\/wp\/v2\/media?parent=4942"}],"wp:term":[{"taxonomy":"category","embeddable":true,"href":"https:\/\/www.trampicturebook.de\/wordpress\/wp-json\/wp\/v2\/categories?post=4942"},{"taxonomy":"post_tag","embeddable":true,"href":"https:\/\/www.trampicturebook.de\/wordpress\/wp-json\/wp\/v2\/tags?post=4942"},{"taxonomy":"folder","embeddable":true,"href":"https:\/\/www.trampicturebook.de\/wordpress\/wp-json\/wp\/v2\/folder?post=4942"}],"curies":[{"name":"wp","href":"https:\/\/api.w.org\/{rel}","templated":true}]}}