{"id":5571,"date":"2022-12-31T16:17:39","date_gmt":"2022-12-31T15:17:39","guid":{"rendered":"https:\/\/www.trampicturebook.de\/wordpress\/?page_id=5571"},"modified":"2024-05-22T16:07:34","modified_gmt":"2024-05-22T14:07:34","slug":"kirsten-weinhold","status":"publish","type":"page","link":"https:\/\/www.trampicturebook.de\/wordpress\/kirsten-weinhold\/","title":{"rendered":"Kirsten Weinhold"},"content":{"rendered":"\n<div class=\"wp-block-columns is-layout-flex wp-container-core-columns-is-layout-9d6595d7 wp-block-columns-is-layout-flex\">\n<div class=\"wp-block-column is-layout-flow wp-block-column-is-layout-flow\" style=\"flex-basis:33.33%\"><div class=\"wp-block-image is-resized\">\n<figure class=\"aligncenter size-full\"><img loading=\"lazy\" decoding=\"async\" width=\"819\" height=\"1000\" src=\"https:\/\/www.trampicturebook.de\/wordpress\/wp-content\/uploads\/2023\/01\/Weinhold-Y1000.jpg\" alt=\"\" class=\"wp-image-5576\" srcset=\"https:\/\/www.trampicturebook.de\/wordpress\/wp-content\/uploads\/2023\/01\/Weinhold-Y1000.jpg 819w, https:\/\/www.trampicturebook.de\/wordpress\/wp-content\/uploads\/2023\/01\/Weinhold-Y1000-600x733.jpg 600w, https:\/\/www.trampicturebook.de\/wordpress\/wp-content\/uploads\/2023\/01\/Weinhold-Y1000-246x300.jpg 246w, https:\/\/www.trampicturebook.de\/wordpress\/wp-content\/uploads\/2023\/01\/Weinhold-Y1000-768x938.jpg 768w, https:\/\/www.trampicturebook.de\/wordpress\/wp-content\/uploads\/2023\/01\/Weinhold-Y1000-123x150.jpg 123w\" sizes=\"auto, (max-width: 819px) 100vw, 819px\" \/><\/figure>\n<\/div><\/div>\n\n\n\n<div class=\"wp-block-column is-layout-flow wp-block-column-is-layout-flow\" style=\"flex-basis:66.66%\">\n<p>Kirsten Weinhold wurde am 07. Mai 1960 am M\u00f6hnesee geboren. Sie lebt mit ihrem Mann und Hund Cosmo in der Soester B\u00f6rde.<br>Nachdem sie ihr Studium der Wirtschaftswissenschaften abgeschlossen hatte, promovierte sie im Bereich Personalwirtschaft und macht sich als Business-Coach und Mediatorin selbstst\u00e4ndig.<\/p>\n\n\n\n<p>Ihr Krimi RACHESEELE, der erste Band ihrer Cornwall-Krimitrilogie erschien 2021.<\/p>\n\n\n\n<p>Das Verfassen von Texten jedweder Art war und ist f\u00fcr sie eine Selbstverst\u00e4ndlichkeit in ihrem Alltag. Doch erst in der Pandemie fand sie Zeit und Mu\u00dfe einen Roman zu schreiben und im Selbstverlag zu ver\u00f6ffentlichen. <\/p>\n\n\n\n<p>2023 erschien ihr Krimi &#8222;Tod am Yacht Club&#8220; im Ruhrkrimi-Verlag und 2024 wird &#8222;Isleen &#8211; T\u00f6dliche Seligkeit&#8220; erscheinen.<\/p>\n\n\n\n<p>Sie liebt lange Spazierg\u00e4nge mit dem Hund sowie England und seine Krimiliteratur. Entspannung findet sie paddelnd oder segelnd auf dem M\u00f6hnesee.<\/p>\n\n\n\n<p><a href=\"https:\/\/www.nrwision.de\/mediathek\/wortwischer-leipziger-buchmesse-2024-kirsten-weinhold-mord-am-yacht-club-240306\/\" target=\"_blank\" rel=\"noreferrer noopener\">Interview mit Kirsten Weinhold und Uwe Wittenfeld von Linn Schiffmann<\/a><\/p>\n<\/div>\n<\/div>\n\n\n\n<div class=\"wp-block-columns is-layout-flex wp-container-core-columns-is-layout-9d6595d7 wp-block-columns-is-layout-flex\">\n<div class=\"wp-block-column is-layout-flow wp-block-column-is-layout-flow\"><div class=\"wp-block-image\">\n<figure class=\"alignright size-full\"><a href=\"https:\/\/www.moerderische-schwestern.eu\/start\/\" target=\"_blank\" rel=\"noreferrer noopener\"><img loading=\"lazy\" decoding=\"async\" width=\"209\" height=\"124\" src=\"https:\/\/www.trampicturebook.de\/wordpress\/wp-content\/uploads\/2022\/12\/mordschwest.jpg\" alt=\"\" class=\"wp-image-5526\" srcset=\"https:\/\/www.trampicturebook.de\/wordpress\/wp-content\/uploads\/2022\/12\/mordschwest.jpg 209w, https:\/\/www.trampicturebook.de\/wordpress\/wp-content\/uploads\/2022\/12\/mordschwest-150x89.jpg 150w\" sizes=\"auto, (max-width: 209px) 100vw, 209px\" \/><\/a><\/figure>\n<\/div><\/div>\n\n\n\n<div class=\"wp-block-column is-layout-flow wp-block-column-is-layout-flow\"><div class=\"wp-block-image\">\n<figure class=\"alignleft size-full\"><a href=\"https:\/\/www.das-syndikat.com\/\" target=\"_blank\" rel=\"noreferrer noopener\"><img loading=\"lazy\" decoding=\"async\" width=\"210\" height=\"112\" src=\"https:\/\/www.trampicturebook.de\/wordpress\/wp-content\/uploads\/2022\/04\/syndikat.png\" alt=\"\" class=\"wp-image-4534\" srcset=\"https:\/\/www.trampicturebook.de\/wordpress\/wp-content\/uploads\/2022\/04\/syndikat.png 210w, https:\/\/www.trampicturebook.de\/wordpress\/wp-content\/uploads\/2022\/04\/syndikat-150x80.png 150w\" sizes=\"auto, (max-width: 210px) 100vw, 210px\" \/><\/a><\/figure>\n<\/div><\/div>\n<\/div>\n\n\n\n<div class=\"wp-block-columns is-layout-flex wp-container-core-columns-is-layout-9d6595d7 wp-block-columns-is-layout-flex\">\n<div class=\"wp-block-column is-layout-flow wp-block-column-is-layout-flow\"><\/div>\n\n\n\n<div class=\"wp-block-column is-layout-flow wp-block-column-is-layout-flow\"><div class=\"wp-block-image\">\n<figure class=\"aligncenter size-full is-resized\"><a href=\"https:\/\/www.trampicturebook.de\/wordpress\/mord-am-yacht-club\/\"><img loading=\"lazy\" decoding=\"async\" width=\"514\" height=\"800\" src=\"https:\/\/www.trampicturebook.de\/wordpress\/wp-content\/uploads\/2023\/05\/U1-Y800.jpg\" alt=\"\" class=\"wp-image-6156\" style=\"width:238px;height:auto\" srcset=\"https:\/\/www.trampicturebook.de\/wordpress\/wp-content\/uploads\/2023\/05\/U1-Y800.jpg 514w, https:\/\/www.trampicturebook.de\/wordpress\/wp-content\/uploads\/2023\/05\/U1-Y800-193x300.jpg 193w, https:\/\/www.trampicturebook.de\/wordpress\/wp-content\/uploads\/2023\/05\/U1-Y800-96x150.jpg 96w\" sizes=\"auto, (max-width: 514px) 100vw, 514px\" \/><\/a><\/figure>\n<\/div><\/div>\n\n\n\n<div class=\"wp-block-column is-layout-flow wp-block-column-is-layout-flow\"><div class=\"wp-block-image\">\n<figure class=\"aligncenter size-full is-resized\"><a href=\"https:\/\/www.trampicturebook.de\/wordpress\/isleen-toedliche-seligkeit\/\"><img loading=\"lazy\" decoding=\"async\" width=\"494\" height=\"800\" src=\"https:\/\/www.trampicturebook.de\/wordpress\/wp-content\/uploads\/2024\/05\/cover-3.jpg\" alt=\"\" class=\"wp-image-7763\" style=\"width:231px;height:auto\" srcset=\"https:\/\/www.trampicturebook.de\/wordpress\/wp-content\/uploads\/2024\/05\/cover-3.jpg 494w, https:\/\/www.trampicturebook.de\/wordpress\/wp-content\/uploads\/2024\/05\/cover-3-185x300.jpg 185w, https:\/\/www.trampicturebook.de\/wordpress\/wp-content\/uploads\/2024\/05\/cover-3-93x150.jpg 93w\" sizes=\"auto, (max-width: 494px) 100vw, 494px\" \/><\/a><\/figure>\n<\/div><\/div>\n<\/div>\n\n\n\n<div class=\"wp-block-buttons is-content-justification-center is-layout-flex wp-container-core-buttons-is-layout-16018d1d wp-block-buttons-is-layout-flex\">\n<div class=\"wp-block-button\"><a class=\"wp-block-button__link has-vivid-cyan-blue-background-color has-background wp-element-button\" href=\"https:\/\/www.trampicturebook.de\/wordpress\/autorenuebersicht\/\">Autoren\u00fcbersicht<\/a><\/div>\n<\/div>\n","protected":false},"excerpt":{"rendered":"<p>Kirsten Weinhold wurde am 07. Mai 1960 am M\u00f6hnesee geboren. Sie lebt mit ihrem Mann und Hund Cosmo in der Soester B\u00f6rde.Nachdem sie ihr Studium der Wirtschaftswissenschaften abgeschlossen hatte, promovierte sie im Bereich Personalwirtschaft und macht sich als Business-Coach und Mediatorin selbstst\u00e4ndig. Ihr Krimi RACHESEELE, der erste Band ihrer Cornwall-Krimitrilogie&#8230;<\/p>\n<p> <a class=\"continue-reading-link\" href=\"https:\/\/www.trampicturebook.de\/wordpress\/kirsten-weinhold\/\"><span>Continue reading<\/span><i class=\"crycon-right-dir\"><\/i><\/a> <\/p>\n","protected":false},"author":1,"featured_media":0,"parent":0,"menu_order":0,"comment_status":"closed","ping_status":"closed","template":"","meta":{"footnotes":""},"categories":[],"tags":[],"folder":[21],"class_list":["post-5571","page","type-page","status-publish","hentry"],"jetpack_sharing_enabled":true,"_links":{"self":[{"href":"https:\/\/www.trampicturebook.de\/wordpress\/wp-json\/wp\/v2\/pages\/5571","targetHints":{"allow":["GET"]}}],"collection":[{"href":"https:\/\/www.trampicturebook.de\/wordpress\/wp-json\/wp\/v2\/pages"}],"about":[{"href":"https:\/\/www.trampicturebook.de\/wordpress\/wp-json\/wp\/v2\/types\/page"}],"author":[{"embeddable":true,"href":"https:\/\/www.trampicturebook.de\/wordpress\/wp-json\/wp\/v2\/users\/1"}],"replies":[{"embeddable":true,"href":"https:\/\/www.trampicturebook.de\/wordpress\/wp-json\/wp\/v2\/comments?post=5571"}],"version-history":[{"count":20,"href":"https:\/\/www.trampicturebook.de\/wordpress\/wp-json\/wp\/v2\/pages\/5571\/revisions"}],"predecessor-version":[{"id":7782,"href":"https:\/\/www.trampicturebook.de\/wordpress\/wp-json\/wp\/v2\/pages\/5571\/revisions\/7782"}],"wp:attachment":[{"href":"https:\/\/www.trampicturebook.de\/wordpress\/wp-json\/wp\/v2\/media?parent=5571"}],"wp:term":[{"taxonomy":"category","embeddable":true,"href":"https:\/\/www.trampicturebook.de\/wordpress\/wp-json\/wp\/v2\/categories?post=5571"},{"taxonomy":"post_tag","embeddable":true,"href":"https:\/\/www.trampicturebook.de\/wordpress\/wp-json\/wp\/v2\/tags?post=5571"},{"taxonomy":"folder","embeddable":true,"href":"https:\/\/www.trampicturebook.de\/wordpress\/wp-json\/wp\/v2\/folder?post=5571"}],"curies":[{"name":"wp","href":"https:\/\/api.w.org\/{rel}","templated":true}]}}