{"id":5604,"date":"2023-01-18T14:45:15","date_gmt":"2023-01-18T13:45:15","guid":{"rendered":"https:\/\/www.trampicturebook.de\/wordpress\/?page_id=5604"},"modified":"2023-03-23T17:12:13","modified_gmt":"2023-03-23T16:12:13","slug":"a","status":"publish","type":"page","link":"https:\/\/www.trampicturebook.de\/wordpress\/a\/","title":{"rendered":"Aussteller der 1. M\u00fclheimer Buchmesse im Kloster Saarn"},"content":{"rendered":"\n<p><\/p>\n\n\n\n<p><strong><mark style=\"background-color:rgba(0, 0, 0, 0)\" class=\"has-inline-color has-vivid-purple-color\">Liste der Aussteller<\/mark><\/strong> in alphabetischer Reihenfolge <\/p>\n\n\n\n<figure class=\"wp-block-table is-style-stripes\"><table class=\"has-light-green-cyan-background-color has-background\"><tbody><tr><td>1<\/td><td>Ciuman, Raphael Richard<\/td><td>Sachb\u00fccher und Kinderb\u00fccher<\/td><td>M\u00fclheim a. d. R.<\/td><td><\/td><\/tr><tr><td>2<\/td><td>Dessault, Arne<\/td><td>Krimi<\/td><td>Bochum<\/td><td><\/td><\/tr><tr><td>3<\/td><td><a rel=\"noreferrer noopener\" href=\"http:\/\/www.verlag-epv.de\" target=\"_blank\">edition Paashaas Verlag<\/a><\/td><td>Krimi<\/td><td>Hattingen<\/td><td><\/td><\/tr><tr><td>4<\/td><td><a href=\"http:\/\/www.editionpastorplatz.de\" target=\"_blank\" rel=\"noreferrer noopener\">Edition Pastorplatz<\/a><\/td><td>Kinderb\u00fccher und anderes<\/td><td>Aachen<\/td><td><\/td><\/tr><tr><td>5<\/td><td><a href=\"http:\/\/www.ulli-engelbrecht.de\" target=\"_blank\" rel=\"noreferrer noopener\">Engelbrecht, Ulli<\/a><\/td><td>Diverses<\/td><td>Bochum<\/td><td><\/td><\/tr><tr><td>6<\/td><td><a href=\"http:\/\/markusfels.de\" target=\"_blank\" rel=\"noreferrer noopener\">Fels, Markus<\/a><\/td><td>Ruhrgebietsliteratur und Krimi<\/td><td>Essen<\/td><td><\/td><\/tr><tr><td>7<\/td><td><a href=\"https:\/\/feuertanz-verlag.de\" target=\"_blank\" rel=\"noreferrer noopener\">Feuertanz-Verlag<\/a><\/td><td>Phantasy und Krimi<\/td><td>Herzogenrath<\/td><td><\/td><\/tr><tr><td>8<\/td><td><a href=\"http:\/\/ludgerfischer.hpage.com\" target=\"_blank\" rel=\"noreferrer noopener\">Fischer, Dr. Ludger<\/a><\/td><td>Humor und Sachbuch<\/td><td>Bad Godesberg<\/td><td><\/td><\/tr><tr><td>9<\/td><td><a href=\"http:\/\/www.dapha.de\" target=\"_blank\" rel=\"noreferrer noopener\">F\u00f6rderverein Deutsches Aphorismus-Archiv Hattingen<\/a><\/td><td>Aphorismen-B\u00fccher<\/td><td>Hattingen<\/td><td><\/td><\/tr><tr><td>10<\/td><td><a href=\"http:\/\/www.uschi-gassler.de\" target=\"_blank\" rel=\"noreferrer noopener\">Gassler, Usch<\/a>i<\/td><td>Krimi und diverse<\/td><td>K\u00f6nigsbach-Stein<\/td><td><\/td><\/tr><tr><td>11<\/td><td><a href=\"https:\/\/www.wolfgang-gerlach-theatertexte.de\" target=\"_blank\" rel=\"noreferrer noopener\">Gerlach, Wolfgang<\/a><\/td><td>Krimi<\/td><td>Essen<\/td><td><\/td><\/tr><tr><td>12<\/td><td>G\u00fcth, Gudrun<\/td><td>Kinderb\u00fccher und Lyrik<\/td><td>Waltrop<\/td><td><\/td><\/tr><tr><td>13<\/td><td><a href=\"http:\/\/www.hillabuch.de\" target=\"_blank\" rel=\"noreferrer noopener\">Hilberath und Lange GbR<\/a><\/td><td>Krimi und Sachbuch<\/td><td>M\u00fclheim a. d. R.<\/td><td><\/td><\/tr><tr><td>14<\/td><td>Illgner, Yannis<\/td><td>Phantasy<\/td><td>Ratingen<\/td><td><\/td><\/tr><tr><td>15<\/td><td><a href=\"http:\/\/www.agentinuhu.de\" target=\"_blank\" rel=\"noreferrer noopener\">Johnke, Maike<\/a><\/td><td>Krimi und diverse<\/td><td>Lohmar<\/td><td><\/td><\/tr><tr><td>16<\/td><td><a href=\"http:\/\/renate-kaiser.de\">Kaiser, Renate<\/a><\/td><td>Humor<\/td><td>D\u00fcsseldorf<\/td><td><\/td><\/tr><tr><td>17<\/td><td><a href=\"http:\/\/www.klartext.de\" target=\"_blank\" rel=\"noreferrer noopener\">Klartext-Verlag, Jakob Funke Medienbeteiligung GmbH<\/a><\/td><td>Sachbuch<\/td><td>Essen<\/td><td><\/td><\/tr><tr><td>18<\/td><td><a rel=\"noreferrer noopener\" href=\"http:\/\/www.tastenwechsel.de\" target=\"_blank\">Kociucki, Claudia<\/a><\/td><td>Diverse<\/td><td>Recklinghausen<\/td><td><\/td><\/tr><tr><td>19<\/td><td>K\u00fcrschner, Marita und Montforts, Felizitas<\/td><td>Phantasy und Krimi<\/td><td>Viersen<\/td><td><\/td><\/tr><tr><td>20<\/td><td><a href=\"http:\/\/machandel-verlag.de\" target=\"_blank\" rel=\"noreferrer noopener\">Machandel-Verlag<\/a><\/td><td>Phantasy und Krimi<\/td><td>Hasel\u00fcnne<\/td><td><\/td><\/tr><tr><td>21<\/td><td><a href=\"http:\/\/petermaerkert.de\" target=\"_blank\" rel=\"noreferrer noopener\">M\u00e4rkert, Peter und Klaus<\/a><\/td><td>Krimi und Nachthumor<\/td><td>Bochum<\/td><td><\/td><\/tr><tr><td>22<\/td><td><a href=\"http:\/\/www.quentinmay.de\" target=\"_blank\" rel=\"noreferrer noopener\">May, Quentin<\/a><\/td><td>Ruhrgebietsliteratur und diverse<\/td><td>Bochum<\/td><td><\/td><\/tr><tr><td>23<\/td><td><a href=\"http:\/\/www.quentinmay.de\" target=\"_blank\" rel=\"noreferrer noopener\">Nentwich, Vera<\/a><\/td><td>Krimi und diverse<\/td><td>Willich<\/td><td><\/td><\/tr><tr><td>24<\/td><td>Neumarkt, Inka<\/td><td>Krimi<\/td><td>Essen<\/td><td><\/td><\/tr><tr><td>25<\/td><td><a href=\"http:\/\/ocm-verlag.de\" target=\"_blank\" rel=\"noreferrer noopener\">OCM-Verlag<\/a><\/td><td>Krimi und diverse<\/td><td>Dortmund<\/td><td><\/td><\/tr><tr><td>26<\/td><td><a href=\"http:\/\/www.pomaska-brand-verlag.de\" target=\"_blank\" rel=\"noreferrer noopener\">Pamaska-Brand-Verlag<\/a><\/td><td>Sachb\u00fccher, Kinderb\u00fccher<\/td><td>Schalksm\u00fchle<\/td><td><\/td><\/tr><tr><td>27<\/td><td><a href=\"http:\/\/farbtier.de\">Laura aus dem Siepen<\/a><\/td><td>Phantasy und diverse<\/td><td>M\u00fclheim a. d. R.<\/td><td><\/td><\/tr><tr><td>28<\/td><td><a href=\"http:\/\/www.ruhr-blues.de\" target=\"_blank\" rel=\"noreferrer noopener\">Reidegeld, Peter<\/a><\/td><td>Ruhrgebietskrimis<\/td><td>Bochum<\/td><td><\/td><\/tr><tr><td>29<\/td><td><a href=\"https:\/\/ruhrkrimi.de\" target=\"_blank\" rel=\"noreferrer noopener\">Ruhrkrimi-Verlag<\/a><\/td><td>Krimi und Zeitgeschichte<\/td><td>M\u00fclheim a. d. R.<\/td><td><\/td><\/tr><tr><td>30<\/td><td><a href=\"http:\/\/lyrik-scheel-r%C3%BCbsam.digital\" target=\"_blank\" rel=\"noreferrer noopener\">Scheel-R\u00fcbsam, Roland<\/a><\/td><td>Lyrik und diverse<\/td><td>Essen<\/td><td><\/td><\/tr><tr><td>31<\/td><td><a href=\"https:\/\/www.scherf-autor.de\" target=\"_blank\" rel=\"noreferrer noopener\">Scherf, H.C.<\/a><\/td><td>Krimi und Liebesgeschichten<\/td><td>Herten<\/td><td><\/td><\/tr><tr><td>32<\/td><td><a href=\"http:\/\/www.skript-verlag.de\" target=\"_blank\" rel=\"noreferrer noopener\">Skript-Verlag<\/a><\/td><td>Krimi und Lyrik<\/td><td>Neuss<\/td><td><\/td><\/tr><tr><td>33<\/td><td><a rel=\"noreferrer noopener\" href=\"http:\/\/www.krimis-und-kunst.de\" target=\"_blank\">Sternberg, Ursula<\/a> und andere AutorInnen<br>des Stammtisches Ruhr des <a rel=\"noreferrer noopener\" href=\"http:\/\/das-syndikat.com\" target=\"_blank\">Syndikat e.V.<\/a><\/td><td>Krimi und Sci-Fi<\/td><td>Essen<\/td><td><\/td><\/tr><tr><td>34<\/td><td><a href=\"https:\/\/www.barbara-stewen.de\" target=\"_blank\" rel=\"noreferrer noopener\">Stewen, Barbara<\/a><\/td><td>Krimi<\/td><td>Lindlar<\/td><td><\/td><\/tr><tr><td>35<\/td><td><a href=\"http:\/\/www.k-u-n-s-t.eu\" target=\"_blank\" rel=\"noreferrer noopener\">van&#8217;t Hoff, Huug<\/a><\/td><td>Diverse<\/td><td>Essen<\/td><td><\/td><\/tr><tr><td>36<\/td><td><a href=\"http:\/\/fantasy-by-daniela-vogel.de\" target=\"_blank\" rel=\"noreferrer noopener\">Vogel, Daniela<\/a><\/td><td>Liebesgeschichten und Phantasy<\/td><td>Duisburg<\/td><td><\/td><\/tr><tr><td>37<\/td><td>Witt, Dagman<\/td><td>Krimi und diverse<\/td><td>Xanten<\/td><td><\/td><\/tr><tr><td>38<\/td><td><a href=\"https:\/\/www.stefan-wittenfeld.de\" target=\"_blank\" rel=\"noreferrer noopener\">Wittenfeld, Stefan<\/a><\/td><td>Krimi<\/td><td>Schortens<\/td><td><\/td><\/tr><tr><td>39<\/td><td><a href=\"http:\/\/www.stuttgart-krimi.de\" target=\"_blank\" rel=\"noreferrer noopener\">Zeh, Stefan<\/a><\/td><td>Krimi<\/td><td>Wuppertal<\/td><td><\/td><\/tr><tr><td>40<\/td><td><a href=\"http:\/\/www.karsten-zingsheim.de\" target=\"_blank\" rel=\"noreferrer noopener\">Zingsheim, Karsten<\/a><\/td><td>Phantasy<\/td><td>Gelsenkirchen<\/td><td><\/td><\/tr><\/tbody><\/table><\/figure>\n\n\n\n<div class=\"wp-block-buttons is-content-justification-center is-layout-flex wp-container-core-buttons-is-layout-16018d1d wp-block-buttons-is-layout-flex\">\n<div class=\"wp-block-button is-style-outline is-style-outline--1\"><a class=\"wp-block-button__link has-white-color has-vivid-purple-background-color has-text-color has-background wp-element-button\" href=\"https:\/\/www.trampicturebook.de\/wordpress\/1-muelheimer-buchmesse\/\">Zur\u00fcck<\/a><\/div>\n<\/div>\n","protected":false},"excerpt":{"rendered":"<p>Liste der Aussteller in alphabetischer Reihenfolge 1 Ciuman, Raphael Richard Sachb\u00fccher und Kinderb\u00fccher M\u00fclheim a. d. R. 2 Dessault, Arne Krimi Bochum 3 edition Paashaas Verlag Krimi Hattingen 4 Edition Pastorplatz Kinderb\u00fccher und anderes Aachen 5 Engelbrecht, Ulli Diverses Bochum 6 Fels, Markus Ruhrgebietsliteratur und Krimi Essen 7 Feuertanz-Verlag Phantasy&#8230;<\/p>\n<p> <a class=\"continue-reading-link\" href=\"https:\/\/www.trampicturebook.de\/wordpress\/a\/\"><span>Continue reading<\/span><i class=\"crycon-right-dir\"><\/i><\/a> <\/p>\n","protected":false},"author":1,"featured_media":0,"parent":0,"menu_order":0,"comment_status":"closed","ping_status":"closed","template":"","meta":{"footnotes":""},"categories":[],"tags":[],"folder":[41],"class_list":["post-5604","page","type-page","status-publish","hentry"],"jetpack_sharing_enabled":true,"_links":{"self":[{"href":"https:\/\/www.trampicturebook.de\/wordpress\/wp-json\/wp\/v2\/pages\/5604","targetHints":{"allow":["GET"]}}],"collection":[{"href":"https:\/\/www.trampicturebook.de\/wordpress\/wp-json\/wp\/v2\/pages"}],"about":[{"href":"https:\/\/www.trampicturebook.de\/wordpress\/wp-json\/wp\/v2\/types\/page"}],"author":[{"embeddable":true,"href":"https:\/\/www.trampicturebook.de\/wordpress\/wp-json\/wp\/v2\/users\/1"}],"replies":[{"embeddable":true,"href":"https:\/\/www.trampicturebook.de\/wordpress\/wp-json\/wp\/v2\/comments?post=5604"}],"version-history":[{"count":47,"href":"https:\/\/www.trampicturebook.de\/wordpress\/wp-json\/wp\/v2\/pages\/5604\/revisions"}],"predecessor-version":[{"id":6027,"href":"https:\/\/www.trampicturebook.de\/wordpress\/wp-json\/wp\/v2\/pages\/5604\/revisions\/6027"}],"wp:attachment":[{"href":"https:\/\/www.trampicturebook.de\/wordpress\/wp-json\/wp\/v2\/media?parent=5604"}],"wp:term":[{"taxonomy":"category","embeddable":true,"href":"https:\/\/www.trampicturebook.de\/wordpress\/wp-json\/wp\/v2\/categories?post=5604"},{"taxonomy":"post_tag","embeddable":true,"href":"https:\/\/www.trampicturebook.de\/wordpress\/wp-json\/wp\/v2\/tags?post=5604"},{"taxonomy":"folder","embeddable":true,"href":"https:\/\/www.trampicturebook.de\/wordpress\/wp-json\/wp\/v2\/folder?post=5604"}],"curies":[{"name":"wp","href":"https:\/\/api.w.org\/{rel}","templated":true}]}}