{"id":5837,"date":"2023-03-16T12:09:24","date_gmt":"2023-03-16T11:09:24","guid":{"rendered":"https:\/\/www.trampicturebook.de\/wordpress\/?page_id=5837"},"modified":"2023-03-23T17:09:27","modified_gmt":"2023-03-23T16:09:27","slug":"standplan","status":"publish","type":"page","link":"https:\/\/www.trampicturebook.de\/wordpress\/standplan\/","title":{"rendered":"Standplan"},"content":{"rendered":"\n<p>Die Messe findet \u00fcberwiegend im 1. Obergescho\u00df des Begegnungszentrums statt, das aber barrierefrei \u00fcber einen Aufzug erreichbar ist.<\/p>\n\n\n<div class=\"wp-block-image\">\n<figure class=\"aligncenter size-large\"><img loading=\"lazy\" decoding=\"async\" width=\"1024\" height=\"615\" src=\"https:\/\/www.trampicturebook.de\/wordpress\/wp-content\/uploads\/2023\/03\/Raum-07-1024x615.jpg\" alt=\"\" class=\"wp-image-6014\" srcset=\"https:\/\/www.trampicturebook.de\/wordpress\/wp-content\/uploads\/2023\/03\/Raum-07-1024x615.jpg 1024w, https:\/\/www.trampicturebook.de\/wordpress\/wp-content\/uploads\/2023\/03\/Raum-07-600x360.jpg 600w, https:\/\/www.trampicturebook.de\/wordpress\/wp-content\/uploads\/2023\/03\/Raum-07-300x180.jpg 300w, https:\/\/www.trampicturebook.de\/wordpress\/wp-content\/uploads\/2023\/03\/Raum-07-768x461.jpg 768w, https:\/\/www.trampicturebook.de\/wordpress\/wp-content\/uploads\/2023\/03\/Raum-07-1536x923.jpg 1536w, https:\/\/www.trampicturebook.de\/wordpress\/wp-content\/uploads\/2023\/03\/Raum-07-150x90.jpg 150w, https:\/\/www.trampicturebook.de\/wordpress\/wp-content\/uploads\/2023\/03\/Raum-07.jpg 1600w\" sizes=\"auto, (max-width: 1024px) 100vw, 1024px\" \/><\/figure>\n<\/div>\n\n<a href=\"https:\/\/www.trampicturebook.de\/wordpress\/wp-content\/uploads\/2023\/03\/Aussteller-Plan-1.pdf\" class=\"pdfemb-viewer\" style=\"\" data-width=\"max\" data-height=\"max\" data-toolbar=\"bottom\" data-toolbar-fixed=\"off\">Aussteller-Plan-1<\/a>\n<p class=\"wp-block-pdfemb-pdf-embedder-viewer\"><\/p>\n\n\n<a href=\"https:\/\/www.trampicturebook.de\/wordpress\/wp-content\/uploads\/2023\/03\/Tische-nach-Aussteller.pdf\" class=\"pdfemb-viewer\" style=\"\" data-width=\"max\" data-height=\"max\" data-toolbar=\"bottom\" data-toolbar-fixed=\"off\">Tische-nach-Aussteller<\/a>\n<p class=\"wp-block-pdfemb-pdf-embedder-viewer\"><\/p>\n\n\n\n<p><strong><mark style=\"background-color:rgba(0, 0, 0, 0)\" class=\"has-inline-color has-vivid-purple-color\">Die Tischverteilung musste ge\u00e4ndert werden, da das Ordnungsamt nun doch noch Bedenken erhoben hat.<\/mark><\/strong> <\/p>\n\n\n\n<p>Achtung: Die Pl\u00e4ne sind nicht Ma\u00dfstabsgerecht<\/p>\n","protected":false},"excerpt":{"rendered":"<p>Die Messe findet \u00fcberwiegend im 1. Obergescho\u00df des Begegnungszentrums statt, das aber barrierefrei \u00fcber einen Aufzug erreichbar ist. Die Tischverteilung musste ge\u00e4ndert werden, da das Ordnungsamt nun doch noch Bedenken erhoben hat. Achtung: Die Pl\u00e4ne sind nicht Ma\u00dfstabsgerecht<\/p>\n<p> <a class=\"continue-reading-link\" href=\"https:\/\/www.trampicturebook.de\/wordpress\/standplan\/\"><span>Continue reading<\/span><i class=\"crycon-right-dir\"><\/i><\/a> <\/p>\n","protected":false},"author":1,"featured_media":0,"parent":0,"menu_order":0,"comment_status":"closed","ping_status":"closed","template":"","meta":{"footnotes":""},"categories":[],"tags":[],"folder":[41],"class_list":["post-5837","page","type-page","status-publish","hentry"],"jetpack_sharing_enabled":true,"_links":{"self":[{"href":"https:\/\/www.trampicturebook.de\/wordpress\/wp-json\/wp\/v2\/pages\/5837","targetHints":{"allow":["GET"]}}],"collection":[{"href":"https:\/\/www.trampicturebook.de\/wordpress\/wp-json\/wp\/v2\/pages"}],"about":[{"href":"https:\/\/www.trampicturebook.de\/wordpress\/wp-json\/wp\/v2\/types\/page"}],"author":[{"embeddable":true,"href":"https:\/\/www.trampicturebook.de\/wordpress\/wp-json\/wp\/v2\/users\/1"}],"replies":[{"embeddable":true,"href":"https:\/\/www.trampicturebook.de\/wordpress\/wp-json\/wp\/v2\/comments?post=5837"}],"version-history":[{"count":31,"href":"https:\/\/www.trampicturebook.de\/wordpress\/wp-json\/wp\/v2\/pages\/5837\/revisions"}],"predecessor-version":[{"id":6024,"href":"https:\/\/www.trampicturebook.de\/wordpress\/wp-json\/wp\/v2\/pages\/5837\/revisions\/6024"}],"wp:attachment":[{"href":"https:\/\/www.trampicturebook.de\/wordpress\/wp-json\/wp\/v2\/media?parent=5837"}],"wp:term":[{"taxonomy":"category","embeddable":true,"href":"https:\/\/www.trampicturebook.de\/wordpress\/wp-json\/wp\/v2\/categories?post=5837"},{"taxonomy":"post_tag","embeddable":true,"href":"https:\/\/www.trampicturebook.de\/wordpress\/wp-json\/wp\/v2\/tags?post=5837"},{"taxonomy":"folder","embeddable":true,"href":"https:\/\/www.trampicturebook.de\/wordpress\/wp-json\/wp\/v2\/folder?post=5837"}],"curies":[{"name":"wp","href":"https:\/\/api.w.org\/{rel}","templated":true}]}}