{"id":6227,"date":"2023-06-12T13:42:46","date_gmt":"2023-06-12T11:42:46","guid":{"rendered":"https:\/\/www.trampicturebook.de\/wordpress\/?page_id=6227"},"modified":"2023-06-17T18:13:34","modified_gmt":"2023-06-17T16:13:34","slug":"rudolph-kremer","status":"publish","type":"page","link":"https:\/\/www.trampicturebook.de\/wordpress\/rudolph-kremer\/","title":{"rendered":"Dr. Rudolph Kremer"},"content":{"rendered":"\n<p><\/p>\n\n\n\n<div class=\"wp-block-columns is-layout-flex wp-container-core-columns-is-layout-9d6595d7 wp-block-columns-is-layout-flex\">\n<div class=\"wp-block-column is-layout-flow wp-block-column-is-layout-flow\" style=\"flex-basis:33.33%\"><div class=\"wp-block-image\">\n<figure class=\"aligncenter size-full is-resized\"><img loading=\"lazy\" decoding=\"async\" src=\"https:\/\/www.trampicturebook.de\/wordpress\/wp-content\/uploads\/2023\/06\/hl-27529555909.jpg\" alt=\"\" class=\"wp-image-6299\" width=\"188\" height=\"263\" srcset=\"https:\/\/www.trampicturebook.de\/wordpress\/wp-content\/uploads\/2023\/06\/hl-27529555909.jpg 277w, https:\/\/www.trampicturebook.de\/wordpress\/wp-content\/uploads\/2023\/06\/hl-27529555909-214x300.jpg 214w, https:\/\/www.trampicturebook.de\/wordpress\/wp-content\/uploads\/2023\/06\/hl-27529555909-107x150.jpg 107w\" sizes=\"auto, (max-width: 188px) 100vw, 188px\" \/><\/figure>\n<\/div><\/div>\n\n\n\n<div class=\"wp-block-column is-layout-flow wp-block-column-is-layout-flow\" style=\"flex-basis:66.66%\">\n<p><strong>Rudolph Kremer<\/strong>, Jahrgang 1978, ist promovierter Altphilologe, evangelischer Theologe und P\u00e4dagoge. Er unterrichtet als Gymnasiallehrer im Osnabr\u00fccker Land. Aus seiner Feder stammen drei Monografien \u00fcber das Geistesleben der alten R\u00f6mer und diverse Erz\u00e4hlungen.<br>Als Erfinder und Autor der H\u00f6rspielreihe \u00bbAkte Witz\u00ab, die seit 2020 vom Maritim-Verlag produziert wird, pr\u00e4sentiert er mit \u00bbMonster-Frauen\u00ab die erste epische Trilogie zu den zwei Ruhrstadtdetektiven Rud und Stan.<\/p>\n\n\n<div class=\"wp-block-image\">\n<figure class=\"aligncenter size-full is-resized\"><img loading=\"lazy\" decoding=\"async\" src=\"https:\/\/www.trampicturebook.de\/wordpress\/wp-content\/uploads\/2023\/06\/AkteWitz.jpg\" alt=\"\" class=\"wp-image-6212\" width=\"376\" height=\"600\" srcset=\"https:\/\/www.trampicturebook.de\/wordpress\/wp-content\/uploads\/2023\/06\/AkteWitz.jpg 626w, https:\/\/www.trampicturebook.de\/wordpress\/wp-content\/uploads\/2023\/06\/AkteWitz-600x958.jpg 600w, https:\/\/www.trampicturebook.de\/wordpress\/wp-content\/uploads\/2023\/06\/AkteWitz-188x300.jpg 188w, https:\/\/www.trampicturebook.de\/wordpress\/wp-content\/uploads\/2023\/06\/AkteWitz-94x150.jpg 94w\" sizes=\"auto, (max-width: 376px) 100vw, 376px\" \/><\/figure>\n<\/div><\/div>\n<\/div>\n\n\n\n<div class=\"wp-block-buttons is-content-justification-center is-layout-flex wp-container-core-buttons-is-layout-16018d1d wp-block-buttons-is-layout-flex\">\n<div class=\"wp-block-button\"><a class=\"wp-block-button__link has-vivid-cyan-blue-background-color has-background has-text-align-center wp-element-button\" href=\"https:\/\/www.trampicturebook.de\/wordpress\/autorenuebersicht\/\">Autoren\u00fcbersicht<\/a><\/div>\n<\/div>\n","protected":false},"excerpt":{"rendered":"<p>Rudolph Kremer, Jahrgang 1978, ist promovierter Altphilologe, evangelischer Theologe und P\u00e4dagoge. Er unterrichtet als Gymnasiallehrer im Osnabr\u00fccker Land. Aus seiner Feder stammen drei Monografien \u00fcber das Geistesleben der alten R\u00f6mer und diverse Erz\u00e4hlungen.Als Erfinder und Autor der H\u00f6rspielreihe \u00bbAkte Witz\u00ab, die seit 2020 vom Maritim-Verlag produziert wird, pr\u00e4sentiert er mit&#8230;<\/p>\n<p> <a class=\"continue-reading-link\" href=\"https:\/\/www.trampicturebook.de\/wordpress\/rudolph-kremer\/\"><span>Continue reading<\/span><i class=\"crycon-right-dir\"><\/i><\/a> <\/p>\n","protected":false},"author":1,"featured_media":0,"parent":0,"menu_order":0,"comment_status":"closed","ping_status":"closed","template":"","meta":{"footnotes":""},"categories":[44],"tags":[],"folder":[21],"class_list":["post-6227","page","type-page","status-publish","hentry","category-horror"],"jetpack_sharing_enabled":true,"_links":{"self":[{"href":"https:\/\/www.trampicturebook.de\/wordpress\/wp-json\/wp\/v2\/pages\/6227","targetHints":{"allow":["GET"]}}],"collection":[{"href":"https:\/\/www.trampicturebook.de\/wordpress\/wp-json\/wp\/v2\/pages"}],"about":[{"href":"https:\/\/www.trampicturebook.de\/wordpress\/wp-json\/wp\/v2\/types\/page"}],"author":[{"embeddable":true,"href":"https:\/\/www.trampicturebook.de\/wordpress\/wp-json\/wp\/v2\/users\/1"}],"replies":[{"embeddable":true,"href":"https:\/\/www.trampicturebook.de\/wordpress\/wp-json\/wp\/v2\/comments?post=6227"}],"version-history":[{"count":8,"href":"https:\/\/www.trampicturebook.de\/wordpress\/wp-json\/wp\/v2\/pages\/6227\/revisions"}],"predecessor-version":[{"id":6301,"href":"https:\/\/www.trampicturebook.de\/wordpress\/wp-json\/wp\/v2\/pages\/6227\/revisions\/6301"}],"wp:attachment":[{"href":"https:\/\/www.trampicturebook.de\/wordpress\/wp-json\/wp\/v2\/media?parent=6227"}],"wp:term":[{"taxonomy":"category","embeddable":true,"href":"https:\/\/www.trampicturebook.de\/wordpress\/wp-json\/wp\/v2\/categories?post=6227"},{"taxonomy":"post_tag","embeddable":true,"href":"https:\/\/www.trampicturebook.de\/wordpress\/wp-json\/wp\/v2\/tags?post=6227"},{"taxonomy":"folder","embeddable":true,"href":"https:\/\/www.trampicturebook.de\/wordpress\/wp-json\/wp\/v2\/folder?post=6227"}],"curies":[{"name":"wp","href":"https:\/\/api.w.org\/{rel}","templated":true}]}}