{"id":6271,"date":"2023-06-14T09:03:04","date_gmt":"2023-06-14T07:03:04","guid":{"rendered":"https:\/\/www.trampicturebook.de\/wordpress\/?page_id=6271"},"modified":"2023-12-04T14:17:27","modified_gmt":"2023-12-04T13:17:27","slug":"heidetod","status":"publish","type":"page","link":"https:\/\/www.trampicturebook.de\/wordpress\/heidetod\/","title":{"rendered":"Heidetod"},"content":{"rendered":"\n<div class=\"wp-block-columns is-layout-flex wp-container-core-columns-is-layout-9d6595d7 wp-block-columns-is-layout-flex\">\n<div class=\"wp-block-column is-layout-flow wp-block-column-is-layout-flow\" style=\"flex-basis:33.33%\"><div class=\"wp-block-image\">\n<figure class=\"aligncenter size-full is-resized\"><img loading=\"lazy\" decoding=\"async\" width=\"492\" height=\"800\" src=\"https:\/\/www.trampicturebook.de\/wordpress\/wp-content\/uploads\/2023\/06\/Cover-Y800.jpg\" alt=\"\" class=\"wp-image-6272\" style=\"width:218px;height:354px\" srcset=\"https:\/\/www.trampicturebook.de\/wordpress\/wp-content\/uploads\/2023\/06\/Cover-Y800.jpg 492w, https:\/\/www.trampicturebook.de\/wordpress\/wp-content\/uploads\/2023\/06\/Cover-Y800-185x300.jpg 185w, https:\/\/www.trampicturebook.de\/wordpress\/wp-content\/uploads\/2023\/06\/Cover-Y800-92x150.jpg 92w\" sizes=\"auto, (max-width: 492px) 100vw, 492px\" \/><\/figure>\n<\/div><\/div>\n\n\n\n<div class=\"wp-block-column is-layout-flow wp-block-column-is-layout-flow\" style=\"flex-basis:66.66%\">\n<p>&#8222;<strong>Heidetod<\/strong>&#8220; von <a href=\"https:\/\/www.trampicturebook.de\/wordpress\/sylke-tannhaeuser\/\" data-type=\"page\" data-id=\"3311\"><strong>Sylke Tannh\u00e4user<\/strong><\/a><\/p>\n\n\n\n<p>Sie ist Natur pur und \u00fcbers\u00e4t mit Heidekraut und duftenden Kiefern &#8211; die D\u00fcbener Heide. Doch das Idyll verbirgt ein Geheimnis: ein M\u00f6rder ist am Werk, und w\u00e4hrend er gejagt wird, schl\u00e4gt er erneut zu. <\/p>\n\n\n\n<p>Ein Fall f\u00fcr die Sabnitzer Apothekerin Mariella Rabner und Veit H\u00fctter von der Delitzscher Polizei.<\/p>\n\n\n\n<p><\/p>\n\n\n\n<p><\/p>\n\n\n\n<div class=\"wp-block-buttons is-content-justification-center is-layout-flex wp-container-core-buttons-is-layout-16018d1d wp-block-buttons-is-layout-flex\"><\/div>\n<\/div>\n<\/div>\n\n\n<a href=\"https:\/\/www.trampicturebook.de\/wordpress\/wp-content\/uploads\/2023\/08\/UVAmitTannhaeuser.pdf\" class=\"pdfemb-viewer\" style=\"\" data-width=\"max\" data-height=\"max\" data-toolbar=\"bottom\" data-toolbar-fixed=\"off\">UVAmitTannhaeuser<\/a>\n<p class=\"wp-block-pdfemb-pdf-embedder-viewer\"><\/p>\n\n\n\n<p>Leipziger Zeitung, 18.04.2024<\/p>\n\n\n\n<p>Auch Sachsen hat eine Heide, die sich durchaus messen kann mit der L\u00fcneburger Heide. Auch hier lebt es sich \u2013 weitab von der Gro\u00dfstadt \u2013 sehr abgeschieden, mit Wald und Wiese und Lichtungen. Manchmal auch Sturmsch\u00e4den. Aber dennoch ist die D\u00fcbener Heide ein Refugium, in dem nicht nur die hier Wohnenden Erholung suchen. Stille sowieso. Eher selten d\u00fcrfte passieren, was der Apothekerin Marielle Rabner beim Spaziergang mit ihrem Hund im Wald geschieht.<\/p>\n\n\n\n<p>Sie ist \u2013 auch wenn sie diese Rolle gar nicht wahrnehmen m\u00f6chte \u2013 so etwas wie die Miss Marple in einem Nest, das die Autorin mal lieber Sabnitz genannt hat, auch wenn <a rel=\"noreferrer noopener\" href=\"http:\/\/sylke-tannh\u00e4user.com\" target=\"_blank\">Sylke Tannh\u00e4user<\/a> unmissverst\u00e4ndlich klarmacht, dass die D\u00fcbener Heide ihre Heimat ist.<\/p>\n\n\n\n<hr class=\"wp-block-separator has-alpha-channel-opacity\"\/>\n\n\n<div class=\"wp-block-image\">\n<figure class=\"aligncenter size-large\"><img loading=\"lazy\" decoding=\"async\" width=\"1024\" height=\"502\" src=\"https:\/\/www.trampicturebook.de\/wordpress\/wp-content\/uploads\/2023\/08\/IMG-20230825-WA0001-1024x502.jpg\" alt=\"\" class=\"wp-image-6720\" srcset=\"https:\/\/www.trampicturebook.de\/wordpress\/wp-content\/uploads\/2023\/08\/IMG-20230825-WA0001-1024x502.jpg 1024w, https:\/\/www.trampicturebook.de\/wordpress\/wp-content\/uploads\/2023\/08\/IMG-20230825-WA0001-rotated-600x294.jpg 600w, https:\/\/www.trampicturebook.de\/wordpress\/wp-content\/uploads\/2023\/08\/IMG-20230825-WA0001-300x147.jpg 300w, https:\/\/www.trampicturebook.de\/wordpress\/wp-content\/uploads\/2023\/08\/IMG-20230825-WA0001-768x376.jpg 768w, https:\/\/www.trampicturebook.de\/wordpress\/wp-content\/uploads\/2023\/08\/IMG-20230825-WA0001-1536x752.jpg 1536w, https:\/\/www.trampicturebook.de\/wordpress\/wp-content\/uploads\/2023\/08\/IMG-20230825-WA0001-150x73.jpg 150w, https:\/\/www.trampicturebook.de\/wordpress\/wp-content\/uploads\/2023\/08\/IMG-20230825-WA0001-rotated.jpg 2048w\" sizes=\"auto, (max-width: 1024px) 100vw, 1024px\" \/><\/figure>\n<\/div>\n\n\n<hr class=\"wp-block-separator has-alpha-channel-opacity\"\/>\n\n\n<div class=\"wp-block-image\">\n<figure class=\"aligncenter size-large\"><img loading=\"lazy\" decoding=\"async\" width=\"820\" height=\"1024\" src=\"https:\/\/www.trampicturebook.de\/wordpress\/wp-content\/uploads\/2023\/08\/Screenshot_20230824_071708_Gallery-1-820x1024.jpg\" alt=\"\" class=\"wp-image-6726\" srcset=\"https:\/\/www.trampicturebook.de\/wordpress\/wp-content\/uploads\/2023\/08\/Screenshot_20230824_071708_Gallery-1-820x1024.jpg 820w, https:\/\/www.trampicturebook.de\/wordpress\/wp-content\/uploads\/2023\/08\/Screenshot_20230824_071708_Gallery-1-600x749.jpg 600w, https:\/\/www.trampicturebook.de\/wordpress\/wp-content\/uploads\/2023\/08\/Screenshot_20230824_071708_Gallery-1-240x300.jpg 240w, https:\/\/www.trampicturebook.de\/wordpress\/wp-content\/uploads\/2023\/08\/Screenshot_20230824_071708_Gallery-1-768x959.jpg 768w, https:\/\/www.trampicturebook.de\/wordpress\/wp-content\/uploads\/2023\/08\/Screenshot_20230824_071708_Gallery-1-120x150.jpg 120w, https:\/\/www.trampicturebook.de\/wordpress\/wp-content\/uploads\/2023\/08\/Screenshot_20230824_071708_Gallery-1.jpg 905w\" sizes=\"auto, (max-width: 820px) 100vw, 820px\" \/><\/figure>\n<\/div>\n\n\n<p><\/p>\n\n\n\n<p><strong>Erster Krimi mit D\u00fcbener-Heide-Bezug<\/strong><\/p>\n\n\n\n<p>D\u00fcbener Heide. Das neueste Werl von Krimiautorin Sylke Tannh\u00e4user aus Leipzig ist erstmals in unserem Naturpark lokalisiert. &#8222;Heidetod&#8220; (Ruhrkrimi-Verlag) spielt im fiktiven Ort Sabnitz, das wiederum von L\u00f6bnitz inspiriert wurde. Nat\u00fcrlich gibt es eine Leiche. &#8222;Ohne Verfolgungsjagden, aber mit den ganz normalen menschlichen Abgr\u00fcnden&#8220;, verr\u00e4t Tannh\u00e4user.<\/p>\n\n\n\n<p>Von Kevin Phillipp aus &#8222;Heidi&#8220;.<\/p>\n\n\n\n<hr class=\"wp-block-separator has-alpha-channel-opacity\"\/>\n\n\n\n<div class=\"wp-block-buttons is-content-justification-center is-layout-flex wp-container-core-buttons-is-layout-16018d1d wp-block-buttons-is-layout-flex\">\n<div class=\"wp-block-button is-style-outline is-style-outline--1\"><a class=\"wp-block-button__link has-white-color has-vivid-cyan-blue-background-color has-text-color has-background wp-element-button\" href=\"https:\/\/www.trampicturebook.de\/wordpress\/autorenuebersicht\/\">Autoren\u00fcbersicht<\/a><\/div>\n<\/div>\n","protected":false},"excerpt":{"rendered":"<p>&#8222;Heidetod&#8220; von Sylke Tannh\u00e4user Sie ist Natur pur und \u00fcbers\u00e4t mit Heidekraut und duftenden Kiefern &#8211; die D\u00fcbener Heide. Doch das Idyll verbirgt ein Geheimnis: ein M\u00f6rder ist am Werk, und w\u00e4hrend er gejagt wird, schl\u00e4gt er erneut zu. Ein Fall f\u00fcr die Sabnitzer Apothekerin Mariella Rabner und Veit H\u00fctter&#8230;<\/p>\n<p> <a class=\"continue-reading-link\" href=\"https:\/\/www.trampicturebook.de\/wordpress\/heidetod\/\"><span>Continue reading<\/span><i class=\"crycon-right-dir\"><\/i><\/a> <\/p>\n","protected":false},"author":1,"featured_media":0,"parent":0,"menu_order":0,"comment_status":"closed","ping_status":"closed","template":"","meta":{"footnotes":""},"categories":[32],"tags":[],"folder":[23],"class_list":["post-6271","page","type-page","status-publish","hentry","category-kriminalroman"],"jetpack_sharing_enabled":true,"_links":{"self":[{"href":"https:\/\/www.trampicturebook.de\/wordpress\/wp-json\/wp\/v2\/pages\/6271","targetHints":{"allow":["GET"]}}],"collection":[{"href":"https:\/\/www.trampicturebook.de\/wordpress\/wp-json\/wp\/v2\/pages"}],"about":[{"href":"https:\/\/www.trampicturebook.de\/wordpress\/wp-json\/wp\/v2\/types\/page"}],"author":[{"embeddable":true,"href":"https:\/\/www.trampicturebook.de\/wordpress\/wp-json\/wp\/v2\/users\/1"}],"replies":[{"embeddable":true,"href":"https:\/\/www.trampicturebook.de\/wordpress\/wp-json\/wp\/v2\/comments?post=6271"}],"version-history":[{"count":17,"href":"https:\/\/www.trampicturebook.de\/wordpress\/wp-json\/wp\/v2\/pages\/6271\/revisions"}],"predecessor-version":[{"id":7152,"href":"https:\/\/www.trampicturebook.de\/wordpress\/wp-json\/wp\/v2\/pages\/6271\/revisions\/7152"}],"wp:attachment":[{"href":"https:\/\/www.trampicturebook.de\/wordpress\/wp-json\/wp\/v2\/media?parent=6271"}],"wp:term":[{"taxonomy":"category","embeddable":true,"href":"https:\/\/www.trampicturebook.de\/wordpress\/wp-json\/wp\/v2\/categories?post=6271"},{"taxonomy":"post_tag","embeddable":true,"href":"https:\/\/www.trampicturebook.de\/wordpress\/wp-json\/wp\/v2\/tags?post=6271"},{"taxonomy":"folder","embeddable":true,"href":"https:\/\/www.trampicturebook.de\/wordpress\/wp-json\/wp\/v2\/folder?post=6271"}],"curies":[{"name":"wp","href":"https:\/\/api.w.org\/{rel}","templated":true}]}}