{"id":6909,"date":"2023-09-21T23:02:06","date_gmt":"2023-09-21T21:02:06","guid":{"rendered":"https:\/\/www.trampicturebook.de\/wordpress\/?page_id=6909"},"modified":"2024-06-07T18:08:13","modified_gmt":"2024-06-07T16:08:13","slug":"halbheld","status":"publish","type":"page","link":"https:\/\/www.trampicturebook.de\/wordpress\/halbheld\/","title":{"rendered":"Halbheld"},"content":{"rendered":"\n<p>von <a href=\"https:\/\/www.trampicturebook.de\/wordpress\/alexander-kocks-2\/\" data-type=\"page\" data-id=\"6913\">Alexander Kocks<\/a><\/p>\n\n\n\n<div class=\"wp-block-columns is-layout-flex wp-container-core-columns-is-layout-9d6595d7 wp-block-columns-is-layout-flex\">\n<div class=\"wp-block-column is-layout-flow wp-block-column-is-layout-flow\" style=\"flex-basis:33.33%\"><div class=\"wp-block-image\">\n<figure class=\"aligncenter size-full is-resized\"><img loading=\"lazy\" decoding=\"async\" width=\"766\" height=\"1000\" src=\"https:\/\/www.trampicturebook.de\/wordpress\/wp-content\/uploads\/2023\/10\/Cover-02-U1-Y1000.jpg\" alt=\"\" class=\"wp-image-7031\" style=\"aspect-ratio:0.766;width:263px;height:auto\" srcset=\"https:\/\/www.trampicturebook.de\/wordpress\/wp-content\/uploads\/2023\/10\/Cover-02-U1-Y1000.jpg 766w, https:\/\/www.trampicturebook.de\/wordpress\/wp-content\/uploads\/2023\/10\/Cover-02-U1-Y1000-600x783.jpg 600w, https:\/\/www.trampicturebook.de\/wordpress\/wp-content\/uploads\/2023\/10\/Cover-02-U1-Y1000-230x300.jpg 230w, https:\/\/www.trampicturebook.de\/wordpress\/wp-content\/uploads\/2023\/10\/Cover-02-U1-Y1000-115x150.jpg 115w\" sizes=\"auto, (max-width: 766px) 100vw, 766px\" \/><\/figure>\n<\/div><\/div>\n\n\n\n<div class=\"wp-block-column is-layout-flow wp-block-column-is-layout-flow\" style=\"flex-basis:66.66%\">\n<p>Alexander Weiland war bisher immer ein braver Mensch, welcher sich an alle Regeln und Gesetze gehalten hat. Eines Tages ger\u00e4t er von diesem Weg ab und entwickelt sich zu einem modernen Robin Hood, der kriminellen Subjekte bek\u00e4mpft, sich deren Verm\u00f6gen aneignet und diese an bed\u00fcrftige verteilt.<\/p>\n\n\n\n<p>Als alleinerziehender Vater ist es f\u00fcr ihn gar nicht so einfach, seine Taten vor seiner Tochter und seiner neugierigen Mutter geheim zu halten. Ein Spagat zwischen b\u00fcrgerlichem spie\u00dfigem Leben und einer sich schnell entwickelnden kriminellen Karriere wird mit den Problemen gespickt, welche es spontan und kreativ zu l\u00f6sen gilt.<br><br>Er k\u00e4mpft mit seinem Gewissen, \u00fcberwindet seine \u00c4ngste und nimmt es mit Autoschiebern, Drogendealern, Clan-Gr\u00f6\u00dfen und einem korrupten Richter auf.<\/p>\n\n\n\n<p>Er wei\u00df, dass es falsch ist, was er tut, jedoch f\u00fchlt es sich gut an.<\/p>\n\n\n\n<p>300 Seiten, ISBN 978-3-947848-89-8<\/p>\n\n\n\n<hr class=\"wp-block-separator has-alpha-channel-opacity\"\/>\n\n\n\n<p><strong>V\u00f6llig unerwartet verstarb Alexander Kocks im Juni 2024 im Alter von nur 45 Jahren.<\/strong><\/p>\n\n\n\n<p><\/p>\n<\/div>\n<\/div>\n\n\n\n<p><\/p>\n\n\n\n<div class=\"wp-block-buttons is-content-justification-center is-layout-flex wp-container-core-buttons-is-layout-16018d1d wp-block-buttons-is-layout-flex\">\n<div class=\"wp-block-button\"><a class=\"wp-block-button__link has-white-color has-vivid-cyan-blue-background-color has-text-color has-background wp-element-button\">Autoren\u00fcbersicht<\/a><\/div>\n<\/div>\n","protected":false},"excerpt":{"rendered":"<p>von Alexander Kocks Alexander Weiland war bisher immer ein braver Mensch, welcher sich an alle Regeln und Gesetze gehalten hat. Eines Tages ger\u00e4t er von diesem Weg ab und entwickelt sich zu einem modernen Robin Hood, der kriminellen Subjekte bek\u00e4mpft, sich deren Verm\u00f6gen aneignet und diese an bed\u00fcrftige verteilt. Als&#8230;<\/p>\n<p> <a class=\"continue-reading-link\" href=\"https:\/\/www.trampicturebook.de\/wordpress\/halbheld\/\"><span>Continue reading<\/span><i class=\"crycon-right-dir\"><\/i><\/a> <\/p>\n","protected":false},"author":1,"featured_media":0,"parent":0,"menu_order":0,"comment_status":"closed","ping_status":"closed","template":"","meta":{"footnotes":""},"categories":[],"tags":[],"folder":[23],"class_list":["post-6909","page","type-page","status-publish","hentry"],"jetpack_sharing_enabled":true,"_links":{"self":[{"href":"https:\/\/www.trampicturebook.de\/wordpress\/wp-json\/wp\/v2\/pages\/6909","targetHints":{"allow":["GET"]}}],"collection":[{"href":"https:\/\/www.trampicturebook.de\/wordpress\/wp-json\/wp\/v2\/pages"}],"about":[{"href":"https:\/\/www.trampicturebook.de\/wordpress\/wp-json\/wp\/v2\/types\/page"}],"author":[{"embeddable":true,"href":"https:\/\/www.trampicturebook.de\/wordpress\/wp-json\/wp\/v2\/users\/1"}],"replies":[{"embeddable":true,"href":"https:\/\/www.trampicturebook.de\/wordpress\/wp-json\/wp\/v2\/comments?post=6909"}],"version-history":[{"count":8,"href":"https:\/\/www.trampicturebook.de\/wordpress\/wp-json\/wp\/v2\/pages\/6909\/revisions"}],"predecessor-version":[{"id":7801,"href":"https:\/\/www.trampicturebook.de\/wordpress\/wp-json\/wp\/v2\/pages\/6909\/revisions\/7801"}],"wp:attachment":[{"href":"https:\/\/www.trampicturebook.de\/wordpress\/wp-json\/wp\/v2\/media?parent=6909"}],"wp:term":[{"taxonomy":"category","embeddable":true,"href":"https:\/\/www.trampicturebook.de\/wordpress\/wp-json\/wp\/v2\/categories?post=6909"},{"taxonomy":"post_tag","embeddable":true,"href":"https:\/\/www.trampicturebook.de\/wordpress\/wp-json\/wp\/v2\/tags?post=6909"},{"taxonomy":"folder","embeddable":true,"href":"https:\/\/www.trampicturebook.de\/wordpress\/wp-json\/wp\/v2\/folder?post=6909"}],"curies":[{"name":"wp","href":"https:\/\/api.w.org\/{rel}","templated":true}]}}