{"id":7301,"date":"2024-02-15T12:37:48","date_gmt":"2024-02-15T11:37:48","guid":{"rendered":"https:\/\/www.trampicturebook.de\/wordpress\/?page_id=7301"},"modified":"2024-05-07T12:49:46","modified_gmt":"2024-05-07T10:49:46","slug":"im-adrenalinrausch","status":"publish","type":"page","link":"https:\/\/www.trampicturebook.de\/wordpress\/im-adrenalinrausch\/","title":{"rendered":"Im Adrenalinrausch"},"content":{"rendered":"\n<p>von <strong><a href=\"https:\/\/www.trampicturebook.de\/wordpress\/gisela-witte\/\" data-type=\"page\" data-id=\"3320\">Gisela Witte<\/a><\/strong><\/p>\n\n\n\n<div class=\"wp-block-columns is-layout-flex wp-container-core-columns-is-layout-9d6595d7 wp-block-columns-is-layout-flex\">\n<div class=\"wp-block-column is-layout-flow wp-block-column-is-layout-flow\"><div class=\"wp-block-image\">\n<figure class=\"aligncenter size-full is-resized\"><img loading=\"lazy\" decoding=\"async\" width=\"594\" height=\"1000\" src=\"https:\/\/www.trampicturebook.de\/wordpress\/wp-content\/uploads\/2024\/05\/Witte-U1-klein.jpg\" alt=\"\" class=\"wp-image-7691\" style=\"width:277px;height:auto\" srcset=\"https:\/\/www.trampicturebook.de\/wordpress\/wp-content\/uploads\/2024\/05\/Witte-U1-klein.jpg 594w, https:\/\/www.trampicturebook.de\/wordpress\/wp-content\/uploads\/2024\/05\/Witte-U1-klein-178x300.jpg 178w, https:\/\/www.trampicturebook.de\/wordpress\/wp-content\/uploads\/2024\/05\/Witte-U1-klein-89x150.jpg 89w\" sizes=\"auto, (max-width: 594px) 100vw, 594px\" \/><\/figure>\n<\/div><\/div>\n\n\n\n<div class=\"wp-block-column is-layout-flow wp-block-column-is-layout-flow\">\n<p>Sanja hat mit ihrer kriminellen Vergangenheit abgeschlossen. So glaubt sie. Doch dann \u00fcberredet sie ihr ehemaliger Komplize zu einem letzten gro\u00dfen Coup, einen Einbruch in eine luxuri\u00f6se Villa. Die Bewohner kehren fr\u00fcher zur\u00fcck, als erwartet, sie entkommt mit M\u00fche und schw\u00f6rt sich, ie wieder einzubrechen. Sie erkennt, die Dringlichkeit sich zu \u00e4ndern, um nicht an die Grenzen ihrer Existens zu gelangen und st\u00e4ndig mit dem Gef\u00fchl von Angst und Schuld leben zu m\u00fcssen. Doch das Verlangen nach dem Nervenkitzel, dem Verbotenen h\u00fclt sie wieder ein. Sie kann das Stehlen nicht lassen und ger\u00e4t immer tiefer in einen Strudel von Verfolgung und t\u00f6dlicher Bedrohung.<\/p>\n<\/div>\n<\/div>\n\n\n\n<p><\/p>\n\n\n\n<hr class=\"wp-block-separator has-alpha-channel-opacity\"\/>\n\n\n\n<div class=\"wp-block-buttons is-content-justification-center is-layout-flex wp-container-core-buttons-is-layout-16018d1d wp-block-buttons-is-layout-flex\">\n<div class=\"wp-block-button\"><a class=\"wp-block-button__link has-white-color has-vivid-cyan-blue-background-color has-text-color has-background has-link-color wp-element-button\" href=\"https:\/\/www.trampicturebook.de\/wordpress\/autorenuebersicht\/\">Autoren\u00fcbersicht<\/a><\/div>\n<\/div>\n","protected":false},"excerpt":{"rendered":"<p>von Gisela Witte Sanja hat mit ihrer kriminellen Vergangenheit abgeschlossen. So glaubt sie. Doch dann \u00fcberredet sie ihr ehemaliger Komplize zu einem letzten gro\u00dfen Coup, einen Einbruch in eine luxuri\u00f6se Villa. Die Bewohner kehren fr\u00fcher zur\u00fcck, als erwartet, sie entkommt mit M\u00fche und schw\u00f6rt sich, ie wieder einzubrechen. Sie erkennt,&#8230;<\/p>\n<p> <a class=\"continue-reading-link\" href=\"https:\/\/www.trampicturebook.de\/wordpress\/im-adrenalinrausch\/\"><span>Continue reading<\/span><i class=\"crycon-right-dir\"><\/i><\/a> <\/p>\n","protected":false},"author":1,"featured_media":0,"parent":0,"menu_order":0,"comment_status":"closed","ping_status":"closed","template":"","meta":{"footnotes":""},"categories":[],"tags":[],"folder":[23],"class_list":["post-7301","page","type-page","status-publish","hentry"],"jetpack_sharing_enabled":true,"_links":{"self":[{"href":"https:\/\/www.trampicturebook.de\/wordpress\/wp-json\/wp\/v2\/pages\/7301","targetHints":{"allow":["GET"]}}],"collection":[{"href":"https:\/\/www.trampicturebook.de\/wordpress\/wp-json\/wp\/v2\/pages"}],"about":[{"href":"https:\/\/www.trampicturebook.de\/wordpress\/wp-json\/wp\/v2\/types\/page"}],"author":[{"embeddable":true,"href":"https:\/\/www.trampicturebook.de\/wordpress\/wp-json\/wp\/v2\/users\/1"}],"replies":[{"embeddable":true,"href":"https:\/\/www.trampicturebook.de\/wordpress\/wp-json\/wp\/v2\/comments?post=7301"}],"version-history":[{"count":12,"href":"https:\/\/www.trampicturebook.de\/wordpress\/wp-json\/wp\/v2\/pages\/7301\/revisions"}],"predecessor-version":[{"id":7717,"href":"https:\/\/www.trampicturebook.de\/wordpress\/wp-json\/wp\/v2\/pages\/7301\/revisions\/7717"}],"wp:attachment":[{"href":"https:\/\/www.trampicturebook.de\/wordpress\/wp-json\/wp\/v2\/media?parent=7301"}],"wp:term":[{"taxonomy":"category","embeddable":true,"href":"https:\/\/www.trampicturebook.de\/wordpress\/wp-json\/wp\/v2\/categories?post=7301"},{"taxonomy":"post_tag","embeddable":true,"href":"https:\/\/www.trampicturebook.de\/wordpress\/wp-json\/wp\/v2\/tags?post=7301"},{"taxonomy":"folder","embeddable":true,"href":"https:\/\/www.trampicturebook.de\/wordpress\/wp-json\/wp\/v2\/folder?post=7301"}],"curies":[{"name":"wp","href":"https:\/\/api.w.org\/{rel}","templated":true}]}}