{"id":7775,"date":"2024-05-22T14:03:58","date_gmt":"2024-05-22T12:03:58","guid":{"rendered":"https:\/\/www.trampicturebook.de\/wordpress\/?page_id=7775"},"modified":"2024-12-21T13:03:32","modified_gmt":"2024-12-21T12:03:32","slug":"isleen-toedliche-seligkeit","status":"publish","type":"page","link":"https:\/\/www.trampicturebook.de\/wordpress\/isleen-toedliche-seligkeit\/","title":{"rendered":"Isleen \u2013 T\u00f6dliche Seligkeit"},"content":{"rendered":"\n<div class=\"wp-block-columns is-layout-flex wp-container-core-columns-is-layout-9d6595d7 wp-block-columns-is-layout-flex\">\n<div class=\"wp-block-column is-layout-flow wp-block-column-is-layout-flow\" style=\"flex-basis:33.33%\"><div class=\"wp-block-image\">\n<figure class=\"aligncenter size-full is-resized\"><img loading=\"lazy\" decoding=\"async\" width=\"494\" height=\"800\" src=\"https:\/\/www.trampicturebook.de\/wordpress\/wp-content\/uploads\/2024\/05\/cover-3.jpg\" alt=\"\" class=\"wp-image-7763\" style=\"width:238px;height:auto\" srcset=\"https:\/\/www.trampicturebook.de\/wordpress\/wp-content\/uploads\/2024\/05\/cover-3.jpg 494w, https:\/\/www.trampicturebook.de\/wordpress\/wp-content\/uploads\/2024\/05\/cover-3-185x300.jpg 185w, https:\/\/www.trampicturebook.de\/wordpress\/wp-content\/uploads\/2024\/05\/cover-3-93x150.jpg 93w\" sizes=\"auto, (max-width: 494px) 100vw, 494px\" \/><\/figure>\n<\/div><\/div>\n\n\n\n<div class=\"wp-block-column is-layout-flow wp-block-column-is-layout-flow\" style=\"flex-basis:66.66%\">\n<p>von <a href=\"https:\/\/www.trampicturebook.de\/wordpress\/kirsten-weinhold\/\" data-type=\"page\" data-id=\"5571\">Kirsten Weinhold<\/a><\/p>\n\n\n\n<p>Isleen Feeney, frischgebackene Detective Inspector beim Morddezernat in Dublin, wird ein Fall an der Westk\u00fcste Irlands \u00fcbertragen. Die Leiche einer sehr jungen Frau wurde als Braut Christie auf einem Altar in einer Klosterruine zur Schau gestellt. Kurz darauf wird ein toter M\u00f6nch aus einem nahegelegenen Fluss geborgen und ein zweites M\u00e4dchen verschwindet.<br>Erst als Isleen und ihr Team begreifen, dass sie gegen einen intelligenten, religi\u00f6s konservativen Gegner ank\u00e4mpfen m\u00fcssen, zeigt sich die erste erfolgversprechende Spur.<\/p>\n\n\n\n<p>ISBN 978-3-9478-89-90, 325 Seiten, 17,50\u20ac<\/p>\n<\/div>\n<\/div>\n\n\n\n<hr class=\"wp-block-separator has-alpha-channel-opacity is-style-wide\"\/>\n\n\n\n<p><a href=\"https:\/\/www.amazon.de\/gp\/profile\/amzn1.account.AE5PS4XKLI4A3AXWKNOZFXCVJU2A\/ref=cm_cr_dp_d_gw_tr?ie=UTF8\"><\/a><\/p>\n\n\n\n<p>Helgas B\u00fccherparadies<\/p>\n\n\n\n<h5 class=\"wp-block-heading\"><a href=\"https:\/\/www.amazon.de\/gp\/customer-reviews\/REIGUNA98JJA6\/ref=cm_cr_dp_d_rvw_ttl?ie=UTF8&amp;ASIN=B0DDQX4HZL\"><em>5,0 von 5 Sternen<\/em> Ein spannender Kriminalroman<\/a><\/h5>\n\n\n\n<p>Bewertet in Deutschland am 21. Dezember 2024<\/p>\n\n\n\n<p>Die frisch ernannte Detecive Inspectorin Isleen Fenney wird an einem Tatort an die malerische Westk\u00fcste Irlands gerufen. In einer Klosterruine liegt die Leiche einer Frau, die auf christliche Weise auf einem Altar abgelegt wurde. Isleen bildet ein Ermittlerteam, bestehend aus dem erfahrenen Tyron Sheehan und dem ehrgeizigen, jungen Kilian Davis. Unterst\u00fctzung erhalten sie zudem von den \u00f6rtlichen Polizei-Beh\u00f6rden. Die Ermittler tappen lange im Dunkeln, und als ein weiteres M\u00e4dchen verschwindet und ein toter M\u00f6nch gefunden wird, gilt es schnell zu handeln. Werden sie das verschwundene M\u00e4dchen lebend finden?<br><br>Es beginnt mit dem schockierenden Fund eines toten M\u00e4dchens, gefolgt vom Verschwinden einer weiteren jungen Frau. Sofort wird deutlich, dass h\u00f6chste Eile geboten ist, um den T\u00e4ter zu fassen, der ihnen stets einen Schritt voraus zu sein scheint. Es gibt gelegentliche Einblicke in das Leben des T\u00e4ters, ohne dass ich ahnte, wer dahintersteckt. Diese Perspektivenwechsel bringen Abwechslung in die Erz\u00e4hlung. Die Vielzahl an Verd\u00e4chtigen sorgt f\u00fcr zus\u00e4tzliche Spannung. Isleen ist eine sympathische Figur, die sich nie in den Vordergrund dr\u00e4ngt, sondern durch ihre Art und ihre Professionalit\u00e4t besticht. Ihre Beziehung zu ihrem Kollegen Tyron, der anfangs skeptisch gegen\u00fcber ihrer Bef\u00f6rderung ist, entwickelt sich zu einem starken Team, das durch ein gutes Zusammenspiel \u00fcberzeugt.<br>Die spannende Ermittlungsarbeit und die geschickte Verh\u00f6rtechnik haben mich begeistert.<br><br>Fazit: Es ist ein spannender Irland-Krimi, der mit einer guten Handlung, sympathischen Charakteren und mit Einblicken in die Psyche des T\u00e4ters punktet. Ich freue mich darauf, mehr von Isleen und Tyron zu lesen und ihre n\u00e4chsten F\u00e4lle zu verfolgen.<br>Von mir gibt es eine Leseempfehlung und \u2b50\u2b50\u2b50\u2b50\u2b50<\/p>\n\n\n\n<figure class=\"wp-block-image size-full\"><img loading=\"lazy\" decoding=\"async\" width=\"960\" height=\"960\" src=\"https:\/\/www.trampicturebook.de\/wordpress\/wp-content\/uploads\/2024\/12\/471173456_1307190640244505_640018994381658555_n.jpg\" alt=\"\" class=\"wp-image-8468\" srcset=\"https:\/\/www.trampicturebook.de\/wordpress\/wp-content\/uploads\/2024\/12\/471173456_1307190640244505_640018994381658555_n.jpg 960w, https:\/\/www.trampicturebook.de\/wordpress\/wp-content\/uploads\/2024\/12\/471173456_1307190640244505_640018994381658555_n-300x300.jpg 300w, https:\/\/www.trampicturebook.de\/wordpress\/wp-content\/uploads\/2024\/12\/471173456_1307190640244505_640018994381658555_n-150x150.jpg 150w, https:\/\/www.trampicturebook.de\/wordpress\/wp-content\/uploads\/2024\/12\/471173456_1307190640244505_640018994381658555_n-768x768.jpg 768w, https:\/\/www.trampicturebook.de\/wordpress\/wp-content\/uploads\/2024\/12\/471173456_1307190640244505_640018994381658555_n-700x700.jpg 700w\" sizes=\"auto, (max-width: 960px) 100vw, 960px\" \/><\/figure>\n\n\n\n<hr class=\"wp-block-separator has-alpha-channel-opacity\"\/>\n\n\n\n<p><strong>Rezension von B\u00fccherwurm<\/strong><\/p>\n\n\n\n<p><em>5,0 von 5 Sternen<\/em> Spannend, morbide, unterhaltsam<a href=\"https:\/\/www.amazon.de\/gp\/customer-reviews\/RZ7Z0FTYA4JW3\/ref=cm_cr_arp_d_rvw_ttl?ie=UTF8&amp;ASIN=3947848986\"> <\/a>Rezension aus Deutschland vom 9. November 2024<\/p>\n\n\n\n<p>Die Geschichte ist spannend, ungew\u00f6hnlich und sehr irisch. Die Beschreibungen der Orte bringen den Leser mitten ins mystische Irland, ohne zu viel Platz einzunehmen. Besonders gut haben mir die einzelnen Charaktere gefallen.<\/p>\n\n\n\n<hr class=\"wp-block-separator has-alpha-channel-opacity\"\/>\n\n\n\n<p><a href=\"https:\/\/www.amazon.de\/gp\/profile\/amzn1.account.AFNBLAENJY2HM2MD5PRPXCFRKRGA\/ref=cm_cr_dp_d_gw_tr?ie=UTF8\"><\/a><\/p>\n\n\n\n<p><strong>Amazon-Kunde<\/strong><\/p>\n\n\n\n<p><em>5,0 von 5 Sternen<\/em> Eine Reise in den Westen Irlands<a href=\"https:\/\/www.amazon.de\/gp\/customer-reviews\/R2PYUXW8W3QGWI\/ref=cm_cr_dp_d_rvw_ttl?ie=UTF8&amp;ASIN=3947848986\"> <\/a>Bewertet in Deutschland am 12. November 2024<\/p>\n\n\n\n<p>Der Autorin gelingt es, den Leser mitten in eine Mordserie in das herrliche Irland zu entf\u00fchren. Ein sympathisches Ermittlerteam, gut ausgearbeitete Charaktere, ein sehr gef\u00e4lliger Stil und die au\u00dfergew\u00f6hnliche Story machen das Buch lesenswert.<\/p>\n\n\n\n<hr class=\"wp-block-separator has-alpha-channel-opacity\"\/>\n\n\n\n<p><strong>Presseartikel \u00fcber Isleen<\/strong> im Soester Anzeiger:<\/p>\n\n\n<div class=\"wp-block-image\">\n<figure class=\"aligncenter size-large is-resized\"><img loading=\"lazy\" decoding=\"async\" width=\"370\" height=\"1024\" src=\"https:\/\/www.trampicturebook.de\/wordpress\/wp-content\/uploads\/2024\/09\/Isleen-370x1024.jpg\" alt=\"\" class=\"wp-image-8053\" style=\"width:524px;height:auto\" srcset=\"https:\/\/www.trampicturebook.de\/wordpress\/wp-content\/uploads\/2024\/09\/Isleen-370x1024.jpg 370w, https:\/\/www.trampicturebook.de\/wordpress\/wp-content\/uploads\/2024\/09\/Isleen-108x300.jpg 108w, https:\/\/www.trampicturebook.de\/wordpress\/wp-content\/uploads\/2024\/09\/Isleen-768x2128.jpg 768w, https:\/\/www.trampicturebook.de\/wordpress\/wp-content\/uploads\/2024\/09\/Isleen-739x2048.jpg 739w, https:\/\/www.trampicturebook.de\/wordpress\/wp-content\/uploads\/2024\/09\/Isleen-54x150.jpg 54w, https:\/\/www.trampicturebook.de\/wordpress\/wp-content\/uploads\/2024\/09\/Isleen-600x1662.jpg 600w, https:\/\/www.trampicturebook.de\/wordpress\/wp-content\/uploads\/2024\/09\/Isleen-scaled.jpg 924w\" sizes=\"auto, (max-width: 370px) 100vw, 370px\" \/><\/figure>\n<\/div>","protected":false},"excerpt":{"rendered":"<p>von Kirsten Weinhold Isleen Feeney, frischgebackene Detective Inspector beim Morddezernat in Dublin, wird ein Fall an der Westk\u00fcste Irlands \u00fcbertragen. Die Leiche einer sehr jungen Frau wurde als Braut Christie auf einem Altar in einer Klosterruine zur Schau gestellt. Kurz darauf wird ein toter M\u00f6nch aus einem nahegelegenen Fluss geborgen&#8230;<\/p>\n<p> <a class=\"continue-reading-link\" href=\"https:\/\/www.trampicturebook.de\/wordpress\/isleen-toedliche-seligkeit\/\"><span>Continue reading<\/span><i class=\"crycon-right-dir\"><\/i><\/a> <\/p>\n","protected":false},"author":1,"featured_media":0,"parent":0,"menu_order":0,"comment_status":"closed","ping_status":"closed","template":"","meta":{"footnotes":""},"categories":[],"tags":[],"folder":[23],"class_list":["post-7775","page","type-page","status-publish","hentry"],"jetpack_sharing_enabled":true,"_links":{"self":[{"href":"https:\/\/www.trampicturebook.de\/wordpress\/wp-json\/wp\/v2\/pages\/7775","targetHints":{"allow":["GET"]}}],"collection":[{"href":"https:\/\/www.trampicturebook.de\/wordpress\/wp-json\/wp\/v2\/pages"}],"about":[{"href":"https:\/\/www.trampicturebook.de\/wordpress\/wp-json\/wp\/v2\/types\/page"}],"author":[{"embeddable":true,"href":"https:\/\/www.trampicturebook.de\/wordpress\/wp-json\/wp\/v2\/users\/1"}],"replies":[{"embeddable":true,"href":"https:\/\/www.trampicturebook.de\/wordpress\/wp-json\/wp\/v2\/comments?post=7775"}],"version-history":[{"count":14,"href":"https:\/\/www.trampicturebook.de\/wordpress\/wp-json\/wp\/v2\/pages\/7775\/revisions"}],"predecessor-version":[{"id":8470,"href":"https:\/\/www.trampicturebook.de\/wordpress\/wp-json\/wp\/v2\/pages\/7775\/revisions\/8470"}],"wp:attachment":[{"href":"https:\/\/www.trampicturebook.de\/wordpress\/wp-json\/wp\/v2\/media?parent=7775"}],"wp:term":[{"taxonomy":"category","embeddable":true,"href":"https:\/\/www.trampicturebook.de\/wordpress\/wp-json\/wp\/v2\/categories?post=7775"},{"taxonomy":"post_tag","embeddable":true,"href":"https:\/\/www.trampicturebook.de\/wordpress\/wp-json\/wp\/v2\/tags?post=7775"},{"taxonomy":"folder","embeddable":true,"href":"https:\/\/www.trampicturebook.de\/wordpress\/wp-json\/wp\/v2\/folder?post=7775"}],"curies":[{"name":"wp","href":"https:\/\/api.w.org\/{rel}","templated":true}]}}