{"id":8001,"date":"2024-09-09T17:42:35","date_gmt":"2024-09-09T15:42:35","guid":{"rendered":"https:\/\/www.trampicturebook.de\/wordpress\/?page_id=8001"},"modified":"2024-09-30T10:17:19","modified_gmt":"2024-09-30T08:17:19","slug":"monika-detering","status":"publish","type":"page","link":"https:\/\/www.trampicturebook.de\/wordpress\/monika-detering\/","title":{"rendered":"Monika Detering"},"content":{"rendered":"\n<div class=\"wp-block-columns is-layout-flex wp-container-core-columns-is-layout-9d6595d7 wp-block-columns-is-layout-flex\">\n<div class=\"wp-block-column is-layout-flow wp-block-column-is-layout-flow\" style=\"flex-basis:33.33%\"><div class=\"wp-block-image\">\n<figure class=\"aligncenter size-large is-resized\"><img loading=\"lazy\" decoding=\"async\" width=\"683\" height=\"1024\" src=\"https:\/\/www.trampicturebook.de\/wordpress\/wp-content\/uploads\/2024\/09\/csm_Detering_Monika_2023_c_privat_370693d5c6-683x1024.jpg\" alt=\"\" class=\"wp-image-8002\" style=\"width:220px;height:auto\"\/><\/figure>\n<\/div><\/div>\n\n\n\n<div class=\"wp-block-column is-layout-flow wp-block-column-is-layout-flow\" style=\"flex-basis:66.66%\">\n<p>Geboren 1942 in Bielefeld, wollte Monika Detering zun\u00e4chst Schiffsjunge, Malerin oder Schriftstellerin werden, letzere W\u00fcnsche waren den Eltern zu unseri\u00f6s (vom ersten ahnte niemand etwas). Ihre langj\u00e4hrige T\u00e4tigkeit als Puppenk\u00fcnstlerin mit zahlreichen Ausstellungen f\u00fchrte sie u. a. auch nach Washington, Philadelphia und New York. Sie arbeitete als freie Journalistin, belegte Kreatives Schreiben bei Dr. Klaus Modick an der Uni Bielefeld, und nahm am &#8222;Szenischen Schreiben&#8220; bei Prof. Gottfried Fischborn in Leipzig teil. Die Autorin schreibt allein \u2013 aber auch im Team. Kurzgeschichten, Krimis und Romane, die sie gemeinsam mit dem Autor Horst-Dieter Radke schrieb, wurden ver\u00f6ffentlicht. Ebenso die Kurzgeschichten des &#8222;Trio Suversiv&#8220; (Silke Porath, Jutta M\u00fclich, Monika Detering) und ein Roman, den die Autorin gemeinsam mit Silke Porath schrieb. Einige von Deterings Kurzgeschichten wurden ausgezeichnet. Die Autorin ist Mitglied bei den &#8222;42erAutoren&#8220;. (aus LitON.nrw)<\/p>\n\n\n\n<p>Ihr neuer Band mit Kurzkrimis, die sie mit <a href=\"https:\/\/www.trampicturebook.de\/wordpress\/horst-dieter-radke\/\" data-type=\"page\" data-id=\"8014\">Horst-Dieter Radke<\/a> verfasst hat &#8222;<strong><a href=\"https:\/\/www.trampicturebook.de\/wordpress\/kuhlen-kohlen-und-geklimper\/\" data-type=\"page\" data-id=\"8023\">Kuhlen, Kohlen und Geklimper &#8211; Puff &amp; Poggel ermitteln<\/a><\/strong>&#8220; ist im Ruhrkrimi-Verlag erschienen.<\/p>\n<\/div>\n<\/div>\n\n\n\n<div class=\"wp-block-columns is-layout-flex wp-container-core-columns-is-layout-9d6595d7 wp-block-columns-is-layout-flex\">\n<div class=\"wp-block-column is-layout-flow wp-block-column-is-layout-flow\"><\/div>\n\n\n\n<div class=\"wp-block-column is-layout-flow wp-block-column-is-layout-flow\"><div class=\"wp-block-image\">\n<figure class=\"aligncenter size-full is-resized\"><img loading=\"lazy\" decoding=\"async\" width=\"507\" height=\"863\" src=\"https:\/\/www.trampicturebook.de\/wordpress\/wp-content\/uploads\/2024\/09\/Zwischenablage01-1.jpg\" alt=\"\" class=\"wp-image-7999\" style=\"width:215px;height:auto\" srcset=\"https:\/\/www.trampicturebook.de\/wordpress\/wp-content\/uploads\/2024\/09\/Zwischenablage01-1.jpg 507w, https:\/\/www.trampicturebook.de\/wordpress\/wp-content\/uploads\/2024\/09\/Zwischenablage01-1-176x300.jpg 176w, https:\/\/www.trampicturebook.de\/wordpress\/wp-content\/uploads\/2024\/09\/Zwischenablage01-1-88x150.jpg 88w\" sizes=\"auto, (max-width: 507px) 100vw, 507px\" \/><\/figure>\n<\/div><\/div>\n\n\n\n<div class=\"wp-block-column is-layout-flow wp-block-column-is-layout-flow\"><\/div>\n<\/div>\n\n\n\n<div class=\"wp-block-columns is-layout-flex wp-container-core-columns-is-layout-9d6595d7 wp-block-columns-is-layout-flex\">\n<div class=\"wp-block-column is-layout-flow wp-block-column-is-layout-flow\" style=\"flex-basis:100%\">\n<div class=\"wp-block-buttons is-content-justification-center is-layout-flex wp-container-core-buttons-is-layout-16018d1d wp-block-buttons-is-layout-flex\">\n<div class=\"wp-block-button is-style-outline is-style-outline--1\"><a class=\"wp-block-button__link has-white-color has-vivid-cyan-blue-background-color has-text-color has-background has-link-color wp-element-button\" href=\"https:\/\/www.trampicturebook.de\/wordpress\/autorenuebersicht\/\">Autoren\u00fcbersicht<\/a><\/div>\n<\/div>\n<\/div>\n<\/div>\n","protected":false},"excerpt":{"rendered":"<p>Geboren 1942 in Bielefeld, wollte Monika Detering zun\u00e4chst Schiffsjunge, Malerin oder Schriftstellerin werden, letzere W\u00fcnsche waren den Eltern zu unseri\u00f6s (vom ersten ahnte niemand etwas). Ihre langj\u00e4hrige T\u00e4tigkeit als Puppenk\u00fcnstlerin mit zahlreichen Ausstellungen f\u00fchrte sie u. a. auch nach Washington, Philadelphia und New York. Sie arbeitete als freie Journalistin, belegte&#8230;<\/p>\n<p> <a class=\"continue-reading-link\" href=\"https:\/\/www.trampicturebook.de\/wordpress\/monika-detering\/\"><span>Continue reading<\/span><i class=\"crycon-right-dir\"><\/i><\/a> <\/p>\n","protected":false},"author":1,"featured_media":0,"parent":0,"menu_order":0,"comment_status":"closed","ping_status":"closed","template":"","meta":{"footnotes":""},"categories":[],"tags":[],"folder":[21],"class_list":["post-8001","page","type-page","status-publish","hentry"],"jetpack_sharing_enabled":true,"_links":{"self":[{"href":"https:\/\/www.trampicturebook.de\/wordpress\/wp-json\/wp\/v2\/pages\/8001","targetHints":{"allow":["GET"]}}],"collection":[{"href":"https:\/\/www.trampicturebook.de\/wordpress\/wp-json\/wp\/v2\/pages"}],"about":[{"href":"https:\/\/www.trampicturebook.de\/wordpress\/wp-json\/wp\/v2\/types\/page"}],"author":[{"embeddable":true,"href":"https:\/\/www.trampicturebook.de\/wordpress\/wp-json\/wp\/v2\/users\/1"}],"replies":[{"embeddable":true,"href":"https:\/\/www.trampicturebook.de\/wordpress\/wp-json\/wp\/v2\/comments?post=8001"}],"version-history":[{"count":11,"href":"https:\/\/www.trampicturebook.de\/wordpress\/wp-json\/wp\/v2\/pages\/8001\/revisions"}],"predecessor-version":[{"id":8172,"href":"https:\/\/www.trampicturebook.de\/wordpress\/wp-json\/wp\/v2\/pages\/8001\/revisions\/8172"}],"wp:attachment":[{"href":"https:\/\/www.trampicturebook.de\/wordpress\/wp-json\/wp\/v2\/media?parent=8001"}],"wp:term":[{"taxonomy":"category","embeddable":true,"href":"https:\/\/www.trampicturebook.de\/wordpress\/wp-json\/wp\/v2\/categories?post=8001"},{"taxonomy":"post_tag","embeddable":true,"href":"https:\/\/www.trampicturebook.de\/wordpress\/wp-json\/wp\/v2\/tags?post=8001"},{"taxonomy":"folder","embeddable":true,"href":"https:\/\/www.trampicturebook.de\/wordpress\/wp-json\/wp\/v2\/folder?post=8001"}],"curies":[{"name":"wp","href":"https:\/\/api.w.org\/{rel}","templated":true}]}}