{"id":8014,"date":"2024-09-09T18:04:19","date_gmt":"2024-09-09T16:04:19","guid":{"rendered":"https:\/\/www.trampicturebook.de\/wordpress\/?page_id=8014"},"modified":"2024-09-30T10:18:26","modified_gmt":"2024-09-30T08:18:26","slug":"horst-dieter-radke","status":"publish","type":"page","link":"https:\/\/www.trampicturebook.de\/wordpress\/horst-dieter-radke\/","title":{"rendered":"Horst-Dieter Radke"},"content":{"rendered":"\n<div class=\"wp-block-columns is-layout-flex wp-container-core-columns-is-layout-9d6595d7 wp-block-columns-is-layout-flex\">\n<div class=\"wp-block-column is-layout-flow wp-block-column-is-layout-flow\" style=\"flex-basis:33.33%\"><div class=\"wp-block-image\">\n<figure class=\"aligncenter size-large is-resized\"><img loading=\"lazy\" decoding=\"async\" width=\"768\" height=\"1024\" src=\"https:\/\/www.trampicturebook.de\/wordpress\/wp-content\/uploads\/2024\/09\/Radke-768x1024.jpg\" alt=\"\" class=\"wp-image-8036\" style=\"width:205px;height:auto\"\/><\/figure>\n<\/div>\n\n\n<p class=\"has-text-align-center\"><\/p>\n<\/div>\n\n\n\n<div class=\"wp-block-column is-layout-flow wp-block-column-is-layout-flow\" style=\"flex-basis:66.66%\">\n<p><strong>Horst-Dieter Radke<\/strong>, Jahrgang 1953, geboren in Hamm\/Westfalen. Wirtschaftsinformatiker, Studium der Betriebsp\u00e4dagogik an der Universit\u00e4t Koblenz-Landau. Lebt seit 1982 im Taubertal mit der Familie. \u00dcber seine Wahlheimat hat er mehrere B\u00fccher ver\u00f6ffentlicht, Wanderf\u00fchrer, au\u00dferdem Krimis, Novellen, auch Lyrik in diversen Periodika. Mit der Bielefelder Kollegin Monika Detering schreibt er Krimis, die in den 1950er Jahren spielen und Inselromane. Er ist Mitglied bei der Schriftstellervereinigung 42er Autoren eV, sowie beim SYNDIKAT, der Vereinigung deutschsprachiger Krimiautoren.<br><\/p>\n\n\n<div class=\"wp-block-image\">\n<figure class=\"aligncenter size-full\"><a href=\"https:\/\/das-syndikat.com\" target=\"_blank\" rel=\"das-syndikat.com noopener\"><img loading=\"lazy\" decoding=\"async\" width=\"210\" height=\"112\" src=\"https:\/\/www.trampicturebook.de\/wordpress\/wp-content\/uploads\/2022\/04\/syndikat.png\" alt=\"\" class=\"wp-image-4534\" srcset=\"https:\/\/www.trampicturebook.de\/wordpress\/wp-content\/uploads\/2022\/04\/syndikat.png 210w, https:\/\/www.trampicturebook.de\/wordpress\/wp-content\/uploads\/2022\/04\/syndikat-150x80.png 150w\" sizes=\"auto, (max-width: 210px) 100vw, 210px\" \/><\/a><\/figure>\n<\/div>\n\n\n<p>Der neuer Band mit Kurzkrimis, die er mit <a href=\"https:\/\/www.trampicturebook.de\/wordpress\/monika-detering\/\" data-type=\"page\" data-id=\"8001\">Monika Detering<\/a> verfasst hat \u201e<strong><a href=\"https:\/\/www.trampicturebook.de\/wordpress\/kuhlen-kohlen-und-geklimper\/\" data-type=\"page\" data-id=\"8023\">Kuhlen, Kohlen und Geklimper \u2013 Puff &amp; Poggel ermitteln<\/a><\/strong>\u201c ist im Ruhrkrimi-Verlag erschienen.<\/p>\n<\/div>\n<\/div>\n\n\n\n<div class=\"wp-block-columns is-layout-flex wp-container-core-columns-is-layout-9d6595d7 wp-block-columns-is-layout-flex\">\n<div class=\"wp-block-column is-layout-flow wp-block-column-is-layout-flow\"><\/div>\n\n\n\n<div class=\"wp-block-column is-layout-flow wp-block-column-is-layout-flow\"><div class=\"wp-block-image\">\n<figure class=\"aligncenter size-full is-resized\"><a href=\"https:\/\/www.trampicturebook.de\/wordpress\/kuhlen-kohlen-und-geklimper\/\"><img loading=\"lazy\" decoding=\"async\" width=\"507\" height=\"863\" src=\"https:\/\/www.trampicturebook.de\/wordpress\/wp-content\/uploads\/2024\/09\/Zwischenablage01-1.jpg\" alt=\"\" class=\"wp-image-7999\" style=\"width:199px;height:auto\" srcset=\"https:\/\/www.trampicturebook.de\/wordpress\/wp-content\/uploads\/2024\/09\/Zwischenablage01-1.jpg 507w, https:\/\/www.trampicturebook.de\/wordpress\/wp-content\/uploads\/2024\/09\/Zwischenablage01-1-176x300.jpg 176w, https:\/\/www.trampicturebook.de\/wordpress\/wp-content\/uploads\/2024\/09\/Zwischenablage01-1-88x150.jpg 88w\" sizes=\"auto, (max-width: 507px) 100vw, 507px\" \/><\/a><\/figure>\n<\/div><\/div>\n\n\n\n<div class=\"wp-block-column is-layout-flow wp-block-column-is-layout-flow\"><\/div>\n<\/div>\n\n\n\n<p><\/p>\n\n\n\n<p><\/p>\n\n\n\n<div class=\"wp-block-buttons is-content-justification-center is-layout-flex wp-container-core-buttons-is-layout-16018d1d wp-block-buttons-is-layout-flex\">\n<div class=\"wp-block-button\"><a class=\"wp-block-button__link has-white-color has-vivid-cyan-blue-background-color has-text-color has-background has-link-color wp-element-button\" href=\"https:\/\/www.trampicturebook.de\/wordpress\/autorenuebersicht\/\">Autoren\u00fcbersicht<\/a><\/div>\n<\/div>\n","protected":false},"excerpt":{"rendered":"<p>Horst-Dieter Radke, Jahrgang 1953, geboren in Hamm\/Westfalen. Wirtschaftsinformatiker, Studium der Betriebsp\u00e4dagogik an der Universit\u00e4t Koblenz-Landau. Lebt seit 1982 im Taubertal mit der Familie. \u00dcber seine Wahlheimat hat er mehrere B\u00fccher ver\u00f6ffentlicht, Wanderf\u00fchrer, au\u00dferdem Krimis, Novellen, auch Lyrik in diversen Periodika. Mit der Bielefelder Kollegin Monika Detering schreibt er Krimis, die&#8230;<\/p>\n<p> <a class=\"continue-reading-link\" href=\"https:\/\/www.trampicturebook.de\/wordpress\/horst-dieter-radke\/\"><span>Continue reading<\/span><i class=\"crycon-right-dir\"><\/i><\/a> <\/p>\n","protected":false},"author":1,"featured_media":0,"parent":0,"menu_order":0,"comment_status":"closed","ping_status":"closed","template":"","meta":{"footnotes":""},"categories":[],"tags":[],"folder":[21],"class_list":["post-8014","page","type-page","status-publish","hentry"],"jetpack_sharing_enabled":true,"_links":{"self":[{"href":"https:\/\/www.trampicturebook.de\/wordpress\/wp-json\/wp\/v2\/pages\/8014","targetHints":{"allow":["GET"]}}],"collection":[{"href":"https:\/\/www.trampicturebook.de\/wordpress\/wp-json\/wp\/v2\/pages"}],"about":[{"href":"https:\/\/www.trampicturebook.de\/wordpress\/wp-json\/wp\/v2\/types\/page"}],"author":[{"embeddable":true,"href":"https:\/\/www.trampicturebook.de\/wordpress\/wp-json\/wp\/v2\/users\/1"}],"replies":[{"embeddable":true,"href":"https:\/\/www.trampicturebook.de\/wordpress\/wp-json\/wp\/v2\/comments?post=8014"}],"version-history":[{"count":9,"href":"https:\/\/www.trampicturebook.de\/wordpress\/wp-json\/wp\/v2\/pages\/8014\/revisions"}],"predecessor-version":[{"id":8173,"href":"https:\/\/www.trampicturebook.de\/wordpress\/wp-json\/wp\/v2\/pages\/8014\/revisions\/8173"}],"wp:attachment":[{"href":"https:\/\/www.trampicturebook.de\/wordpress\/wp-json\/wp\/v2\/media?parent=8014"}],"wp:term":[{"taxonomy":"category","embeddable":true,"href":"https:\/\/www.trampicturebook.de\/wordpress\/wp-json\/wp\/v2\/categories?post=8014"},{"taxonomy":"post_tag","embeddable":true,"href":"https:\/\/www.trampicturebook.de\/wordpress\/wp-json\/wp\/v2\/tags?post=8014"},{"taxonomy":"folder","embeddable":true,"href":"https:\/\/www.trampicturebook.de\/wordpress\/wp-json\/wp\/v2\/folder?post=8014"}],"curies":[{"name":"wp","href":"https:\/\/api.w.org\/{rel}","templated":true}]}}