{"id":8023,"date":"2024-09-09T18:23:31","date_gmt":"2024-09-09T16:23:31","guid":{"rendered":"https:\/\/www.trampicturebook.de\/wordpress\/?page_id=8023"},"modified":"2024-09-30T21:12:37","modified_gmt":"2024-09-30T19:12:37","slug":"kuhlen-kohlen-und-geklimper","status":"publish","type":"page","link":"https:\/\/www.trampicturebook.de\/wordpress\/kuhlen-kohlen-und-geklimper\/","title":{"rendered":"Kuhlen, Kohlen und Geklimper"},"content":{"rendered":"\n<p>von <a href=\"https:\/\/www.trampicturebook.de\/wordpress\/monika-detering\/\" data-type=\"page\" data-id=\"8001\">Monika Detering<\/a> und <a href=\"https:\/\/www.trampicturebook.de\/wordpress\/horst-dieter-radke\/\" data-type=\"page\" data-id=\"8014\">Horst-Dieter Radke<\/a><\/p>\n\n\n\n<div class=\"wp-block-columns is-layout-flex wp-container-core-columns-is-layout-9d6595d7 wp-block-columns-is-layout-flex\">\n<div class=\"wp-block-column is-layout-flow wp-block-column-is-layout-flow\" style=\"flex-basis:33.33%\"><div class=\"wp-block-image\">\n<figure class=\"aligncenter size-full is-resized\"><img loading=\"lazy\" decoding=\"async\" width=\"507\" height=\"863\" src=\"https:\/\/www.trampicturebook.de\/wordpress\/wp-content\/uploads\/2024\/09\/Zwischenablage01-1.jpg\" alt=\"\" class=\"wp-image-7999\" style=\"width:262px;height:auto\" srcset=\"https:\/\/www.trampicturebook.de\/wordpress\/wp-content\/uploads\/2024\/09\/Zwischenablage01-1.jpg 507w, https:\/\/www.trampicturebook.de\/wordpress\/wp-content\/uploads\/2024\/09\/Zwischenablage01-1-176x300.jpg 176w, https:\/\/www.trampicturebook.de\/wordpress\/wp-content\/uploads\/2024\/09\/Zwischenablage01-1-88x150.jpg 88w\" sizes=\"auto, (max-width: 507px) 100vw, 507px\" \/><\/figure>\n<\/div><\/div>\n\n\n\n<div class=\"wp-block-column is-layout-flow wp-block-column-is-layout-flow\" style=\"flex-basis:66.66%\">\n<p>&#8222;Und f\u00fcr die Nachtclubs\u00e4ngerin habe ich mir die Dietrich geholt&#8220;, sagt Billy Wilder.<br>&#8222;Wen? Marlene Dietrich?&#8220;, staunte Alfred. &#8222;Die spielt mit?&#8220;<br>Ganz sicher. Und da staunt nicht nur Alfred Poggel.<\/p>\n\n\n\n<p>&#8222;Nun behalten Sie mal f\u00fcr heute Ihre Brillis und was Sie da sonst noch so haben. K\u00f6nnen wir uns sp\u00e4ter dr\u00fcber unterhalten.&#8220;<br>&#8222;Warum datt denn?&#8220; Annas Finger umkrampfen in der Manteltasch die Kostbarkeiten.<\/p>\n\n\n\n<p>Schwarzmarkt und der Beginn normaler Zeiten. Anna Puff, schwatzhafte Zimmervermieterin und Alfred Poggel, musikalischer Kriminalhauptkommissar, zwei Menschen, wie sie unterschiedlicher nicht sein k\u00f6nnten. Aber bei Erpressung und Mord und weiteren kriminellen Unzul\u00e4nglichkeiten sind sie sich einig: Die T\u00e4ter m\u00fcssen hinter Schloss und Riegel.<br><br>Es ist die Zeit aufkeimender Tr\u00e4ume und gewiefter Verbrecher. In 17 Kriminalerz\u00e4hlungen beschreiben die Autoren Monika Detering und Horst-Dieter Radke, wie wie es gewesen sein k\u00f6nnte im Ruhrpott der 1950er Jahre, aber auch an der Nordseek\u00fcste, im zerbombten Berlin und im Rheinland.<br><\/p>\n<\/div>\n<\/div>\n","protected":false},"excerpt":{"rendered":"<p>von Monika Detering und Horst-Dieter Radke &#8222;Und f\u00fcr die Nachtclubs\u00e4ngerin habe ich mir die Dietrich geholt&#8220;, sagt Billy Wilder.&#8222;Wen? Marlene Dietrich?&#8220;, staunte Alfred. &#8222;Die spielt mit?&#8220;Ganz sicher. Und da staunt nicht nur Alfred Poggel. &#8222;Nun behalten Sie mal f\u00fcr heute Ihre Brillis und was Sie da sonst noch so haben&#8230;.<\/p>\n<p> <a class=\"continue-reading-link\" href=\"https:\/\/www.trampicturebook.de\/wordpress\/kuhlen-kohlen-und-geklimper\/\"><span>Continue reading<\/span><i class=\"crycon-right-dir\"><\/i><\/a> <\/p>\n","protected":false},"author":1,"featured_media":0,"parent":0,"menu_order":0,"comment_status":"closed","ping_status":"closed","template":"","meta":{"footnotes":""},"categories":[66,29],"tags":[],"folder":[26],"class_list":["post-8023","page","type-page","status-publish","hentry","category-historische-krimis","category-krimi-anthologie"],"jetpack_sharing_enabled":true,"_links":{"self":[{"href":"https:\/\/www.trampicturebook.de\/wordpress\/wp-json\/wp\/v2\/pages\/8023","targetHints":{"allow":["GET"]}}],"collection":[{"href":"https:\/\/www.trampicturebook.de\/wordpress\/wp-json\/wp\/v2\/pages"}],"about":[{"href":"https:\/\/www.trampicturebook.de\/wordpress\/wp-json\/wp\/v2\/types\/page"}],"author":[{"embeddable":true,"href":"https:\/\/www.trampicturebook.de\/wordpress\/wp-json\/wp\/v2\/users\/1"}],"replies":[{"embeddable":true,"href":"https:\/\/www.trampicturebook.de\/wordpress\/wp-json\/wp\/v2\/comments?post=8023"}],"version-history":[{"count":4,"href":"https:\/\/www.trampicturebook.de\/wordpress\/wp-json\/wp\/v2\/pages\/8023\/revisions"}],"predecessor-version":[{"id":8174,"href":"https:\/\/www.trampicturebook.de\/wordpress\/wp-json\/wp\/v2\/pages\/8023\/revisions\/8174"}],"wp:attachment":[{"href":"https:\/\/www.trampicturebook.de\/wordpress\/wp-json\/wp\/v2\/media?parent=8023"}],"wp:term":[{"taxonomy":"category","embeddable":true,"href":"https:\/\/www.trampicturebook.de\/wordpress\/wp-json\/wp\/v2\/categories?post=8023"},{"taxonomy":"post_tag","embeddable":true,"href":"https:\/\/www.trampicturebook.de\/wordpress\/wp-json\/wp\/v2\/tags?post=8023"},{"taxonomy":"folder","embeddable":true,"href":"https:\/\/www.trampicturebook.de\/wordpress\/wp-json\/wp\/v2\/folder?post=8023"}],"curies":[{"name":"wp","href":"https:\/\/api.w.org\/{rel}","templated":true}]}}